{"id":480,"date":"2015-07-24T21:01:46","date_gmt":"2015-07-24T21:01:46","guid":{"rendered":"http:\/\/www.agenciapatriciagalvao.org.br\/dossie\/?page_id=480"},"modified":"2019-09-05T15:07:39","modified_gmt":"2019-09-05T18:07:39","slug":"efemerides","status":"publish","type":"page","link":"https:\/\/dossies.agenciapatriciagalvao.org.br\/violencia\/o-papel-da-imprensa\/efemerides\/","title":{"rendered":"Efem\u00e9rides"},"content":{"rendered":"<p><strong>8 de mar\u00e7o &#8211;\u00a0Dia Internacional da Mulher<br \/>\n<\/strong>Declarado durante a 2\u00aa Confer\u00eancia Internacional de Mulheres Socialistas na Dinamarca\/Copenhagen, em 1910, o 8 de Mar\u00e7o foi proclamado Dia Internacional da Mulher em uma resolu\u00e7\u00e3o que contou com a participa\u00e7\u00e3o de representantes de 17 pa\u00edses. \u00c9 uma data de mobiliza\u00e7\u00e3o e luta pelos direitos das mulheres.<\/p>\n<p><strong>9 de mar\u00e7o &#8211;\u00a0Anivers\u00e1rio da promulga\u00e7\u00e3o da Lei do Feminic\u00eddio (Lei n\u00ba 13.104\/2015)<\/strong><\/p>\n<p><strong>30 de abril &#8211; Dia Nacional da Mulher<br \/>\n<\/strong>Institu\u00eddo pela Lei n\u00ba 6.971\/1980, o Dia Nacional da Mulher homenageia Jer\u00f4nima Mesquita, uma das primeiras l\u00edderes do movimento feminista\u00a0brasileiro. Jer\u00f4nima Mesquita fundou o Movimento Bandeirante, que tinha\u00a0como objetivo a inser\u00e7\u00e3o da mulher na sociedade, e foi uma das criadoras do Conselho Nacional das Mulheres.<\/p>\n<p><strong>28 de maio\u00a0&#8211; Dia Internacional de A\u00e7\u00e3o pela Sa\u00fade da Mulher<br \/>\n<\/strong>Dia Internacional de A\u00e7\u00e3o Pela Sa\u00fade da Mulher foi definido no IV Encontro Internacional Mulher e Sa\u00fade que ocorreu em 1984, na Holanda, durante o Tribunal Internacional de Den\u00fancia e Viola\u00e7\u00e3o dos Direitos Reprodutivos. A partir dessa data, o tema ganhou maior interesse e no V Encontro Internacional Mulher e Sa\u00fade, realizado em S\u00e3o Jos\u00e9 da Costa Rica, a RSMLAC (Red de Salud de las Mujeres Latinoamericanas y del Caribe)\u00a0prop\u00f4s que a cada ano, no dia 28 de maio, uma tem\u00e1tica nortearia a\u00e7\u00f5es pol\u00edticas que visassem prevenir mortes maternas evit\u00e1veis.<\/p>\n<p><strong>25\u00a0de julho &#8211; Dia Internacional da Mulher Negra Latino-Americana e Caribenha<br \/>\n<\/strong>Em 25 de julho de 1992, participantes de 70 pa\u00edses presentes no \u00faltimo dia do 1\u00ba Encontro de Mulheres Negras da Am\u00e9rica Latina e do Caribe, em Santo Domingo, na Rep\u00fablica Dominicana, escolheram a data para celebrar e refletir sobre o papel das mulheres negras na regi\u00e3o.<strong>\u00a0<\/strong><\/p>\n<p><strong>7 de agosto &#8211; Anivers\u00e1rio da promulga\u00e7\u00e3o da Lei Maria da Penha (Lei n\u00ba 11.340\/2006)<\/strong><\/p>\n<p><strong>5 de setembro &#8211;\u00a0Dia Internacional da Mulher Ind\u00edgena<\/strong><\/p>\n<p><strong>6 de setembro<\/strong>\u00a0<strong>&#8211;\u00a0Dia Internacional pela A\u00e7\u00e3o pela Igualdade da Mulher<\/strong><\/p>\n<p><strong>23 de setembro<\/strong>\u00a0<strong>&#8211; Dia Internacional contra a Explora\u00e7\u00e3o Sexual e o Tr\u00e1fico de Mulheres e Crian\u00e7as<br \/>\n<\/strong>A Confer\u00eancia Mundial de Coliga\u00e7\u00e3o contra o Tr\u00e1fico de Mulheres que aconteceu em Dhaka, Bangladesh, em janeiro de 1999, escolheu essa data como Dia Internacional contra a Explora\u00e7\u00e3o Sexual e o Tr\u00e1fico de Mulheres e Meninas e Meninos, para lembrar a primeira lei argentina, de n\u00ba 9.143, que foi promulgada em 23 de setembro de 1913 e ficou conhecida pelo nome de Lei Palacios. Foi a primeira legisla\u00e7\u00e3o com essas caracter\u00edsticas no mundo. A lei punia com pena de 3 a 6 anos de pris\u00e3o quem promovesse ou facilitasse a prostitui\u00e7\u00e3o ou corrup\u00e7\u00e3o de menores de idade.<\/p>\n<p><strong>10 de outubro &#8211; Dia Nacional\u00a0de Luta contra a Viol\u00eancia \u00e0 Mulher<\/strong><br \/>\nA data foi institu\u00edda em 1980, a partir de um movimento que come\u00e7ou em S\u00e3o Paulo, quando mulheres reuniram-se nas escadarias do Teatro Municipal para protestar contra o aumento nos crimes contra mulheres em todo o pa\u00eds.<\/p>\n<p><strong>20 de novembro &#8211; Dia Nacional da Consci\u00eancia Negra<br \/>\n<\/strong>Lembra n\u00e3o apenas a import\u00e2ncia da presen\u00e7a dos afrodescendentes e de sua contribui\u00e7\u00e3o para a constru\u00e7\u00e3o do Brasil, mas tamb\u00e9m a tripla discrimina\u00e7\u00e3o sofrida pelas mulheres negras, que se baseia em g\u00eanero, ra\u00e7a e classe social.<\/p>\n<p><strong>25 de Novembro &#8211; Dia Internacional pela Elimina\u00e7\u00e3o da Viol\u00eancia contra a Mulher<br \/>\n<\/strong>Aprovada em 17\/12\/1999 pela Assembleia Geral das Na\u00e7\u00f5es Unidas, a data foi proposta pelo movimento latino-americano de mulheres. Trata-se de uma homenagem \u00e0s irm\u00e3s Mirabal &#8211; Patria, Minerva e Mar\u00eda &#8211; assassinadas pela ditadura de Rafael Trujillo, na Rep\u00fablica Dominicana, no dia 25 de novembro de 1960. O assassinato das irm\u00e3s Mirabal, conhecidas como <em>Las Mariposas<\/em>\u00a0em suas atividades pol\u00edticas, causou grande revolta entre a popula\u00e7\u00e3o dominicana, que culminou com o assassinato de Trujillo em maio de 1961.<br \/>\nNo 1\u00ba Encontro Feminista Latino-americano e do Caribe, realizado em 1981, na cidade de Bogot\u00e1, Col\u00f4mbia, a data do assassinato das irm\u00e3s Mirabal foi proposta pelas participantes como Dia Latino-americano e Caribenho de Luta contra a Viol\u00eancia \u00e0 Mulher.<\/p>\n<p><strong>6 de Dezembro &#8211; \u00a0Dia Nacional de Mobiliza\u00e7\u00e3o dos Homens pelo Fim da Viol\u00eancia contra as Mulheres<br \/>\n<\/strong>A <a href=\"http:\/\/www.compromissoeatitude.org.br\/lei-no-11-489-de-20062007-dia-nacional-de-mobilizacao-dos-homens-pelo-fim-da-violencia-contra-as-mulheres\" target=\"_blank\" rel=\"noopener\">Lei n\u00ba 11.489, de 20\/06\/2007<\/a>, instituiu a data como Dia Nacional de Mobiliza\u00e7\u00e3o dos Homens pelo Fim da Viol\u00eancia contra as Mulheres em raz\u00e3o de um evento ocorrido nessa data em Montreal, no Canad\u00e1.\u00a0No dia 6 de dezembro de 1989, um rapaz de 25 anos (Marc Lepine) invadiu uma sala de aula da Escola Polit\u00e9cnica e assassinou 14 mulheres, suicidando-se em seguida. O rapaz deixou uma carta na qual afirmava que havia feito aquilo porque n\u00e3o suportava a ideia de ver mulheres estudando engenharia, um curso tradicionalmente dirigido ao p\u00fablico masculino.<br \/>\nO crime mobilizou a opini\u00e3o p\u00fablica e gerou amplo debate. Um grupo de homens do Canad\u00e1 decidiu se organizar para dizer que existem homens que cometem viol\u00eancia contra as mulheres, mas existem tamb\u00e9m aqueles que repudiam essa atitude. Eles elegeram o la\u00e7o branco como s\u00edmbolo e adotaram como lema: jamais cometer um ato violento contra as mulheres e n\u00e3o fechar os olhos frente a essa viol\u00eancia.\u00a0Lan\u00e7aram, assim, a primeira Campanha do La\u00e7o Branco (White Ribbon Campaign): homens pelo fim da viol\u00eancia contra a mulher.<\/p>\n<p><strong>10 de Dezembro &#8211; Dia Internacional dos Direitos Humanos<br \/>\n<\/strong>Nessa data, em 1948, a Assembleia Geral das Na\u00e7\u00f5es Unidas adota a Declara\u00e7\u00e3o Universal dos Direitos Humanos, em resposta \u00e0 barb\u00e1rie praticada pelo nazismo contra judeus, comunistas e ciganos e ainda \u00e0s bombas at\u00f4micas lan\u00e7adas pelos EUA sobre Hiroshima e Nagasaki, que matou milhares de inocentes.<\/p>\n<p><strong>16 Dias de Ativismo: Uma mobiliza\u00e7\u00e3o mundial pelo fim da viol\u00eancia de g\u00eanero<\/strong><br \/>\nA <a href=\"http:\/\/www.compromissoeatitude.org.br\/16-dias-de-ativismo-uma-mobilizacao-mundial-pelo-fim-da-violencia-de-genero\/\" target=\"_blank\" rel=\"noopener\">Campanha 16 Dias de Ativismo pelo Fim da Viol\u00eancia contra as Mulheres<\/a> \u00e9 uma mobiliza\u00e7\u00e3o anual, praticada simultaneamente por diversos atores da sociedade civil e poder p\u00fablico engajados nesse enfrentamento. Desde sua primeira edi\u00e7\u00e3o, em 1991, j\u00e1 conquistou a ades\u00e3o de cerca de 160 pa\u00edses. Mundialmente, a Campanha se inicia em 25 de novembro, Dia Internacional da N\u00e3o Viol\u00eancia contra a Mulher, e vai at\u00e9 10 de dezembro, o Dia Internacional dos Direitos Humanos, passando pelo 6 de dezembro, que \u00e9 o Dia Nacional de Mobiliza\u00e7\u00e3o dos Homens pelo Fim da Viol\u00eancia contra as Mulheres.<\/p>\n","protected":false},"excerpt":{"rendered":"<p>8 de mar\u00e7o &#8211;\u00a0Dia Internacional da Mulher Declarado durante a 2\u00aa Confer\u00eancia Internacional de Mulheres Socialistas na Dinamarca\/Copenhagen, em 1910, o 8 de Mar\u00e7o foi proclamado Dia Internacional da Mulher em uma resolu\u00e7\u00e3o que contou com a participa\u00e7\u00e3o de representantes de 17 pa\u00edses. \u00c9 uma data de mobiliza\u00e7\u00e3o e luta pelos direitos das mulheres. 9 [&hellip;]<\/p>\n","protected":false},"author":1,"featured_media":0,"parent":9,"menu_order":0,"comment_status":"open","ping_status":"open","template":"","meta":{"footnotes":""},"class_list":["post-480","page","type-page","status-publish","hentry"],"yoast_head":"<!-- This site is optimized with the Yoast SEO plugin v26.3 - https:\/\/yoast.com\/wordpress\/plugins\/seo\/ -->\n<title>Efem\u00e9rides - Dossi\u00ea Viol\u00eancia contra as Mulheres<\/title>\n<meta name=\"robots\" content=\"index, follow, max-snippet:-1, max-image-preview:large, max-video-preview:-1\" \/>\n<link rel=\"canonical\" href=\"https:\/\/dossies.agenciapatriciagalvao.org.br\/violencia\/o-papel-da-imprensa\/efemerides\/\" \/>\n<meta property=\"og:locale\" content=\"pt_BR\" \/>\n<meta property=\"og:type\" content=\"article\" \/>\n<meta property=\"og:title\" content=\"Efem\u00e9rides - Dossi\u00ea Viol\u00eancia contra as Mulheres\" \/>\n<meta property=\"og:description\" content=\"8 de mar\u00e7o &#8211;\u00a0Dia Internacional da Mulher Declarado durante a 2\u00aa Confer\u00eancia Internacional de Mulheres Socialistas na Dinamarca\/Copenhagen, em 1910, o 8 de Mar\u00e7o foi proclamado Dia Internacional da Mulher em uma resolu\u00e7\u00e3o que contou com a participa\u00e7\u00e3o de representantes de 17 pa\u00edses. \u00c9 uma data de mobiliza\u00e7\u00e3o e luta pelos direitos das mulheres. 9 [&hellip;]\" \/>\n<meta property=\"og:url\" content=\"https:\/\/dossies.agenciapatriciagalvao.org.br\/violencia\/o-papel-da-imprensa\/efemerides\/\" \/>\n<meta property=\"og:site_name\" content=\"Dossi\u00ea Viol\u00eancia contra as Mulheres\" \/>\n<meta property=\"article:modified_time\" content=\"2019-09-05T18:07:39+00:00\" \/>\n<meta name=\"twitter:card\" content=\"summary_large_image\" \/>\n<meta name=\"twitter:label1\" content=\"Est. tempo de leitura\" \/>\n\t<meta name=\"twitter:data1\" content=\"5 minutos\" \/>\n<script type=\"application\/ld+json\" class=\"yoast-schema-graph\">{\"@context\":\"https:\/\/schema.org\",\"@graph\":[{\"@type\":\"WebPage\",\"@id\":\"https:\/\/dossies.agenciapatriciagalvao.org.br\/violencia\/o-papel-da-imprensa\/efemerides\/\",\"url\":\"https:\/\/dossies.agenciapatriciagalvao.org.br\/violencia\/o-papel-da-imprensa\/efemerides\/\",\"name\":\"Efem\u00e9rides - Dossi\u00ea Viol\u00eancia contra as Mulheres\",\"isPartOf\":{\"@id\":\"https:\/\/dossies.agenciapatriciagalvao.org.br\/violencia\/#website\"},\"datePublished\":\"2015-07-24T21:01:46+00:00\",\"dateModified\":\"2019-09-05T18:07:39+00:00\",\"breadcrumb\":{\"@id\":\"https:\/\/dossies.agenciapatriciagalvao.org.br\/violencia\/o-papel-da-imprensa\/efemerides\/#breadcrumb\"},\"inLanguage\":\"pt-BR\",\"potentialAction\":[{\"@type\":\"ReadAction\",\"target\":[\"https:\/\/dossies.agenciapatriciagalvao.org.br\/violencia\/o-papel-da-imprensa\/efemerides\/\"]}]},{\"@type\":\"BreadcrumbList\",\"@id\":\"https:\/\/dossies.agenciapatriciagalvao.org.br\/violencia\/o-papel-da-imprensa\/efemerides\/#breadcrumb\",\"itemListElement\":[{\"@type\":\"ListItem\",\"position\":1,\"name\":\"In\u00edcio\",\"item\":\"https:\/\/dossies.agenciapatriciagalvao.org.br\/violencia\/\"},{\"@type\":\"ListItem\",\"position\":2,\"name\":\"A pauta da viol\u00eancia\",\"item\":\"https:\/\/dossies.agenciapatriciagalvao.org.br\/violencia\/o-papel-da-imprensa\/\"},{\"@type\":\"ListItem\",\"position\":3,\"name\":\"Efem\u00e9rides\"}]},{\"@type\":\"WebSite\",\"@id\":\"https:\/\/dossies.agenciapatriciagalvao.org.br\/violencia\/#website\",\"url\":\"https:\/\/dossies.agenciapatriciagalvao.org.br\/violencia\/\",\"name\":\"Dossi\u00ea Viol\u00eancia contra as Mulheres\",\"description\":\"&lt;strong&gt;Dossi\u00ea Viol\u00eancia contra as Mulheres&lt;\/strong&gt; foi desenvolvido para contribuir com a divulga\u00e7\u00e3o de informa\u00e7\u00f5es e o debate sobre a viol\u00eancia contra as mulheres. Para isso, conta com um banco de fontes de especialistas e tamb\u00e9m com um banco de pesquisas que re\u00fane dados e estudos atuais sobre a viol\u00eancia de g\u00eanero no Brasil. O dossi\u00ea tamb\u00e9m disp\u00f5e de uma se\u00e7\u00e3o de conte\u00fados especiais, que compilam informa\u00e7\u00f5es, dados e an\u00e1lises.\",\"potentialAction\":[{\"@type\":\"SearchAction\",\"target\":{\"@type\":\"EntryPoint\",\"urlTemplate\":\"https:\/\/dossies.agenciapatriciagalvao.org.br\/violencia\/?s={search_term_string}\"},\"query-input\":{\"@type\":\"PropertyValueSpecification\",\"valueRequired\":true,\"valueName\":\"search_term_string\"}}],\"inLanguage\":\"pt-BR\"}]}<\/script>\n<!-- \/ Yoast SEO plugin. -->","yoast_head_json":{"title":"Efem\u00e9rides - Dossi\u00ea Viol\u00eancia contra as Mulheres","robots":{"index":"index","follow":"follow","max-snippet":"max-snippet:-1","max-image-preview":"max-image-preview:large","max-video-preview":"max-video-preview:-1"},"canonical":"https:\/\/dossies.agenciapatriciagalvao.org.br\/violencia\/o-papel-da-imprensa\/efemerides\/","og_locale":"pt_BR","og_type":"article","og_title":"Efem\u00e9rides - Dossi\u00ea Viol\u00eancia contra as Mulheres","og_description":"8 de mar\u00e7o &#8211;\u00a0Dia Internacional da Mulher Declarado durante a 2\u00aa Confer\u00eancia Internacional de Mulheres Socialistas na Dinamarca\/Copenhagen, em 1910, o 8 de Mar\u00e7o foi proclamado Dia Internacional da Mulher em uma resolu\u00e7\u00e3o que contou com a participa\u00e7\u00e3o de representantes de 17 pa\u00edses. \u00c9 uma data de mobiliza\u00e7\u00e3o e luta pelos direitos das mulheres. 9 [&hellip;]","og_url":"https:\/\/dossies.agenciapatriciagalvao.org.br\/violencia\/o-papel-da-imprensa\/efemerides\/","og_site_name":"Dossi\u00ea Viol\u00eancia contra as Mulheres","article_modified_time":"2019-09-05T18:07:39+00:00","twitter_card":"summary_large_image","twitter_misc":{"Est. tempo de leitura":"5 minutos"},"schema":{"@context":"https:\/\/schema.org","@graph":[{"@type":"WebPage","@id":"https:\/\/dossies.agenciapatriciagalvao.org.br\/violencia\/o-papel-da-imprensa\/efemerides\/","url":"https:\/\/dossies.agenciapatriciagalvao.org.br\/violencia\/o-papel-da-imprensa\/efemerides\/","name":"Efem\u00e9rides - Dossi\u00ea Viol\u00eancia contra as Mulheres","isPartOf":{"@id":"https:\/\/dossies.agenciapatriciagalvao.org.br\/violencia\/#website"},"datePublished":"2015-07-24T21:01:46+00:00","dateModified":"2019-09-05T18:07:39+00:00","breadcrumb":{"@id":"https:\/\/dossies.agenciapatriciagalvao.org.br\/violencia\/o-papel-da-imprensa\/efemerides\/#breadcrumb"},"inLanguage":"pt-BR","potentialAction":[{"@type":"ReadAction","target":["https:\/\/dossies.agenciapatriciagalvao.org.br\/violencia\/o-papel-da-imprensa\/efemerides\/"]}]},{"@type":"BreadcrumbList","@id":"https:\/\/dossies.agenciapatriciagalvao.org.br\/violencia\/o-papel-da-imprensa\/efemerides\/#breadcrumb","itemListElement":[{"@type":"ListItem","position":1,"name":"In\u00edcio","item":"https:\/\/dossies.agenciapatriciagalvao.org.br\/violencia\/"},{"@type":"ListItem","position":2,"name":"A pauta da viol\u00eancia","item":"https:\/\/dossies.agenciapatriciagalvao.org.br\/violencia\/o-papel-da-imprensa\/"},{"@type":"ListItem","position":3,"name":"Efem\u00e9rides"}]},{"@type":"WebSite","@id":"https:\/\/dossies.agenciapatriciagalvao.org.br\/violencia\/#website","url":"https:\/\/dossies.agenciapatriciagalvao.org.br\/violencia\/","name":"Dossi\u00ea Viol\u00eancia contra as Mulheres","description":"&lt;strong&gt;Dossi\u00ea Viol\u00eancia contra as Mulheres&lt;\/strong&gt; foi desenvolvido para contribuir com a divulga\u00e7\u00e3o de informa\u00e7\u00f5es e o debate sobre a viol\u00eancia contra as mulheres. Para isso, conta com um banco de fontes de especialistas e tamb\u00e9m com um banco de pesquisas que re\u00fane dados e estudos atuais sobre a viol\u00eancia de g\u00eanero no Brasil. O dossi\u00ea tamb\u00e9m disp\u00f5e de uma se\u00e7\u00e3o de conte\u00fados especiais, que compilam informa\u00e7\u00f5es, dados e an\u00e1lises.","potentialAction":[{"@type":"SearchAction","target":{"@type":"EntryPoint","urlTemplate":"https:\/\/dossies.agenciapatriciagalvao.org.br\/violencia\/?s={search_term_string}"},"query-input":{"@type":"PropertyValueSpecification","valueRequired":true,"valueName":"search_term_string"}}],"inLanguage":"pt-BR"}]}},"_links":{"self":[{"href":"https:\/\/dossies.agenciapatriciagalvao.org.br\/violencia\/wp-json\/wp\/v2\/pages\/480","targetHints":{"allow":["GET"]}}],"collection":[{"href":"https:\/\/dossies.agenciapatriciagalvao.org.br\/violencia\/wp-json\/wp\/v2\/pages"}],"about":[{"href":"https:\/\/dossies.agenciapatriciagalvao.org.br\/violencia\/wp-json\/wp\/v2\/types\/page"}],"author":[{"embeddable":true,"href":"https:\/\/dossies.agenciapatriciagalvao.org.br\/violencia\/wp-json\/wp\/v2\/users\/1"}],"replies":[{"embeddable":true,"href":"https:\/\/dossies.agenciapatriciagalvao.org.br\/violencia\/wp-json\/wp\/v2\/comments?post=480"}],"version-history":[{"count":5,"href":"https:\/\/dossies.agenciapatriciagalvao.org.br\/violencia\/wp-json\/wp\/v2\/pages\/480\/revisions"}],"predecessor-version":[{"id":1214,"href":"https:\/\/dossies.agenciapatriciagalvao.org.br\/violencia\/wp-json\/wp\/v2\/pages\/480\/revisions\/1214"}],"up":[{"embeddable":true,"href":"https:\/\/dossies.agenciapatriciagalvao.org.br\/violencia\/wp-json\/wp\/v2\/pages\/9"}],"wp:attachment":[{"href":"https:\/\/dossies.agenciapatriciagalvao.org.br\/violencia\/wp-json\/wp\/v2\/media?parent=480"}],"curies":[{"name":"wp","href":"https:\/\/api.w.org\/{rel}","templated":true}]}}