{"id":413,"date":"2015-07-22T02:44:16","date_gmt":"2015-07-22T02:44:16","guid":{"rendered":"http:\/\/www.agenciapatriciagalvao.org.br\/dossie\/?page_id=413"},"modified":"2018-02-16T19:19:22","modified_gmt":"2018-02-16T19:19:22","slug":"coordenadorias-estaduais-das-mulheres-em-situacao-de-violencia-domestica-e-familiar","status":"publish","type":"page","link":"https:\/\/dossies.agenciapatriciagalvao.org.br\/violencia\/coordenadorias-estaduais-das-mulheres-em-situacao-de-violencia-domestica-e-familiar\/","title":{"rendered":"Coordenadorias Estaduais das Mulheres em Situa\u00e7\u00e3o de Viol\u00eancia Dom\u00e9stica e Familiar"},"content":{"rendered":"<p>Criadas pela <a href=\"http:\/\/www.compromissoeatitude.org.br\/wp-content\/uploads\/2012\/08\/CNJ-Resolucao-n-128-17032011.pdf\" target=\"_blank\">Resolu\u00e7\u00e3o n\u00ba 128 do Conselho Nacional de Justi\u00e7a (CNJ)<\/a>, s\u00e3o\u00a0\u00f3rg\u00e3os\u00a0permanentes de assessoria da Presid\u00eancia dos Tribunais de Justi\u00e7a dos Estados e do Distrito Federal. Entre suas atribui\u00e7\u00f5es est\u00e3o:\u00a0garantir o aprimoramento da estrutura do Judici\u00e1rio na pol\u00edtica de enfrentamento da viol\u00eancia contra as mulheres, auxiliar na forma\u00e7\u00e3o continuada e especializada dos magistrados e servidores nesta mat\u00e9ria e recepcionar, no \u00e2mbito de cada Estado, dados, reclama\u00e7\u00f5es e sugest\u00f5es referentes aos servi\u00e7os de atendimento \u00e0 mulher, promovendo encaminhamentos e divulga\u00e7\u00f5es pertinentes.<\/p>\n<p><strong>AC<\/strong> \u2013 Coordenadoria da Mulher do TJAC. Rua Tribunal de Justi\u00e7a, s\/n\u00ba &#8211; Via Verde \u2013 Rio Branco. Telefone: (68) 3302-0461<\/p>\n<p><strong>AL<\/strong>* \u2013 4\u00ba Juizado da Viol\u00eancia Dom\u00e9stica e Familiar Contra a Mulher. P\u00e7. Visconde de Sinimbu, 119, Centro \u2013 Macei\u00f3. Telefone: (82) 2126-9667 \/ 2126-9669 \/ 2126-9671. E-mail: <a href=\"mailto:jecc4@tjal.jus.br\" target=\"_blank\">jecc4@tjal.jus.br<\/a><\/p>\n<p>* Juizado de Viol\u00eancia Dom\u00e9stica e Familiar Contra a Mulher em Arapiraca. Avenida Deputada Ceci Cunha, 235, Alto do Cruzeiro \u2013 Arapiraca. Telefone: (82) 3539-4217. E-mail: <a href=\"mailto:jecmulherara@tjal.jus.br\" target=\"_blank\">jecmulherara@tjal.jus.br<\/a><\/p>\n<p><strong>AM<\/strong> \u2013 Coordenadoria Estadual da Mulher em Situa\u00e7\u00e3o de Viol\u00eancia Dom\u00e9stica e Familiar do TJAM. Av. Presidente Kennedy, 399 \u2013 Bairro Educandos \u2013 Manaus. Telefone: (92) 3232-3802. E-mail: <a href=\"mailto:mariadapenha2@tjam.jus.br\" target=\"_blank\">mariadapenha2@tjam.jus.br<\/a><\/p>\n<p><strong>AP<\/strong> \u2013 Avenida FAB, 1737, 1\u00ba andar \u2013 Bairro Santa Rita \u2013 Macap\u00e1. Telefone: (96) 3312-3300 ramal 3401. E-mail: <a href=\"mailto:juiz.augusto@tjap.jus.br\" target=\"_blank\">juiz.augusto@tjap.jus.br<\/a> \/ <a href=\"mailto:laila.hage@tjap.jus.br\" target=\"_blank\">laila.hage@tjap.jus.br<\/a><\/p>\n<p><strong>BA<\/strong> &#8211; Coordenadoria Estadual das Mulheres em Situa\u00e7\u00e3o de Viol\u00eancia Dom\u00e9stica e Familiar\u00a0do TJBA. 5\u00aa Avenida do CAB, n\u00ba 560, 3\u00ba andar, sala 303 do Anexo, Centro Administrativo \u2013 Salvador. Telefones: (71) 3372-1867\/1895\/5525. E-mail:\u00a0<a href=\"mailto:coordenadoriamulher@tjba.jus.br\" target=\"_blank\">coordenadoriamulher@tjba.jus.br<\/a><\/p>\n<p><strong>CE<\/strong> &#8211; Coordenadoria Estadual da Mulher em Situa\u00e7\u00e3o de Viol\u00eancia\u00a0Dom\u00e9stica e Familiar do TJCE. Av. General Afonso Albuquerque Lima, S\/N \u2013 Bairro Cambeba &#8211; Fortaleza. Telefone: (85) 3207-6938. E-mail: <a href=\"mailto:cemulher@tjce.jus.br\" target=\"_blank\">cemulher@tjce.jus.br<\/a>\u00a0\/\u00a0<a href=\"mailto:emiliaars@tjce.jus.br\" target=\"_blank\">emiliaars@tjce.jus.br<\/a>\u200b<\/p>\n<p><strong>DF<\/strong> &#8211; Centro Judici\u00e1rio da Mulher em situa\u00e7\u00e3o de Viol\u00eancia Dom\u00e9stica e Familiar do Distrito Federal\u00a0(CJM) do TJDFT. Avenida Contorno &#8211; \u00c1rea Especial N\u00ba 13 &#8211; Lote 14 &#8211; 1\u00ba Andar, Sem Ala, Sala 107 &#8211; N\u00facleo Bandeirante. Telefone: (61) 3103-2027 \/ 2093 \/ 2041. E-mail: <a href=\"mailto:cjm.df@tjdft.jus.br\" target=\"_blank\">cjm.df@tjdft.jus.br<\/a><\/p>\n<p><strong>ES<\/strong> &#8211; Coordenadoria Estadual da Mulher em Situa\u00e7\u00e3o de Viol\u00eancia Dom\u00e9stica e Familiar do TJES. Rua Desembargador Homero Mafra, n\u00ba 60 &#8211; Enseada do Su\u00e1 \u2013 Vit\u00f3ria. Telefones: (27) 3334-2709 \/ 2174. E-mail: <a href=\"mailto:violenciadomestica@tjes.jus.br\" target=\"_blank\">violenciadomestica@tjes.jus.br<\/a><\/p>\n<p><strong>GO<\/strong> &#8211; Coordenadoria Estadual das Mulheres em Situa\u00e7\u00e3o de Viol\u00eancia Dom\u00e9stica e Familiar. Tribunal de Justi\u00e7a do Estado de Goi\u00e1s.Rua 10, n\u00ba 150, Setor Oeste, sala n\u00ba 1228, 12\u00ba andar \u2013 Goi\u00e2nia. F\u00f3rum Heitor Moraes Fleury. Telefone: (62) 3216-2421. E-mail: <a href=\"mailto:cestadualdamulher@tjgo.jus.br\" target=\"_blank\">cestadualdamulher@tjgo.jus.br<\/a>\/ <a href=\"mailto:des.lcvbraga@tjgo.jus.br\" target=\"_blank\">des.lcvbraga@tjgo.jus.br<\/a><\/p>\n<p><strong>MA<\/strong> &#8211; Coordenadoria Estadual da Mulher em situa\u00e7\u00e3o de Viol\u00eancia Dom\u00e9stica e Familiar. Tribunal de Justi\u00e7a do Estado do Maranh\u00e3o. Rua do Egito, n\u00ba167 \u2013 Centro \u2013 S\u00e3o Luiz. Telefone: (98) 3261-6284. E-mail: <a href=\"mailto:cemulher@tjma.jus.br\" target=\"_blank\">cemulher@tjma.jus.br<\/a><\/p>\n<p><strong>MG<\/strong> &#8211; Coordenadoria da Mulher em Situa\u00e7\u00e3o de Viol\u00eancia Dom\u00e9stica e Familiar (COMSIV). Av. \u00c1lvares Cabral, n\u00ba 200 &#8211; 4\u00ba andar &#8211; Belo Horizonte. Telefones: (31) 3274 &#8211; 7435 \/ 7454. E-mail: <a href=\"mailto:adm.cim@tjmg.jus.br\" target=\"_blank\">adm.cim@tjmg.jus.br<\/a><\/p>\n<p><strong>MS<\/strong> &#8211; Coordenadoria Estadual da Mulher em situa\u00e7\u00e3o de Viol\u00eancia Dom\u00e9stica e Familiar do TJMS. Avenida Mato Grosso, Bloco 13 &#8211; Parque dos Poderes &#8211; Campo Grande. Telefones: (67) 3314-1988 \/ 1494. E-mail: <a href=\"mailto:coordenadoriadamulher@tjms.jus.br\" target=\"_blank\">coordenadoriadamulher@tjms.jus.br<\/a><\/p>\n<p><strong>MT<\/strong> &#8211; Coordenadoria Estadual da Mulher em Situa\u00e7\u00e3o de Viol\u00eancia Dom\u00e9stica e Familiar no \u00e2mbito do TJMT (CEMULHER). Centro Pol\u00edtico Administrativo &#8211; Rua C, S\/N &#8211; Cuiab\u00e1. Telefone: (65) 3617-3383. E-mail-\u00a0<a href=\"mailto:cemulher@tjmt.jus.br\" target=\"_blank\">cemulher@tjmt.jus.br<\/a><\/p>\n<p><strong>PA<\/strong> &#8211; Coordenadoria Estadual das Mulheres em Situa\u00e7\u00e3o de Viol\u00eancia Dom\u00e9stica e Familiar do TJPA.F\u00f3rum Criminal.Pra\u00e7a Felipe Patroni s\/n\u00ba &#8211; Bel\u00e9m. Telefone: (91) 3205-3535. E-mail: <a href=\"mailto:des.vera.souza@tjpa.jus.br\" target=\"_blank\">des.vera.souza@tjpa.jus.br<\/a><\/p>\n<p><strong>PB<\/strong> &#8211; Coordenadoria Estadual das Mulheres em Situa\u00e7\u00e3o de Viol\u00eancia Dom\u00e9stica e Familiar do TJPA. Visconde de Pelotas, S\/N\u00ba, Centro \u2013 Jo\u00e3o Pessoa. Telefone: (83) 3222-7862. E-mail: <a href=\"mailto:rita.pb@terra.com.br\" target=\"_blank\">rita.pb@terra.com.br<\/a><\/p>\n<p><strong>PE <\/strong>&#8211; n\u00e3o tem Coordenadoria instalada.<\/p>\n<p><strong>PI<\/strong> &#8211; P\u00e7a Des. Edgard Nogueira s\/n\u00ba, Centro C\u00edvico \u2013 Teresina. Telefone: (86) 3230-7800 ramal 7947. E-mail: <a href=\"mailto:jose.olindo@tjpi.jus.br\" target=\"_blank\">jose.olindo@tjpi.jus.br<\/a><\/p>\n<p><strong>PR<\/strong> &#8211; Coordenadoria Estadual da Mulher em Situa\u00e7\u00e3o de Viol\u00eancia Dom\u00e9stica e Familiar do TJPR (CEVID). Avenida Jo\u00e3o Gualberto, 1073, Alto da Gl\u00f3ria \u2013 Curitiba. Telefones: (41) 3210-7032 \/ 7033. E-mail: <a href=\"mailto:cevid@tjpr.jus.br\" target=\"_blank\">cevid@tjpr.jus.br<\/a><\/p>\n<p><strong>RJ<\/strong> &#8211; Comiss\u00e3o Judici\u00e1ria de Articula\u00e7\u00e3o dos Juizados de Viol\u00eancia Dom\u00e9stica e Familiar contra a Mulher do TJRJ (CEJE). Av. Erasmo Braga, n\u00b0 115, L\u00e2mina I &#8211; Sala 905 \u2013 Castelo \u2013 Rio de Janeiro. Telefones: (21) 3133-2996 \/ 4387 \/ 3323. E-mail: <a href=\"mailto:cejemulher@tjrj.jus.br\">c<\/a><a href=\"mailto:cejemulher@tjrj.jus.br\" target=\"_blank\">ejemulher@tjrj.jus.br<\/a><\/p>\n<p><strong>RO<\/strong> &#8211; Coordenadoria da Mulher em Situa\u00e7\u00e3o de Viol\u00eancia dom\u00e9stica do TJRO. Rua Rog\u00e9rio Weber, 1872 &#8211; Centro &#8211; Porto Velho. Telefone: (69) 3217\u20131212. E-mail: <a href=\"mailto:kalix@tjro.jus.br\" target=\"_blank\">kalix@tjro.jus.br<\/a> \/ <a href=\"mailto:kalix10@gmail.com\" target=\"_blank\">kalix10@gmail.com<\/a><\/p>\n<p><strong>RN<\/strong> &#8211; Coordenadoria Estadual da Mulher em Situa\u00e7\u00e3o de Viol\u00eancia Dom\u00e9stica e Familiar do TJRN. Av. Duque de Caxias, 151 &#8211; Bairro Ribeira &#8211; Natal. Telefone: (84) 3616-6801\/ 6807. E-mail: <a href=\"mailto:coordenadoriamulher@tjrn.jus.br\" target=\"_blank\">coordenadoriamulher@tjrn.jus.br<\/a><\/p>\n<p><strong>RR<\/strong> &#8211; 1\u00ba Juizado de Viol\u00eancia Dom\u00e9stica e Familiar contra a Mulher do TJRR. Rua T-P 02, n\u00ba 30 &#8211; Bairro Ca\u00e7ari &#8211; Espa\u00e7o da Cidadania &#8211; Boa Vista. Telefones: (95) 3623-8711 \/ 3224-0444. E-mail: <a href=\"mailto:1jespmulher@tjrr.jus.br\" target=\"_blank\">1jespmulher@tjrr.jus.br<\/a><\/p>\n<p><strong>RS<\/strong> &#8211; Coordenadoria Estadual da Mulher do TJRS (CEM). Pra\u00e7a Marechal Deodoro, n\u00ba 55\/4\u00ba andar \u2013 Centro \u2013 Porto Alegre. Telefone: (51) 3210-7234. E-mail: <a href=\"mailto:jllvieira@tj.rs.gov.br\" target=\"_blank\">jllvieira@tj.rs.gov.br<\/a><\/p>\n<p><strong>SC<\/strong> &#8211; Coordenadoria de Execu\u00e7\u00e3o Penal e da Viol\u00eancia Dom\u00e9stica e Familiar contra a Mulher do TJSC. Rua \u00c1lvaro Millen da Silveira, n\u00ba 208 &#8211; Torre I, 12\u00ba andar \u2013 Sala 1204C \u2013 Centro \u2013 Florian\u00f3polis. Telefone: (48) 3287-2580. E-mail: <a href=\"mailto:cepevid@tjsc.jus.br\" target=\"_blank\">cepevid@tjsc.jus.br<\/a><\/p>\n<p><strong>SE<\/strong> &#8211; Coordenadoria das Mulheres do TJSE. Pra\u00e7a Fausto Cardoso, 112 &#8211; Centro &#8211; 7\u00ba andar \u2013 Aracaju. Telefones: (79) 3226-3468 \/ 4194 &#8211; E-mail: <a href=\"mailto:coordenadoriadamulher@tjse.jus.br\" target=\"_blank\">coordenadoriadamulher@tjse.jus.br<\/a><\/p>\n<p><strong>SP<\/strong> &#8211; Coordenadoria da Mulher em Situa\u00e7\u00e3o de Viol\u00eancia Dom\u00e9stica e Familiar do Poder Judici\u00e1rio do TJSP. Pra\u00e7a Doutor Jo\u00e3o Mendes, s\/n &#8211; 17\u00ba andar &#8211; Sala 1705 \u2013 Centro \u2013 S\u00e3o Paulo. Telefones: (11) 2171- 4807 \/ 3104-5521. E-mail: <a href=\"mailto:comesp@tjsp.jus.br\" target=\"_blank\">comesp@tjsp.jus.br<\/a><\/p>\n<p><strong>TO<\/strong> &#8211; Coordenadoria Estadual da Mulher em Situa\u00e7\u00e3o de Viol\u00eancia Dom\u00e9stica e Familiar do TJTO. Av. Teot\u00f4nio Segurado &#8211; Edif\u00edcio do F\u00f3rum Marques S\u00e3o Jo\u00e3o da Palma, 1\u00ba andar, Vara Esp. de Viol\u00eancia Dom\u00e9stica \u2013 Palmas. Telefone: (63) 3218-4271. E-mail: <a href=\"mailto:mulherpalmas@tjto.jus.br\" target=\"_blank\">mulherpalmas@tjto.jus.br<\/a><\/p>\n","protected":false},"excerpt":{"rendered":"<p>Criadas pela Resolu\u00e7\u00e3o n\u00ba 128 do Conselho Nacional de Justi\u00e7a (CNJ), s\u00e3o\u00a0\u00f3rg\u00e3os\u00a0permanentes de assessoria da Presid\u00eancia dos Tribunais de Justi\u00e7a dos Estados e do Distrito Federal. Entre suas atribui\u00e7\u00f5es est\u00e3o:\u00a0garantir o aprimoramento da estrutura do Judici\u00e1rio na pol\u00edtica de enfrentamento da viol\u00eancia contra as mulheres, auxiliar na forma\u00e7\u00e3o continuada e especializada dos magistrados e servidores [&hellip;]<\/p>\n","protected":false},"author":1,"featured_media":0,"parent":0,"menu_order":0,"comment_status":"open","ping_status":"open","template":"","meta":{"footnotes":""},"class_list":["post-413","page","type-page","status-publish","hentry"],"yoast_head":"<!-- This site is optimized with the Yoast SEO plugin v26.3 - https:\/\/yoast.com\/wordpress\/plugins\/seo\/ -->\n<title>Coordenadorias Estaduais das Mulheres em Situa\u00e7\u00e3o de Viol\u00eancia Dom\u00e9stica e Familiar - Dossi\u00ea Viol\u00eancia contra as Mulheres<\/title>\n<meta name=\"robots\" content=\"index, follow, max-snippet:-1, max-image-preview:large, max-video-preview:-1\" \/>\n<link rel=\"canonical\" href=\"https:\/\/dossies.agenciapatriciagalvao.org.br\/violencia\/coordenadorias-estaduais-das-mulheres-em-situacao-de-violencia-domestica-e-familiar\/\" \/>\n<meta property=\"og:locale\" content=\"pt_BR\" \/>\n<meta property=\"og:type\" content=\"article\" \/>\n<meta property=\"og:title\" content=\"Coordenadorias Estaduais das Mulheres em Situa\u00e7\u00e3o de Viol\u00eancia Dom\u00e9stica e Familiar - Dossi\u00ea Viol\u00eancia contra as Mulheres\" \/>\n<meta property=\"og:description\" content=\"Criadas pela Resolu\u00e7\u00e3o n\u00ba 128 do Conselho Nacional de Justi\u00e7a (CNJ), s\u00e3o\u00a0\u00f3rg\u00e3os\u00a0permanentes de assessoria da Presid\u00eancia dos Tribunais de Justi\u00e7a dos Estados e do Distrito Federal. Entre suas atribui\u00e7\u00f5es est\u00e3o:\u00a0garantir o aprimoramento da estrutura do Judici\u00e1rio na pol\u00edtica de enfrentamento da viol\u00eancia contra as mulheres, auxiliar na forma\u00e7\u00e3o continuada e especializada dos magistrados e servidores [&hellip;]\" \/>\n<meta property=\"og:url\" content=\"https:\/\/dossies.agenciapatriciagalvao.org.br\/violencia\/coordenadorias-estaduais-das-mulheres-em-situacao-de-violencia-domestica-e-familiar\/\" \/>\n<meta property=\"og:site_name\" content=\"Dossi\u00ea Viol\u00eancia contra as Mulheres\" \/>\n<meta property=\"article:modified_time\" content=\"2018-02-16T19:19:22+00:00\" \/>\n<meta name=\"twitter:card\" content=\"summary_large_image\" \/>\n<meta name=\"twitter:label1\" content=\"Est. tempo de leitura\" \/>\n\t<meta name=\"twitter:data1\" content=\"5 minutos\" \/>\n<script type=\"application\/ld+json\" class=\"yoast-schema-graph\">{\"@context\":\"https:\/\/schema.org\",\"@graph\":[{\"@type\":\"WebPage\",\"@id\":\"https:\/\/dossies.agenciapatriciagalvao.org.br\/violencia\/coordenadorias-estaduais-das-mulheres-em-situacao-de-violencia-domestica-e-familiar\/\",\"url\":\"https:\/\/dossies.agenciapatriciagalvao.org.br\/violencia\/coordenadorias-estaduais-das-mulheres-em-situacao-de-violencia-domestica-e-familiar\/\",\"name\":\"Coordenadorias Estaduais das Mulheres em Situa\u00e7\u00e3o de Viol\u00eancia Dom\u00e9stica e Familiar - Dossi\u00ea Viol\u00eancia contra as Mulheres\",\"isPartOf\":{\"@id\":\"https:\/\/dossies.agenciapatriciagalvao.org.br\/violencia\/#website\"},\"datePublished\":\"2015-07-22T02:44:16+00:00\",\"dateModified\":\"2018-02-16T19:19:22+00:00\",\"breadcrumb\":{\"@id\":\"https:\/\/dossies.agenciapatriciagalvao.org.br\/violencia\/coordenadorias-estaduais-das-mulheres-em-situacao-de-violencia-domestica-e-familiar\/#breadcrumb\"},\"inLanguage\":\"pt-BR\",\"potentialAction\":[{\"@type\":\"ReadAction\",\"target\":[\"https:\/\/dossies.agenciapatriciagalvao.org.br\/violencia\/coordenadorias-estaduais-das-mulheres-em-situacao-de-violencia-domestica-e-familiar\/\"]}]},{\"@type\":\"BreadcrumbList\",\"@id\":\"https:\/\/dossies.agenciapatriciagalvao.org.br\/violencia\/coordenadorias-estaduais-das-mulheres-em-situacao-de-violencia-domestica-e-familiar\/#breadcrumb\",\"itemListElement\":[{\"@type\":\"ListItem\",\"position\":1,\"name\":\"In\u00edcio\",\"item\":\"https:\/\/dossies.agenciapatriciagalvao.org.br\/violencia\/\"},{\"@type\":\"ListItem\",\"position\":2,\"name\":\"Coordenadorias Estaduais das Mulheres em Situa\u00e7\u00e3o de Viol\u00eancia Dom\u00e9stica e Familiar\"}]},{\"@type\":\"WebSite\",\"@id\":\"https:\/\/dossies.agenciapatriciagalvao.org.br\/violencia\/#website\",\"url\":\"https:\/\/dossies.agenciapatriciagalvao.org.br\/violencia\/\",\"name\":\"Dossi\u00ea Viol\u00eancia contra as Mulheres\",\"description\":\"&lt;strong&gt;Dossi\u00ea Viol\u00eancia contra as Mulheres&lt;\/strong&gt; foi desenvolvido para contribuir com a divulga\u00e7\u00e3o de informa\u00e7\u00f5es e o debate sobre a viol\u00eancia contra as mulheres. Para isso, conta com um banco de fontes de especialistas e tamb\u00e9m com um banco de pesquisas que re\u00fane dados e estudos atuais sobre a viol\u00eancia de g\u00eanero no Brasil. O dossi\u00ea tamb\u00e9m disp\u00f5e de uma se\u00e7\u00e3o de conte\u00fados especiais, que compilam informa\u00e7\u00f5es, dados e an\u00e1lises.\",\"potentialAction\":[{\"@type\":\"SearchAction\",\"target\":{\"@type\":\"EntryPoint\",\"urlTemplate\":\"https:\/\/dossies.agenciapatriciagalvao.org.br\/violencia\/?s={search_term_string}\"},\"query-input\":{\"@type\":\"PropertyValueSpecification\",\"valueRequired\":true,\"valueName\":\"search_term_string\"}}],\"inLanguage\":\"pt-BR\"}]}<\/script>\n<!-- \/ Yoast SEO plugin. -->","yoast_head_json":{"title":"Coordenadorias Estaduais das Mulheres em Situa\u00e7\u00e3o de Viol\u00eancia Dom\u00e9stica e Familiar - Dossi\u00ea Viol\u00eancia contra as Mulheres","robots":{"index":"index","follow":"follow","max-snippet":"max-snippet:-1","max-image-preview":"max-image-preview:large","max-video-preview":"max-video-preview:-1"},"canonical":"https:\/\/dossies.agenciapatriciagalvao.org.br\/violencia\/coordenadorias-estaduais-das-mulheres-em-situacao-de-violencia-domestica-e-familiar\/","og_locale":"pt_BR","og_type":"article","og_title":"Coordenadorias Estaduais das Mulheres em Situa\u00e7\u00e3o de Viol\u00eancia Dom\u00e9stica e Familiar - Dossi\u00ea Viol\u00eancia contra as Mulheres","og_description":"Criadas pela Resolu\u00e7\u00e3o n\u00ba 128 do Conselho Nacional de Justi\u00e7a (CNJ), s\u00e3o\u00a0\u00f3rg\u00e3os\u00a0permanentes de assessoria da Presid\u00eancia dos Tribunais de Justi\u00e7a dos Estados e do Distrito Federal. Entre suas atribui\u00e7\u00f5es est\u00e3o:\u00a0garantir o aprimoramento da estrutura do Judici\u00e1rio na pol\u00edtica de enfrentamento da viol\u00eancia contra as mulheres, auxiliar na forma\u00e7\u00e3o continuada e especializada dos magistrados e servidores [&hellip;]","og_url":"https:\/\/dossies.agenciapatriciagalvao.org.br\/violencia\/coordenadorias-estaduais-das-mulheres-em-situacao-de-violencia-domestica-e-familiar\/","og_site_name":"Dossi\u00ea Viol\u00eancia contra as Mulheres","article_modified_time":"2018-02-16T19:19:22+00:00","twitter_card":"summary_large_image","twitter_misc":{"Est. tempo de leitura":"5 minutos"},"schema":{"@context":"https:\/\/schema.org","@graph":[{"@type":"WebPage","@id":"https:\/\/dossies.agenciapatriciagalvao.org.br\/violencia\/coordenadorias-estaduais-das-mulheres-em-situacao-de-violencia-domestica-e-familiar\/","url":"https:\/\/dossies.agenciapatriciagalvao.org.br\/violencia\/coordenadorias-estaduais-das-mulheres-em-situacao-de-violencia-domestica-e-familiar\/","name":"Coordenadorias Estaduais das Mulheres em Situa\u00e7\u00e3o de Viol\u00eancia Dom\u00e9stica e Familiar - Dossi\u00ea Viol\u00eancia contra as Mulheres","isPartOf":{"@id":"https:\/\/dossies.agenciapatriciagalvao.org.br\/violencia\/#website"},"datePublished":"2015-07-22T02:44:16+00:00","dateModified":"2018-02-16T19:19:22+00:00","breadcrumb":{"@id":"https:\/\/dossies.agenciapatriciagalvao.org.br\/violencia\/coordenadorias-estaduais-das-mulheres-em-situacao-de-violencia-domestica-e-familiar\/#breadcrumb"},"inLanguage":"pt-BR","potentialAction":[{"@type":"ReadAction","target":["https:\/\/dossies.agenciapatriciagalvao.org.br\/violencia\/coordenadorias-estaduais-das-mulheres-em-situacao-de-violencia-domestica-e-familiar\/"]}]},{"@type":"BreadcrumbList","@id":"https:\/\/dossies.agenciapatriciagalvao.org.br\/violencia\/coordenadorias-estaduais-das-mulheres-em-situacao-de-violencia-domestica-e-familiar\/#breadcrumb","itemListElement":[{"@type":"ListItem","position":1,"name":"In\u00edcio","item":"https:\/\/dossies.agenciapatriciagalvao.org.br\/violencia\/"},{"@type":"ListItem","position":2,"name":"Coordenadorias Estaduais das Mulheres em Situa\u00e7\u00e3o de Viol\u00eancia Dom\u00e9stica e Familiar"}]},{"@type":"WebSite","@id":"https:\/\/dossies.agenciapatriciagalvao.org.br\/violencia\/#website","url":"https:\/\/dossies.agenciapatriciagalvao.org.br\/violencia\/","name":"Dossi\u00ea Viol\u00eancia contra as Mulheres","description":"&lt;strong&gt;Dossi\u00ea Viol\u00eancia contra as Mulheres&lt;\/strong&gt; foi desenvolvido para contribuir com a divulga\u00e7\u00e3o de informa\u00e7\u00f5es e o debate sobre a viol\u00eancia contra as mulheres. Para isso, conta com um banco de fontes de especialistas e tamb\u00e9m com um banco de pesquisas que re\u00fane dados e estudos atuais sobre a viol\u00eancia de g\u00eanero no Brasil. O dossi\u00ea tamb\u00e9m disp\u00f5e de uma se\u00e7\u00e3o de conte\u00fados especiais, que compilam informa\u00e7\u00f5es, dados e an\u00e1lises.","potentialAction":[{"@type":"SearchAction","target":{"@type":"EntryPoint","urlTemplate":"https:\/\/dossies.agenciapatriciagalvao.org.br\/violencia\/?s={search_term_string}"},"query-input":{"@type":"PropertyValueSpecification","valueRequired":true,"valueName":"search_term_string"}}],"inLanguage":"pt-BR"}]}},"_links":{"self":[{"href":"https:\/\/dossies.agenciapatriciagalvao.org.br\/violencia\/wp-json\/wp\/v2\/pages\/413","targetHints":{"allow":["GET"]}}],"collection":[{"href":"https:\/\/dossies.agenciapatriciagalvao.org.br\/violencia\/wp-json\/wp\/v2\/pages"}],"about":[{"href":"https:\/\/dossies.agenciapatriciagalvao.org.br\/violencia\/wp-json\/wp\/v2\/types\/page"}],"author":[{"embeddable":true,"href":"https:\/\/dossies.agenciapatriciagalvao.org.br\/violencia\/wp-json\/wp\/v2\/users\/1"}],"replies":[{"embeddable":true,"href":"https:\/\/dossies.agenciapatriciagalvao.org.br\/violencia\/wp-json\/wp\/v2\/comments?post=413"}],"version-history":[{"count":6,"href":"https:\/\/dossies.agenciapatriciagalvao.org.br\/violencia\/wp-json\/wp\/v2\/pages\/413\/revisions"}],"predecessor-version":[{"id":647,"href":"https:\/\/dossies.agenciapatriciagalvao.org.br\/violencia\/wp-json\/wp\/v2\/pages\/413\/revisions\/647"}],"wp:attachment":[{"href":"https:\/\/dossies.agenciapatriciagalvao.org.br\/violencia\/wp-json\/wp\/v2\/media?parent=413"}],"curies":[{"name":"wp","href":"https:\/\/api.w.org\/{rel}","templated":true}]}}