{"id":263,"date":"2015-07-18T00:29:47","date_gmt":"2015-07-18T00:29:47","guid":{"rendered":"http:\/\/www.agenciapatriciagalvao.org.br\/dossie\/?page_id=263"},"modified":"2018-02-16T19:31:19","modified_gmt":"2018-02-16T19:31:19","slug":"politica-de-privacidade","status":"publish","type":"page","link":"https:\/\/dossies.agenciapatriciagalvao.org.br\/violencia\/politica-de-privacidade\/","title":{"rendered":"Pol\u00edtica de Privacidade"},"content":{"rendered":"<p>O<em> Dossi\u00ea Viol\u00eancia contra as Mulheres<\/em>\u00a0\u00e9 uma iniciativa do <a href=\"http:\/\/www.agenciapatriciagalvao.org.br\" target=\"_blank\">Instituto Patr\u00edcia Galv\u00e3o<\/a>, criado em 2015 para apoiar a produ\u00e7\u00e3o de not\u00edcias e conte\u00fados sobre os direitos das mulheres\u00a0no Brasil.<\/p>\n<p>O site do <em>Dossi\u00ea Viol\u00eancia contra as Mulheres<\/em> tem car\u00e1ter gratuito e acesso livre. Todas as informa\u00e7\u00f5es pessoais de usu\u00e1rios recolhidas ser\u00e3o usadas somente para tornar o seu acesso ao nosso site o mais produtivo e agrad\u00e1vel poss\u00edvel e jamais ser\u00e3o utilizadas para fins comerciais.<\/p>\n<p>A informa\u00e7\u00e3o pessoal recolhida pode incluir o seu nome, e-mail, n\u00famero de telefone e\/ou outros. A garantia da confidencialidade dos dados pessoais dos utilizadores do nosso site \u00e9 fundamental para a Ag\u00eancia Patr\u00edcia Galv\u00e3o.<\/p>\n<p>Todas as informa\u00e7\u00f5es cadastradas no site s\u00e3o mantidas em sigilo nos bancos de dados da Ag\u00eancia Patr\u00edcia Galv\u00e3o.<\/p>\n<p>O usu\u00e1rio, por sua vez, concorda que \u00e9 proibido por lei:<br \/>\n&#8211; prejudicar os direitos e interesses de terceiros;<br \/>\n&#8211; inutilizar, modificar ou impedir, em todo ou em parte, qualquer \u00e1rea do site;<br \/>\n&#8211; tentar violar os meios t\u00e9cnicos de prote\u00e7\u00e3o ao conte\u00fado do site.<\/p>\n<p>Tal como outros websites, coletamos e utilizamos informa\u00e7\u00f5es como seu endere\u00e7o IP (Internet Protocol), seu ISP (Internet Service Provider), o browser que utilizou ao visitar o nosso site (como o Internet Explorer ou o Firefox), o tempo da sua visita e que p\u00e1ginas visitou dentro do nosso site.<\/p>\n<p><strong>Liga\u00e7\u00f5es a sites de terceiros<\/strong><\/p>\n<p>O <em>Dossi\u00ea Viol\u00eancia contra as Mulheres<\/em> possui liga\u00e7\u00f5es para outros sites que podem, a nosso ver, conter informa\u00e7\u00f5es e\/ou ferramentas \u00fateis para os nossos visitantes. Ressaltamos que a nossa pol\u00edtica de privacidade n\u00e3o \u00e9 aplicada a sites de terceiros e que, portando, o usu\u00e1rio que visitar outro site a partir do nosso dever\u00e1 ler a pol\u00edtica de privacidade do mesmo.<\/p>\n<p>N\u00e3o nos responsabilizamos pela pol\u00edtica de privacidade ou conte\u00fado presente nesses mesmos sites.<\/p>\n<p>As condi\u00e7\u00f5es acima relacionadas se encontram amparadas atrav\u00e9s de normatiza\u00e7\u00f5es brasileiras.<\/p>\n<p>A partir do momento em que o usu\u00e1rio acessa o nosso site estar\u00e1 automaticamente aderindo e concordando expressamente com as condi\u00e7\u00f5es aqui dispostas.<\/p>\n<p>A equipe do Instituto Patr\u00edcia Galv\u00e3o reserva-se o direito de alterar este acordo sem aviso pr\u00e9vio. Deste modo, recomendamos que consulte a nossa pol\u00edtica de privacidade com regularidade a fim de se manter atualizado.<\/p>\n","protected":false},"excerpt":{"rendered":"<p>O Dossi\u00ea Viol\u00eancia contra as Mulheres\u00a0\u00e9 uma iniciativa do Instituto Patr\u00edcia Galv\u00e3o, criado em 2015 para apoiar a produ\u00e7\u00e3o de not\u00edcias e conte\u00fados sobre os direitos das mulheres\u00a0no Brasil. O site do Dossi\u00ea Viol\u00eancia contra as Mulheres tem car\u00e1ter gratuito e acesso livre. Todas as informa\u00e7\u00f5es pessoais de usu\u00e1rios recolhidas ser\u00e3o usadas somente para tornar [&hellip;]<\/p>\n","protected":false},"author":1,"featured_media":0,"parent":0,"menu_order":0,"comment_status":"open","ping_status":"open","template":"","meta":{"footnotes":""},"class_list":["post-263","page","type-page","status-publish","hentry"],"yoast_head":"<!-- This site is optimized with the Yoast SEO plugin v27.4 - https:\/\/yoast.com\/product\/yoast-seo-wordpress\/ -->\n<title>Pol\u00edtica de Privacidade - Dossi\u00ea Viol\u00eancia contra as Mulheres<\/title>\n<meta name=\"robots\" content=\"index, follow, max-snippet:-1, max-image-preview:large, max-video-preview:-1\" \/>\n<link rel=\"canonical\" href=\"https:\/\/dossies.agenciapatriciagalvao.org.br\/violencia\/politica-de-privacidade\/\" \/>\n<meta property=\"og:locale\" content=\"pt_BR\" \/>\n<meta property=\"og:type\" content=\"article\" \/>\n<meta property=\"og:title\" content=\"Pol\u00edtica de Privacidade - Dossi\u00ea Viol\u00eancia contra as Mulheres\" \/>\n<meta property=\"og:description\" content=\"O Dossi\u00ea Viol\u00eancia contra as Mulheres\u00a0\u00e9 uma iniciativa do Instituto Patr\u00edcia Galv\u00e3o, criado em 2015 para apoiar a produ\u00e7\u00e3o de not\u00edcias e conte\u00fados sobre os direitos das mulheres\u00a0no Brasil. O site do Dossi\u00ea Viol\u00eancia contra as Mulheres tem car\u00e1ter gratuito e acesso livre. Todas as informa\u00e7\u00f5es pessoais de usu\u00e1rios recolhidas ser\u00e3o usadas somente para tornar [&hellip;]\" \/>\n<meta property=\"og:url\" content=\"https:\/\/dossies.agenciapatriciagalvao.org.br\/violencia\/politica-de-privacidade\/\" \/>\n<meta property=\"og:site_name\" content=\"Dossi\u00ea Viol\u00eancia contra as Mulheres\" \/>\n<meta property=\"article:modified_time\" content=\"2018-02-16T19:31:19+00:00\" \/>\n<meta name=\"twitter:card\" content=\"summary_large_image\" \/>\n<meta name=\"twitter:label1\" content=\"Est. tempo de leitura\" \/>\n\t<meta name=\"twitter:data1\" content=\"2 minutos\" \/>\n<script type=\"application\/ld+json\" class=\"yoast-schema-graph\">{\"@context\":\"https:\\\/\\\/schema.org\",\"@graph\":[{\"@type\":\"WebPage\",\"@id\":\"https:\\\/\\\/dossies.agenciapatriciagalvao.org.br\\\/violencia\\\/politica-de-privacidade\\\/\",\"url\":\"https:\\\/\\\/dossies.agenciapatriciagalvao.org.br\\\/violencia\\\/politica-de-privacidade\\\/\",\"name\":\"Pol\u00edtica de Privacidade - Dossi\u00ea Viol\u00eancia contra as Mulheres\",\"isPartOf\":{\"@id\":\"https:\\\/\\\/dossies.agenciapatriciagalvao.org.br\\\/violencia\\\/#website\"},\"datePublished\":\"2015-07-18T00:29:47+00:00\",\"dateModified\":\"2018-02-16T19:31:19+00:00\",\"breadcrumb\":{\"@id\":\"https:\\\/\\\/dossies.agenciapatriciagalvao.org.br\\\/violencia\\\/politica-de-privacidade\\\/#breadcrumb\"},\"inLanguage\":\"pt-BR\",\"potentialAction\":[{\"@type\":\"ReadAction\",\"target\":[\"https:\\\/\\\/dossies.agenciapatriciagalvao.org.br\\\/violencia\\\/politica-de-privacidade\\\/\"]}]},{\"@type\":\"BreadcrumbList\",\"@id\":\"https:\\\/\\\/dossies.agenciapatriciagalvao.org.br\\\/violencia\\\/politica-de-privacidade\\\/#breadcrumb\",\"itemListElement\":[{\"@type\":\"ListItem\",\"position\":1,\"name\":\"In\u00edcio\",\"item\":\"https:\\\/\\\/dossies.agenciapatriciagalvao.org.br\\\/violencia\\\/\"},{\"@type\":\"ListItem\",\"position\":2,\"name\":\"Pol\u00edtica de Privacidade\"}]},{\"@type\":\"WebSite\",\"@id\":\"https:\\\/\\\/dossies.agenciapatriciagalvao.org.br\\\/violencia\\\/#website\",\"url\":\"https:\\\/\\\/dossies.agenciapatriciagalvao.org.br\\\/violencia\\\/\",\"name\":\"Dossi\u00ea Viol\u00eancia contra as Mulheres\",\"description\":\"&lt;strong&gt;Dossi\u00ea Viol\u00eancia contra as Mulheres&lt;\\\/strong&gt; foi desenvolvido para contribuir com a divulga\u00e7\u00e3o de informa\u00e7\u00f5es e o debate sobre a viol\u00eancia contra as mulheres. Para isso, conta com um banco de fontes de especialistas e tamb\u00e9m com um banco de pesquisas que re\u00fane dados e estudos atuais sobre a viol\u00eancia de g\u00eanero no Brasil. O dossi\u00ea tamb\u00e9m disp\u00f5e de uma se\u00e7\u00e3o de conte\u00fados especiais, que compilam informa\u00e7\u00f5es, dados e an\u00e1lises.\",\"potentialAction\":[{\"@type\":\"SearchAction\",\"target\":{\"@type\":\"EntryPoint\",\"urlTemplate\":\"https:\\\/\\\/dossies.agenciapatriciagalvao.org.br\\\/violencia\\\/?s={search_term_string}\"},\"query-input\":{\"@type\":\"PropertyValueSpecification\",\"valueRequired\":true,\"valueName\":\"search_term_string\"}}],\"inLanguage\":\"pt-BR\"}]}<\/script>\n<!-- \/ Yoast SEO plugin. -->","yoast_head_json":{"title":"Pol\u00edtica de Privacidade - Dossi\u00ea Viol\u00eancia contra as Mulheres","robots":{"index":"index","follow":"follow","max-snippet":"max-snippet:-1","max-image-preview":"max-image-preview:large","max-video-preview":"max-video-preview:-1"},"canonical":"https:\/\/dossies.agenciapatriciagalvao.org.br\/violencia\/politica-de-privacidade\/","og_locale":"pt_BR","og_type":"article","og_title":"Pol\u00edtica de Privacidade - Dossi\u00ea Viol\u00eancia contra as Mulheres","og_description":"O Dossi\u00ea Viol\u00eancia contra as Mulheres\u00a0\u00e9 uma iniciativa do Instituto Patr\u00edcia Galv\u00e3o, criado em 2015 para apoiar a produ\u00e7\u00e3o de not\u00edcias e conte\u00fados sobre os direitos das mulheres\u00a0no Brasil. O site do Dossi\u00ea Viol\u00eancia contra as Mulheres tem car\u00e1ter gratuito e acesso livre. Todas as informa\u00e7\u00f5es pessoais de usu\u00e1rios recolhidas ser\u00e3o usadas somente para tornar [&hellip;]","og_url":"https:\/\/dossies.agenciapatriciagalvao.org.br\/violencia\/politica-de-privacidade\/","og_site_name":"Dossi\u00ea Viol\u00eancia contra as Mulheres","article_modified_time":"2018-02-16T19:31:19+00:00","twitter_card":"summary_large_image","twitter_misc":{"Est. tempo de leitura":"2 minutos"},"schema":{"@context":"https:\/\/schema.org","@graph":[{"@type":"WebPage","@id":"https:\/\/dossies.agenciapatriciagalvao.org.br\/violencia\/politica-de-privacidade\/","url":"https:\/\/dossies.agenciapatriciagalvao.org.br\/violencia\/politica-de-privacidade\/","name":"Pol\u00edtica de Privacidade - Dossi\u00ea Viol\u00eancia contra as Mulheres","isPartOf":{"@id":"https:\/\/dossies.agenciapatriciagalvao.org.br\/violencia\/#website"},"datePublished":"2015-07-18T00:29:47+00:00","dateModified":"2018-02-16T19:31:19+00:00","breadcrumb":{"@id":"https:\/\/dossies.agenciapatriciagalvao.org.br\/violencia\/politica-de-privacidade\/#breadcrumb"},"inLanguage":"pt-BR","potentialAction":[{"@type":"ReadAction","target":["https:\/\/dossies.agenciapatriciagalvao.org.br\/violencia\/politica-de-privacidade\/"]}]},{"@type":"BreadcrumbList","@id":"https:\/\/dossies.agenciapatriciagalvao.org.br\/violencia\/politica-de-privacidade\/#breadcrumb","itemListElement":[{"@type":"ListItem","position":1,"name":"In\u00edcio","item":"https:\/\/dossies.agenciapatriciagalvao.org.br\/violencia\/"},{"@type":"ListItem","position":2,"name":"Pol\u00edtica de Privacidade"}]},{"@type":"WebSite","@id":"https:\/\/dossies.agenciapatriciagalvao.org.br\/violencia\/#website","url":"https:\/\/dossies.agenciapatriciagalvao.org.br\/violencia\/","name":"Dossi\u00ea Viol\u00eancia contra as Mulheres","description":"&lt;strong&gt;Dossi\u00ea Viol\u00eancia contra as Mulheres&lt;\/strong&gt; foi desenvolvido para contribuir com a divulga\u00e7\u00e3o de informa\u00e7\u00f5es e o debate sobre a viol\u00eancia contra as mulheres. Para isso, conta com um banco de fontes de especialistas e tamb\u00e9m com um banco de pesquisas que re\u00fane dados e estudos atuais sobre a viol\u00eancia de g\u00eanero no Brasil. O dossi\u00ea tamb\u00e9m disp\u00f5e de uma se\u00e7\u00e3o de conte\u00fados especiais, que compilam informa\u00e7\u00f5es, dados e an\u00e1lises.","potentialAction":[{"@type":"SearchAction","target":{"@type":"EntryPoint","urlTemplate":"https:\/\/dossies.agenciapatriciagalvao.org.br\/violencia\/?s={search_term_string}"},"query-input":{"@type":"PropertyValueSpecification","valueRequired":true,"valueName":"search_term_string"}}],"inLanguage":"pt-BR"}]}},"_links":{"self":[{"href":"https:\/\/dossies.agenciapatriciagalvao.org.br\/violencia\/wp-json\/wp\/v2\/pages\/263","targetHints":{"allow":["GET"]}}],"collection":[{"href":"https:\/\/dossies.agenciapatriciagalvao.org.br\/violencia\/wp-json\/wp\/v2\/pages"}],"about":[{"href":"https:\/\/dossies.agenciapatriciagalvao.org.br\/violencia\/wp-json\/wp\/v2\/types\/page"}],"author":[{"embeddable":true,"href":"https:\/\/dossies.agenciapatriciagalvao.org.br\/violencia\/wp-json\/wp\/v2\/users\/1"}],"replies":[{"embeddable":true,"href":"https:\/\/dossies.agenciapatriciagalvao.org.br\/violencia\/wp-json\/wp\/v2\/comments?post=263"}],"version-history":[{"count":6,"href":"https:\/\/dossies.agenciapatriciagalvao.org.br\/violencia\/wp-json\/wp\/v2\/pages\/263\/revisions"}],"predecessor-version":[{"id":592,"href":"https:\/\/dossies.agenciapatriciagalvao.org.br\/violencia\/wp-json\/wp\/v2\/pages\/263\/revisions\/592"}],"wp:attachment":[{"href":"https:\/\/dossies.agenciapatriciagalvao.org.br\/violencia\/wp-json\/wp\/v2\/media?parent=263"}],"curies":[{"name":"wp","href":"https:\/\/api.w.org\/{rel}","templated":true}]}}