{"id":261,"date":"2015-07-18T00:29:35","date_gmt":"2015-07-18T00:29:35","guid":{"rendered":"http:\/\/www.agenciapatriciagalvao.org.br\/dossie\/?page_id=261"},"modified":"2018-02-16T19:20:50","modified_gmt":"2018-02-16T19:20:50","slug":"creditos","status":"publish","type":"page","link":"https:\/\/dossies.agenciapatriciagalvao.org.br\/violencia\/creditos\/","title":{"rendered":"Cr\u00e9ditos"},"content":{"rendered":"<h3><strong>Realiza\u00e7\u00e3o<\/strong><\/h3>\n<p>O\u00a0<em>Dossi\u00ea Viol\u00eancia contra as Mulheres<\/em> \u00e9 parte do projeto\u00a0<em>Por uma cobertura jornal\u00edstica contextualizada, cr\u00edtica e aprofundada sobre viol\u00eancia contra as mulheres,\u00a0<\/em>desenvolvido pelo<em>\u00a0<\/em>Instituto Patr\u00edcia Galv\u00e3o <a href=\"http:\/\/agenciapatriciagalvao.org.br\/mulher-e-midia\/instituto-patricia-galvao-prepara-acao-de-dialogo-com-midia-sobre-violencia-contra-mulheres\/\" target=\"_blank\">(saiba mais)<\/a><em>.\u00a0<\/em><\/p>\n<p><strong>Coordena\u00e7\u00e3o Editorial<\/strong><br \/>\nMarisa Sanematsu<br \/>\nD\u00e9bora Prado<\/p>\n<p><strong>Coordena\u00e7\u00e3o de Comunica\u00e7\u00e3o Digital e Conte\u00fados<\/strong><br \/>\nD\u00e9bora Prado<\/p>\n<p><strong>Equipe de jornalistas<\/strong><br \/>\nG\u00e9ssica Brandino<br \/>\nLuciana Ara\u00fajo<br \/>\nTainah Fernandes<\/p>\n<p><strong>Projeto gr\u00e1fico\u00a0e desenvolvimento web:<\/strong><br \/>\n<a href=\"http:\/\/www.42i.com.br\/\" target=\"_blank\">42i &#8211; produtora digital<\/a><\/p>\n<p><strong>Ilustra\u00e7\u00e3o:<\/strong><br \/>\nGeorge Schall<\/p>\n<h3><strong>Instituto Patr\u00edcia Galv\u00e3o<\/strong><\/h3>\n<p><strong>Diretora Executiva<\/strong><br \/>\nJacira Vieira de Melo<\/p>\n<p><strong>Vice Diretora Executiva<\/strong><br \/>\nMarilia Kayano<\/p>\n<p><strong>Coordenadora Administrativa e Financeira<\/strong><br \/>\nVania Casanova<\/p>\n<p><strong>Assistente Administrativa<\/strong><br \/>\nFernanda Aguiar<\/p>\n<p><strong>Assistente Financeira<\/strong><br \/>\nT\u00e2nia de Oliveira Pesso<\/p>\n<h3><strong>Apoio<\/strong><\/h3>\n<p>O\u00a0projeto <em>Por uma cobertura jornal\u00edstica contextualizada, cr\u00edtica e aprofundada sobre viol\u00eancia contra as mulheres<\/em> recebeu apoio do\u00a0concurso promovido pelo\u00a0<a href=\"http:\/\/www.fundosocialelas.org\/\" target=\"_blank\">Fundo Elas<\/a>\u00a0em parceria com o\u00a0<a href=\"https:\/\/www.facebook.com\/institutoavon\" target=\"_blank\">Instituto Avon<\/a>, com recursos do\u00a0<a href=\"http:\/\/www.fundosocialelas.org\/falesemmedo\/downloads\/Edital%20Fundo%20Fale%20sem%20Medo.docx\" target=\"_blank\">Fundo Fale sem Medo<\/a>.\u00a0A proposta foi uma das 31 selecionadas para receber investimento do fundo, que destinou\u00a0ao todo R$ 3,1 milh\u00f5es de reais para projetos diversos.<\/p>\n","protected":false},"excerpt":{"rendered":"<p>Realiza\u00e7\u00e3o O\u00a0Dossi\u00ea Viol\u00eancia contra as Mulheres \u00e9 parte do projeto\u00a0Por uma cobertura jornal\u00edstica contextualizada, cr\u00edtica e aprofundada sobre viol\u00eancia contra as mulheres,\u00a0desenvolvido pelo\u00a0Instituto Patr\u00edcia Galv\u00e3o (saiba mais).\u00a0 Coordena\u00e7\u00e3o Editorial Marisa Sanematsu D\u00e9bora Prado Coordena\u00e7\u00e3o de Comunica\u00e7\u00e3o Digital e Conte\u00fados D\u00e9bora Prado Equipe de jornalistas G\u00e9ssica Brandino Luciana Ara\u00fajo Tainah Fernandes Projeto gr\u00e1fico\u00a0e desenvolvimento web: 42i [&hellip;]<\/p>\n","protected":false},"author":1,"featured_media":0,"parent":0,"menu_order":0,"comment_status":"open","ping_status":"open","template":"","meta":{"footnotes":""},"class_list":["post-261","page","type-page","status-publish","hentry"],"yoast_head":"<!-- This site is optimized with the Yoast SEO plugin v26.3 - https:\/\/yoast.com\/wordpress\/plugins\/seo\/ -->\n<title>Cr\u00e9ditos - Dossi\u00ea Viol\u00eancia contra as Mulheres<\/title>\n<meta name=\"robots\" content=\"index, follow, max-snippet:-1, max-image-preview:large, max-video-preview:-1\" \/>\n<link rel=\"canonical\" href=\"https:\/\/dossies.agenciapatriciagalvao.org.br\/violencia\/creditos\/\" \/>\n<meta property=\"og:locale\" content=\"pt_BR\" \/>\n<meta property=\"og:type\" content=\"article\" \/>\n<meta property=\"og:title\" content=\"Cr\u00e9ditos - Dossi\u00ea Viol\u00eancia contra as Mulheres\" \/>\n<meta property=\"og:description\" content=\"Realiza\u00e7\u00e3o O\u00a0Dossi\u00ea Viol\u00eancia contra as Mulheres \u00e9 parte do projeto\u00a0Por uma cobertura jornal\u00edstica contextualizada, cr\u00edtica e aprofundada sobre viol\u00eancia contra as mulheres,\u00a0desenvolvido pelo\u00a0Instituto Patr\u00edcia Galv\u00e3o (saiba mais).\u00a0 Coordena\u00e7\u00e3o Editorial Marisa Sanematsu D\u00e9bora Prado Coordena\u00e7\u00e3o de Comunica\u00e7\u00e3o Digital e Conte\u00fados D\u00e9bora Prado Equipe de jornalistas G\u00e9ssica Brandino Luciana Ara\u00fajo Tainah Fernandes Projeto gr\u00e1fico\u00a0e desenvolvimento web: 42i [&hellip;]\" \/>\n<meta property=\"og:url\" content=\"https:\/\/dossies.agenciapatriciagalvao.org.br\/violencia\/creditos\/\" \/>\n<meta property=\"og:site_name\" content=\"Dossi\u00ea Viol\u00eancia contra as Mulheres\" \/>\n<meta property=\"article:modified_time\" content=\"2018-02-16T19:20:50+00:00\" \/>\n<meta name=\"twitter:card\" content=\"summary_large_image\" \/>\n<meta name=\"twitter:label1\" content=\"Est. tempo de leitura\" \/>\n\t<meta name=\"twitter:data1\" content=\"1 minuto\" \/>\n<script type=\"application\/ld+json\" class=\"yoast-schema-graph\">{\"@context\":\"https:\/\/schema.org\",\"@graph\":[{\"@type\":\"WebPage\",\"@id\":\"https:\/\/dossies.agenciapatriciagalvao.org.br\/violencia\/creditos\/\",\"url\":\"https:\/\/dossies.agenciapatriciagalvao.org.br\/violencia\/creditos\/\",\"name\":\"Cr\u00e9ditos - Dossi\u00ea Viol\u00eancia contra as Mulheres\",\"isPartOf\":{\"@id\":\"https:\/\/dossies.agenciapatriciagalvao.org.br\/violencia\/#website\"},\"datePublished\":\"2015-07-18T00:29:35+00:00\",\"dateModified\":\"2018-02-16T19:20:50+00:00\",\"breadcrumb\":{\"@id\":\"https:\/\/dossies.agenciapatriciagalvao.org.br\/violencia\/creditos\/#breadcrumb\"},\"inLanguage\":\"pt-BR\",\"potentialAction\":[{\"@type\":\"ReadAction\",\"target\":[\"https:\/\/dossies.agenciapatriciagalvao.org.br\/violencia\/creditos\/\"]}]},{\"@type\":\"BreadcrumbList\",\"@id\":\"https:\/\/dossies.agenciapatriciagalvao.org.br\/violencia\/creditos\/#breadcrumb\",\"itemListElement\":[{\"@type\":\"ListItem\",\"position\":1,\"name\":\"In\u00edcio\",\"item\":\"https:\/\/dossies.agenciapatriciagalvao.org.br\/violencia\/\"},{\"@type\":\"ListItem\",\"position\":2,\"name\":\"Cr\u00e9ditos\"}]},{\"@type\":\"WebSite\",\"@id\":\"https:\/\/dossies.agenciapatriciagalvao.org.br\/violencia\/#website\",\"url\":\"https:\/\/dossies.agenciapatriciagalvao.org.br\/violencia\/\",\"name\":\"Dossi\u00ea Viol\u00eancia contra as Mulheres\",\"description\":\"&lt;strong&gt;Dossi\u00ea Viol\u00eancia contra as Mulheres&lt;\/strong&gt; foi desenvolvido para contribuir com a divulga\u00e7\u00e3o de informa\u00e7\u00f5es e o debate sobre a viol\u00eancia contra as mulheres. Para isso, conta com um banco de fontes de especialistas e tamb\u00e9m com um banco de pesquisas que re\u00fane dados e estudos atuais sobre a viol\u00eancia de g\u00eanero no Brasil. O dossi\u00ea tamb\u00e9m disp\u00f5e de uma se\u00e7\u00e3o de conte\u00fados especiais, que compilam informa\u00e7\u00f5es, dados e an\u00e1lises.\",\"potentialAction\":[{\"@type\":\"SearchAction\",\"target\":{\"@type\":\"EntryPoint\",\"urlTemplate\":\"https:\/\/dossies.agenciapatriciagalvao.org.br\/violencia\/?s={search_term_string}\"},\"query-input\":{\"@type\":\"PropertyValueSpecification\",\"valueRequired\":true,\"valueName\":\"search_term_string\"}}],\"inLanguage\":\"pt-BR\"}]}<\/script>\n<!-- \/ Yoast SEO plugin. -->","yoast_head_json":{"title":"Cr\u00e9ditos - Dossi\u00ea Viol\u00eancia contra as Mulheres","robots":{"index":"index","follow":"follow","max-snippet":"max-snippet:-1","max-image-preview":"max-image-preview:large","max-video-preview":"max-video-preview:-1"},"canonical":"https:\/\/dossies.agenciapatriciagalvao.org.br\/violencia\/creditos\/","og_locale":"pt_BR","og_type":"article","og_title":"Cr\u00e9ditos - Dossi\u00ea Viol\u00eancia contra as Mulheres","og_description":"Realiza\u00e7\u00e3o O\u00a0Dossi\u00ea Viol\u00eancia contra as Mulheres \u00e9 parte do projeto\u00a0Por uma cobertura jornal\u00edstica contextualizada, cr\u00edtica e aprofundada sobre viol\u00eancia contra as mulheres,\u00a0desenvolvido pelo\u00a0Instituto Patr\u00edcia Galv\u00e3o (saiba mais).\u00a0 Coordena\u00e7\u00e3o Editorial Marisa Sanematsu D\u00e9bora Prado Coordena\u00e7\u00e3o de Comunica\u00e7\u00e3o Digital e Conte\u00fados D\u00e9bora Prado Equipe de jornalistas G\u00e9ssica Brandino Luciana Ara\u00fajo Tainah Fernandes Projeto gr\u00e1fico\u00a0e desenvolvimento web: 42i [&hellip;]","og_url":"https:\/\/dossies.agenciapatriciagalvao.org.br\/violencia\/creditos\/","og_site_name":"Dossi\u00ea Viol\u00eancia contra as Mulheres","article_modified_time":"2018-02-16T19:20:50+00:00","twitter_card":"summary_large_image","twitter_misc":{"Est. tempo de leitura":"1 minuto"},"schema":{"@context":"https:\/\/schema.org","@graph":[{"@type":"WebPage","@id":"https:\/\/dossies.agenciapatriciagalvao.org.br\/violencia\/creditos\/","url":"https:\/\/dossies.agenciapatriciagalvao.org.br\/violencia\/creditos\/","name":"Cr\u00e9ditos - Dossi\u00ea Viol\u00eancia contra as Mulheres","isPartOf":{"@id":"https:\/\/dossies.agenciapatriciagalvao.org.br\/violencia\/#website"},"datePublished":"2015-07-18T00:29:35+00:00","dateModified":"2018-02-16T19:20:50+00:00","breadcrumb":{"@id":"https:\/\/dossies.agenciapatriciagalvao.org.br\/violencia\/creditos\/#breadcrumb"},"inLanguage":"pt-BR","potentialAction":[{"@type":"ReadAction","target":["https:\/\/dossies.agenciapatriciagalvao.org.br\/violencia\/creditos\/"]}]},{"@type":"BreadcrumbList","@id":"https:\/\/dossies.agenciapatriciagalvao.org.br\/violencia\/creditos\/#breadcrumb","itemListElement":[{"@type":"ListItem","position":1,"name":"In\u00edcio","item":"https:\/\/dossies.agenciapatriciagalvao.org.br\/violencia\/"},{"@type":"ListItem","position":2,"name":"Cr\u00e9ditos"}]},{"@type":"WebSite","@id":"https:\/\/dossies.agenciapatriciagalvao.org.br\/violencia\/#website","url":"https:\/\/dossies.agenciapatriciagalvao.org.br\/violencia\/","name":"Dossi\u00ea Viol\u00eancia contra as Mulheres","description":"&lt;strong&gt;Dossi\u00ea Viol\u00eancia contra as Mulheres&lt;\/strong&gt; foi desenvolvido para contribuir com a divulga\u00e7\u00e3o de informa\u00e7\u00f5es e o debate sobre a viol\u00eancia contra as mulheres. Para isso, conta com um banco de fontes de especialistas e tamb\u00e9m com um banco de pesquisas que re\u00fane dados e estudos atuais sobre a viol\u00eancia de g\u00eanero no Brasil. O dossi\u00ea tamb\u00e9m disp\u00f5e de uma se\u00e7\u00e3o de conte\u00fados especiais, que compilam informa\u00e7\u00f5es, dados e an\u00e1lises.","potentialAction":[{"@type":"SearchAction","target":{"@type":"EntryPoint","urlTemplate":"https:\/\/dossies.agenciapatriciagalvao.org.br\/violencia\/?s={search_term_string}"},"query-input":{"@type":"PropertyValueSpecification","valueRequired":true,"valueName":"search_term_string"}}],"inLanguage":"pt-BR"}]}},"_links":{"self":[{"href":"https:\/\/dossies.agenciapatriciagalvao.org.br\/violencia\/wp-json\/wp\/v2\/pages\/261","targetHints":{"allow":["GET"]}}],"collection":[{"href":"https:\/\/dossies.agenciapatriciagalvao.org.br\/violencia\/wp-json\/wp\/v2\/pages"}],"about":[{"href":"https:\/\/dossies.agenciapatriciagalvao.org.br\/violencia\/wp-json\/wp\/v2\/types\/page"}],"author":[{"embeddable":true,"href":"https:\/\/dossies.agenciapatriciagalvao.org.br\/violencia\/wp-json\/wp\/v2\/users\/1"}],"replies":[{"embeddable":true,"href":"https:\/\/dossies.agenciapatriciagalvao.org.br\/violencia\/wp-json\/wp\/v2\/comments?post=261"}],"version-history":[{"count":12,"href":"https:\/\/dossies.agenciapatriciagalvao.org.br\/violencia\/wp-json\/wp\/v2\/pages\/261\/revisions"}],"predecessor-version":[{"id":650,"href":"https:\/\/dossies.agenciapatriciagalvao.org.br\/violencia\/wp-json\/wp\/v2\/pages\/261\/revisions\/650"}],"wp:attachment":[{"href":"https:\/\/dossies.agenciapatriciagalvao.org.br\/violencia\/wp-json\/wp\/v2\/media?parent=261"}],"curies":[{"name":"wp","href":"https:\/\/api.w.org\/{rel}","templated":true}]}}