{"id":259,"date":"2015-07-18T00:29:27","date_gmt":"2015-07-18T00:29:27","guid":{"rendered":"http:\/\/www.agenciapatriciagalvao.org.br\/dossie\/?page_id=259"},"modified":"2018-02-16T19:18:05","modified_gmt":"2018-02-16T19:18:05","slug":"contato","status":"publish","type":"page","link":"https:\/\/dossies.agenciapatriciagalvao.org.br\/violencia\/contato\/","title":{"rendered":"Contato"},"content":{"rendered":"\n<div class=\"wpcf7 no-js\" id=\"wpcf7-f640-o1\" lang=\"pt-BR\" dir=\"ltr\" data-wpcf7-id=\"640\">\n<div class=\"screen-reader-response\"><p role=\"status\" aria-live=\"polite\" aria-atomic=\"true\"><\/p> <ul><\/ul><\/div>\n<form action=\"\/violencia\/wp-json\/wp\/v2\/pages\/259#wpcf7-f640-o1\" method=\"post\" class=\"wpcf7-form init\" aria-label=\"Formul\u00e1rios de contato\" novalidate=\"novalidate\" data-status=\"init\">\n<fieldset class=\"hidden-fields-container\"><input type=\"hidden\" name=\"_wpcf7\" value=\"640\" \/><input type=\"hidden\" name=\"_wpcf7_version\" value=\"6.1.3\" \/><input type=\"hidden\" name=\"_wpcf7_locale\" value=\"pt_BR\" \/><input type=\"hidden\" name=\"_wpcf7_unit_tag\" value=\"wpcf7-f640-o1\" \/><input type=\"hidden\" name=\"_wpcf7_container_post\" value=\"0\" \/><input type=\"hidden\" name=\"_wpcf7_posted_data_hash\" value=\"\" \/>\n<\/fieldset>\n<div class=\"row\">\n\t<div class=\"col-sm-8\">\n\t\t<div class=\"filters\">\n\t\t\t<div class=\"row\">\n\t\t\t\t<div class=\"col-sm-6\">\n\t\t\t\t\t<div class=\"filters__item\">\n\t\t\t\t\t\t<p><label class=\"filters__label\">Nome*:<\/label><span class=\"wpcf7-form-control-wrap\" data-name=\"your-name\"><input size=\"40\" maxlength=\"400\" class=\"wpcf7-form-control wpcf7-text wpcf7-validates-as-required filters__input\" aria-required=\"true\" aria-invalid=\"false\" placeholder=\"Digite o nome completo\" value=\"\" type=\"text\" name=\"your-name\" \/><\/span>\n\t\t\t\t\t\t<\/p>\n\t\t\t\t\t<\/div>\n\t\t\t\t\t<div class=\"filters__item\">\n\t\t\t\t\t\t<p><label class=\"filters__label\">Email*:<\/label><span class=\"wpcf7-form-control-wrap\" data-name=\"your-email\"><input size=\"40\" maxlength=\"400\" class=\"wpcf7-form-control wpcf7-email wpcf7-validates-as-required wpcf7-text wpcf7-validates-as-email filters__input\" aria-required=\"true\" aria-invalid=\"false\" placeholder=\"Digite seu email\" value=\"\" type=\"email\" name=\"your-email\" \/><\/span>\n\t\t\t\t\t\t<\/p>\n\t\t\t\t\t<\/div>\n\t\t\t\t<\/div>\n\t\t\t\t<div class=\"col-sm-6\">\n\t\t\t\t\t<div class=\"filters__item\">\n\t\t\t\t\t\t<p><label class=\"filters__label\">Descri\u00e7\u00e3o*:<\/label><span class=\"wpcf7-form-control-wrap\" data-name=\"your-message\"><textarea cols=\"40\" rows=\"5\" maxlength=\"2000\" class=\"wpcf7-form-control wpcf7-textarea wpcf7-validates-as-required filters__input\" aria-required=\"true\" aria-invalid=\"false\" placeholder=\"Digite aqui sua mensagem!\" name=\"your-message\"><\/textarea><\/span>\n\t\t\t\t\t\t<\/p>\n\t\t\t\t\t<\/div>\n\t\t\t\t<\/div>\n\t\t\t\t<div class=\"col-sm-12\">\n\t\t\t\t\t<div class=\"filters__item\">\n\t\t\t\t\t\t<p><label class=\"filters__label\">Insira os caracteres que aparecem no campo abaixo: <\/label><input type=\"hidden\" name=\"_wpcf7_captcha_challenge_captcha-170\" value=\"496366182\" \/><img loading=\"lazy\" decoding=\"async\" class=\"wpcf7-form-control wpcf7-captchac wpcf7-captcha-captcha-170\" width=\"84\" height=\"28\" alt=\"captcha\" src=\"https:\/\/dossies.agenciapatriciagalvao.org.br\/violencia\/wp-content\/uploads\/sites\/2\/wpcf7_captcha\/496366182.png\" \/><br \/>\n<span class=\"wpcf7-form-control-wrap\" data-name=\"captcha-170\"><input size=\"4\" maxlength=\"4\" class=\"wpcf7-form-control wpcf7-captchar filters__input\" autocomplete=\"off\" aria-invalid=\"false\" placeholder=\"Insira o c\u00f3digo acima\" value=\"\" type=\"text\" name=\"captcha-170\" \/><\/span>\n\t\t\t\t\t\t<\/p>\n\t\t\t\t\t<\/div>\n\t\t\t\t<\/div>\n\t\t\t<\/div>\n\t\t\t<div class=\"aligner aligner--right\">\n\t\t\t\t<p><button class=\"filters__button\" type=\"submit\">Enviar<\/button>\n\t\t\t\t<\/p>\n\t\t\t<\/div>\n\t\t<\/div>\n\t<\/div>\n\t<div class=\"col-sm-4 col-content\">\n\t\t<h4>Instituto Patr\u00edcia Galv\u00e3o\n\t\t<\/h4>\n\t\t<p>Fone: (11) 3266-5434\n\t\t<\/p>\n\t\t<p>Email: contato@patriciagalvao.org.br\n\t\t<\/p>\n\t\t<p>www.agenciapatriciagalvao.org.br\n\t\t<\/p>\n\t<\/div>\n<\/div><div class=\"wpcf7-response-output\" aria-hidden=\"true\"><\/div>\n<\/form>\n<\/div>\n\n","protected":false},"excerpt":{"rendered":"","protected":false},"author":1,"featured_media":0,"parent":0,"menu_order":0,"comment_status":"open","ping_status":"open","template":"","meta":{"footnotes":""},"class_list":["post-259","page","type-page","status-publish","hentry"],"yoast_head":"<!-- This site is optimized with the Yoast SEO plugin v26.3 - https:\/\/yoast.com\/wordpress\/plugins\/seo\/ -->\n<title>Contato - Dossi\u00ea Viol\u00eancia contra as Mulheres<\/title>\n<meta name=\"robots\" content=\"index, follow, max-snippet:-1, max-image-preview:large, max-video-preview:-1\" \/>\n<link rel=\"canonical\" href=\"https:\/\/dossies.agenciapatriciagalvao.org.br\/violencia\/contato\/\" \/>\n<meta property=\"og:locale\" content=\"pt_BR\" \/>\n<meta property=\"og:type\" content=\"article\" \/>\n<meta property=\"og:title\" content=\"Contato - Dossi\u00ea Viol\u00eancia contra as Mulheres\" \/>\n<meta property=\"og:url\" content=\"https:\/\/dossies.agenciapatriciagalvao.org.br\/violencia\/contato\/\" \/>\n<meta property=\"og:site_name\" content=\"Dossi\u00ea Viol\u00eancia contra as Mulheres\" \/>\n<meta property=\"article:modified_time\" content=\"2018-02-16T19:18:05+00:00\" \/>\n<meta name=\"twitter:card\" content=\"summary_large_image\" \/>\n<script type=\"application\/ld+json\" class=\"yoast-schema-graph\">{\"@context\":\"https:\/\/schema.org\",\"@graph\":[{\"@type\":\"WebPage\",\"@id\":\"https:\/\/dossies.agenciapatriciagalvao.org.br\/violencia\/contato\/\",\"url\":\"https:\/\/dossies.agenciapatriciagalvao.org.br\/violencia\/contato\/\",\"name\":\"Contato - Dossi\u00ea Viol\u00eancia contra as Mulheres\",\"isPartOf\":{\"@id\":\"https:\/\/dossies.agenciapatriciagalvao.org.br\/violencia\/#website\"},\"datePublished\":\"2015-07-18T00:29:27+00:00\",\"dateModified\":\"2018-02-16T19:18:05+00:00\",\"breadcrumb\":{\"@id\":\"https:\/\/dossies.agenciapatriciagalvao.org.br\/violencia\/contato\/#breadcrumb\"},\"inLanguage\":\"pt-BR\",\"potentialAction\":[{\"@type\":\"ReadAction\",\"target\":[\"https:\/\/dossies.agenciapatriciagalvao.org.br\/violencia\/contato\/\"]}]},{\"@type\":\"BreadcrumbList\",\"@id\":\"https:\/\/dossies.agenciapatriciagalvao.org.br\/violencia\/contato\/#breadcrumb\",\"itemListElement\":[{\"@type\":\"ListItem\",\"position\":1,\"name\":\"In\u00edcio\",\"item\":\"https:\/\/dossies.agenciapatriciagalvao.org.br\/violencia\/\"},{\"@type\":\"ListItem\",\"position\":2,\"name\":\"Contato\"}]},{\"@type\":\"WebSite\",\"@id\":\"https:\/\/dossies.agenciapatriciagalvao.org.br\/violencia\/#website\",\"url\":\"https:\/\/dossies.agenciapatriciagalvao.org.br\/violencia\/\",\"name\":\"Dossi\u00ea Viol\u00eancia contra as Mulheres\",\"description\":\"&lt;strong&gt;Dossi\u00ea Viol\u00eancia contra as Mulheres&lt;\/strong&gt; foi desenvolvido para contribuir com a divulga\u00e7\u00e3o de informa\u00e7\u00f5es e o debate sobre a viol\u00eancia contra as mulheres. Para isso, conta com um banco de fontes de especialistas e tamb\u00e9m com um banco de pesquisas que re\u00fane dados e estudos atuais sobre a viol\u00eancia de g\u00eanero no Brasil. O dossi\u00ea tamb\u00e9m disp\u00f5e de uma se\u00e7\u00e3o de conte\u00fados especiais, que compilam informa\u00e7\u00f5es, dados e an\u00e1lises.\",\"potentialAction\":[{\"@type\":\"SearchAction\",\"target\":{\"@type\":\"EntryPoint\",\"urlTemplate\":\"https:\/\/dossies.agenciapatriciagalvao.org.br\/violencia\/?s={search_term_string}\"},\"query-input\":{\"@type\":\"PropertyValueSpecification\",\"valueRequired\":true,\"valueName\":\"search_term_string\"}}],\"inLanguage\":\"pt-BR\"}]}<\/script>\n<!-- \/ Yoast SEO plugin. -->","yoast_head_json":{"title":"Contato - Dossi\u00ea Viol\u00eancia contra as Mulheres","robots":{"index":"index","follow":"follow","max-snippet":"max-snippet:-1","max-image-preview":"max-image-preview:large","max-video-preview":"max-video-preview:-1"},"canonical":"https:\/\/dossies.agenciapatriciagalvao.org.br\/violencia\/contato\/","og_locale":"pt_BR","og_type":"article","og_title":"Contato - Dossi\u00ea Viol\u00eancia contra as Mulheres","og_url":"https:\/\/dossies.agenciapatriciagalvao.org.br\/violencia\/contato\/","og_site_name":"Dossi\u00ea Viol\u00eancia contra as Mulheres","article_modified_time":"2018-02-16T19:18:05+00:00","twitter_card":"summary_large_image","schema":{"@context":"https:\/\/schema.org","@graph":[{"@type":"WebPage","@id":"https:\/\/dossies.agenciapatriciagalvao.org.br\/violencia\/contato\/","url":"https:\/\/dossies.agenciapatriciagalvao.org.br\/violencia\/contato\/","name":"Contato - Dossi\u00ea Viol\u00eancia contra as Mulheres","isPartOf":{"@id":"https:\/\/dossies.agenciapatriciagalvao.org.br\/violencia\/#website"},"datePublished":"2015-07-18T00:29:27+00:00","dateModified":"2018-02-16T19:18:05+00:00","breadcrumb":{"@id":"https:\/\/dossies.agenciapatriciagalvao.org.br\/violencia\/contato\/#breadcrumb"},"inLanguage":"pt-BR","potentialAction":[{"@type":"ReadAction","target":["https:\/\/dossies.agenciapatriciagalvao.org.br\/violencia\/contato\/"]}]},{"@type":"BreadcrumbList","@id":"https:\/\/dossies.agenciapatriciagalvao.org.br\/violencia\/contato\/#breadcrumb","itemListElement":[{"@type":"ListItem","position":1,"name":"In\u00edcio","item":"https:\/\/dossies.agenciapatriciagalvao.org.br\/violencia\/"},{"@type":"ListItem","position":2,"name":"Contato"}]},{"@type":"WebSite","@id":"https:\/\/dossies.agenciapatriciagalvao.org.br\/violencia\/#website","url":"https:\/\/dossies.agenciapatriciagalvao.org.br\/violencia\/","name":"Dossi\u00ea Viol\u00eancia contra as Mulheres","description":"&lt;strong&gt;Dossi\u00ea Viol\u00eancia contra as Mulheres&lt;\/strong&gt; foi desenvolvido para contribuir com a divulga\u00e7\u00e3o de informa\u00e7\u00f5es e o debate sobre a viol\u00eancia contra as mulheres. Para isso, conta com um banco de fontes de especialistas e tamb\u00e9m com um banco de pesquisas que re\u00fane dados e estudos atuais sobre a viol\u00eancia de g\u00eanero no Brasil. O dossi\u00ea tamb\u00e9m disp\u00f5e de uma se\u00e7\u00e3o de conte\u00fados especiais, que compilam informa\u00e7\u00f5es, dados e an\u00e1lises.","potentialAction":[{"@type":"SearchAction","target":{"@type":"EntryPoint","urlTemplate":"https:\/\/dossies.agenciapatriciagalvao.org.br\/violencia\/?s={search_term_string}"},"query-input":{"@type":"PropertyValueSpecification","valueRequired":true,"valueName":"search_term_string"}}],"inLanguage":"pt-BR"}]}},"_links":{"self":[{"href":"https:\/\/dossies.agenciapatriciagalvao.org.br\/violencia\/wp-json\/wp\/v2\/pages\/259","targetHints":{"allow":["GET"]}}],"collection":[{"href":"https:\/\/dossies.agenciapatriciagalvao.org.br\/violencia\/wp-json\/wp\/v2\/pages"}],"about":[{"href":"https:\/\/dossies.agenciapatriciagalvao.org.br\/violencia\/wp-json\/wp\/v2\/types\/page"}],"author":[{"embeddable":true,"href":"https:\/\/dossies.agenciapatriciagalvao.org.br\/violencia\/wp-json\/wp\/v2\/users\/1"}],"replies":[{"embeddable":true,"href":"https:\/\/dossies.agenciapatriciagalvao.org.br\/violencia\/wp-json\/wp\/v2\/comments?post=259"}],"version-history":[{"count":14,"href":"https:\/\/dossies.agenciapatriciagalvao.org.br\/violencia\/wp-json\/wp\/v2\/pages\/259\/revisions"}],"predecessor-version":[{"id":674,"href":"https:\/\/dossies.agenciapatriciagalvao.org.br\/violencia\/wp-json\/wp\/v2\/pages\/259\/revisions\/674"}],"wp:attachment":[{"href":"https:\/\/dossies.agenciapatriciagalvao.org.br\/violencia\/wp-json\/wp\/v2\/media?parent=259"}],"curies":[{"name":"wp","href":"https:\/\/api.w.org\/{rel}","templated":true}]}}