{"id":11,"date":"2015-07-08T19:12:24","date_gmt":"2015-07-08T19:12:24","guid":{"rendered":"http:\/\/www.agenciapatriciagalvao.org.br\/dossie\/?page_id=11"},"modified":"2018-02-19T14:40:50","modified_gmt":"2018-02-19T14:40:50","slug":"sobre-as-violencias-contra-a-mulher","status":"publish","type":"page","link":"https:\/\/dossies.agenciapatriciagalvao.org.br\/violencia\/sobre-as-violencias-contra-a-mulher\/","title":{"rendered":"Sobre as viol\u00eancias contra as mulheres"},"content":{"rendered":"<p>No Brasil, a popula\u00e7\u00e3o feminina ultrapassou 103 milh\u00f5es de mulheres em 2014. Uma em cada cinco, considera j\u00e1 ter sofrido alguma vez \u201calgum tipo de viol\u00eancia de parte de algum homem, conhecido ou desconhecido\u201d (<a href=\"http:\/\/www.agenciapatriciagalvao.org.br\/dossies\/violecia\/pesquisas\/pesquisa-mulheres-brasileiras-nos-espacos-publico-e-privado-fundacao-perseu-abramosesc-2010\/\" target=\"_blank\">Funda\u00e7\u00e3o Perseu Abramo, 2010<\/a>).<\/p>\n<p>Entre os diversos tipos de viola\u00e7\u00e3o \u00e0 integridade e \u00e0 dignidade humana das mulheres, neste <em>Dossi\u00ea Viol\u00eancia contra as Mulheres<\/em> est\u00e3o sistematizadas informa\u00e7\u00f5es e dados sobre: viol\u00eancia dom\u00e9stica e familiar, viol\u00eancia sexual, feminic\u00eddio, viol\u00eancia de g\u00eanero na internet, viol\u00eancia contra mulheres l\u00e9sbicas, bi e trans e viol\u00eancia e racismo.<\/p>\n<p>Embora apare\u00e7am organizadas neste Dossi\u00ea de forma segmentada, as diversas formas e tipos de viol\u00eancia de g\u00eanero ocorrem de maneira combinada, como comprovado no <a href=\"http:\/\/www.compromissoeatitude.org.br\/wp-content\/uploads\/2012\/08\/OMS_estudiomultipais_resumendelinforme1.pdf\" target=\"_blank\">Estudo Multipa\u00edses sobre Sa\u00fade da Mulher e Viol\u00eancia Dom\u00e9stica contra a Mulher, realizado pela OMS e divulgado em 2002<\/a>.<\/p>\n<p><em>Confira:<\/em><\/p>\n","protected":false},"excerpt":{"rendered":"<p>No Brasil, a popula\u00e7\u00e3o feminina ultrapassou 103 milh\u00f5es de mulheres em 2014. Uma em cada cinco, considera j\u00e1 ter sofrido alguma vez \u201calgum tipo de viol\u00eancia de parte de algum homem, conhecido ou desconhecido\u201d (Funda\u00e7\u00e3o Perseu Abramo, 2010). Entre os diversos tipos de viola\u00e7\u00e3o \u00e0 integridade e \u00e0 dignidade humana das mulheres, neste Dossi\u00ea Viol\u00eancia [&hellip;]<\/p>\n","protected":false},"author":1,"featured_media":0,"parent":0,"menu_order":0,"comment_status":"open","ping_status":"closed","template":"page-sobre-as-violencias.php","meta":{"footnotes":""},"class_list":["post-11","page","type-page","status-publish","hentry"],"yoast_head":"<!-- This site is optimized with the Yoast SEO plugin v26.3 - https:\/\/yoast.com\/wordpress\/plugins\/seo\/ -->\n<title>Sobre as viol\u00eancias contra as mulheres - Dossi\u00ea Viol\u00eancia contra as Mulheres<\/title>\n<meta name=\"robots\" content=\"index, follow, max-snippet:-1, max-image-preview:large, max-video-preview:-1\" \/>\n<link rel=\"canonical\" href=\"https:\/\/dossies.agenciapatriciagalvao.org.br\/violencia\/sobre-as-violencias-contra-a-mulher\/\" \/>\n<meta property=\"og:locale\" content=\"pt_BR\" \/>\n<meta property=\"og:type\" content=\"article\" \/>\n<meta property=\"og:title\" content=\"Sobre as viol\u00eancias contra as mulheres - Dossi\u00ea Viol\u00eancia contra as Mulheres\" \/>\n<meta property=\"og:description\" content=\"No Brasil, a popula\u00e7\u00e3o feminina ultrapassou 103 milh\u00f5es de mulheres em 2014. Uma em cada cinco, considera j\u00e1 ter sofrido alguma vez \u201calgum tipo de viol\u00eancia de parte de algum homem, conhecido ou desconhecido\u201d (Funda\u00e7\u00e3o Perseu Abramo, 2010). Entre os diversos tipos de viola\u00e7\u00e3o \u00e0 integridade e \u00e0 dignidade humana das mulheres, neste Dossi\u00ea Viol\u00eancia [&hellip;]\" \/>\n<meta property=\"og:url\" content=\"https:\/\/dossies.agenciapatriciagalvao.org.br\/violencia\/sobre-as-violencias-contra-a-mulher\/\" \/>\n<meta property=\"og:site_name\" content=\"Dossi\u00ea Viol\u00eancia contra as Mulheres\" \/>\n<meta property=\"article:modified_time\" content=\"2018-02-19T14:40:50+00:00\" \/>\n<meta name=\"twitter:card\" content=\"summary_large_image\" \/>\n<meta name=\"twitter:label1\" content=\"Est. tempo de leitura\" \/>\n\t<meta name=\"twitter:data1\" content=\"1 minuto\" \/>\n<script type=\"application\/ld+json\" class=\"yoast-schema-graph\">{\"@context\":\"https:\/\/schema.org\",\"@graph\":[{\"@type\":\"WebPage\",\"@id\":\"https:\/\/dossies.agenciapatriciagalvao.org.br\/violencia\/sobre-as-violencias-contra-a-mulher\/\",\"url\":\"https:\/\/dossies.agenciapatriciagalvao.org.br\/violencia\/sobre-as-violencias-contra-a-mulher\/\",\"name\":\"Sobre as viol\u00eancias contra as mulheres - Dossi\u00ea Viol\u00eancia contra as Mulheres\",\"isPartOf\":{\"@id\":\"https:\/\/dossies.agenciapatriciagalvao.org.br\/violencia\/#website\"},\"datePublished\":\"2015-07-08T19:12:24+00:00\",\"dateModified\":\"2018-02-19T14:40:50+00:00\",\"breadcrumb\":{\"@id\":\"https:\/\/dossies.agenciapatriciagalvao.org.br\/violencia\/sobre-as-violencias-contra-a-mulher\/#breadcrumb\"},\"inLanguage\":\"pt-BR\",\"potentialAction\":[{\"@type\":\"ReadAction\",\"target\":[\"https:\/\/dossies.agenciapatriciagalvao.org.br\/violencia\/sobre-as-violencias-contra-a-mulher\/\"]}]},{\"@type\":\"BreadcrumbList\",\"@id\":\"https:\/\/dossies.agenciapatriciagalvao.org.br\/violencia\/sobre-as-violencias-contra-a-mulher\/#breadcrumb\",\"itemListElement\":[{\"@type\":\"ListItem\",\"position\":1,\"name\":\"In\u00edcio\",\"item\":\"https:\/\/dossies.agenciapatriciagalvao.org.br\/violencia\/\"},{\"@type\":\"ListItem\",\"position\":2,\"name\":\"Sobre as viol\u00eancias contra as mulheres\"}]},{\"@type\":\"WebSite\",\"@id\":\"https:\/\/dossies.agenciapatriciagalvao.org.br\/violencia\/#website\",\"url\":\"https:\/\/dossies.agenciapatriciagalvao.org.br\/violencia\/\",\"name\":\"Dossi\u00ea Viol\u00eancia contra as Mulheres\",\"description\":\"&lt;strong&gt;Dossi\u00ea Viol\u00eancia contra as Mulheres&lt;\/strong&gt; foi desenvolvido para contribuir com a divulga\u00e7\u00e3o de informa\u00e7\u00f5es e o debate sobre a viol\u00eancia contra as mulheres. Para isso, conta com um banco de fontes de especialistas e tamb\u00e9m com um banco de pesquisas que re\u00fane dados e estudos atuais sobre a viol\u00eancia de g\u00eanero no Brasil. O dossi\u00ea tamb\u00e9m disp\u00f5e de uma se\u00e7\u00e3o de conte\u00fados especiais, que compilam informa\u00e7\u00f5es, dados e an\u00e1lises.\",\"potentialAction\":[{\"@type\":\"SearchAction\",\"target\":{\"@type\":\"EntryPoint\",\"urlTemplate\":\"https:\/\/dossies.agenciapatriciagalvao.org.br\/violencia\/?s={search_term_string}\"},\"query-input\":{\"@type\":\"PropertyValueSpecification\",\"valueRequired\":true,\"valueName\":\"search_term_string\"}}],\"inLanguage\":\"pt-BR\"}]}<\/script>\n<!-- \/ Yoast SEO plugin. -->","yoast_head_json":{"title":"Sobre as viol\u00eancias contra as mulheres - Dossi\u00ea Viol\u00eancia contra as Mulheres","robots":{"index":"index","follow":"follow","max-snippet":"max-snippet:-1","max-image-preview":"max-image-preview:large","max-video-preview":"max-video-preview:-1"},"canonical":"https:\/\/dossies.agenciapatriciagalvao.org.br\/violencia\/sobre-as-violencias-contra-a-mulher\/","og_locale":"pt_BR","og_type":"article","og_title":"Sobre as viol\u00eancias contra as mulheres - Dossi\u00ea Viol\u00eancia contra as Mulheres","og_description":"No Brasil, a popula\u00e7\u00e3o feminina ultrapassou 103 milh\u00f5es de mulheres em 2014. Uma em cada cinco, considera j\u00e1 ter sofrido alguma vez \u201calgum tipo de viol\u00eancia de parte de algum homem, conhecido ou desconhecido\u201d (Funda\u00e7\u00e3o Perseu Abramo, 2010). Entre os diversos tipos de viola\u00e7\u00e3o \u00e0 integridade e \u00e0 dignidade humana das mulheres, neste Dossi\u00ea Viol\u00eancia [&hellip;]","og_url":"https:\/\/dossies.agenciapatriciagalvao.org.br\/violencia\/sobre-as-violencias-contra-a-mulher\/","og_site_name":"Dossi\u00ea Viol\u00eancia contra as Mulheres","article_modified_time":"2018-02-19T14:40:50+00:00","twitter_card":"summary_large_image","twitter_misc":{"Est. tempo de leitura":"1 minuto"},"schema":{"@context":"https:\/\/schema.org","@graph":[{"@type":"WebPage","@id":"https:\/\/dossies.agenciapatriciagalvao.org.br\/violencia\/sobre-as-violencias-contra-a-mulher\/","url":"https:\/\/dossies.agenciapatriciagalvao.org.br\/violencia\/sobre-as-violencias-contra-a-mulher\/","name":"Sobre as viol\u00eancias contra as mulheres - Dossi\u00ea Viol\u00eancia contra as Mulheres","isPartOf":{"@id":"https:\/\/dossies.agenciapatriciagalvao.org.br\/violencia\/#website"},"datePublished":"2015-07-08T19:12:24+00:00","dateModified":"2018-02-19T14:40:50+00:00","breadcrumb":{"@id":"https:\/\/dossies.agenciapatriciagalvao.org.br\/violencia\/sobre-as-violencias-contra-a-mulher\/#breadcrumb"},"inLanguage":"pt-BR","potentialAction":[{"@type":"ReadAction","target":["https:\/\/dossies.agenciapatriciagalvao.org.br\/violencia\/sobre-as-violencias-contra-a-mulher\/"]}]},{"@type":"BreadcrumbList","@id":"https:\/\/dossies.agenciapatriciagalvao.org.br\/violencia\/sobre-as-violencias-contra-a-mulher\/#breadcrumb","itemListElement":[{"@type":"ListItem","position":1,"name":"In\u00edcio","item":"https:\/\/dossies.agenciapatriciagalvao.org.br\/violencia\/"},{"@type":"ListItem","position":2,"name":"Sobre as viol\u00eancias contra as mulheres"}]},{"@type":"WebSite","@id":"https:\/\/dossies.agenciapatriciagalvao.org.br\/violencia\/#website","url":"https:\/\/dossies.agenciapatriciagalvao.org.br\/violencia\/","name":"Dossi\u00ea Viol\u00eancia contra as Mulheres","description":"&lt;strong&gt;Dossi\u00ea Viol\u00eancia contra as Mulheres&lt;\/strong&gt; foi desenvolvido para contribuir com a divulga\u00e7\u00e3o de informa\u00e7\u00f5es e o debate sobre a viol\u00eancia contra as mulheres. Para isso, conta com um banco de fontes de especialistas e tamb\u00e9m com um banco de pesquisas que re\u00fane dados e estudos atuais sobre a viol\u00eancia de g\u00eanero no Brasil. O dossi\u00ea tamb\u00e9m disp\u00f5e de uma se\u00e7\u00e3o de conte\u00fados especiais, que compilam informa\u00e7\u00f5es, dados e an\u00e1lises.","potentialAction":[{"@type":"SearchAction","target":{"@type":"EntryPoint","urlTemplate":"https:\/\/dossies.agenciapatriciagalvao.org.br\/violencia\/?s={search_term_string}"},"query-input":{"@type":"PropertyValueSpecification","valueRequired":true,"valueName":"search_term_string"}}],"inLanguage":"pt-BR"}]}},"_links":{"self":[{"href":"https:\/\/dossies.agenciapatriciagalvao.org.br\/violencia\/wp-json\/wp\/v2\/pages\/11","targetHints":{"allow":["GET"]}}],"collection":[{"href":"https:\/\/dossies.agenciapatriciagalvao.org.br\/violencia\/wp-json\/wp\/v2\/pages"}],"about":[{"href":"https:\/\/dossies.agenciapatriciagalvao.org.br\/violencia\/wp-json\/wp\/v2\/types\/page"}],"author":[{"embeddable":true,"href":"https:\/\/dossies.agenciapatriciagalvao.org.br\/violencia\/wp-json\/wp\/v2\/users\/1"}],"replies":[{"embeddable":true,"href":"https:\/\/dossies.agenciapatriciagalvao.org.br\/violencia\/wp-json\/wp\/v2\/comments?post=11"}],"version-history":[{"count":15,"href":"https:\/\/dossies.agenciapatriciagalvao.org.br\/violencia\/wp-json\/wp\/v2\/pages\/11\/revisions"}],"predecessor-version":[{"id":988,"href":"https:\/\/dossies.agenciapatriciagalvao.org.br\/violencia\/wp-json\/wp\/v2\/pages\/11\/revisions\/988"}],"wp:attachment":[{"href":"https:\/\/dossies.agenciapatriciagalvao.org.br\/violencia\/wp-json\/wp\/v2\/media?parent=11"}],"curies":[{"name":"wp","href":"https:\/\/api.w.org\/{rel}","templated":true}]}}