
{"id":46,"date":"2019-06-24T17:36:50","date_gmt":"2019-06-24T20:36:50","guid":{"rendered":"http:\/\/dossies.agenciapatriciagalvao.localhost\/violencia-sexual\/?page_id=46"},"modified":"2019-11-20T10:46:29","modified_gmt":"2019-11-20T13:46:29","slug":"tipos-de-violencias","status":"publish","type":"page","link":"https:\/\/dossies.agenciapatriciagalvao.org.br\/violencia-sexual\/tipos-de-violencias\/","title":{"rendered":"Quero saber mais sobre"},"content":{"rendered":"<p>A viol\u00eancia sexual n\u00e3o tem nada a ver com desejo sexual ou amoroso. Trata-se de uma demonstra\u00e7\u00e3o de poder e dom\u00ednio sobre o corpo do outro, sendo mulheres e meninas as principais v\u00edtimas. As m\u00faltiplas desigualdades estruturais tamb\u00e9m colocam mulheres negras, ind\u00edgenas, LBTTQI+ e com defici\u00eancia sob maior risco, tanto de sofrer a viol\u00eancia, quanto de n\u00e3o encontrar o suporte adequado nos servi\u00e7os do Estado.<\/p>\n<p>A viol\u00eancia sexual \u00e9 uma grave viola\u00e7\u00e3o dos direitos humanos e um problema de sa\u00fade p\u00fablica, que pode produzir impactos negativos sobre a sa\u00fade f\u00edsica, mental, sexual e reprodutiva da v\u00edtima. Por isso, acolhimento, escuta, apoio, direitos e servi\u00e7os s\u00e3o fundamentais.\u00a0Buscando construir uma contribui\u00e7\u00e3o nesse sentido, a partir de perguntas chaves, o <strong><em>Dossi\u00ea Viol\u00eancia Sexual<\/em><\/strong> reuniu informa\u00e7\u00f5es e reflex\u00f5es de profissionais de diferentes \u00e1reas que lidam com o problema \u2014 na seguran\u00e7a p\u00fablica, no sistema de justi\u00e7a, na sa\u00fade e no apoio psicossocial, al\u00e9m de especialistas que se dedicam de forma volunt\u00e1ria a dar suporte a mulheres. Saiba mais:<\/p>\n","protected":false},"excerpt":{"rendered":"<p>A viol\u00eancia sexual n\u00e3o tem nada a ver com desejo sexual ou amoroso. Trata-se de uma demonstra\u00e7\u00e3o de poder e dom\u00ednio sobre o corpo do outro, sendo mulheres e meninas as principais v\u00edtimas. As m\u00faltiplas desigualdades estruturais tamb\u00e9m colocam mulheres negras, ind\u00edgenas, LBTTQI+ e com defici\u00eancia sob maior risco, tanto de sofrer a viol\u00eancia, quanto [&hellip;]<\/p>\n","protected":false},"author":1,"featured_media":0,"parent":0,"menu_order":0,"comment_status":"closed","ping_status":"closed","template":"page-tipos-de-violencia.php","meta":{"footnotes":""},"categories":[],"class_list":["post-46","page","type-page","status-publish","hentry"],"yoast_head":"<!-- This site is optimized with the Yoast SEO plugin v27.4 - https:\/\/yoast.com\/product\/yoast-seo-wordpress\/ -->\n<title>Quero saber mais sobre - Viol\u00eancia Sexual<\/title>\n<meta name=\"robots\" content=\"index, follow, max-snippet:-1, max-image-preview:large, max-video-preview:-1\" \/>\n<link rel=\"canonical\" href=\"https:\/\/dossies.agenciapatriciagalvao.org.br\/violencia-sexual\/tipos-de-violencias\/\" \/>\n<meta property=\"og:locale\" content=\"pt_BR\" \/>\n<meta property=\"og:type\" content=\"article\" \/>\n<meta property=\"og:title\" content=\"Quero saber mais sobre - Viol\u00eancia Sexual\" \/>\n<meta property=\"og:description\" content=\"A viol\u00eancia sexual n\u00e3o tem nada a ver com desejo sexual ou amoroso. Trata-se de uma demonstra\u00e7\u00e3o de poder e dom\u00ednio sobre o corpo do outro, sendo mulheres e meninas as principais v\u00edtimas. As m\u00faltiplas desigualdades estruturais tamb\u00e9m colocam mulheres negras, ind\u00edgenas, LBTTQI+ e com defici\u00eancia sob maior risco, tanto de sofrer a viol\u00eancia, quanto [&hellip;]\" \/>\n<meta property=\"og:url\" content=\"https:\/\/dossies.agenciapatriciagalvao.org.br\/violencia-sexual\/tipos-de-violencias\/\" \/>\n<meta property=\"og:site_name\" content=\"Viol\u00eancia Sexual\" \/>\n<meta property=\"article:modified_time\" content=\"2019-11-20T13:46:29+00:00\" \/>\n<meta name=\"twitter:card\" content=\"summary_large_image\" \/>\n<meta name=\"twitter:label1\" content=\"Est. tempo de leitura\" \/>\n\t<meta name=\"twitter:data1\" content=\"1 minuto\" \/>\n<script type=\"application\/ld+json\" class=\"yoast-schema-graph\">{\"@context\":\"https:\\\/\\\/schema.org\",\"@graph\":[{\"@type\":\"WebPage\",\"@id\":\"https:\\\/\\\/dossies.agenciapatriciagalvao.org.br\\\/violencia-sexual\\\/tipos-de-violencias\\\/\",\"url\":\"https:\\\/\\\/dossies.agenciapatriciagalvao.org.br\\\/violencia-sexual\\\/tipos-de-violencias\\\/\",\"name\":\"Quero saber mais sobre - Viol\u00eancia Sexual\",\"isPartOf\":{\"@id\":\"https:\\\/\\\/dossies.agenciapatriciagalvao.org.br\\\/violencia-sexual\\\/#website\"},\"datePublished\":\"2019-06-24T20:36:50+00:00\",\"dateModified\":\"2019-11-20T13:46:29+00:00\",\"inLanguage\":\"pt-BR\",\"potentialAction\":[{\"@type\":\"ReadAction\",\"target\":[\"https:\\\/\\\/dossies.agenciapatriciagalvao.org.br\\\/violencia-sexual\\\/tipos-de-violencias\\\/\"]}]},{\"@type\":\"WebSite\",\"@id\":\"https:\\\/\\\/dossies.agenciapatriciagalvao.org.br\\\/violencia-sexual\\\/#website\",\"url\":\"https:\\\/\\\/dossies.agenciapatriciagalvao.org.br\\\/violencia-sexual\\\/\",\"name\":\"Viol\u00eancia Sexual\",\"description\":\"&lt;strong&gt;Dossi\u00ea Viol\u00eancia Sexual&lt;\\\/strong&gt; traz informa\u00e7\u00f5es e orienta\u00e7\u00f5es sobre as diversas formas de ass\u00e9dio sexual e de viol\u00eancia de g\u00eanero online, al\u00e9m de estupro. A proposta da plataforma \u00e9 ser um suporte tanto para quem foi v\u00edtima como para quem quer apoiar uma mulher que passou por essas viol\u00eancias.As especialistas consultadas refor\u00e7am que \u00e9 necess\u00e1rio dar um basta no julgamento moral, na culpabiliza\u00e7\u00e3o e na revitimiza\u00e7\u00e3o das mulheres. &lt;strong&gt;A culpa nunca \u00e9 da v\u00edtima.&lt;\\\/strong&gt;\",\"potentialAction\":[{\"@type\":\"SearchAction\",\"target\":{\"@type\":\"EntryPoint\",\"urlTemplate\":\"https:\\\/\\\/dossies.agenciapatriciagalvao.org.br\\\/violencia-sexual\\\/?s={search_term_string}\"},\"query-input\":{\"@type\":\"PropertyValueSpecification\",\"valueRequired\":true,\"valueName\":\"search_term_string\"}}],\"inLanguage\":\"pt-BR\"}]}<\/script>\n<!-- \/ Yoast SEO plugin. -->","yoast_head_json":{"title":"Quero saber mais sobre - Viol\u00eancia Sexual","robots":{"index":"index","follow":"follow","max-snippet":"max-snippet:-1","max-image-preview":"max-image-preview:large","max-video-preview":"max-video-preview:-1"},"canonical":"https:\/\/dossies.agenciapatriciagalvao.org.br\/violencia-sexual\/tipos-de-violencias\/","og_locale":"pt_BR","og_type":"article","og_title":"Quero saber mais sobre - Viol\u00eancia Sexual","og_description":"A viol\u00eancia sexual n\u00e3o tem nada a ver com desejo sexual ou amoroso. Trata-se de uma demonstra\u00e7\u00e3o de poder e dom\u00ednio sobre o corpo do outro, sendo mulheres e meninas as principais v\u00edtimas. As m\u00faltiplas desigualdades estruturais tamb\u00e9m colocam mulheres negras, ind\u00edgenas, LBTTQI+ e com defici\u00eancia sob maior risco, tanto de sofrer a viol\u00eancia, quanto [&hellip;]","og_url":"https:\/\/dossies.agenciapatriciagalvao.org.br\/violencia-sexual\/tipos-de-violencias\/","og_site_name":"Viol\u00eancia Sexual","article_modified_time":"2019-11-20T13:46:29+00:00","twitter_card":"summary_large_image","twitter_misc":{"Est. tempo de leitura":"1 minuto"},"schema":{"@context":"https:\/\/schema.org","@graph":[{"@type":"WebPage","@id":"https:\/\/dossies.agenciapatriciagalvao.org.br\/violencia-sexual\/tipos-de-violencias\/","url":"https:\/\/dossies.agenciapatriciagalvao.org.br\/violencia-sexual\/tipos-de-violencias\/","name":"Quero saber mais sobre - Viol\u00eancia Sexual","isPartOf":{"@id":"https:\/\/dossies.agenciapatriciagalvao.org.br\/violencia-sexual\/#website"},"datePublished":"2019-06-24T20:36:50+00:00","dateModified":"2019-11-20T13:46:29+00:00","inLanguage":"pt-BR","potentialAction":[{"@type":"ReadAction","target":["https:\/\/dossies.agenciapatriciagalvao.org.br\/violencia-sexual\/tipos-de-violencias\/"]}]},{"@type":"WebSite","@id":"https:\/\/dossies.agenciapatriciagalvao.org.br\/violencia-sexual\/#website","url":"https:\/\/dossies.agenciapatriciagalvao.org.br\/violencia-sexual\/","name":"Viol\u00eancia Sexual","description":"&lt;strong&gt;Dossi\u00ea Viol\u00eancia Sexual&lt;\/strong&gt; traz informa\u00e7\u00f5es e orienta\u00e7\u00f5es sobre as diversas formas de ass\u00e9dio sexual e de viol\u00eancia de g\u00eanero online, al\u00e9m de estupro. A proposta da plataforma \u00e9 ser um suporte tanto para quem foi v\u00edtima como para quem quer apoiar uma mulher que passou por essas viol\u00eancias.As especialistas consultadas refor\u00e7am que \u00e9 necess\u00e1rio dar um basta no julgamento moral, na culpabiliza\u00e7\u00e3o e na revitimiza\u00e7\u00e3o das mulheres. &lt;strong&gt;A culpa nunca \u00e9 da v\u00edtima.&lt;\/strong&gt;","potentialAction":[{"@type":"SearchAction","target":{"@type":"EntryPoint","urlTemplate":"https:\/\/dossies.agenciapatriciagalvao.org.br\/violencia-sexual\/?s={search_term_string}"},"query-input":{"@type":"PropertyValueSpecification","valueRequired":true,"valueName":"search_term_string"}}],"inLanguage":"pt-BR"}]}},"_links":{"self":[{"href":"https:\/\/dossies.agenciapatriciagalvao.org.br\/violencia-sexual\/wp-json\/wp\/v2\/pages\/46","targetHints":{"allow":["GET"]}}],"collection":[{"href":"https:\/\/dossies.agenciapatriciagalvao.org.br\/violencia-sexual\/wp-json\/wp\/v2\/pages"}],"about":[{"href":"https:\/\/dossies.agenciapatriciagalvao.org.br\/violencia-sexual\/wp-json\/wp\/v2\/types\/page"}],"author":[{"embeddable":true,"href":"https:\/\/dossies.agenciapatriciagalvao.org.br\/violencia-sexual\/wp-json\/wp\/v2\/users\/1"}],"replies":[{"embeddable":true,"href":"https:\/\/dossies.agenciapatriciagalvao.org.br\/violencia-sexual\/wp-json\/wp\/v2\/comments?post=46"}],"version-history":[{"count":4,"href":"https:\/\/dossies.agenciapatriciagalvao.org.br\/violencia-sexual\/wp-json\/wp\/v2\/pages\/46\/revisions"}],"predecessor-version":[{"id":768,"href":"https:\/\/dossies.agenciapatriciagalvao.org.br\/violencia-sexual\/wp-json\/wp\/v2\/pages\/46\/revisions\/768"}],"wp:attachment":[{"href":"https:\/\/dossies.agenciapatriciagalvao.org.br\/violencia-sexual\/wp-json\/wp\/v2\/media?parent=46"}],"wp:term":[{"taxonomy":"category","embeddable":true,"href":"https:\/\/dossies.agenciapatriciagalvao.org.br\/violencia-sexual\/wp-json\/wp\/v2\/categories?post=46"}],"curies":[{"name":"wp","href":"https:\/\/api.w.org\/{rel}","templated":true}]}}