
{"id":375,"date":"2019-07-24T11:27:44","date_gmt":"2019-07-24T14:27:44","guid":{"rendered":"http:\/\/dossies.agenciapatriciagalvao.org.br\/violencia-sexual\/?page_id=375"},"modified":"2019-11-25T16:31:57","modified_gmt":"2019-11-25T19:31:57","slug":"videoteca","status":"publish","type":"page","link":"https:\/\/dossies.agenciapatriciagalvao.org.br\/violencia-sexual\/videoteca\/","title":{"rendered":"Videoteca"},"content":{"rendered":"<p class=\"LC20lb\"><span class=\"S3Uucc\">O <em>Dossi\u00ea Viol\u00eancia Sexual<\/em> ir\u00e1 lan\u00e7ar uma s\u00e9rie de v\u00eddeos com orienta\u00e7\u00f5es e\u00a0<\/span><span class=\"S3Uucc\">informa\u00e7\u00f5es sobre ass\u00e9dio sexual, estupro e viol\u00eancia de g\u00eanero online tanto para quem foi v\u00edtima como para quem quer apoiar uma mulher que passou por essas viol\u00eancias. Acompanhe os lan\u00e7amentos tamb\u00e9m pelas redes sociais do <em>Instituto Patr\u00edcia Galv\u00e3o<\/em>:<\/span><\/p>\n<p><a href=\"https:\/\/www.instagram.com\/ipatriciagalvao\/\" target=\"_blank\" rel=\"noopener\">Instagram<\/a>\u00a0 |\u00a0 <a href=\"https:\/\/www.facebook.com\/agenciapatriciagalvao\/\" target=\"_blank\" rel=\"noopener\">Facebook<\/a>\u00a0 | <a href=\"https:\/\/twitter.com\/IPatriciaGalvao\" target=\"_blank\" rel=\"noopener\">Twitter<\/a>\u00a0 | <a href=\"https:\/\/www.youtube.com\/user\/agpatriciagalvao\/\" target=\"_blank\" rel=\"noopener\">Youtube<\/a><\/p>\n","protected":false},"excerpt":{"rendered":"<p>O Dossi\u00ea Viol\u00eancia Sexual ir\u00e1 lan\u00e7ar uma s\u00e9rie de v\u00eddeos com orienta\u00e7\u00f5es e\u00a0informa\u00e7\u00f5es sobre ass\u00e9dio sexual, estupro e viol\u00eancia de g\u00eanero online tanto para quem foi v\u00edtima como para quem quer apoiar uma mulher que passou por essas viol\u00eancias. Acompanhe os lan\u00e7amentos tamb\u00e9m pelas redes sociais do Instituto Patr\u00edcia Galv\u00e3o: Instagram\u00a0 |\u00a0 Facebook\u00a0 | Twitter\u00a0 [&hellip;]<\/p>\n","protected":false},"author":12,"featured_media":0,"parent":0,"menu_order":0,"comment_status":"closed","ping_status":"closed","template":"archive-videoteca.php","meta":{"footnotes":""},"categories":[],"class_list":["post-375","page","type-page","status-publish","hentry"],"yoast_head":"<!-- This site is optimized with the Yoast SEO plugin v26.3 - https:\/\/yoast.com\/wordpress\/plugins\/seo\/ -->\n<title>Videoteca - Viol\u00eancia Sexual<\/title>\n<meta name=\"robots\" content=\"index, follow, max-snippet:-1, max-image-preview:large, max-video-preview:-1\" \/>\n<link rel=\"canonical\" href=\"https:\/\/dossies.agenciapatriciagalvao.org.br\/violencia-sexual\/videoteca\/\" \/>\n<meta property=\"og:locale\" content=\"pt_BR\" \/>\n<meta property=\"og:type\" content=\"article\" \/>\n<meta property=\"og:title\" content=\"Videoteca - Viol\u00eancia Sexual\" \/>\n<meta property=\"og:description\" content=\"O Dossi\u00ea Viol\u00eancia Sexual ir\u00e1 lan\u00e7ar uma s\u00e9rie de v\u00eddeos com orienta\u00e7\u00f5es e\u00a0informa\u00e7\u00f5es sobre ass\u00e9dio sexual, estupro e viol\u00eancia de g\u00eanero online tanto para quem foi v\u00edtima como para quem quer apoiar uma mulher que passou por essas viol\u00eancias. Acompanhe os lan\u00e7amentos tamb\u00e9m pelas redes sociais do Instituto Patr\u00edcia Galv\u00e3o: Instagram\u00a0 |\u00a0 Facebook\u00a0 | Twitter\u00a0 [&hellip;]\" \/>\n<meta property=\"og:url\" content=\"https:\/\/dossies.agenciapatriciagalvao.org.br\/violencia-sexual\/videoteca\/\" \/>\n<meta property=\"og:site_name\" content=\"Viol\u00eancia Sexual\" \/>\n<meta property=\"article:modified_time\" content=\"2019-11-25T19:31:57+00:00\" \/>\n<meta name=\"twitter:card\" content=\"summary_large_image\" \/>\n<script type=\"application\/ld+json\" class=\"yoast-schema-graph\">{\"@context\":\"https:\/\/schema.org\",\"@graph\":[{\"@type\":\"WebPage\",\"@id\":\"https:\/\/dossies.agenciapatriciagalvao.org.br\/violencia-sexual\/videoteca\/\",\"url\":\"https:\/\/dossies.agenciapatriciagalvao.org.br\/violencia-sexual\/videoteca\/\",\"name\":\"Videoteca - Viol\u00eancia Sexual\",\"isPartOf\":{\"@id\":\"https:\/\/dossies.agenciapatriciagalvao.org.br\/violencia-sexual\/#website\"},\"datePublished\":\"2019-07-24T14:27:44+00:00\",\"dateModified\":\"2019-11-25T19:31:57+00:00\",\"inLanguage\":\"pt-BR\",\"potentialAction\":[{\"@type\":\"ReadAction\",\"target\":[\"https:\/\/dossies.agenciapatriciagalvao.org.br\/violencia-sexual\/videoteca\/\"]}]},{\"@type\":\"WebSite\",\"@id\":\"https:\/\/dossies.agenciapatriciagalvao.org.br\/violencia-sexual\/#website\",\"url\":\"https:\/\/dossies.agenciapatriciagalvao.org.br\/violencia-sexual\/\",\"name\":\"Viol\u00eancia Sexual\",\"description\":\"&lt;strong&gt;Dossi\u00ea Viol\u00eancia Sexual&lt;\/strong&gt; traz informa\u00e7\u00f5es e orienta\u00e7\u00f5es sobre as diversas formas de ass\u00e9dio sexual e de viol\u00eancia de g\u00eanero online, al\u00e9m de estupro. A proposta da plataforma \u00e9 ser um suporte tanto para quem foi v\u00edtima como para quem quer apoiar uma mulher que passou por essas viol\u00eancias.As especialistas consultadas refor\u00e7am que \u00e9 necess\u00e1rio dar um basta no julgamento moral, na culpabiliza\u00e7\u00e3o e na revitimiza\u00e7\u00e3o das mulheres. &lt;strong&gt;A culpa nunca \u00e9 da v\u00edtima.&lt;\/strong&gt;\",\"potentialAction\":[{\"@type\":\"SearchAction\",\"target\":{\"@type\":\"EntryPoint\",\"urlTemplate\":\"https:\/\/dossies.agenciapatriciagalvao.org.br\/violencia-sexual\/?s={search_term_string}\"},\"query-input\":{\"@type\":\"PropertyValueSpecification\",\"valueRequired\":true,\"valueName\":\"search_term_string\"}}],\"inLanguage\":\"pt-BR\"}]}<\/script>\n<!-- \/ Yoast SEO plugin. -->","yoast_head_json":{"title":"Videoteca - Viol\u00eancia Sexual","robots":{"index":"index","follow":"follow","max-snippet":"max-snippet:-1","max-image-preview":"max-image-preview:large","max-video-preview":"max-video-preview:-1"},"canonical":"https:\/\/dossies.agenciapatriciagalvao.org.br\/violencia-sexual\/videoteca\/","og_locale":"pt_BR","og_type":"article","og_title":"Videoteca - Viol\u00eancia Sexual","og_description":"O Dossi\u00ea Viol\u00eancia Sexual ir\u00e1 lan\u00e7ar uma s\u00e9rie de v\u00eddeos com orienta\u00e7\u00f5es e\u00a0informa\u00e7\u00f5es sobre ass\u00e9dio sexual, estupro e viol\u00eancia de g\u00eanero online tanto para quem foi v\u00edtima como para quem quer apoiar uma mulher que passou por essas viol\u00eancias. Acompanhe os lan\u00e7amentos tamb\u00e9m pelas redes sociais do Instituto Patr\u00edcia Galv\u00e3o: Instagram\u00a0 |\u00a0 Facebook\u00a0 | Twitter\u00a0 [&hellip;]","og_url":"https:\/\/dossies.agenciapatriciagalvao.org.br\/violencia-sexual\/videoteca\/","og_site_name":"Viol\u00eancia Sexual","article_modified_time":"2019-11-25T19:31:57+00:00","twitter_card":"summary_large_image","schema":{"@context":"https:\/\/schema.org","@graph":[{"@type":"WebPage","@id":"https:\/\/dossies.agenciapatriciagalvao.org.br\/violencia-sexual\/videoteca\/","url":"https:\/\/dossies.agenciapatriciagalvao.org.br\/violencia-sexual\/videoteca\/","name":"Videoteca - Viol\u00eancia Sexual","isPartOf":{"@id":"https:\/\/dossies.agenciapatriciagalvao.org.br\/violencia-sexual\/#website"},"datePublished":"2019-07-24T14:27:44+00:00","dateModified":"2019-11-25T19:31:57+00:00","inLanguage":"pt-BR","potentialAction":[{"@type":"ReadAction","target":["https:\/\/dossies.agenciapatriciagalvao.org.br\/violencia-sexual\/videoteca\/"]}]},{"@type":"WebSite","@id":"https:\/\/dossies.agenciapatriciagalvao.org.br\/violencia-sexual\/#website","url":"https:\/\/dossies.agenciapatriciagalvao.org.br\/violencia-sexual\/","name":"Viol\u00eancia Sexual","description":"&lt;strong&gt;Dossi\u00ea Viol\u00eancia Sexual&lt;\/strong&gt; traz informa\u00e7\u00f5es e orienta\u00e7\u00f5es sobre as diversas formas de ass\u00e9dio sexual e de viol\u00eancia de g\u00eanero online, al\u00e9m de estupro. A proposta da plataforma \u00e9 ser um suporte tanto para quem foi v\u00edtima como para quem quer apoiar uma mulher que passou por essas viol\u00eancias.As especialistas consultadas refor\u00e7am que \u00e9 necess\u00e1rio dar um basta no julgamento moral, na culpabiliza\u00e7\u00e3o e na revitimiza\u00e7\u00e3o das mulheres. &lt;strong&gt;A culpa nunca \u00e9 da v\u00edtima.&lt;\/strong&gt;","potentialAction":[{"@type":"SearchAction","target":{"@type":"EntryPoint","urlTemplate":"https:\/\/dossies.agenciapatriciagalvao.org.br\/violencia-sexual\/?s={search_term_string}"},"query-input":{"@type":"PropertyValueSpecification","valueRequired":true,"valueName":"search_term_string"}}],"inLanguage":"pt-BR"}]}},"_links":{"self":[{"href":"https:\/\/dossies.agenciapatriciagalvao.org.br\/violencia-sexual\/wp-json\/wp\/v2\/pages\/375","targetHints":{"allow":["GET"]}}],"collection":[{"href":"https:\/\/dossies.agenciapatriciagalvao.org.br\/violencia-sexual\/wp-json\/wp\/v2\/pages"}],"about":[{"href":"https:\/\/dossies.agenciapatriciagalvao.org.br\/violencia-sexual\/wp-json\/wp\/v2\/types\/page"}],"author":[{"embeddable":true,"href":"https:\/\/dossies.agenciapatriciagalvao.org.br\/violencia-sexual\/wp-json\/wp\/v2\/users\/12"}],"replies":[{"embeddable":true,"href":"https:\/\/dossies.agenciapatriciagalvao.org.br\/violencia-sexual\/wp-json\/wp\/v2\/comments?post=375"}],"version-history":[{"count":4,"href":"https:\/\/dossies.agenciapatriciagalvao.org.br\/violencia-sexual\/wp-json\/wp\/v2\/pages\/375\/revisions"}],"predecessor-version":[{"id":819,"href":"https:\/\/dossies.agenciapatriciagalvao.org.br\/violencia-sexual\/wp-json\/wp\/v2\/pages\/375\/revisions\/819"}],"wp:attachment":[{"href":"https:\/\/dossies.agenciapatriciagalvao.org.br\/violencia-sexual\/wp-json\/wp\/v2\/media?parent=375"}],"wp:term":[{"taxonomy":"category","embeddable":true,"href":"https:\/\/dossies.agenciapatriciagalvao.org.br\/violencia-sexual\/wp-json\/wp\/v2\/categories?post=375"}],"curies":[{"name":"wp","href":"https:\/\/api.w.org\/{rel}","templated":true}]}}