
{"id":371,"date":"2019-07-26T20:56:51","date_gmt":"2019-07-26T23:56:51","guid":{"rendered":"http:\/\/dossies.agenciapatriciagalvao.org.br\/violencia-sexual\/?page_id=371"},"modified":"2019-11-18T18:39:20","modified_gmt":"2019-11-18T21:39:20","slug":"o-dossie","status":"publish","type":"page","link":"https:\/\/dossies.agenciapatriciagalvao.org.br\/violencia-sexual\/o-dossie\/","title":{"rendered":"o dossi\u00ea"},"content":{"rendered":"<p>Qualquer pr\u00e1tica sexual n\u00e3o consentida \u00e9 uma viol\u00eancia sexual. Seja em casa, no trabalho, nas escolas, universidades, espa\u00e7os p\u00fablicos, inclusive na internet, diariamente as mulheres s\u00e3o submetidas a diversas formas de viol\u00eancias que n\u00e3o t\u00eam nada a ver com desejo sexual. Trata-se de uma manifesta\u00e7\u00e3o de poder, fruto de uma sociedade estruturada sob desigualdades que se retroalimentam \u2013 sobretudo as de g\u00eanero, ra\u00e7a, etnia e classe.<\/p>\n<p>Os n\u00fameros comprovam. Em m\u00e9dia 180 <strong>estupros<\/strong> s\u00e3o registrados por dia pelas autoridades policiais no Brasil (13\u00b0 Anu\u00e1rio Brasileiro de Seguran\u00e7a P\u00fablica), sendo a maior parte das v\u00edtimas mulheres (82%), negras (51%) e meninas com at\u00e9 13 anos (54%). Dados do Minist\u00e9rio da Sa\u00fade tamb\u00e9m indicam que, dos 22.918 casos de estupro notificados em 2016, 10,3% das v\u00edtimas tinham alguma defici\u00eancia (Atlas da Viol\u00eancia 2018). Mas \u00e9 importante destacar que menos de 10% dos estupros s\u00e3o denunciados no Brasil.<\/p>\n<p>Mulheres tamb\u00e9m s\u00e3o as principais v\u00edtimas de <strong>ass\u00e9dio e importuna\u00e7\u00e3o sexual<\/strong>: abordagens grosseiras, ofensas e propostas inadequadas que constrangem, humilham e amedrontam e que fazem parte do cotidiano no ambiente de trabalho, nos espa\u00e7os p\u00fablicos e, inclusive, nas rela\u00e7\u00f5es afetivas e familiares.<\/p>\n<p>A viol\u00eancia sexual tamb\u00e9m pode ocorrer no contexto da internet, quando mulheres s\u00e3o atacadas por meio da divulga\u00e7\u00e3o n\u00e3o autorizada de suas imagens e v\u00eddeos \u00edntimos, chantagens, stalking (persegui\u00e7\u00e3o obsessiva), bullying e ataques coordenados, entre outras pr\u00e1ticas de <strong>viol\u00eancia de g\u00eanero online<\/strong>.<\/p>\n<p>Mulheres negras, l\u00e9sbicas, bissexuais, trans, ind\u00edgenas, rurais, jovens e pessoas com defici\u00eancia podem estar ainda mais em risco \u2013 tanto de sofrer a viol\u00eancia, quanto de n\u00e3o ter o suporte e aten\u00e7\u00e3o adequados do poder p\u00fablico.<\/p>\n<p>Promover o acesso das mulheres a informa\u00e7\u00f5es sobre como se proteger e a quem recorrer \u2013 tanto para receber apoio e os cuidados necess\u00e1rios, quanto para fazer a den\u00fancia \u2013 \u00e9 fundamental para mudar esse cen\u00e1rio. Tamb\u00e9m \u00e9 importante informar toda a sociedade sobre a urg\u00eancia do problema e as transforma\u00e7\u00f5es culturais necess\u00e1rias, bem como o papel que cada um e cada uma pode desempenhar para apoiar as v\u00edtimas e contribuir para mudar esse quadro. A partir desses objetivos, e norteado por algumas perguntas chaves, o <em><strong>Dossi\u00ea Viol\u00eancia Sexual<\/strong><\/em> re\u00fane informa\u00e7\u00f5es e orienta\u00e7\u00f5es de quem lida com o problema \u2014 m\u00e9dicas, psic\u00f3logas, advogadas, promotoras, defensoras, autoridades policiais e especialistas de diferentes \u00e1reas \u2014 para responder as seguintes perguntas:<\/p>\n<ul>\n<li><em>Como essas viol\u00eancias acontecem no Brasil?<\/em><\/li>\n<li><em>Que leis e informa\u00e7\u00f5es podem ajudar?<\/em><\/li>\n<li><em>Se estou passando por essas viol\u00eancias, quem eu posso procurar?<\/em><\/li>\n<li><em>O que eu preciso saber para apoiar uma v\u00edtima de viol\u00eancia sexual?<\/em><\/li>\n<\/ul>\n<p>As profissionais consultadas refor\u00e7am que \u00e9 necess\u00e1rio dar um basta no julgamento moral, na culpabiliza\u00e7\u00e3o e na revitimiza\u00e7\u00e3o das mulheres, que constrangem as v\u00edtimas com mais viol\u00eancia. A recomenda\u00e7\u00e3o \u00e9 oferecer escuta, apoio, acolhimento e ajudar a cobrar direitos e servi\u00e7os.\u00a0Assim, as especialistas nos lembram que enfrentar esse problema \u00e9 urgente e exige uma transforma\u00e7\u00e3o no Estado e na sociedade.<\/p>\n<p>O <em><strong>Dossi\u00ea Viol\u00eancia Sexual<\/strong><\/em> \u00e9 uma realiza\u00e7\u00e3o do <em><strong>Instituto Patr\u00edcia Galv\u00e3o<\/strong><\/em>. O compartilhamento e reprodu\u00e7\u00e3o das informa\u00e7\u00f5es s\u00e3o livres, desde que citada a fonte <em>(<a href=\"https:\/\/dossies.agenciapatriciagalvao.org.br\/violencia-sexual\/termos-de-uso\/\" target=\"_blank\" rel=\"noopener\">leia nossos termos de uso<\/a>)<\/em>.<\/p>\n<p>&nbsp;<\/p>\n<h3><strong>Sobre o Instituto Patr\u00edcia Galv\u00e3o<\/strong><\/h3>\n<p>Fundado em 2001, o Instituto Patr\u00edcia Galv\u00e3o \u2013 M\u00eddia e Direitos \u00e9 uma organiza\u00e7\u00e3o social sem fins lucrativos que atua nos campos dos direitos das mulheres e da comunica\u00e7\u00e3o. Sua miss\u00e3o \u00e9 contribuir para a qualifica\u00e7\u00e3o do debate p\u00fablico sobre quest\u00f5es cr\u00edticas para as mulheres no Brasil, a partir da produ\u00e7\u00e3o de dossi\u00eas, sugest\u00f5es de pautas para a imprensa e mobiliza\u00e7\u00e3o de m\u00eddias sociais, al\u00e9m da realiza\u00e7\u00e3o de pesquisas de opini\u00e3o, eventos e campanhas para fomentar a reflex\u00e3o social e demandar respostas do Estado e\/ou mudan\u00e7as na sociedade e na m\u00eddia. Com 18 anos de atua\u00e7\u00e3o, o Instituto Patr\u00edcia Galv\u00e3o \u00e9 uma organiza\u00e7\u00e3o feminista de refer\u00eancia quando o tema em pauta se refere \u00e0 defesa dos direitos das mulheres <em><a href=\"https:\/\/dossies.agenciapatriciagalvao.org.br\/violencia-sexual\/sobre-o-instituto-patricia-galvao\/\" target=\"_blank\" rel=\"noopener\">(saiba mais)<\/a>.<\/em><\/p>\n","protected":false},"excerpt":{"rendered":"<p>Qualquer pr\u00e1tica sexual n\u00e3o consentida \u00e9 uma viol\u00eancia sexual. Seja em casa, no trabalho, nas escolas, universidades, espa\u00e7os p\u00fablicos, inclusive na internet, diariamente as mulheres s\u00e3o submetidas a diversas formas de viol\u00eancias que n\u00e3o t\u00eam nada a ver com desejo sexual. Trata-se de uma manifesta\u00e7\u00e3o de poder, fruto de uma sociedade estruturada sob desigualdades que [&hellip;]<\/p>\n","protected":false},"author":12,"featured_media":0,"parent":0,"menu_order":0,"comment_status":"closed","ping_status":"closed","template":"page-dossie.php","meta":{"footnotes":""},"categories":[],"class_list":["post-371","page","type-page","status-publish","hentry"],"yoast_head":"<!-- This site is optimized with the Yoast SEO plugin v27.4 - https:\/\/yoast.com\/product\/yoast-seo-wordpress\/ -->\n<title>o dossi\u00ea - Viol\u00eancia Sexual<\/title>\n<meta name=\"robots\" content=\"index, follow, max-snippet:-1, max-image-preview:large, max-video-preview:-1\" \/>\n<link rel=\"canonical\" href=\"https:\/\/dossies.agenciapatriciagalvao.org.br\/violencia-sexual\/o-dossie\/\" \/>\n<meta property=\"og:locale\" content=\"pt_BR\" \/>\n<meta property=\"og:type\" content=\"article\" \/>\n<meta property=\"og:title\" content=\"o dossi\u00ea - Viol\u00eancia Sexual\" \/>\n<meta property=\"og:description\" content=\"Qualquer pr\u00e1tica sexual n\u00e3o consentida \u00e9 uma viol\u00eancia sexual. Seja em casa, no trabalho, nas escolas, universidades, espa\u00e7os p\u00fablicos, inclusive na internet, diariamente as mulheres s\u00e3o submetidas a diversas formas de viol\u00eancias que n\u00e3o t\u00eam nada a ver com desejo sexual. Trata-se de uma manifesta\u00e7\u00e3o de poder, fruto de uma sociedade estruturada sob desigualdades que [&hellip;]\" \/>\n<meta property=\"og:url\" content=\"https:\/\/dossies.agenciapatriciagalvao.org.br\/violencia-sexual\/o-dossie\/\" \/>\n<meta property=\"og:site_name\" content=\"Viol\u00eancia Sexual\" \/>\n<meta property=\"article:modified_time\" content=\"2019-11-18T21:39:20+00:00\" \/>\n<meta name=\"twitter:card\" content=\"summary_large_image\" \/>\n<meta name=\"twitter:label1\" content=\"Est. tempo de leitura\" \/>\n\t<meta name=\"twitter:data1\" content=\"4 minutos\" \/>\n<script type=\"application\/ld+json\" class=\"yoast-schema-graph\">{\"@context\":\"https:\\\/\\\/schema.org\",\"@graph\":[{\"@type\":\"WebPage\",\"@id\":\"https:\\\/\\\/dossies.agenciapatriciagalvao.org.br\\\/violencia-sexual\\\/o-dossie\\\/\",\"url\":\"https:\\\/\\\/dossies.agenciapatriciagalvao.org.br\\\/violencia-sexual\\\/o-dossie\\\/\",\"name\":\"o dossi\u00ea - Viol\u00eancia Sexual\",\"isPartOf\":{\"@id\":\"https:\\\/\\\/dossies.agenciapatriciagalvao.org.br\\\/violencia-sexual\\\/#website\"},\"datePublished\":\"2019-07-26T23:56:51+00:00\",\"dateModified\":\"2019-11-18T21:39:20+00:00\",\"inLanguage\":\"pt-BR\",\"potentialAction\":[{\"@type\":\"ReadAction\",\"target\":[\"https:\\\/\\\/dossies.agenciapatriciagalvao.org.br\\\/violencia-sexual\\\/o-dossie\\\/\"]}]},{\"@type\":\"WebSite\",\"@id\":\"https:\\\/\\\/dossies.agenciapatriciagalvao.org.br\\\/violencia-sexual\\\/#website\",\"url\":\"https:\\\/\\\/dossies.agenciapatriciagalvao.org.br\\\/violencia-sexual\\\/\",\"name\":\"Viol\u00eancia Sexual\",\"description\":\"&lt;strong&gt;Dossi\u00ea Viol\u00eancia Sexual&lt;\\\/strong&gt; traz informa\u00e7\u00f5es e orienta\u00e7\u00f5es sobre as diversas formas de ass\u00e9dio sexual e de viol\u00eancia de g\u00eanero online, al\u00e9m de estupro. A proposta da plataforma \u00e9 ser um suporte tanto para quem foi v\u00edtima como para quem quer apoiar uma mulher que passou por essas viol\u00eancias.As especialistas consultadas refor\u00e7am que \u00e9 necess\u00e1rio dar um basta no julgamento moral, na culpabiliza\u00e7\u00e3o e na revitimiza\u00e7\u00e3o das mulheres. &lt;strong&gt;A culpa nunca \u00e9 da v\u00edtima.&lt;\\\/strong&gt;\",\"potentialAction\":[{\"@type\":\"SearchAction\",\"target\":{\"@type\":\"EntryPoint\",\"urlTemplate\":\"https:\\\/\\\/dossies.agenciapatriciagalvao.org.br\\\/violencia-sexual\\\/?s={search_term_string}\"},\"query-input\":{\"@type\":\"PropertyValueSpecification\",\"valueRequired\":true,\"valueName\":\"search_term_string\"}}],\"inLanguage\":\"pt-BR\"}]}<\/script>\n<!-- \/ Yoast SEO plugin. -->","yoast_head_json":{"title":"o dossi\u00ea - Viol\u00eancia Sexual","robots":{"index":"index","follow":"follow","max-snippet":"max-snippet:-1","max-image-preview":"max-image-preview:large","max-video-preview":"max-video-preview:-1"},"canonical":"https:\/\/dossies.agenciapatriciagalvao.org.br\/violencia-sexual\/o-dossie\/","og_locale":"pt_BR","og_type":"article","og_title":"o dossi\u00ea - Viol\u00eancia Sexual","og_description":"Qualquer pr\u00e1tica sexual n\u00e3o consentida \u00e9 uma viol\u00eancia sexual. Seja em casa, no trabalho, nas escolas, universidades, espa\u00e7os p\u00fablicos, inclusive na internet, diariamente as mulheres s\u00e3o submetidas a diversas formas de viol\u00eancias que n\u00e3o t\u00eam nada a ver com desejo sexual. Trata-se de uma manifesta\u00e7\u00e3o de poder, fruto de uma sociedade estruturada sob desigualdades que [&hellip;]","og_url":"https:\/\/dossies.agenciapatriciagalvao.org.br\/violencia-sexual\/o-dossie\/","og_site_name":"Viol\u00eancia Sexual","article_modified_time":"2019-11-18T21:39:20+00:00","twitter_card":"summary_large_image","twitter_misc":{"Est. tempo de leitura":"4 minutos"},"schema":{"@context":"https:\/\/schema.org","@graph":[{"@type":"WebPage","@id":"https:\/\/dossies.agenciapatriciagalvao.org.br\/violencia-sexual\/o-dossie\/","url":"https:\/\/dossies.agenciapatriciagalvao.org.br\/violencia-sexual\/o-dossie\/","name":"o dossi\u00ea - Viol\u00eancia Sexual","isPartOf":{"@id":"https:\/\/dossies.agenciapatriciagalvao.org.br\/violencia-sexual\/#website"},"datePublished":"2019-07-26T23:56:51+00:00","dateModified":"2019-11-18T21:39:20+00:00","inLanguage":"pt-BR","potentialAction":[{"@type":"ReadAction","target":["https:\/\/dossies.agenciapatriciagalvao.org.br\/violencia-sexual\/o-dossie\/"]}]},{"@type":"WebSite","@id":"https:\/\/dossies.agenciapatriciagalvao.org.br\/violencia-sexual\/#website","url":"https:\/\/dossies.agenciapatriciagalvao.org.br\/violencia-sexual\/","name":"Viol\u00eancia Sexual","description":"&lt;strong&gt;Dossi\u00ea Viol\u00eancia Sexual&lt;\/strong&gt; traz informa\u00e7\u00f5es e orienta\u00e7\u00f5es sobre as diversas formas de ass\u00e9dio sexual e de viol\u00eancia de g\u00eanero online, al\u00e9m de estupro. A proposta da plataforma \u00e9 ser um suporte tanto para quem foi v\u00edtima como para quem quer apoiar uma mulher que passou por essas viol\u00eancias.As especialistas consultadas refor\u00e7am que \u00e9 necess\u00e1rio dar um basta no julgamento moral, na culpabiliza\u00e7\u00e3o e na revitimiza\u00e7\u00e3o das mulheres. &lt;strong&gt;A culpa nunca \u00e9 da v\u00edtima.&lt;\/strong&gt;","potentialAction":[{"@type":"SearchAction","target":{"@type":"EntryPoint","urlTemplate":"https:\/\/dossies.agenciapatriciagalvao.org.br\/violencia-sexual\/?s={search_term_string}"},"query-input":{"@type":"PropertyValueSpecification","valueRequired":true,"valueName":"search_term_string"}}],"inLanguage":"pt-BR"}]}},"_links":{"self":[{"href":"https:\/\/dossies.agenciapatriciagalvao.org.br\/violencia-sexual\/wp-json\/wp\/v2\/pages\/371","targetHints":{"allow":["GET"]}}],"collection":[{"href":"https:\/\/dossies.agenciapatriciagalvao.org.br\/violencia-sexual\/wp-json\/wp\/v2\/pages"}],"about":[{"href":"https:\/\/dossies.agenciapatriciagalvao.org.br\/violencia-sexual\/wp-json\/wp\/v2\/types\/page"}],"author":[{"embeddable":true,"href":"https:\/\/dossies.agenciapatriciagalvao.org.br\/violencia-sexual\/wp-json\/wp\/v2\/users\/12"}],"replies":[{"embeddable":true,"href":"https:\/\/dossies.agenciapatriciagalvao.org.br\/violencia-sexual\/wp-json\/wp\/v2\/comments?post=371"}],"version-history":[{"count":5,"href":"https:\/\/dossies.agenciapatriciagalvao.org.br\/violencia-sexual\/wp-json\/wp\/v2\/pages\/371\/revisions"}],"predecessor-version":[{"id":712,"href":"https:\/\/dossies.agenciapatriciagalvao.org.br\/violencia-sexual\/wp-json\/wp\/v2\/pages\/371\/revisions\/712"}],"wp:attachment":[{"href":"https:\/\/dossies.agenciapatriciagalvao.org.br\/violencia-sexual\/wp-json\/wp\/v2\/media?parent=371"}],"wp:term":[{"taxonomy":"category","embeddable":true,"href":"https:\/\/dossies.agenciapatriciagalvao.org.br\/violencia-sexual\/wp-json\/wp\/v2\/categories?post=371"}],"curies":[{"name":"wp","href":"https:\/\/api.w.org\/{rel}","templated":true}]}}