
{"id":285,"date":"2019-07-11T04:44:49","date_gmt":"2019-07-11T07:44:49","guid":{"rendered":"http:\/\/dossies.agenciapatriciagalvao.localhost\/violencia-sexual\/?page_id=285"},"modified":"2019-11-12T11:39:51","modified_gmt":"2019-11-12T14:39:51","slug":"termos-de-uso","status":"publish","type":"page","link":"https:\/\/dossies.agenciapatriciagalvao.org.br\/violencia-sexual\/termos-de-uso\/","title":{"rendered":"Termos de Uso"},"content":{"rendered":"<div class=\"c-text__excerpt\" role=\"article\"><\/div>\n<div class=\" c-text__content\" role=\"article\">\n<p class=\"selectionShareable\">Todo e qualquer conte\u00fado produzido pelo <strong>Instituto\u00a0Patr\u00edcia Galv\u00e3o<\/strong> pode ser reproduzido livremente e sem custos, desde que citada a fonte\/autoria, que deve incluir o nome do autor da foto, v\u00eddeo, \u00e1udio e\/ou texto, bem como o da institui\u00e7\u00e3o e, quando poss\u00edvel, o link para a p\u00e1gina em que o conte\u00fado foi originalmente publicado.<\/p>\n<p class=\"selectionShareable\">A licen\u00e7a adotada \u00e9 a Creative Commons 3.0, que estabelece que:<\/p>\n<p class=\"selectionShareable\"><em>O usu\u00e1rio tem o direito de:<\/em><\/p>\n<ul>\n<li class=\"selectionShareable\">Compartilhar \u2014 copiar e redistribuir o material em qualquer suporte ou formato.<\/li>\n<li class=\"selectionShareable\">Adaptar \u2014 remixar, transformar e criar a partir do material para qualquer fim, mesmo que comercial. O licenciante n\u00e3o pode revogar estes direitos desde que voc\u00ea respeite os termos da licen\u00e7a.<\/li>\n<\/ul>\n<p class=\"selectionShareable\"><em>De acordo com os termos seguintes:<\/em><\/p>\n<ul>\n<li class=\"selectionShareable\">Atribui\u00e7\u00e3o: voc\u00ea deve atribuir o devido cr\u00e9dito, fornecer um link para a licen\u00e7a e indicar se forem feitas altera\u00e7\u00f5es. Voc\u00ea pode faz\u00ea-lo de qualquer forma razo\u00e1vel, mas n\u00e3o de uma forma que sugira que o licenciante o apoia ou aprova o seu uso.<\/li>\n<li class=\"selectionShareable\">Sem restri\u00e7\u00f5es adicionais \u2014 voc\u00ea n\u00e3o pode aplicar termos jur\u00eddicos ou medidas de car\u00e1ter tecnol\u00f3gico que restrinjam legalmente outros de fazerem algo que a licen\u00e7a permita.<\/li>\n<\/ul>\n<p class=\"selectionShareable\"><em>Avisos:<\/em><br \/>\nVoc\u00ea n\u00e3o tem de cumprir com os termos da licen\u00e7a relativamente a elementos do material que estejam no dom\u00ednio p\u00fablico ou cuja utiliza\u00e7\u00e3o seja permitida por uma exce\u00e7\u00e3o ou limita\u00e7\u00e3o que seja aplic\u00e1vel.<\/p>\n<p class=\"selectionShareable\">N\u00e3o s\u00e3o dadas quaisquer garantias. A licen\u00e7a pode n\u00e3o lhe dar todas as autoriza\u00e7\u00f5es necess\u00e1rias para o uso pretendido. Por exemplo, outros direitos, tais como direitos de imagem, de privacidade ou direitos morais, podem limitar o uso do material.<\/p>\n<p class=\"selectionShareable\">A \u00edntegra da licen\u00e7a pode ser consultada <a href=\"http:\/\/creativecommons.org\/licenses\/by\/3.0\/br\/legalcode\" target=\"_blank\" rel=\"noopener\">neste link.<\/a><\/p>\n<\/div>\n","protected":false},"excerpt":{"rendered":"<p>Todo e qualquer conte\u00fado produzido pelo Instituto\u00a0Patr\u00edcia Galv\u00e3o pode ser reproduzido livremente e sem custos, desde que citada a fonte\/autoria, que deve incluir o nome do autor da foto, v\u00eddeo, \u00e1udio e\/ou texto, bem como o da institui\u00e7\u00e3o e, quando poss\u00edvel, o link para a p\u00e1gina em que o conte\u00fado foi originalmente publicado. A licen\u00e7a [&hellip;]<\/p>\n","protected":false},"author":1,"featured_media":0,"parent":0,"menu_order":0,"comment_status":"closed","ping_status":"closed","template":"page-institucional.php","meta":{"footnotes":""},"categories":[],"class_list":["post-285","page","type-page","status-publish","hentry"],"yoast_head":"<!-- This site is optimized with the Yoast SEO plugin v27.4 - https:\/\/yoast.com\/product\/yoast-seo-wordpress\/ -->\n<title>Termos de Uso - Viol\u00eancia Sexual<\/title>\n<meta name=\"robots\" content=\"index, follow, max-snippet:-1, max-image-preview:large, max-video-preview:-1\" \/>\n<link rel=\"canonical\" href=\"https:\/\/dossies.agenciapatriciagalvao.org.br\/violencia-sexual\/termos-de-uso\/\" \/>\n<meta property=\"og:locale\" content=\"pt_BR\" \/>\n<meta property=\"og:type\" content=\"article\" \/>\n<meta property=\"og:title\" content=\"Termos de Uso - Viol\u00eancia Sexual\" \/>\n<meta property=\"og:description\" content=\"Todo e qualquer conte\u00fado produzido pelo Instituto\u00a0Patr\u00edcia Galv\u00e3o pode ser reproduzido livremente e sem custos, desde que citada a fonte\/autoria, que deve incluir o nome do autor da foto, v\u00eddeo, \u00e1udio e\/ou texto, bem como o da institui\u00e7\u00e3o e, quando poss\u00edvel, o link para a p\u00e1gina em que o conte\u00fado foi originalmente publicado. A licen\u00e7a [&hellip;]\" \/>\n<meta property=\"og:url\" content=\"https:\/\/dossies.agenciapatriciagalvao.org.br\/violencia-sexual\/termos-de-uso\/\" \/>\n<meta property=\"og:site_name\" content=\"Viol\u00eancia Sexual\" \/>\n<meta property=\"article:modified_time\" content=\"2019-11-12T14:39:51+00:00\" \/>\n<meta name=\"twitter:card\" content=\"summary_large_image\" \/>\n<meta name=\"twitter:label1\" content=\"Est. tempo de leitura\" \/>\n\t<meta name=\"twitter:data1\" content=\"2 minutos\" \/>\n<script type=\"application\/ld+json\" class=\"yoast-schema-graph\">{\"@context\":\"https:\\\/\\\/schema.org\",\"@graph\":[{\"@type\":\"WebPage\",\"@id\":\"https:\\\/\\\/dossies.agenciapatriciagalvao.org.br\\\/violencia-sexual\\\/termos-de-uso\\\/\",\"url\":\"https:\\\/\\\/dossies.agenciapatriciagalvao.org.br\\\/violencia-sexual\\\/termos-de-uso\\\/\",\"name\":\"Termos de Uso - Viol\u00eancia Sexual\",\"isPartOf\":{\"@id\":\"https:\\\/\\\/dossies.agenciapatriciagalvao.org.br\\\/violencia-sexual\\\/#website\"},\"datePublished\":\"2019-07-11T07:44:49+00:00\",\"dateModified\":\"2019-11-12T14:39:51+00:00\",\"inLanguage\":\"pt-BR\",\"potentialAction\":[{\"@type\":\"ReadAction\",\"target\":[\"https:\\\/\\\/dossies.agenciapatriciagalvao.org.br\\\/violencia-sexual\\\/termos-de-uso\\\/\"]}]},{\"@type\":\"WebSite\",\"@id\":\"https:\\\/\\\/dossies.agenciapatriciagalvao.org.br\\\/violencia-sexual\\\/#website\",\"url\":\"https:\\\/\\\/dossies.agenciapatriciagalvao.org.br\\\/violencia-sexual\\\/\",\"name\":\"Viol\u00eancia Sexual\",\"description\":\"&lt;strong&gt;Dossi\u00ea Viol\u00eancia Sexual&lt;\\\/strong&gt; traz informa\u00e7\u00f5es e orienta\u00e7\u00f5es sobre as diversas formas de ass\u00e9dio sexual e de viol\u00eancia de g\u00eanero online, al\u00e9m de estupro. A proposta da plataforma \u00e9 ser um suporte tanto para quem foi v\u00edtima como para quem quer apoiar uma mulher que passou por essas viol\u00eancias.As especialistas consultadas refor\u00e7am que \u00e9 necess\u00e1rio dar um basta no julgamento moral, na culpabiliza\u00e7\u00e3o e na revitimiza\u00e7\u00e3o das mulheres. &lt;strong&gt;A culpa nunca \u00e9 da v\u00edtima.&lt;\\\/strong&gt;\",\"potentialAction\":[{\"@type\":\"SearchAction\",\"target\":{\"@type\":\"EntryPoint\",\"urlTemplate\":\"https:\\\/\\\/dossies.agenciapatriciagalvao.org.br\\\/violencia-sexual\\\/?s={search_term_string}\"},\"query-input\":{\"@type\":\"PropertyValueSpecification\",\"valueRequired\":true,\"valueName\":\"search_term_string\"}}],\"inLanguage\":\"pt-BR\"}]}<\/script>\n<!-- \/ Yoast SEO plugin. -->","yoast_head_json":{"title":"Termos de Uso - Viol\u00eancia Sexual","robots":{"index":"index","follow":"follow","max-snippet":"max-snippet:-1","max-image-preview":"max-image-preview:large","max-video-preview":"max-video-preview:-1"},"canonical":"https:\/\/dossies.agenciapatriciagalvao.org.br\/violencia-sexual\/termos-de-uso\/","og_locale":"pt_BR","og_type":"article","og_title":"Termos de Uso - Viol\u00eancia Sexual","og_description":"Todo e qualquer conte\u00fado produzido pelo Instituto\u00a0Patr\u00edcia Galv\u00e3o pode ser reproduzido livremente e sem custos, desde que citada a fonte\/autoria, que deve incluir o nome do autor da foto, v\u00eddeo, \u00e1udio e\/ou texto, bem como o da institui\u00e7\u00e3o e, quando poss\u00edvel, o link para a p\u00e1gina em que o conte\u00fado foi originalmente publicado. A licen\u00e7a [&hellip;]","og_url":"https:\/\/dossies.agenciapatriciagalvao.org.br\/violencia-sexual\/termos-de-uso\/","og_site_name":"Viol\u00eancia Sexual","article_modified_time":"2019-11-12T14:39:51+00:00","twitter_card":"summary_large_image","twitter_misc":{"Est. tempo de leitura":"2 minutos"},"schema":{"@context":"https:\/\/schema.org","@graph":[{"@type":"WebPage","@id":"https:\/\/dossies.agenciapatriciagalvao.org.br\/violencia-sexual\/termos-de-uso\/","url":"https:\/\/dossies.agenciapatriciagalvao.org.br\/violencia-sexual\/termos-de-uso\/","name":"Termos de Uso - Viol\u00eancia Sexual","isPartOf":{"@id":"https:\/\/dossies.agenciapatriciagalvao.org.br\/violencia-sexual\/#website"},"datePublished":"2019-07-11T07:44:49+00:00","dateModified":"2019-11-12T14:39:51+00:00","inLanguage":"pt-BR","potentialAction":[{"@type":"ReadAction","target":["https:\/\/dossies.agenciapatriciagalvao.org.br\/violencia-sexual\/termos-de-uso\/"]}]},{"@type":"WebSite","@id":"https:\/\/dossies.agenciapatriciagalvao.org.br\/violencia-sexual\/#website","url":"https:\/\/dossies.agenciapatriciagalvao.org.br\/violencia-sexual\/","name":"Viol\u00eancia Sexual","description":"&lt;strong&gt;Dossi\u00ea Viol\u00eancia Sexual&lt;\/strong&gt; traz informa\u00e7\u00f5es e orienta\u00e7\u00f5es sobre as diversas formas de ass\u00e9dio sexual e de viol\u00eancia de g\u00eanero online, al\u00e9m de estupro. A proposta da plataforma \u00e9 ser um suporte tanto para quem foi v\u00edtima como para quem quer apoiar uma mulher que passou por essas viol\u00eancias.As especialistas consultadas refor\u00e7am que \u00e9 necess\u00e1rio dar um basta no julgamento moral, na culpabiliza\u00e7\u00e3o e na revitimiza\u00e7\u00e3o das mulheres. &lt;strong&gt;A culpa nunca \u00e9 da v\u00edtima.&lt;\/strong&gt;","potentialAction":[{"@type":"SearchAction","target":{"@type":"EntryPoint","urlTemplate":"https:\/\/dossies.agenciapatriciagalvao.org.br\/violencia-sexual\/?s={search_term_string}"},"query-input":{"@type":"PropertyValueSpecification","valueRequired":true,"valueName":"search_term_string"}}],"inLanguage":"pt-BR"}]}},"_links":{"self":[{"href":"https:\/\/dossies.agenciapatriciagalvao.org.br\/violencia-sexual\/wp-json\/wp\/v2\/pages\/285","targetHints":{"allow":["GET"]}}],"collection":[{"href":"https:\/\/dossies.agenciapatriciagalvao.org.br\/violencia-sexual\/wp-json\/wp\/v2\/pages"}],"about":[{"href":"https:\/\/dossies.agenciapatriciagalvao.org.br\/violencia-sexual\/wp-json\/wp\/v2\/types\/page"}],"author":[{"embeddable":true,"href":"https:\/\/dossies.agenciapatriciagalvao.org.br\/violencia-sexual\/wp-json\/wp\/v2\/users\/1"}],"replies":[{"embeddable":true,"href":"https:\/\/dossies.agenciapatriciagalvao.org.br\/violencia-sexual\/wp-json\/wp\/v2\/comments?post=285"}],"version-history":[{"count":4,"href":"https:\/\/dossies.agenciapatriciagalvao.org.br\/violencia-sexual\/wp-json\/wp\/v2\/pages\/285\/revisions"}],"predecessor-version":[{"id":628,"href":"https:\/\/dossies.agenciapatriciagalvao.org.br\/violencia-sexual\/wp-json\/wp\/v2\/pages\/285\/revisions\/628"}],"wp:attachment":[{"href":"https:\/\/dossies.agenciapatriciagalvao.org.br\/violencia-sexual\/wp-json\/wp\/v2\/media?parent=285"}],"wp:term":[{"taxonomy":"category","embeddable":true,"href":"https:\/\/dossies.agenciapatriciagalvao.org.br\/violencia-sexual\/wp-json\/wp\/v2\/categories?post=285"}],"curies":[{"name":"wp","href":"https:\/\/api.w.org\/{rel}","templated":true}]}}