
{"id":283,"date":"2019-07-11T04:44:33","date_gmt":"2019-07-11T07:44:33","guid":{"rendered":"http:\/\/dossies.agenciapatriciagalvao.localhost\/violencia-sexual\/?page_id=283"},"modified":"2019-11-26T16:58:10","modified_gmt":"2019-11-26T19:58:10","slug":"credito","status":"publish","type":"page","link":"https:\/\/dossies.agenciapatriciagalvao.org.br\/violencia-sexual\/credito\/","title":{"rendered":"Cr\u00e9ditos"},"content":{"rendered":"<p><strong>Realiza\u00e7\u00e3o<\/strong><br \/>\nInstituto Patr\u00edcia Galv\u00e3o \u2013 M\u00eddia e Direitos<\/p>\n<p><strong>Apoio<\/strong><br \/>\nSecretaria Nacional de Pol\u00edticas para as Mulheres da Presid\u00eancia da Rep\u00fablica (atual Secretaria de Pol\u00edticas para as Mulheres do Minist\u00e9rio da Mulher, da Fam\u00edlia e dos Direitos Humanos)<br \/>\n<em>Por meio do Projeto \u201cAmplia\u00e7\u00e3o, contextualiza\u00e7\u00e3o e aprofundamento do debate p\u00fablico sobre as formas mais graves e extremas de viol\u00eancia de g\u00eanero: a viol\u00eancia sexual contra as mulheres e o feminic\u00eddio\u201d.<\/em><\/p>\n<p><strong>Dire\u00e7\u00e3o do Instituto Patr\u00edcia Galv\u00e3o<\/strong><br \/>\nJacira Melo (diretora executiva)<br \/>\nMar\u00edlia Kayano (vice-diretora executiva)<\/p>\n<p><strong>Coordena\u00e7\u00e3o editorial do Dossi\u00ea Viol\u00eancia Sexual<\/strong><br \/>\nMarisa Sanematsu (diretora de conte\u00fados e editora-chefe do Instituto Patr\u00edcia Galv\u00e3o)<\/p>\n<p><strong>Concep\u00e7\u00e3o de\u00a0comunica\u00e7\u00e3o digital e conte\u00fados<\/strong><br \/>\nD\u00e9bora Prado<br \/>\nEliane Barros<br \/>\nMarisa Sanematsu<\/p>\n<p><strong>Consultoria<\/strong><br \/>\nSilvia Chakian de Toledo Santos<\/p>\n<p><strong>Infografia<\/strong><br \/>\nTainara Nagot<\/p>\n<p><strong>Projeto gr\u00e1fico e desenvolvimento web<\/strong><br \/>\nLevante<\/p>\n<p><strong>Web<\/strong><br \/>\n<span style=\"color: #333333;\">Conceitua\u00e7\u00e3o e layouts: Luciana Shiose, Amanda Moraes e Leonardo Bavaresco<\/span><br \/>\nIlustra\u00e7\u00f5es: Banco de imagens\/Shutterstock | Manipula\u00e7\u00e3o: Luciana Shiose e Amanda Moraes<br \/>\nPrograma\u00e7\u00e3o frontend e\u00a0Programa\u00e7\u00e3o backend: Leonardo Araujo e Vitor Videira<\/p>\n<p><strong>Teaser<\/strong><br \/>\nRoteiro: Luciana Shiose e Leonardo Bavaresco<br \/>\nComposi\u00e7\u00f5es e anima\u00e7\u00e3o: Luciana Shiose<br \/>\nIlustra\u00e7\u00f5es: Banco de imagens\/Shutterstock | Manipula\u00e7\u00e3o: Luciana Shiose e Amanda Moraes<\/p>\n","protected":false},"excerpt":{"rendered":"<p>Realiza\u00e7\u00e3o Instituto Patr\u00edcia Galv\u00e3o \u2013 M\u00eddia e Direitos Apoio Secretaria Nacional de Pol\u00edticas para as Mulheres da Presid\u00eancia da Rep\u00fablica (atual Secretaria de Pol\u00edticas para as Mulheres do Minist\u00e9rio da Mulher, da Fam\u00edlia e dos Direitos Humanos) Por meio do Projeto \u201cAmplia\u00e7\u00e3o, contextualiza\u00e7\u00e3o e aprofundamento do debate p\u00fablico sobre as formas mais graves e extremas [&hellip;]<\/p>\n","protected":false},"author":1,"featured_media":0,"parent":0,"menu_order":0,"comment_status":"closed","ping_status":"closed","template":"page-institucional.php","meta":{"footnotes":""},"categories":[],"class_list":["post-283","page","type-page","status-publish","hentry"],"yoast_head":"<!-- This site is optimized with the Yoast SEO plugin v26.3 - https:\/\/yoast.com\/wordpress\/plugins\/seo\/ -->\n<title>Cr\u00e9ditos - Viol\u00eancia Sexual<\/title>\n<meta name=\"robots\" content=\"index, follow, max-snippet:-1, max-image-preview:large, max-video-preview:-1\" \/>\n<link rel=\"canonical\" href=\"https:\/\/dossies.agenciapatriciagalvao.org.br\/violencia-sexual\/credito\/\" \/>\n<meta property=\"og:locale\" content=\"pt_BR\" \/>\n<meta property=\"og:type\" content=\"article\" \/>\n<meta property=\"og:title\" content=\"Cr\u00e9ditos - Viol\u00eancia Sexual\" \/>\n<meta property=\"og:description\" content=\"Realiza\u00e7\u00e3o Instituto Patr\u00edcia Galv\u00e3o \u2013 M\u00eddia e Direitos Apoio Secretaria Nacional de Pol\u00edticas para as Mulheres da Presid\u00eancia da Rep\u00fablica (atual Secretaria de Pol\u00edticas para as Mulheres do Minist\u00e9rio da Mulher, da Fam\u00edlia e dos Direitos Humanos) Por meio do Projeto \u201cAmplia\u00e7\u00e3o, contextualiza\u00e7\u00e3o e aprofundamento do debate p\u00fablico sobre as formas mais graves e extremas [&hellip;]\" \/>\n<meta property=\"og:url\" content=\"https:\/\/dossies.agenciapatriciagalvao.org.br\/violencia-sexual\/credito\/\" \/>\n<meta property=\"og:site_name\" content=\"Viol\u00eancia Sexual\" \/>\n<meta property=\"article:modified_time\" content=\"2019-11-26T19:58:10+00:00\" \/>\n<meta name=\"twitter:card\" content=\"summary_large_image\" \/>\n<meta name=\"twitter:label1\" content=\"Est. tempo de leitura\" \/>\n\t<meta name=\"twitter:data1\" content=\"1 minuto\" \/>\n<script type=\"application\/ld+json\" class=\"yoast-schema-graph\">{\"@context\":\"https:\/\/schema.org\",\"@graph\":[{\"@type\":\"WebPage\",\"@id\":\"https:\/\/dossies.agenciapatriciagalvao.org.br\/violencia-sexual\/credito\/\",\"url\":\"https:\/\/dossies.agenciapatriciagalvao.org.br\/violencia-sexual\/credito\/\",\"name\":\"Cr\u00e9ditos - Viol\u00eancia Sexual\",\"isPartOf\":{\"@id\":\"https:\/\/dossies.agenciapatriciagalvao.org.br\/violencia-sexual\/#website\"},\"datePublished\":\"2019-07-11T07:44:33+00:00\",\"dateModified\":\"2019-11-26T19:58:10+00:00\",\"inLanguage\":\"pt-BR\",\"potentialAction\":[{\"@type\":\"ReadAction\",\"target\":[\"https:\/\/dossies.agenciapatriciagalvao.org.br\/violencia-sexual\/credito\/\"]}]},{\"@type\":\"WebSite\",\"@id\":\"https:\/\/dossies.agenciapatriciagalvao.org.br\/violencia-sexual\/#website\",\"url\":\"https:\/\/dossies.agenciapatriciagalvao.org.br\/violencia-sexual\/\",\"name\":\"Viol\u00eancia Sexual\",\"description\":\"&lt;strong&gt;Dossi\u00ea Viol\u00eancia Sexual&lt;\/strong&gt; traz informa\u00e7\u00f5es e orienta\u00e7\u00f5es sobre as diversas formas de ass\u00e9dio sexual e de viol\u00eancia de g\u00eanero online, al\u00e9m de estupro. A proposta da plataforma \u00e9 ser um suporte tanto para quem foi v\u00edtima como para quem quer apoiar uma mulher que passou por essas viol\u00eancias.As especialistas consultadas refor\u00e7am que \u00e9 necess\u00e1rio dar um basta no julgamento moral, na culpabiliza\u00e7\u00e3o e na revitimiza\u00e7\u00e3o das mulheres. &lt;strong&gt;A culpa nunca \u00e9 da v\u00edtima.&lt;\/strong&gt;\",\"potentialAction\":[{\"@type\":\"SearchAction\",\"target\":{\"@type\":\"EntryPoint\",\"urlTemplate\":\"https:\/\/dossies.agenciapatriciagalvao.org.br\/violencia-sexual\/?s={search_term_string}\"},\"query-input\":{\"@type\":\"PropertyValueSpecification\",\"valueRequired\":true,\"valueName\":\"search_term_string\"}}],\"inLanguage\":\"pt-BR\"}]}<\/script>\n<!-- \/ Yoast SEO plugin. -->","yoast_head_json":{"title":"Cr\u00e9ditos - Viol\u00eancia Sexual","robots":{"index":"index","follow":"follow","max-snippet":"max-snippet:-1","max-image-preview":"max-image-preview:large","max-video-preview":"max-video-preview:-1"},"canonical":"https:\/\/dossies.agenciapatriciagalvao.org.br\/violencia-sexual\/credito\/","og_locale":"pt_BR","og_type":"article","og_title":"Cr\u00e9ditos - Viol\u00eancia Sexual","og_description":"Realiza\u00e7\u00e3o Instituto Patr\u00edcia Galv\u00e3o \u2013 M\u00eddia e Direitos Apoio Secretaria Nacional de Pol\u00edticas para as Mulheres da Presid\u00eancia da Rep\u00fablica (atual Secretaria de Pol\u00edticas para as Mulheres do Minist\u00e9rio da Mulher, da Fam\u00edlia e dos Direitos Humanos) Por meio do Projeto \u201cAmplia\u00e7\u00e3o, contextualiza\u00e7\u00e3o e aprofundamento do debate p\u00fablico sobre as formas mais graves e extremas [&hellip;]","og_url":"https:\/\/dossies.agenciapatriciagalvao.org.br\/violencia-sexual\/credito\/","og_site_name":"Viol\u00eancia Sexual","article_modified_time":"2019-11-26T19:58:10+00:00","twitter_card":"summary_large_image","twitter_misc":{"Est. tempo de leitura":"1 minuto"},"schema":{"@context":"https:\/\/schema.org","@graph":[{"@type":"WebPage","@id":"https:\/\/dossies.agenciapatriciagalvao.org.br\/violencia-sexual\/credito\/","url":"https:\/\/dossies.agenciapatriciagalvao.org.br\/violencia-sexual\/credito\/","name":"Cr\u00e9ditos - Viol\u00eancia Sexual","isPartOf":{"@id":"https:\/\/dossies.agenciapatriciagalvao.org.br\/violencia-sexual\/#website"},"datePublished":"2019-07-11T07:44:33+00:00","dateModified":"2019-11-26T19:58:10+00:00","inLanguage":"pt-BR","potentialAction":[{"@type":"ReadAction","target":["https:\/\/dossies.agenciapatriciagalvao.org.br\/violencia-sexual\/credito\/"]}]},{"@type":"WebSite","@id":"https:\/\/dossies.agenciapatriciagalvao.org.br\/violencia-sexual\/#website","url":"https:\/\/dossies.agenciapatriciagalvao.org.br\/violencia-sexual\/","name":"Viol\u00eancia Sexual","description":"&lt;strong&gt;Dossi\u00ea Viol\u00eancia Sexual&lt;\/strong&gt; traz informa\u00e7\u00f5es e orienta\u00e7\u00f5es sobre as diversas formas de ass\u00e9dio sexual e de viol\u00eancia de g\u00eanero online, al\u00e9m de estupro. A proposta da plataforma \u00e9 ser um suporte tanto para quem foi v\u00edtima como para quem quer apoiar uma mulher que passou por essas viol\u00eancias.As especialistas consultadas refor\u00e7am que \u00e9 necess\u00e1rio dar um basta no julgamento moral, na culpabiliza\u00e7\u00e3o e na revitimiza\u00e7\u00e3o das mulheres. &lt;strong&gt;A culpa nunca \u00e9 da v\u00edtima.&lt;\/strong&gt;","potentialAction":[{"@type":"SearchAction","target":{"@type":"EntryPoint","urlTemplate":"https:\/\/dossies.agenciapatriciagalvao.org.br\/violencia-sexual\/?s={search_term_string}"},"query-input":{"@type":"PropertyValueSpecification","valueRequired":true,"valueName":"search_term_string"}}],"inLanguage":"pt-BR"}]}},"_links":{"self":[{"href":"https:\/\/dossies.agenciapatriciagalvao.org.br\/violencia-sexual\/wp-json\/wp\/v2\/pages\/283","targetHints":{"allow":["GET"]}}],"collection":[{"href":"https:\/\/dossies.agenciapatriciagalvao.org.br\/violencia-sexual\/wp-json\/wp\/v2\/pages"}],"about":[{"href":"https:\/\/dossies.agenciapatriciagalvao.org.br\/violencia-sexual\/wp-json\/wp\/v2\/types\/page"}],"author":[{"embeddable":true,"href":"https:\/\/dossies.agenciapatriciagalvao.org.br\/violencia-sexual\/wp-json\/wp\/v2\/users\/1"}],"replies":[{"embeddable":true,"href":"https:\/\/dossies.agenciapatriciagalvao.org.br\/violencia-sexual\/wp-json\/wp\/v2\/comments?post=283"}],"version-history":[{"count":5,"href":"https:\/\/dossies.agenciapatriciagalvao.org.br\/violencia-sexual\/wp-json\/wp\/v2\/pages\/283\/revisions"}],"predecessor-version":[{"id":821,"href":"https:\/\/dossies.agenciapatriciagalvao.org.br\/violencia-sexual\/wp-json\/wp\/v2\/pages\/283\/revisions\/821"}],"wp:attachment":[{"href":"https:\/\/dossies.agenciapatriciagalvao.org.br\/violencia-sexual\/wp-json\/wp\/v2\/media?parent=283"}],"wp:term":[{"taxonomy":"category","embeddable":true,"href":"https:\/\/dossies.agenciapatriciagalvao.org.br\/violencia-sexual\/wp-json\/wp\/v2\/categories?post=283"}],"curies":[{"name":"wp","href":"https:\/\/api.w.org\/{rel}","templated":true}]}}