
{"id":281,"date":"2019-07-11T04:44:08","date_gmt":"2019-07-11T07:44:08","guid":{"rendered":"http:\/\/dossies.agenciapatriciagalvao.localhost\/violencia-sexual\/?page_id=281"},"modified":"2021-05-07T12:33:42","modified_gmt":"2021-05-07T15:33:42","slug":"sobre-o-instituto-patricia-galvao","status":"publish","type":"page","link":"https:\/\/dossies.agenciapatriciagalvao.org.br\/violencia-sexual\/sobre-o-instituto-patricia-galvao\/","title":{"rendered":"Sobre o Instituto Patr\u00edcia Galv\u00e3o"},"content":{"rendered":"<div class=\"c-text__excerpt\" role=\"article\">\n<p>&nbsp;<\/p>\n<p style=\"text-align: left;\">Fundado em 2001, o <em>Instituto Patr\u00edcia Galv\u00e3o \u2013 M\u00eddia e Direitos<\/em> \u00e9 uma organiza\u00e7\u00e3o social sem fins lucrativos que atua nos campos dos direitos das mulheres e da comunica\u00e7\u00e3o. Sua miss\u00e3o \u00e9 contribuir para a qualifica\u00e7\u00e3o do debate p\u00fablico sobre quest\u00f5es cr\u00edticas para as mulheres no Brasil, a partir da produ\u00e7\u00e3o de dossi\u00eas, sugest\u00f5es de pautas para a imprensa e mobiliza\u00e7\u00e3o de m\u00eddias sociais, al\u00e9m da realiza\u00e7\u00e3o de pesquisas de opini\u00e3o, eventos e campanhas para fomentar a reflex\u00e3o social e demandar respostas do Estado e\/ou mudan\u00e7as na sociedade e na m\u00eddia.<\/p>\n<h4 style=\"text-align: left;\"><strong><em>Conhe\u00e7a algumas frentes de a\u00e7\u00e3o do Instituto:<\/em><\/strong><\/h4>\n<ul>\n<li>Produ\u00e7\u00e3o de dossi\u00eas especiais, mat\u00e9rias jornal\u00edsticas,\u00a0pautas, informativos\u00a0e publica\u00e7\u00f5es\u00a0especiais impressas e online, disponibilizando dados e informa\u00e7\u00f5es atualizados e confi\u00e1veis sobre temas relevante dos direitos das mulheres, como viol\u00eancia sexual contra mulheres, feminic\u00eddio, mulheres na pol\u00edtica, representa\u00e7\u00e3o da imagem da mulher na m\u00eddia;<\/li>\n<li>Monitoramento e an\u00e1lise da cobertura da imprensa\u00a0sobre temas que envolvem os direitos das mulheres;<\/li>\n<li>Realiza\u00e7\u00e3o de\u00a0<a href=\"https:\/\/agenciapatriciagalvao.org.br\/category\/institucional\/pesquisas\/\" target=\"_blank\" rel=\"noopener\">pesquisas de opini\u00e3o p\u00fablica<\/a>\u00a0qualitativas e quantitativas acerca de um determinado fen\u00f4meno ou situa\u00e7\u00e3o cr\u00edtica que atinge as mulheres na sua condi\u00e7\u00e3o de desigualdade de g\u00eanero;<\/li>\n<li>Realiza\u00e7\u00e3o de eventos de debate e reflex\u00e3o\u00a0sobre temas cr\u00edticos para as mulheres, e promo\u00e7\u00e3o de oficinas e cursos de media training para\u00a0especialistas e lideran\u00e7as sociais.<\/li>\n<\/ul>\n<p><a href=\"https:\/\/agenciapatriciagalvao.org.br\/memoria-de-acoes-e-projetos\/\" target=\"_blank\" rel=\"noopener\"><em>Clique aqui para conhecer todas as nossas a\u00e7\u00f5es<\/em><\/a><\/p>\n<p>&nbsp;<\/p>\n<h2 style=\"text-align: center;\">SUPORTE EDITORIAL: BANCO DE FONTES E DE INFORMA\u00c7\u00d5ES ONLINE<\/h2>\n<p>&nbsp;<\/p>\n<p>O Instituto Patr\u00edcia Galv\u00e3o disponibiliza v\u00e1rias ferramentas de suporte editorial online que re\u00fanem informa\u00e7\u00f5es, estat\u00edsticas e fontes sobre a viol\u00eancia de g\u00eanero no Brasil:<\/p>\n<ul>\n<li><span style=\"color: #333333;\"><a style=\"color: #333333;\" href=\"http:\/\/agenciapatriciagalvao.org.br\/\" target=\"_blank\" rel=\"noopener\"><strong>Ag\u00eancia Patr\u00edcia Galv\u00e3o<\/strong><\/a> <\/span><span style=\"color: #333399;\"><span style=\"color: #000000;\">\u2013<\/span><\/span>\u00a0uma ferramenta na web para divulga\u00e7\u00e3o de not\u00edcias e di\u00e1logo com diferentes interlocutores da \u00e1rea da comunica\u00e7\u00e3o voltada a assegurar espa\u00e7o para a promo\u00e7\u00e3o dos direitos das mulheres na m\u00eddia.<\/li>\n<li><span style=\"color: #000000;\"><a style=\"color: #000000;\" href=\"https:\/\/dossies.agenciapatriciagalvao.org.br\/violencia\/\" target=\"_blank\" rel=\"noopener\"><span style=\"color: #333399;\"><strong><span style=\"color: #333333;\">Dossi\u00ea Viol\u00eancia contra as Mulheres<\/span><\/strong><\/span><\/a><\/span> <span style=\"color: #333399;\"><span style=\"color: #000000;\">\u2013<\/span><\/span>\u00a0dados e informa\u00e7\u00f5es de especialistas sobre: viol\u00eancia dom\u00e9stica e familiar, viol\u00eancia sexual, feminic\u00eddio, viol\u00eancia de g\u00eanero na internet, viol\u00eancia contra mulheres l\u00e9sbicas, bi e trans e viol\u00eancia e racismo;<\/li>\n<li><span style=\"color: #000000;\"><span style=\"color: #333333;\"><strong><a style=\"color: #333333;\" href=\"https:\/\/dossies.agenciapatriciagalvao.org.br\/feminicidio\/\" target=\"_blank\" rel=\"noopener\">Dossi\u00ea Feminic\u00eddio #InvisibilidadeMata<\/a>\u00a0<\/strong><\/span>\u2013 com\u00a0dados e informa\u00e7\u00f5es sobre\u00a0<\/span>o que \u00e9 feminic\u00eddio, como evitar as \u2018mortes anunciadas\u2019 e o papel da imprensa nesse enfrentamento;<\/li>\n<li><span style=\"color: #000000;\"><a style=\"color: #000000;\" href=\"https:\/\/dossies.agenciapatriciagalvao.org.br\/violencia-em-dados\/\" target=\"_blank\" rel=\"noopener\"><span style=\"color: #333399;\"><strong><span style=\"color: #333333;\">Plataforma Viol\u00eancia Contra as Mulheres em Dados<\/span><\/strong><\/span><\/a><\/span><span style=\"color: #333399;\">\u00a0<\/span>\u2013 disponibiliza pesquisas, dados e infogr\u00e1ficos sobre viol\u00eancia dom\u00e9stica, sexual e online, feminic\u00eddio e a intersec\u00e7\u00e3o com o racismo e a LBTTQIfobia;<\/li>\n<li><span style=\"color: #000000;\"><a style=\"color: #000000;\" href=\"https:\/\/dossies.agenciapatriciagalvao.org.br\/dados-e-fontes\/fontes\/\" target=\"_blank\" rel=\"noopener\"><span style=\"color: #333399;\"><strong><span style=\"color: #333333;\">Banco de fontes especializadas<\/span><\/strong><\/span><\/a><span style=\"color: #333333;\"> <span style=\"color: #333399;\">\u2013<\/span><\/span>\u00a0um banco de contatos com fontes qualificadas de diversas \u00e1reas de atua\u00e7\u00e3o e do conhecimento para a produ\u00e7\u00e3o de reportagens sobre a viol\u00eancia contra as mulheres;<\/span><\/li>\n<li><span style=\"color: #333333;\"><strong><a style=\"color: #333333;\" href=\"https:\/\/dossies.agenciapatriciagalvao.org.br\/dados-e-fontes\/pesquisas\/\" target=\"_blank\" rel=\"noopener\">Banco de pesquisas sobre a viol\u00eancia contra as mulheres no Brasil\u00a0<\/a><\/strong><\/span><span style=\"color: #333399;\">\u2013\u00a0<\/span><span style=\"color: #000000;\">uma compila\u00e7\u00e3o das principais pesquisas sobre viol\u00eancia de g\u00eanero no pa\u00eds, que informam os registros oficiais e a percep\u00e7\u00e3o da sociedade sobre o problema.<\/span><\/li>\n<\/ul>\n<\/div>\n<div class=\" c-text__content\" role=\"article\">\n<h4><em><strong>Equipe:<\/strong><\/em><\/h4>\n<p><strong>Diretora executiva<\/strong><br \/>\nJacira Vieira de Melo<\/p>\n<p><strong>Vice diretora executiva<\/strong><br \/>\nMarilia Kayano<\/p>\n<p><strong>Coordenadora administrativa e financeira<\/strong><br \/>\nMarilene Oliveira<\/p>\n<p><strong>Diretora de conte\u00fados e editora-chefe<\/strong><br \/>\nMarisa Sanematsu<\/p>\n<p><strong>Editora de conte\u00fados<\/strong><br \/>\nEliane Barros<\/p>\n<p><strong>Assistente de comunica\u00e7\u00e3o<\/strong><br \/>\nTainara Nagot<\/p>\n<p>&nbsp;<\/p>\n<h4><em>Contato<\/em><\/h4>\n<p>Para solicitar entrevista com representantes da organiza\u00e7\u00e3o ou pedir indica\u00e7\u00e3o de fontes especializadas, entre em contato com a assessoria de imprensa do Instituto: (11) 3262-2452 \/ (11) 3266-5434. Hor\u00e1rio de atendimento das 10h \u00e0s 17h30.<\/p>\n<\/div>\n","protected":false},"excerpt":{"rendered":"<p>&nbsp; Fundado em 2001, o Instituto Patr\u00edcia Galv\u00e3o \u2013 M\u00eddia e Direitos \u00e9 uma organiza\u00e7\u00e3o social sem fins lucrativos que atua nos campos dos direitos das mulheres e da comunica\u00e7\u00e3o. Sua miss\u00e3o \u00e9 contribuir para a qualifica\u00e7\u00e3o do debate p\u00fablico sobre quest\u00f5es cr\u00edticas para as mulheres no Brasil, a partir da produ\u00e7\u00e3o de dossi\u00eas, sugest\u00f5es [&hellip;]<\/p>\n","protected":false},"author":1,"featured_media":0,"parent":0,"menu_order":0,"comment_status":"closed","ping_status":"closed","template":"page-institucional.php","meta":{"footnotes":""},"categories":[],"class_list":["post-281","page","type-page","status-publish","hentry"],"yoast_head":"<!-- This site is optimized with the Yoast SEO plugin v26.3 - https:\/\/yoast.com\/wordpress\/plugins\/seo\/ -->\n<title>Sobre o Instituto Patr\u00edcia Galv\u00e3o - Viol\u00eancia Sexual<\/title>\n<meta name=\"robots\" content=\"index, follow, max-snippet:-1, max-image-preview:large, max-video-preview:-1\" \/>\n<link rel=\"canonical\" href=\"https:\/\/dossies.agenciapatriciagalvao.org.br\/violencia-sexual\/sobre-o-instituto-patricia-galvao\/\" \/>\n<meta property=\"og:locale\" content=\"pt_BR\" \/>\n<meta property=\"og:type\" content=\"article\" \/>\n<meta property=\"og:title\" content=\"Sobre o Instituto Patr\u00edcia Galv\u00e3o - Viol\u00eancia Sexual\" \/>\n<meta property=\"og:description\" content=\"&nbsp; Fundado em 2001, o Instituto Patr\u00edcia Galv\u00e3o \u2013 M\u00eddia e Direitos \u00e9 uma organiza\u00e7\u00e3o social sem fins lucrativos que atua nos campos dos direitos das mulheres e da comunica\u00e7\u00e3o. Sua miss\u00e3o \u00e9 contribuir para a qualifica\u00e7\u00e3o do debate p\u00fablico sobre quest\u00f5es cr\u00edticas para as mulheres no Brasil, a partir da produ\u00e7\u00e3o de dossi\u00eas, sugest\u00f5es [&hellip;]\" \/>\n<meta property=\"og:url\" content=\"https:\/\/dossies.agenciapatriciagalvao.org.br\/violencia-sexual\/sobre-o-instituto-patricia-galvao\/\" \/>\n<meta property=\"og:site_name\" content=\"Viol\u00eancia Sexual\" \/>\n<meta property=\"article:modified_time\" content=\"2021-05-07T15:33:42+00:00\" \/>\n<meta name=\"twitter:card\" content=\"summary_large_image\" \/>\n<meta name=\"twitter:label1\" content=\"Est. tempo de leitura\" \/>\n\t<meta name=\"twitter:data1\" content=\"3 minutos\" \/>\n<script type=\"application\/ld+json\" class=\"yoast-schema-graph\">{\"@context\":\"https:\/\/schema.org\",\"@graph\":[{\"@type\":\"WebPage\",\"@id\":\"https:\/\/dossies.agenciapatriciagalvao.org.br\/violencia-sexual\/sobre-o-instituto-patricia-galvao\/\",\"url\":\"https:\/\/dossies.agenciapatriciagalvao.org.br\/violencia-sexual\/sobre-o-instituto-patricia-galvao\/\",\"name\":\"Sobre o Instituto Patr\u00edcia Galv\u00e3o - Viol\u00eancia Sexual\",\"isPartOf\":{\"@id\":\"https:\/\/dossies.agenciapatriciagalvao.org.br\/violencia-sexual\/#website\"},\"datePublished\":\"2019-07-11T07:44:08+00:00\",\"dateModified\":\"2021-05-07T15:33:42+00:00\",\"inLanguage\":\"pt-BR\",\"potentialAction\":[{\"@type\":\"ReadAction\",\"target\":[\"https:\/\/dossies.agenciapatriciagalvao.org.br\/violencia-sexual\/sobre-o-instituto-patricia-galvao\/\"]}]},{\"@type\":\"WebSite\",\"@id\":\"https:\/\/dossies.agenciapatriciagalvao.org.br\/violencia-sexual\/#website\",\"url\":\"https:\/\/dossies.agenciapatriciagalvao.org.br\/violencia-sexual\/\",\"name\":\"Viol\u00eancia Sexual\",\"description\":\"&lt;strong&gt;Dossi\u00ea Viol\u00eancia Sexual&lt;\/strong&gt; traz informa\u00e7\u00f5es e orienta\u00e7\u00f5es sobre as diversas formas de ass\u00e9dio sexual e de viol\u00eancia de g\u00eanero online, al\u00e9m de estupro. A proposta da plataforma \u00e9 ser um suporte tanto para quem foi v\u00edtima como para quem quer apoiar uma mulher que passou por essas viol\u00eancias.As especialistas consultadas refor\u00e7am que \u00e9 necess\u00e1rio dar um basta no julgamento moral, na culpabiliza\u00e7\u00e3o e na revitimiza\u00e7\u00e3o das mulheres. &lt;strong&gt;A culpa nunca \u00e9 da v\u00edtima.&lt;\/strong&gt;\",\"potentialAction\":[{\"@type\":\"SearchAction\",\"target\":{\"@type\":\"EntryPoint\",\"urlTemplate\":\"https:\/\/dossies.agenciapatriciagalvao.org.br\/violencia-sexual\/?s={search_term_string}\"},\"query-input\":{\"@type\":\"PropertyValueSpecification\",\"valueRequired\":true,\"valueName\":\"search_term_string\"}}],\"inLanguage\":\"pt-BR\"}]}<\/script>\n<!-- \/ Yoast SEO plugin. -->","yoast_head_json":{"title":"Sobre o Instituto Patr\u00edcia Galv\u00e3o - Viol\u00eancia Sexual","robots":{"index":"index","follow":"follow","max-snippet":"max-snippet:-1","max-image-preview":"max-image-preview:large","max-video-preview":"max-video-preview:-1"},"canonical":"https:\/\/dossies.agenciapatriciagalvao.org.br\/violencia-sexual\/sobre-o-instituto-patricia-galvao\/","og_locale":"pt_BR","og_type":"article","og_title":"Sobre o Instituto Patr\u00edcia Galv\u00e3o - Viol\u00eancia Sexual","og_description":"&nbsp; Fundado em 2001, o Instituto Patr\u00edcia Galv\u00e3o \u2013 M\u00eddia e Direitos \u00e9 uma organiza\u00e7\u00e3o social sem fins lucrativos que atua nos campos dos direitos das mulheres e da comunica\u00e7\u00e3o. Sua miss\u00e3o \u00e9 contribuir para a qualifica\u00e7\u00e3o do debate p\u00fablico sobre quest\u00f5es cr\u00edticas para as mulheres no Brasil, a partir da produ\u00e7\u00e3o de dossi\u00eas, sugest\u00f5es [&hellip;]","og_url":"https:\/\/dossies.agenciapatriciagalvao.org.br\/violencia-sexual\/sobre-o-instituto-patricia-galvao\/","og_site_name":"Viol\u00eancia Sexual","article_modified_time":"2021-05-07T15:33:42+00:00","twitter_card":"summary_large_image","twitter_misc":{"Est. tempo de leitura":"3 minutos"},"schema":{"@context":"https:\/\/schema.org","@graph":[{"@type":"WebPage","@id":"https:\/\/dossies.agenciapatriciagalvao.org.br\/violencia-sexual\/sobre-o-instituto-patricia-galvao\/","url":"https:\/\/dossies.agenciapatriciagalvao.org.br\/violencia-sexual\/sobre-o-instituto-patricia-galvao\/","name":"Sobre o Instituto Patr\u00edcia Galv\u00e3o - Viol\u00eancia Sexual","isPartOf":{"@id":"https:\/\/dossies.agenciapatriciagalvao.org.br\/violencia-sexual\/#website"},"datePublished":"2019-07-11T07:44:08+00:00","dateModified":"2021-05-07T15:33:42+00:00","inLanguage":"pt-BR","potentialAction":[{"@type":"ReadAction","target":["https:\/\/dossies.agenciapatriciagalvao.org.br\/violencia-sexual\/sobre-o-instituto-patricia-galvao\/"]}]},{"@type":"WebSite","@id":"https:\/\/dossies.agenciapatriciagalvao.org.br\/violencia-sexual\/#website","url":"https:\/\/dossies.agenciapatriciagalvao.org.br\/violencia-sexual\/","name":"Viol\u00eancia Sexual","description":"&lt;strong&gt;Dossi\u00ea Viol\u00eancia Sexual&lt;\/strong&gt; traz informa\u00e7\u00f5es e orienta\u00e7\u00f5es sobre as diversas formas de ass\u00e9dio sexual e de viol\u00eancia de g\u00eanero online, al\u00e9m de estupro. A proposta da plataforma \u00e9 ser um suporte tanto para quem foi v\u00edtima como para quem quer apoiar uma mulher que passou por essas viol\u00eancias.As especialistas consultadas refor\u00e7am que \u00e9 necess\u00e1rio dar um basta no julgamento moral, na culpabiliza\u00e7\u00e3o e na revitimiza\u00e7\u00e3o das mulheres. &lt;strong&gt;A culpa nunca \u00e9 da v\u00edtima.&lt;\/strong&gt;","potentialAction":[{"@type":"SearchAction","target":{"@type":"EntryPoint","urlTemplate":"https:\/\/dossies.agenciapatriciagalvao.org.br\/violencia-sexual\/?s={search_term_string}"},"query-input":{"@type":"PropertyValueSpecification","valueRequired":true,"valueName":"search_term_string"}}],"inLanguage":"pt-BR"}]}},"_links":{"self":[{"href":"https:\/\/dossies.agenciapatriciagalvao.org.br\/violencia-sexual\/wp-json\/wp\/v2\/pages\/281","targetHints":{"allow":["GET"]}}],"collection":[{"href":"https:\/\/dossies.agenciapatriciagalvao.org.br\/violencia-sexual\/wp-json\/wp\/v2\/pages"}],"about":[{"href":"https:\/\/dossies.agenciapatriciagalvao.org.br\/violencia-sexual\/wp-json\/wp\/v2\/types\/page"}],"author":[{"embeddable":true,"href":"https:\/\/dossies.agenciapatriciagalvao.org.br\/violencia-sexual\/wp-json\/wp\/v2\/users\/1"}],"replies":[{"embeddable":true,"href":"https:\/\/dossies.agenciapatriciagalvao.org.br\/violencia-sexual\/wp-json\/wp\/v2\/comments?post=281"}],"version-history":[{"count":4,"href":"https:\/\/dossies.agenciapatriciagalvao.org.br\/violencia-sexual\/wp-json\/wp\/v2\/pages\/281\/revisions"}],"predecessor-version":[{"id":925,"href":"https:\/\/dossies.agenciapatriciagalvao.org.br\/violencia-sexual\/wp-json\/wp\/v2\/pages\/281\/revisions\/925"}],"wp:attachment":[{"href":"https:\/\/dossies.agenciapatriciagalvao.org.br\/violencia-sexual\/wp-json\/wp\/v2\/media?parent=281"}],"wp:term":[{"taxonomy":"category","embeddable":true,"href":"https:\/\/dossies.agenciapatriciagalvao.org.br\/violencia-sexual\/wp-json\/wp\/v2\/categories?post=281"}],"curies":[{"name":"wp","href":"https:\/\/api.w.org\/{rel}","templated":true}]}}