
{"id":194,"date":"2019-07-08T08:55:37","date_gmt":"2019-07-08T11:55:37","guid":{"rendered":"http:\/\/dossies.agenciapatriciagalvao.localhost\/violencia-sexual\/?page_id=194"},"modified":"2019-11-21T18:24:44","modified_gmt":"2019-11-21T21:24:44","slug":"sou-vitima","status":"publish","type":"page","link":"https:\/\/dossies.agenciapatriciagalvao.org.br\/violencia-sexual\/sou-vitima\/","title":{"rendered":"Sou uma v\u00edtima"},"content":{"rendered":"<p>N\u00f3s, mulheres, somos submetidas diariamente a diversas formas de viol\u00eancia sexual e \u00e9 importante ressaltar que isso acontece em raz\u00e3o das desigualdades que nos atingem e jamais por causa do nosso comportamento. Por isso, caso voc\u00ea tenha sido v\u00edtima de ass\u00e9dio, estupro ou de qualquer forma de viol\u00eancia de g\u00eanero online, n\u00e3o se culpe ou se responsabilize. Voc\u00ea n\u00e3o \u00e9 e nunca ser\u00e1 respons\u00e1vel pela viol\u00eancia que sofreu. A culpa \u00e9 do agressor e nunca da v\u00edtima.<\/p>\n<p>Para n\u00e3o se sentir sozinha nesse momento, o primeiro passo \u00e9 buscar o apoio de pessoas de confian\u00e7a, com quem voc\u00ea possa compartilhar sua situa\u00e7\u00e3o, que \u00e9 de bastante vulnerabilidade. Voc\u00ea pode escolher dividir esse momento com amigas\/os e familiares, assim como procurar redes de psic\u00f3logas, assistentes sociais e advogadas que oferecem apoio \u00e0s mulheres v\u00edtimas de viol\u00eancia. \u00c9 comum sentir vergonha e medo em algumas situa\u00e7\u00f5es de viol\u00eancia e, se voc\u00ea tiver dificuldades de falar com conhecidos que possam lhe dar apoio, busque profissionais capacitados para lidar com essas situa\u00e7\u00f5es <em>(consulte <a href=\"https:\/\/dossies.agenciapatriciagalvao.org.br\/violencia-sexual\/direitos-e-servicos\/\" target=\"_blank\" rel=\"noopener\">aqui<\/a> algumas organiza\u00e7\u00f5es que oferecem suporte)<\/em>. Na se\u00e7\u00e3o <em>&#8220;D\u00ea suporte \u2013 conhe\u00e7o uma v\u00edtima&#8221;<\/em>\u00a0reunimos tamb\u00e9m algumas informa\u00e7\u00f5es para as pessoas que querem apoiar algu\u00e9m em uma situa\u00e7\u00e3o de viol\u00eancia (<a href=\"https:\/\/dossies.agenciapatriciagalvao.org.br\/violencia-sexual\/como-ajudar\/\" target=\"_blank\" rel=\"noopener\"><em>consulte a se\u00e7\u00e3o<\/em><\/a>).<\/p>\n<p>Acionando o servi\u00e7o Ligue 180 <em>\u2013\u00a0<\/em><em>Central de Atendimento \u00e0 Mulher<\/em>, que recebe liga\u00e7\u00f5es telef\u00f4nicas gratuitas de todo o pa\u00eds, de forma confidencial, voc\u00ea pode receber orienta\u00e7\u00f5es sobre direitos e informa\u00e7\u00f5es sobre a rede de servi\u00e7os p\u00fablicos dispon\u00edveis em seu munic\u00edpio. O Ligue 180 tamb\u00e9m funciona como um canal de den\u00fancia, encaminhando os casos aos \u00f3rg\u00e3os estaduais da Seguran\u00e7a P\u00fablica e do Minist\u00e9rio P\u00fablico.<\/p>\n<p>A den\u00fancia de uma viol\u00eancia sexual pode ser feita em qualquer delegacia de pol\u00edcia civil, sendo as Delegacias Especializadas de Atendimento \u00e0 Mulher (DEAMs) e as Delegacias de Defesa da Mulher (DDMs) as principais portas de entrada dessas den\u00fancias. Entretanto, infelizmente ainda s\u00e3o poucos os munic\u00edpios brasileiros que contam com esse atendimento especializado. Por isso, \u00e9 importante ressaltar que toda delegacia, sendo ou n\u00e3o especializada no atendimento \u00e0 mulher, tem o dever de registrar a den\u00fancia e instaurar um inqu\u00e9rito policial para dar in\u00edcio \u00e0s investiga\u00e7\u00f5es e buscar a responsabiliza\u00e7\u00e3o do agressor.<\/p>\n<p>Caso voc\u00ea encontre resist\u00eancia ou sofra qualquer forma de discrimina\u00e7\u00e3o nos servi\u00e7os de Seguran\u00e7a P\u00fablica ou de Sa\u00fade, al\u00e9m de reclamar nas ouvidorias desses \u00f3rg\u00e3os, o Ligue 180 tamb\u00e9m pode ser acionado para encaminhar a reclama\u00e7\u00e3o para a Ouvidoria do governo federal.<\/p>\n<p>Confira tamb\u00e9m algumas orienta\u00e7\u00f5es em rela\u00e7\u00e3o a cada tipo de viol\u00eancia sexual. E nunca se esque\u00e7a: a culpa n\u00e3o \u00e9 sua e voc\u00ea n\u00e3o est\u00e1 sozinha!<\/p>\n","protected":false},"excerpt":{"rendered":"<p>N\u00f3s, mulheres, somos submetidas diariamente a diversas formas de viol\u00eancia sexual e \u00e9 importante ressaltar que isso acontece em raz\u00e3o das desigualdades que nos atingem e jamais por causa do nosso comportamento. Por isso, caso voc\u00ea tenha sido v\u00edtima de ass\u00e9dio, estupro ou de qualquer forma de viol\u00eancia de g\u00eanero online, n\u00e3o se culpe ou [&hellip;]<\/p>\n","protected":false},"author":1,"featured_media":404,"parent":0,"menu_order":0,"comment_status":"closed","ping_status":"closed","template":"archive-sou-vitima.php","meta":{"footnotes":""},"categories":[15],"class_list":["post-194","page","type-page","status-publish","has-post-thumbnail","hentry","category-sou-vitima"],"yoast_head":"<!-- This site is optimized with the Yoast SEO plugin v26.3 - https:\/\/yoast.com\/wordpress\/plugins\/seo\/ -->\n<title>Sou uma v\u00edtima - Viol\u00eancia Sexual<\/title>\n<meta name=\"robots\" content=\"index, follow, max-snippet:-1, max-image-preview:large, max-video-preview:-1\" \/>\n<link rel=\"canonical\" href=\"https:\/\/dossies.agenciapatriciagalvao.org.br\/violencia-sexual\/sou-vitima\/\" \/>\n<meta property=\"og:locale\" content=\"pt_BR\" \/>\n<meta property=\"og:type\" content=\"article\" \/>\n<meta property=\"og:title\" content=\"Sou uma v\u00edtima - Viol\u00eancia Sexual\" \/>\n<meta property=\"og:description\" content=\"N\u00f3s, mulheres, somos submetidas diariamente a diversas formas de viol\u00eancia sexual e \u00e9 importante ressaltar que isso acontece em raz\u00e3o das desigualdades que nos atingem e jamais por causa do nosso comportamento. Por isso, caso voc\u00ea tenha sido v\u00edtima de ass\u00e9dio, estupro ou de qualquer forma de viol\u00eancia de g\u00eanero online, n\u00e3o se culpe ou [&hellip;]\" \/>\n<meta property=\"og:url\" content=\"https:\/\/dossies.agenciapatriciagalvao.org.br\/violencia-sexual\/sou-vitima\/\" \/>\n<meta property=\"og:site_name\" content=\"Viol\u00eancia Sexual\" \/>\n<meta property=\"article:modified_time\" content=\"2019-11-21T21:24:44+00:00\" \/>\n<meta property=\"og:image\" content=\"https:\/\/dossies.agenciapatriciagalvao.org.br\/violencia-sexual\/wp-content\/uploads\/sites\/6\/2019\/07\/ajuda-sou-vitima.png\" \/>\n\t<meta property=\"og:image:width\" content=\"600\" \/>\n\t<meta property=\"og:image:height\" content=\"220\" \/>\n\t<meta property=\"og:image:type\" content=\"image\/png\" \/>\n<meta name=\"twitter:card\" content=\"summary_large_image\" \/>\n<meta name=\"twitter:label1\" content=\"Est. tempo de leitura\" \/>\n\t<meta name=\"twitter:data1\" content=\"2 minutos\" \/>\n<script type=\"application\/ld+json\" class=\"yoast-schema-graph\">{\"@context\":\"https:\/\/schema.org\",\"@graph\":[{\"@type\":\"WebPage\",\"@id\":\"https:\/\/dossies.agenciapatriciagalvao.org.br\/violencia-sexual\/sou-vitima\/\",\"url\":\"https:\/\/dossies.agenciapatriciagalvao.org.br\/violencia-sexual\/sou-vitima\/\",\"name\":\"Sou uma v\u00edtima - Viol\u00eancia Sexual\",\"isPartOf\":{\"@id\":\"https:\/\/dossies.agenciapatriciagalvao.org.br\/violencia-sexual\/#website\"},\"primaryImageOfPage\":{\"@id\":\"https:\/\/dossies.agenciapatriciagalvao.org.br\/violencia-sexual\/sou-vitima\/#primaryimage\"},\"image\":{\"@id\":\"https:\/\/dossies.agenciapatriciagalvao.org.br\/violencia-sexual\/sou-vitima\/#primaryimage\"},\"thumbnailUrl\":\"https:\/\/dossies.agenciapatriciagalvao.org.br\/violencia-sexual\/wp-content\/uploads\/sites\/6\/2019\/07\/ajuda-sou-vitima.png\",\"datePublished\":\"2019-07-08T11:55:37+00:00\",\"dateModified\":\"2019-11-21T21:24:44+00:00\",\"inLanguage\":\"pt-BR\",\"potentialAction\":[{\"@type\":\"ReadAction\",\"target\":[\"https:\/\/dossies.agenciapatriciagalvao.org.br\/violencia-sexual\/sou-vitima\/\"]}]},{\"@type\":\"ImageObject\",\"inLanguage\":\"pt-BR\",\"@id\":\"https:\/\/dossies.agenciapatriciagalvao.org.br\/violencia-sexual\/sou-vitima\/#primaryimage\",\"url\":\"https:\/\/dossies.agenciapatriciagalvao.org.br\/violencia-sexual\/wp-content\/uploads\/sites\/6\/2019\/07\/ajuda-sou-vitima.png\",\"contentUrl\":\"https:\/\/dossies.agenciapatriciagalvao.org.br\/violencia-sexual\/wp-content\/uploads\/sites\/6\/2019\/07\/ajuda-sou-vitima.png\",\"width\":600,\"height\":220},{\"@type\":\"WebSite\",\"@id\":\"https:\/\/dossies.agenciapatriciagalvao.org.br\/violencia-sexual\/#website\",\"url\":\"https:\/\/dossies.agenciapatriciagalvao.org.br\/violencia-sexual\/\",\"name\":\"Viol\u00eancia Sexual\",\"description\":\"&lt;strong&gt;Dossi\u00ea Viol\u00eancia Sexual&lt;\/strong&gt; traz informa\u00e7\u00f5es e orienta\u00e7\u00f5es sobre as diversas formas de ass\u00e9dio sexual e de viol\u00eancia de g\u00eanero online, al\u00e9m de estupro. A proposta da plataforma \u00e9 ser um suporte tanto para quem foi v\u00edtima como para quem quer apoiar uma mulher que passou por essas viol\u00eancias.As especialistas consultadas refor\u00e7am que \u00e9 necess\u00e1rio dar um basta no julgamento moral, na culpabiliza\u00e7\u00e3o e na revitimiza\u00e7\u00e3o das mulheres. &lt;strong&gt;A culpa nunca \u00e9 da v\u00edtima.&lt;\/strong&gt;\",\"potentialAction\":[{\"@type\":\"SearchAction\",\"target\":{\"@type\":\"EntryPoint\",\"urlTemplate\":\"https:\/\/dossies.agenciapatriciagalvao.org.br\/violencia-sexual\/?s={search_term_string}\"},\"query-input\":{\"@type\":\"PropertyValueSpecification\",\"valueRequired\":true,\"valueName\":\"search_term_string\"}}],\"inLanguage\":\"pt-BR\"}]}<\/script>\n<!-- \/ Yoast SEO plugin. -->","yoast_head_json":{"title":"Sou uma v\u00edtima - Viol\u00eancia Sexual","robots":{"index":"index","follow":"follow","max-snippet":"max-snippet:-1","max-image-preview":"max-image-preview:large","max-video-preview":"max-video-preview:-1"},"canonical":"https:\/\/dossies.agenciapatriciagalvao.org.br\/violencia-sexual\/sou-vitima\/","og_locale":"pt_BR","og_type":"article","og_title":"Sou uma v\u00edtima - Viol\u00eancia Sexual","og_description":"N\u00f3s, mulheres, somos submetidas diariamente a diversas formas de viol\u00eancia sexual e \u00e9 importante ressaltar que isso acontece em raz\u00e3o das desigualdades que nos atingem e jamais por causa do nosso comportamento. Por isso, caso voc\u00ea tenha sido v\u00edtima de ass\u00e9dio, estupro ou de qualquer forma de viol\u00eancia de g\u00eanero online, n\u00e3o se culpe ou [&hellip;]","og_url":"https:\/\/dossies.agenciapatriciagalvao.org.br\/violencia-sexual\/sou-vitima\/","og_site_name":"Viol\u00eancia Sexual","article_modified_time":"2019-11-21T21:24:44+00:00","og_image":[{"width":600,"height":220,"url":"https:\/\/dossies.agenciapatriciagalvao.org.br\/violencia-sexual\/wp-content\/uploads\/sites\/6\/2019\/07\/ajuda-sou-vitima.png","type":"image\/png"}],"twitter_card":"summary_large_image","twitter_misc":{"Est. tempo de leitura":"2 minutos"},"schema":{"@context":"https:\/\/schema.org","@graph":[{"@type":"WebPage","@id":"https:\/\/dossies.agenciapatriciagalvao.org.br\/violencia-sexual\/sou-vitima\/","url":"https:\/\/dossies.agenciapatriciagalvao.org.br\/violencia-sexual\/sou-vitima\/","name":"Sou uma v\u00edtima - Viol\u00eancia Sexual","isPartOf":{"@id":"https:\/\/dossies.agenciapatriciagalvao.org.br\/violencia-sexual\/#website"},"primaryImageOfPage":{"@id":"https:\/\/dossies.agenciapatriciagalvao.org.br\/violencia-sexual\/sou-vitima\/#primaryimage"},"image":{"@id":"https:\/\/dossies.agenciapatriciagalvao.org.br\/violencia-sexual\/sou-vitima\/#primaryimage"},"thumbnailUrl":"https:\/\/dossies.agenciapatriciagalvao.org.br\/violencia-sexual\/wp-content\/uploads\/sites\/6\/2019\/07\/ajuda-sou-vitima.png","datePublished":"2019-07-08T11:55:37+00:00","dateModified":"2019-11-21T21:24:44+00:00","inLanguage":"pt-BR","potentialAction":[{"@type":"ReadAction","target":["https:\/\/dossies.agenciapatriciagalvao.org.br\/violencia-sexual\/sou-vitima\/"]}]},{"@type":"ImageObject","inLanguage":"pt-BR","@id":"https:\/\/dossies.agenciapatriciagalvao.org.br\/violencia-sexual\/sou-vitima\/#primaryimage","url":"https:\/\/dossies.agenciapatriciagalvao.org.br\/violencia-sexual\/wp-content\/uploads\/sites\/6\/2019\/07\/ajuda-sou-vitima.png","contentUrl":"https:\/\/dossies.agenciapatriciagalvao.org.br\/violencia-sexual\/wp-content\/uploads\/sites\/6\/2019\/07\/ajuda-sou-vitima.png","width":600,"height":220},{"@type":"WebSite","@id":"https:\/\/dossies.agenciapatriciagalvao.org.br\/violencia-sexual\/#website","url":"https:\/\/dossies.agenciapatriciagalvao.org.br\/violencia-sexual\/","name":"Viol\u00eancia Sexual","description":"&lt;strong&gt;Dossi\u00ea Viol\u00eancia Sexual&lt;\/strong&gt; traz informa\u00e7\u00f5es e orienta\u00e7\u00f5es sobre as diversas formas de ass\u00e9dio sexual e de viol\u00eancia de g\u00eanero online, al\u00e9m de estupro. A proposta da plataforma \u00e9 ser um suporte tanto para quem foi v\u00edtima como para quem quer apoiar uma mulher que passou por essas viol\u00eancias.As especialistas consultadas refor\u00e7am que \u00e9 necess\u00e1rio dar um basta no julgamento moral, na culpabiliza\u00e7\u00e3o e na revitimiza\u00e7\u00e3o das mulheres. &lt;strong&gt;A culpa nunca \u00e9 da v\u00edtima.&lt;\/strong&gt;","potentialAction":[{"@type":"SearchAction","target":{"@type":"EntryPoint","urlTemplate":"https:\/\/dossies.agenciapatriciagalvao.org.br\/violencia-sexual\/?s={search_term_string}"},"query-input":{"@type":"PropertyValueSpecification","valueRequired":true,"valueName":"search_term_string"}}],"inLanguage":"pt-BR"}]}},"_links":{"self":[{"href":"https:\/\/dossies.agenciapatriciagalvao.org.br\/violencia-sexual\/wp-json\/wp\/v2\/pages\/194","targetHints":{"allow":["GET"]}}],"collection":[{"href":"https:\/\/dossies.agenciapatriciagalvao.org.br\/violencia-sexual\/wp-json\/wp\/v2\/pages"}],"about":[{"href":"https:\/\/dossies.agenciapatriciagalvao.org.br\/violencia-sexual\/wp-json\/wp\/v2\/types\/page"}],"author":[{"embeddable":true,"href":"https:\/\/dossies.agenciapatriciagalvao.org.br\/violencia-sexual\/wp-json\/wp\/v2\/users\/1"}],"replies":[{"embeddable":true,"href":"https:\/\/dossies.agenciapatriciagalvao.org.br\/violencia-sexual\/wp-json\/wp\/v2\/comments?post=194"}],"version-history":[{"count":4,"href":"https:\/\/dossies.agenciapatriciagalvao.org.br\/violencia-sexual\/wp-json\/wp\/v2\/pages\/194\/revisions"}],"predecessor-version":[{"id":765,"href":"https:\/\/dossies.agenciapatriciagalvao.org.br\/violencia-sexual\/wp-json\/wp\/v2\/pages\/194\/revisions\/765"}],"wp:featuredmedia":[{"embeddable":true,"href":"https:\/\/dossies.agenciapatriciagalvao.org.br\/violencia-sexual\/wp-json\/wp\/v2\/media\/404"}],"wp:attachment":[{"href":"https:\/\/dossies.agenciapatriciagalvao.org.br\/violencia-sexual\/wp-json\/wp\/v2\/media?parent=194"}],"wp:term":[{"taxonomy":"category","embeddable":true,"href":"https:\/\/dossies.agenciapatriciagalvao.org.br\/violencia-sexual\/wp-json\/wp\/v2\/categories?post=194"}],"curies":[{"name":"wp","href":"https:\/\/api.w.org\/{rel}","templated":true}]}}