
{"id":192,"date":"2019-07-08T08:54:13","date_gmt":"2019-07-08T11:54:13","guid":{"rendered":"http:\/\/dossies.agenciapatriciagalvao.localhost\/violencia-sexual\/?page_id=192"},"modified":"2019-11-25T14:59:14","modified_gmt":"2019-11-25T17:59:14","slug":"como-ajudar","status":"publish","type":"page","link":"https:\/\/dossies.agenciapatriciagalvao.org.br\/violencia-sexual\/como-ajudar\/","title":{"rendered":"Conhe\u00e7o uma v\u00edtima"},"content":{"rendered":"<p>\u00c9 bastante comum nos casos de viol\u00eancia sexual que o comportamento da mulher que foi v\u00edtima seja questionado. Isso n\u00e3o deve acontecer \u2013 \u00e9 preciso afastar-se dos julgamentos morais e preconceitos. A n\u00e3o revitimiza\u00e7\u00e3o tamb\u00e9m exige que, nessa escuta, evitemos os aconselhamentos, a solidariza\u00e7\u00e3o de forma infantil, al\u00e9m da repreens\u00e3o. O foco deve ser sempre oferecer apoio e acolhimento \u00e0 v\u00edtima, escut\u00e1-la e auxili\u00e1-la a saber mais sobre seus direitos e os servi\u00e7os que podem ser acionados.<\/p>\n<p>Al\u00e9m disso, \u00e9 preciso entender que nem toda v\u00edtima ter\u00e1 condi\u00e7\u00f5es de fornecer relatos pormenorizados da viol\u00eancia que sofreu. Por isso, evite a cobran\u00e7a de detalhes imposs\u00edveis de serem fornecidos, como o tempo exato e\/ou a ordem cronol\u00f3gica dos acontecimentos. E lembre-se: n\u00e3o existe perfil de v\u00edtima e nem de agressor \u2013 o comportamento de quem sofre a viol\u00eancia n\u00e3o deve ser colocado em quest\u00e3o e n\u00e3o existem monstros \u2013 ou seja, mesmo uma pessoa cordial na vida social pode ser autora de uma viol\u00eancia sexual.<\/p>\n<p>Por ser um momento dif\u00edcil e doloroso, \u00e9 muito importante que a v\u00edtima possa contar com a companhia e o apoio de algu\u00e9m de sua confian\u00e7a quando for denunciar a viol\u00eancia em uma delegacia de pol\u00edcia civil. Por isso, sempre que poss\u00edvel, coloque-se \u00e0 disposi\u00e7\u00e3o para acompanh\u00e1-la durante a den\u00fancia e, inclusive, ajude-a a verificar se h\u00e1 delegacias especializadas no atendimento \u00e0 mulher no munic\u00edpio.<\/p>\n<p>\u00c9 importante saber que denunciar uma viol\u00eancia costuma n\u00e3o ser um processo f\u00e1cil para as mulheres \u2013 muitas t\u00eam medo de serem desacreditadas ou mesmo de sofrerem uma nova viol\u00eancia na delegacia. Por isso, n\u00e3o a pressione para tomar uma atitude \u2013 sua vontade e tempo devem ser respeitados.<\/p>\n<p>Acionando o Ligue 180 \u2013 a Central de Atendimento \u00e0 Mulher, que recebe liga\u00e7\u00f5es telef\u00f4nicas gratuitas de todo o pa\u00eds, de forma confidencial \u2013 voc\u00ea pode receber orienta\u00e7\u00f5es sobre direitos e a rede de servi\u00e7os p\u00fablicos dispon\u00edveis. O Ligue 180 tamb\u00e9m funciona como um canal de den\u00fancia, encaminhando os casos aos \u00f3rg\u00e3os estaduais da Seguran\u00e7a P\u00fablica e do Minist\u00e9rio P\u00fablico.<\/p>\n<p>A seguir, confira tamb\u00e9m as orienta\u00e7\u00f5es sobre como oferecer suporte a algu\u00e9m que sofreu uma viol\u00eancia sexual. E n\u00e3o se esque\u00e7a:\u00a0<strong>a culpa nunca \u00e9 da v\u00edtima!<\/strong><\/p>\n","protected":false},"excerpt":{"rendered":"<p>\u00c9 bastante comum nos casos de viol\u00eancia sexual que o comportamento da mulher que foi v\u00edtima seja questionado. Isso n\u00e3o deve acontecer \u2013 \u00e9 preciso afastar-se dos julgamentos morais e preconceitos. A n\u00e3o revitimiza\u00e7\u00e3o tamb\u00e9m exige que, nessa escuta, evitemos os aconselhamentos, a solidariza\u00e7\u00e3o de forma infantil, al\u00e9m da repreens\u00e3o. O foco deve ser sempre [&hellip;]<\/p>\n","protected":false},"author":1,"featured_media":0,"parent":0,"menu_order":0,"comment_status":"closed","ping_status":"closed","template":"archive-como-ajudar.php","meta":{"footnotes":""},"categories":[16],"class_list":["post-192","page","type-page","status-publish","hentry","category-como-ajudar"],"yoast_head":"<!-- This site is optimized with the Yoast SEO plugin v26.3 - https:\/\/yoast.com\/wordpress\/plugins\/seo\/ -->\n<title>Conhe\u00e7o uma v\u00edtima - Viol\u00eancia Sexual<\/title>\n<meta name=\"robots\" content=\"index, follow, max-snippet:-1, max-image-preview:large, max-video-preview:-1\" \/>\n<link rel=\"canonical\" href=\"https:\/\/dossies.agenciapatriciagalvao.org.br\/violencia-sexual\/como-ajudar\/\" \/>\n<meta property=\"og:locale\" content=\"pt_BR\" \/>\n<meta property=\"og:type\" content=\"article\" \/>\n<meta property=\"og:title\" content=\"Conhe\u00e7o uma v\u00edtima - Viol\u00eancia Sexual\" \/>\n<meta property=\"og:description\" content=\"\u00c9 bastante comum nos casos de viol\u00eancia sexual que o comportamento da mulher que foi v\u00edtima seja questionado. Isso n\u00e3o deve acontecer \u2013 \u00e9 preciso afastar-se dos julgamentos morais e preconceitos. A n\u00e3o revitimiza\u00e7\u00e3o tamb\u00e9m exige que, nessa escuta, evitemos os aconselhamentos, a solidariza\u00e7\u00e3o de forma infantil, al\u00e9m da repreens\u00e3o. O foco deve ser sempre [&hellip;]\" \/>\n<meta property=\"og:url\" content=\"https:\/\/dossies.agenciapatriciagalvao.org.br\/violencia-sexual\/como-ajudar\/\" \/>\n<meta property=\"og:site_name\" content=\"Viol\u00eancia Sexual\" \/>\n<meta property=\"article:modified_time\" content=\"2019-11-25T17:59:14+00:00\" \/>\n<meta name=\"twitter:card\" content=\"summary_large_image\" \/>\n<meta name=\"twitter:label1\" content=\"Est. tempo de leitura\" \/>\n\t<meta name=\"twitter:data1\" content=\"2 minutos\" \/>\n<script type=\"application\/ld+json\" class=\"yoast-schema-graph\">{\"@context\":\"https:\/\/schema.org\",\"@graph\":[{\"@type\":\"WebPage\",\"@id\":\"https:\/\/dossies.agenciapatriciagalvao.org.br\/violencia-sexual\/como-ajudar\/\",\"url\":\"https:\/\/dossies.agenciapatriciagalvao.org.br\/violencia-sexual\/como-ajudar\/\",\"name\":\"Conhe\u00e7o uma v\u00edtima - Viol\u00eancia Sexual\",\"isPartOf\":{\"@id\":\"https:\/\/dossies.agenciapatriciagalvao.org.br\/violencia-sexual\/#website\"},\"datePublished\":\"2019-07-08T11:54:13+00:00\",\"dateModified\":\"2019-11-25T17:59:14+00:00\",\"inLanguage\":\"pt-BR\",\"potentialAction\":[{\"@type\":\"ReadAction\",\"target\":[\"https:\/\/dossies.agenciapatriciagalvao.org.br\/violencia-sexual\/como-ajudar\/\"]}]},{\"@type\":\"WebSite\",\"@id\":\"https:\/\/dossies.agenciapatriciagalvao.org.br\/violencia-sexual\/#website\",\"url\":\"https:\/\/dossies.agenciapatriciagalvao.org.br\/violencia-sexual\/\",\"name\":\"Viol\u00eancia Sexual\",\"description\":\"&lt;strong&gt;Dossi\u00ea Viol\u00eancia Sexual&lt;\/strong&gt; traz informa\u00e7\u00f5es e orienta\u00e7\u00f5es sobre as diversas formas de ass\u00e9dio sexual e de viol\u00eancia de g\u00eanero online, al\u00e9m de estupro. A proposta da plataforma \u00e9 ser um suporte tanto para quem foi v\u00edtima como para quem quer apoiar uma mulher que passou por essas viol\u00eancias.As especialistas consultadas refor\u00e7am que \u00e9 necess\u00e1rio dar um basta no julgamento moral, na culpabiliza\u00e7\u00e3o e na revitimiza\u00e7\u00e3o das mulheres. &lt;strong&gt;A culpa nunca \u00e9 da v\u00edtima.&lt;\/strong&gt;\",\"potentialAction\":[{\"@type\":\"SearchAction\",\"target\":{\"@type\":\"EntryPoint\",\"urlTemplate\":\"https:\/\/dossies.agenciapatriciagalvao.org.br\/violencia-sexual\/?s={search_term_string}\"},\"query-input\":{\"@type\":\"PropertyValueSpecification\",\"valueRequired\":true,\"valueName\":\"search_term_string\"}}],\"inLanguage\":\"pt-BR\"}]}<\/script>\n<!-- \/ Yoast SEO plugin. -->","yoast_head_json":{"title":"Conhe\u00e7o uma v\u00edtima - Viol\u00eancia Sexual","robots":{"index":"index","follow":"follow","max-snippet":"max-snippet:-1","max-image-preview":"max-image-preview:large","max-video-preview":"max-video-preview:-1"},"canonical":"https:\/\/dossies.agenciapatriciagalvao.org.br\/violencia-sexual\/como-ajudar\/","og_locale":"pt_BR","og_type":"article","og_title":"Conhe\u00e7o uma v\u00edtima - Viol\u00eancia Sexual","og_description":"\u00c9 bastante comum nos casos de viol\u00eancia sexual que o comportamento da mulher que foi v\u00edtima seja questionado. Isso n\u00e3o deve acontecer \u2013 \u00e9 preciso afastar-se dos julgamentos morais e preconceitos. A n\u00e3o revitimiza\u00e7\u00e3o tamb\u00e9m exige que, nessa escuta, evitemos os aconselhamentos, a solidariza\u00e7\u00e3o de forma infantil, al\u00e9m da repreens\u00e3o. O foco deve ser sempre [&hellip;]","og_url":"https:\/\/dossies.agenciapatriciagalvao.org.br\/violencia-sexual\/como-ajudar\/","og_site_name":"Viol\u00eancia Sexual","article_modified_time":"2019-11-25T17:59:14+00:00","twitter_card":"summary_large_image","twitter_misc":{"Est. tempo de leitura":"2 minutos"},"schema":{"@context":"https:\/\/schema.org","@graph":[{"@type":"WebPage","@id":"https:\/\/dossies.agenciapatriciagalvao.org.br\/violencia-sexual\/como-ajudar\/","url":"https:\/\/dossies.agenciapatriciagalvao.org.br\/violencia-sexual\/como-ajudar\/","name":"Conhe\u00e7o uma v\u00edtima - Viol\u00eancia Sexual","isPartOf":{"@id":"https:\/\/dossies.agenciapatriciagalvao.org.br\/violencia-sexual\/#website"},"datePublished":"2019-07-08T11:54:13+00:00","dateModified":"2019-11-25T17:59:14+00:00","inLanguage":"pt-BR","potentialAction":[{"@type":"ReadAction","target":["https:\/\/dossies.agenciapatriciagalvao.org.br\/violencia-sexual\/como-ajudar\/"]}]},{"@type":"WebSite","@id":"https:\/\/dossies.agenciapatriciagalvao.org.br\/violencia-sexual\/#website","url":"https:\/\/dossies.agenciapatriciagalvao.org.br\/violencia-sexual\/","name":"Viol\u00eancia Sexual","description":"&lt;strong&gt;Dossi\u00ea Viol\u00eancia Sexual&lt;\/strong&gt; traz informa\u00e7\u00f5es e orienta\u00e7\u00f5es sobre as diversas formas de ass\u00e9dio sexual e de viol\u00eancia de g\u00eanero online, al\u00e9m de estupro. A proposta da plataforma \u00e9 ser um suporte tanto para quem foi v\u00edtima como para quem quer apoiar uma mulher que passou por essas viol\u00eancias.As especialistas consultadas refor\u00e7am que \u00e9 necess\u00e1rio dar um basta no julgamento moral, na culpabiliza\u00e7\u00e3o e na revitimiza\u00e7\u00e3o das mulheres. &lt;strong&gt;A culpa nunca \u00e9 da v\u00edtima.&lt;\/strong&gt;","potentialAction":[{"@type":"SearchAction","target":{"@type":"EntryPoint","urlTemplate":"https:\/\/dossies.agenciapatriciagalvao.org.br\/violencia-sexual\/?s={search_term_string}"},"query-input":{"@type":"PropertyValueSpecification","valueRequired":true,"valueName":"search_term_string"}}],"inLanguage":"pt-BR"}]}},"_links":{"self":[{"href":"https:\/\/dossies.agenciapatriciagalvao.org.br\/violencia-sexual\/wp-json\/wp\/v2\/pages\/192","targetHints":{"allow":["GET"]}}],"collection":[{"href":"https:\/\/dossies.agenciapatriciagalvao.org.br\/violencia-sexual\/wp-json\/wp\/v2\/pages"}],"about":[{"href":"https:\/\/dossies.agenciapatriciagalvao.org.br\/violencia-sexual\/wp-json\/wp\/v2\/types\/page"}],"author":[{"embeddable":true,"href":"https:\/\/dossies.agenciapatriciagalvao.org.br\/violencia-sexual\/wp-json\/wp\/v2\/users\/1"}],"replies":[{"embeddable":true,"href":"https:\/\/dossies.agenciapatriciagalvao.org.br\/violencia-sexual\/wp-json\/wp\/v2\/comments?post=192"}],"version-history":[{"count":4,"href":"https:\/\/dossies.agenciapatriciagalvao.org.br\/violencia-sexual\/wp-json\/wp\/v2\/pages\/192\/revisions"}],"predecessor-version":[{"id":790,"href":"https:\/\/dossies.agenciapatriciagalvao.org.br\/violencia-sexual\/wp-json\/wp\/v2\/pages\/192\/revisions\/790"}],"wp:attachment":[{"href":"https:\/\/dossies.agenciapatriciagalvao.org.br\/violencia-sexual\/wp-json\/wp\/v2\/media?parent=192"}],"wp:term":[{"taxonomy":"category","embeddable":true,"href":"https:\/\/dossies.agenciapatriciagalvao.org.br\/violencia-sexual\/wp-json\/wp\/v2\/categories?post=192"}],"curies":[{"name":"wp","href":"https:\/\/api.w.org\/{rel}","templated":true}]}}