{"id":205,"date":"2018-07-13T17:21:31","date_gmt":"2018-07-13T20:21:31","guid":{"rendered":"http:\/\/dossies.agenciapatriciagalvao.org.br\/violencia-em-dados\/?page_id=205"},"modified":"2018-08-09T14:10:02","modified_gmt":"2018-08-09T17:10:02","slug":"termos-de-uso","status":"publish","type":"page","link":"https:\/\/dossies.agenciapatriciagalvao.org.br\/violencia-em-dados\/termos-de-uso\/","title":{"rendered":"Termos de uso"},"content":{"rendered":"<p>A plataforma\u00a0<a href=\"http:\/\/dossies.agenciapatriciagalvao.org.br\/violencia-em-dados\/violencia-contra-as-mulheres-em-dados-plataforma-reune-pesquisas-fontes-e-sinteses-sobre-o-problema-no-brasil\/\" target=\"_blank\" rel=\"noopener\">Viol\u00eancia contra as mulheres em dados<\/a> \u00e9 uma iniciativa do<strong>\u00a0Instituto Patr\u00edcia Galv\u00e3o<\/strong>, criada em 2018 para contribuir para a divulga\u00e7\u00e3o de dados e informa\u00e7\u00f5es sobre viol\u00eancia contra as mulheres no Brasil.<\/p>\n<p>Todo e qualquer conte\u00fado produzido pela Instituto Patr\u00edcia Galv\u00e3o para esta plataforma pode ser reproduzido livremente e sem custos, desde que citada a fonte\/autoria, que deve incluir o nome do autor da foto, v\u00eddeo, \u00e1udio e\/ou texto, bem como o da institui\u00e7\u00e3o e, quando poss\u00edvel, o link para a p\u00e1gina em que o conte\u00fado foi originalmente publicado.<\/p>\n<p>A licen\u00e7a adotada \u00e9 a\u00a0<a href=\"https:\/\/creativecommons.org\/licenses\/by\/4.0\/deed.pt_BR\" target=\"_blank\" rel=\"noopener\">Creative Commons 4.0<\/a>, que estabelece que:<\/p>\n<p><em>&gt;&gt; O usu\u00e1rio tem o direito de:<\/em><br \/>\nCompartilhar \u2014 copiar e redistribuir o material em qualquer suporte ou formato.<br \/>\nAdaptar \u2014 remixar, transformar e criar a partir do material para qualquer fim, mesmo que comercial.\u00a0O licenciante n\u00e3o pode revogar estes direitos desde que voc\u00ea respeite os termos da licen\u00e7a.<\/p>\n<p><em>&gt;&gt; De acordo com os termos seguintes:<\/em><br \/>\nAtribui\u00e7\u00e3o: voc\u00ea deve atribuir o devido cr\u00e9dito, fornecer um link para a licen\u00e7a e indicar se forem feitas altera\u00e7\u00f5es. Voc\u00ea pode faz\u00ea-lo de qualquer forma razo\u00e1vel, mas n\u00e3o de uma forma que sugira que o licenciante o apoia ou aprova o seu uso.<\/p>\n<p>Sem restri\u00e7\u00f5es adicionais \u2014 voc\u00ea n\u00e3o pode aplicar termos jur\u00eddicos ou medidas de car\u00e1ter tecnol\u00f3gico que restrinjam legalmente outros de fazerem algo que a licen\u00e7a permita.<\/p>\n<p><em>&gt;&gt; Avisos:<\/em><br \/>\nVoc\u00ea n\u00e3o tem de cumprir com os termos da licen\u00e7a relativamente a elementos do material que estejam no dom\u00ednio p\u00fablico ou cuja utiliza\u00e7\u00e3o seja permitida por uma exce\u00e7\u00e3o ou limita\u00e7\u00e3o que seja aplic\u00e1vel.<\/p>\n<p>N\u00e3o s\u00e3o dadas quaisquer garantias. A licen\u00e7a pode n\u00e3o lhe dar todas as autoriza\u00e7\u00f5es necess\u00e1rias para o uso pretendido. Por exemplo, outros direitos, tais como direitos de imagem, de privacidade ou direitos morais, podem limitar o uso do material.<\/p>\n<p><strong>A \u00edntegra da licen\u00e7a pode ser consultada no link:<\/strong><br \/>\n<a href=\"https:\/\/creativecommons.org\/licenses\/by\/4.0\/\" target=\"_blank\" rel=\"noopener\">https:\/\/creativecommons.org\/licenses\/by\/4.0\/<\/a><\/p>\n","protected":false},"excerpt":{"rendered":"<p>A plataforma\u00a0Viol\u00eancia contra as mulheres em dados \u00e9 uma iniciativa do\u00a0Instituto Patr\u00edcia Galv\u00e3o, criada em 2018 para contribuir para a divulga\u00e7\u00e3o de dados e informa\u00e7\u00f5es sobre viol\u00eancia contra as mulheres no Brasil. Todo e qualquer conte\u00fado produzido pela Instituto Patr\u00edcia Galv\u00e3o para esta plataforma pode ser reproduzido livremente e sem custos, desde que citada a [&hellip;]<\/p>\n","protected":false},"author":1,"featured_media":0,"parent":0,"menu_order":0,"comment_status":"closed","ping_status":"closed","template":"","meta":{"footnotes":""},"class_list":["post-205","page","type-page","status-publish","hentry"],"yoast_head":"<!-- This site is optimized with the Yoast SEO plugin v26.3 - https:\/\/yoast.com\/wordpress\/plugins\/seo\/ -->\n<title>Termos de uso - Viol\u00eancia contra a mulher em dados<\/title>\n<meta name=\"robots\" content=\"index, follow, max-snippet:-1, max-image-preview:large, max-video-preview:-1\" \/>\n<link rel=\"canonical\" href=\"https:\/\/dossies.agenciapatriciagalvao.org.br\/violencia-em-dados\/termos-de-uso\/\" \/>\n<meta property=\"og:locale\" content=\"pt_BR\" \/>\n<meta property=\"og:type\" content=\"article\" \/>\n<meta property=\"og:title\" content=\"Termos de uso - Viol\u00eancia contra a mulher em dados\" \/>\n<meta property=\"og:description\" content=\"A plataforma\u00a0Viol\u00eancia contra as mulheres em dados \u00e9 uma iniciativa do\u00a0Instituto Patr\u00edcia Galv\u00e3o, criada em 2018 para contribuir para a divulga\u00e7\u00e3o de dados e informa\u00e7\u00f5es sobre viol\u00eancia contra as mulheres no Brasil. Todo e qualquer conte\u00fado produzido pela Instituto Patr\u00edcia Galv\u00e3o para esta plataforma pode ser reproduzido livremente e sem custos, desde que citada a [&hellip;]\" \/>\n<meta property=\"og:url\" content=\"https:\/\/dossies.agenciapatriciagalvao.org.br\/violencia-em-dados\/termos-de-uso\/\" \/>\n<meta property=\"og:site_name\" content=\"Viol\u00eancia contra a mulher em dados\" \/>\n<meta property=\"article:modified_time\" content=\"2018-08-09T17:10:02+00:00\" \/>\n<meta name=\"twitter:card\" content=\"summary_large_image\" \/>\n<meta name=\"twitter:label1\" content=\"Est. tempo de leitura\" \/>\n\t<meta name=\"twitter:data1\" content=\"2 minutos\" \/>\n<script type=\"application\/ld+json\" class=\"yoast-schema-graph\">{\"@context\":\"https:\/\/schema.org\",\"@graph\":[{\"@type\":\"WebPage\",\"@id\":\"https:\/\/dossies.agenciapatriciagalvao.org.br\/violencia-em-dados\/termos-de-uso\/\",\"url\":\"https:\/\/dossies.agenciapatriciagalvao.org.br\/violencia-em-dados\/termos-de-uso\/\",\"name\":\"Termos de uso - Viol\u00eancia contra a mulher em dados\",\"isPartOf\":{\"@id\":\"https:\/\/dossies.agenciapatriciagalvao.org.br\/violencia-em-dados\/#website\"},\"datePublished\":\"2018-07-13T20:21:31+00:00\",\"dateModified\":\"2018-08-09T17:10:02+00:00\",\"breadcrumb\":{\"@id\":\"https:\/\/dossies.agenciapatriciagalvao.org.br\/violencia-em-dados\/termos-de-uso\/#breadcrumb\"},\"inLanguage\":\"pt-BR\",\"potentialAction\":[{\"@type\":\"ReadAction\",\"target\":[\"https:\/\/dossies.agenciapatriciagalvao.org.br\/violencia-em-dados\/termos-de-uso\/\"]}]},{\"@type\":\"BreadcrumbList\",\"@id\":\"https:\/\/dossies.agenciapatriciagalvao.org.br\/violencia-em-dados\/termos-de-uso\/#breadcrumb\",\"itemListElement\":[{\"@type\":\"ListItem\",\"position\":1,\"name\":\"Home\",\"item\":\"https:\/\/dossies.agenciapatriciagalvao.org.br\/violencia-em-dados\/\"},{\"@type\":\"ListItem\",\"position\":2,\"name\":\"Termos de uso\"}]},{\"@type\":\"WebSite\",\"@id\":\"https:\/\/dossies.agenciapatriciagalvao.org.br\/violencia-em-dados\/#website\",\"url\":\"https:\/\/dossies.agenciapatriciagalvao.org.br\/violencia-em-dados\/\",\"name\":\"Viol\u00eancia contra a mulher em dados\",\"description\":\"&lt;strong&gt;Viol\u00eancia contra as Mulheres em Dados&lt;\/strong&gt; re\u00fane pesquisas e dados recentes relacionados \u00e0s viol\u00eancias contra as mulheres no Brasil, com base no monitoramento e curadoria realizados pelo Instituto Patr\u00edcia Galv\u00e3o \u2013 com foco na viol\u00eancia dom\u00e9stica, sexual e online, no feminic\u00eddio e na intersec\u00e7\u00e3o com o racismo e a LGBT+fobia.\",\"potentialAction\":[{\"@type\":\"SearchAction\",\"target\":{\"@type\":\"EntryPoint\",\"urlTemplate\":\"https:\/\/dossies.agenciapatriciagalvao.org.br\/violencia-em-dados\/?s={search_term_string}\"},\"query-input\":{\"@type\":\"PropertyValueSpecification\",\"valueRequired\":true,\"valueName\":\"search_term_string\"}}],\"inLanguage\":\"pt-BR\"}]}<\/script>\n<!-- \/ Yoast SEO plugin. -->","yoast_head_json":{"title":"Termos de uso - Viol\u00eancia contra a mulher em dados","robots":{"index":"index","follow":"follow","max-snippet":"max-snippet:-1","max-image-preview":"max-image-preview:large","max-video-preview":"max-video-preview:-1"},"canonical":"https:\/\/dossies.agenciapatriciagalvao.org.br\/violencia-em-dados\/termos-de-uso\/","og_locale":"pt_BR","og_type":"article","og_title":"Termos de uso - Viol\u00eancia contra a mulher em dados","og_description":"A plataforma\u00a0Viol\u00eancia contra as mulheres em dados \u00e9 uma iniciativa do\u00a0Instituto Patr\u00edcia Galv\u00e3o, criada em 2018 para contribuir para a divulga\u00e7\u00e3o de dados e informa\u00e7\u00f5es sobre viol\u00eancia contra as mulheres no Brasil. Todo e qualquer conte\u00fado produzido pela Instituto Patr\u00edcia Galv\u00e3o para esta plataforma pode ser reproduzido livremente e sem custos, desde que citada a [&hellip;]","og_url":"https:\/\/dossies.agenciapatriciagalvao.org.br\/violencia-em-dados\/termos-de-uso\/","og_site_name":"Viol\u00eancia contra a mulher em dados","article_modified_time":"2018-08-09T17:10:02+00:00","twitter_card":"summary_large_image","twitter_misc":{"Est. tempo de leitura":"2 minutos"},"schema":{"@context":"https:\/\/schema.org","@graph":[{"@type":"WebPage","@id":"https:\/\/dossies.agenciapatriciagalvao.org.br\/violencia-em-dados\/termos-de-uso\/","url":"https:\/\/dossies.agenciapatriciagalvao.org.br\/violencia-em-dados\/termos-de-uso\/","name":"Termos de uso - Viol\u00eancia contra a mulher em dados","isPartOf":{"@id":"https:\/\/dossies.agenciapatriciagalvao.org.br\/violencia-em-dados\/#website"},"datePublished":"2018-07-13T20:21:31+00:00","dateModified":"2018-08-09T17:10:02+00:00","breadcrumb":{"@id":"https:\/\/dossies.agenciapatriciagalvao.org.br\/violencia-em-dados\/termos-de-uso\/#breadcrumb"},"inLanguage":"pt-BR","potentialAction":[{"@type":"ReadAction","target":["https:\/\/dossies.agenciapatriciagalvao.org.br\/violencia-em-dados\/termos-de-uso\/"]}]},{"@type":"BreadcrumbList","@id":"https:\/\/dossies.agenciapatriciagalvao.org.br\/violencia-em-dados\/termos-de-uso\/#breadcrumb","itemListElement":[{"@type":"ListItem","position":1,"name":"Home","item":"https:\/\/dossies.agenciapatriciagalvao.org.br\/violencia-em-dados\/"},{"@type":"ListItem","position":2,"name":"Termos de uso"}]},{"@type":"WebSite","@id":"https:\/\/dossies.agenciapatriciagalvao.org.br\/violencia-em-dados\/#website","url":"https:\/\/dossies.agenciapatriciagalvao.org.br\/violencia-em-dados\/","name":"Viol\u00eancia contra a mulher em dados","description":"&lt;strong&gt;Viol\u00eancia contra as Mulheres em Dados&lt;\/strong&gt; re\u00fane pesquisas e dados recentes relacionados \u00e0s viol\u00eancias contra as mulheres no Brasil, com base no monitoramento e curadoria realizados pelo Instituto Patr\u00edcia Galv\u00e3o \u2013 com foco na viol\u00eancia dom\u00e9stica, sexual e online, no feminic\u00eddio e na intersec\u00e7\u00e3o com o racismo e a LGBT+fobia.","potentialAction":[{"@type":"SearchAction","target":{"@type":"EntryPoint","urlTemplate":"https:\/\/dossies.agenciapatriciagalvao.org.br\/violencia-em-dados\/?s={search_term_string}"},"query-input":{"@type":"PropertyValueSpecification","valueRequired":true,"valueName":"search_term_string"}}],"inLanguage":"pt-BR"}]}},"_links":{"self":[{"href":"https:\/\/dossies.agenciapatriciagalvao.org.br\/violencia-em-dados\/wp-json\/wp\/v2\/pages\/205","targetHints":{"allow":["GET"]}}],"collection":[{"href":"https:\/\/dossies.agenciapatriciagalvao.org.br\/violencia-em-dados\/wp-json\/wp\/v2\/pages"}],"about":[{"href":"https:\/\/dossies.agenciapatriciagalvao.org.br\/violencia-em-dados\/wp-json\/wp\/v2\/types\/page"}],"author":[{"embeddable":true,"href":"https:\/\/dossies.agenciapatriciagalvao.org.br\/violencia-em-dados\/wp-json\/wp\/v2\/users\/1"}],"replies":[{"embeddable":true,"href":"https:\/\/dossies.agenciapatriciagalvao.org.br\/violencia-em-dados\/wp-json\/wp\/v2\/comments?post=205"}],"version-history":[{"count":2,"href":"https:\/\/dossies.agenciapatriciagalvao.org.br\/violencia-em-dados\/wp-json\/wp\/v2\/pages\/205\/revisions"}],"predecessor-version":[{"id":530,"href":"https:\/\/dossies.agenciapatriciagalvao.org.br\/violencia-em-dados\/wp-json\/wp\/v2\/pages\/205\/revisions\/530"}],"wp:attachment":[{"href":"https:\/\/dossies.agenciapatriciagalvao.org.br\/violencia-em-dados\/wp-json\/wp\/v2\/media?parent=205"}],"curies":[{"name":"wp","href":"https:\/\/api.w.org\/{rel}","templated":true}]}}