{"id":203,"date":"2018-07-13T17:21:10","date_gmt":"2018-07-13T20:21:10","guid":{"rendered":"http:\/\/dossies.agenciapatriciagalvao.org.br\/violencia-em-dados\/?page_id=203"},"modified":"2018-08-07T10:57:58","modified_gmt":"2018-08-07T13:57:58","slug":"sobre-o-instituto-avon","status":"publish","type":"page","link":"https:\/\/dossies.agenciapatriciagalvao.org.br\/violencia-em-dados\/sobre-o-instituto-avon\/","title":{"rendered":"Sobre o Instituto Avon"},"content":{"rendered":"<p dir=\"ltr\">H\u00e1 15 anos o Instituto Avon existe para salvar vidas e \u00e9 por isso que sempre apoiou e desenvolveu a\u00e7\u00f5es que tenham em sua ess\u00eancia a premissa de superar dois dos principais desafios \u00e0 plena realiza\u00e7\u00e3o da mulher: o combate ao c\u00e2ncer de mama e o enfrentamento das viol\u00eancias contra as mulheres. Como bra\u00e7o social da Avon, empresa privada que investiu mais de 150 milh\u00f5es em a\u00e7\u00f5es sociais voltadas \u00e0s mulheres no Brasil, o Instituto j\u00e1 apoiou a realiza\u00e7\u00e3o de 300 projetos e a\u00e7\u00f5es e beneficiou mais de 6 milh\u00f5es de mulheres.<\/p>\n<p dir=\"ltr\">Para cumprir com a miss\u00e3o de mobiliza\u00e7\u00e3o da sociedade, as iniciativas do Instituto se dividem em quatro grandes pilares de atua\u00e7\u00e3o: Conhecimento, Articula\u00e7\u00e3o, Apoio a Projetos e Engajamento e Impacto. Mas, o\u00a0grande diferencial da organiza\u00e7\u00e3o sem fins lucrativos para a concretiza\u00e7\u00e3o de seus projetos \u00e9 a capacidade de articula\u00e7\u00e3o de diferentes stakeholders, como empresas p\u00fablicas e privadas, funcion\u00e1rios, ONGs, movimentos sociais, organismos internacionais e \u00f3rg\u00e3os p\u00fablicos de todas as esferas. Al\u00e9m disso, o Instituto conta ainda com a for\u00e7a de vendas Avon, composta por 1,5 milh\u00e3o de Revendedoras, que disseminam conhecimento sobre as causas e atuam como rastreadoras de necessidades espec\u00edficas de atendimento da popula\u00e7\u00e3o em suas respectivas comunidades.<\/p>\n<p dir=\"ltr\">Essa capilaridade e abrang\u00eancia permitem ao Instituto estar presente em 100% dos munic\u00edpios brasileiros.<\/p>\n<p dir=\"ltr\">Saiba mais acessando o site do <a href=\"http:\/\/www.institutoavon.org.br\/\" target=\"_blank\" rel=\"noopener\">Instituto Avon<\/a><\/p>\n","protected":false},"excerpt":{"rendered":"<p>H\u00e1 15 anos o Instituto Avon existe para salvar vidas e \u00e9 por isso que sempre apoiou e desenvolveu a\u00e7\u00f5es que tenham em sua ess\u00eancia a premissa de superar dois dos principais desafios \u00e0 plena realiza\u00e7\u00e3o da mulher: o combate ao c\u00e2ncer de mama e o enfrentamento das viol\u00eancias contra as mulheres. Como bra\u00e7o social [&hellip;]<\/p>\n","protected":false},"author":1,"featured_media":0,"parent":0,"menu_order":0,"comment_status":"closed","ping_status":"closed","template":"","meta":{"footnotes":""},"class_list":["post-203","page","type-page","status-publish","hentry"],"yoast_head":"<!-- This site is optimized with the Yoast SEO plugin v26.3 - https:\/\/yoast.com\/wordpress\/plugins\/seo\/ -->\n<title>Sobre o Instituto Avon - Viol\u00eancia contra a mulher em dados<\/title>\n<meta name=\"robots\" content=\"index, follow, max-snippet:-1, max-image-preview:large, max-video-preview:-1\" \/>\n<link rel=\"canonical\" href=\"https:\/\/dossies.agenciapatriciagalvao.org.br\/violencia-em-dados\/sobre-o-instituto-avon\/\" \/>\n<meta property=\"og:locale\" content=\"pt_BR\" \/>\n<meta property=\"og:type\" content=\"article\" \/>\n<meta property=\"og:title\" content=\"Sobre o Instituto Avon - Viol\u00eancia contra a mulher em dados\" \/>\n<meta property=\"og:description\" content=\"H\u00e1 15 anos o Instituto Avon existe para salvar vidas e \u00e9 por isso que sempre apoiou e desenvolveu a\u00e7\u00f5es que tenham em sua ess\u00eancia a premissa de superar dois dos principais desafios \u00e0 plena realiza\u00e7\u00e3o da mulher: o combate ao c\u00e2ncer de mama e o enfrentamento das viol\u00eancias contra as mulheres. Como bra\u00e7o social [&hellip;]\" \/>\n<meta property=\"og:url\" content=\"https:\/\/dossies.agenciapatriciagalvao.org.br\/violencia-em-dados\/sobre-o-instituto-avon\/\" \/>\n<meta property=\"og:site_name\" content=\"Viol\u00eancia contra a mulher em dados\" \/>\n<meta property=\"article:modified_time\" content=\"2018-08-07T13:57:58+00:00\" \/>\n<meta name=\"twitter:card\" content=\"summary_large_image\" \/>\n<meta name=\"twitter:label1\" content=\"Est. tempo de leitura\" \/>\n\t<meta name=\"twitter:data1\" content=\"1 minuto\" \/>\n<script type=\"application\/ld+json\" class=\"yoast-schema-graph\">{\"@context\":\"https:\/\/schema.org\",\"@graph\":[{\"@type\":\"WebPage\",\"@id\":\"https:\/\/dossies.agenciapatriciagalvao.org.br\/violencia-em-dados\/sobre-o-instituto-avon\/\",\"url\":\"https:\/\/dossies.agenciapatriciagalvao.org.br\/violencia-em-dados\/sobre-o-instituto-avon\/\",\"name\":\"Sobre o Instituto Avon - Viol\u00eancia contra a mulher em dados\",\"isPartOf\":{\"@id\":\"https:\/\/dossies.agenciapatriciagalvao.org.br\/violencia-em-dados\/#website\"},\"datePublished\":\"2018-07-13T20:21:10+00:00\",\"dateModified\":\"2018-08-07T13:57:58+00:00\",\"breadcrumb\":{\"@id\":\"https:\/\/dossies.agenciapatriciagalvao.org.br\/violencia-em-dados\/sobre-o-instituto-avon\/#breadcrumb\"},\"inLanguage\":\"pt-BR\",\"potentialAction\":[{\"@type\":\"ReadAction\",\"target\":[\"https:\/\/dossies.agenciapatriciagalvao.org.br\/violencia-em-dados\/sobre-o-instituto-avon\/\"]}]},{\"@type\":\"BreadcrumbList\",\"@id\":\"https:\/\/dossies.agenciapatriciagalvao.org.br\/violencia-em-dados\/sobre-o-instituto-avon\/#breadcrumb\",\"itemListElement\":[{\"@type\":\"ListItem\",\"position\":1,\"name\":\"Home\",\"item\":\"https:\/\/dossies.agenciapatriciagalvao.org.br\/violencia-em-dados\/\"},{\"@type\":\"ListItem\",\"position\":2,\"name\":\"Sobre o Instituto Avon\"}]},{\"@type\":\"WebSite\",\"@id\":\"https:\/\/dossies.agenciapatriciagalvao.org.br\/violencia-em-dados\/#website\",\"url\":\"https:\/\/dossies.agenciapatriciagalvao.org.br\/violencia-em-dados\/\",\"name\":\"Viol\u00eancia contra a mulher em dados\",\"description\":\"&lt;strong&gt;Viol\u00eancia contra as Mulheres em Dados&lt;\/strong&gt; re\u00fane pesquisas e dados recentes relacionados \u00e0s viol\u00eancias contra as mulheres no Brasil, com base no monitoramento e curadoria realizados pelo Instituto Patr\u00edcia Galv\u00e3o \u2013 com foco na viol\u00eancia dom\u00e9stica, sexual e online, no feminic\u00eddio e na intersec\u00e7\u00e3o com o racismo e a LGBT+fobia.\",\"potentialAction\":[{\"@type\":\"SearchAction\",\"target\":{\"@type\":\"EntryPoint\",\"urlTemplate\":\"https:\/\/dossies.agenciapatriciagalvao.org.br\/violencia-em-dados\/?s={search_term_string}\"},\"query-input\":{\"@type\":\"PropertyValueSpecification\",\"valueRequired\":true,\"valueName\":\"search_term_string\"}}],\"inLanguage\":\"pt-BR\"}]}<\/script>\n<!-- \/ Yoast SEO plugin. -->","yoast_head_json":{"title":"Sobre o Instituto Avon - Viol\u00eancia contra a mulher em dados","robots":{"index":"index","follow":"follow","max-snippet":"max-snippet:-1","max-image-preview":"max-image-preview:large","max-video-preview":"max-video-preview:-1"},"canonical":"https:\/\/dossies.agenciapatriciagalvao.org.br\/violencia-em-dados\/sobre-o-instituto-avon\/","og_locale":"pt_BR","og_type":"article","og_title":"Sobre o Instituto Avon - Viol\u00eancia contra a mulher em dados","og_description":"H\u00e1 15 anos o Instituto Avon existe para salvar vidas e \u00e9 por isso que sempre apoiou e desenvolveu a\u00e7\u00f5es que tenham em sua ess\u00eancia a premissa de superar dois dos principais desafios \u00e0 plena realiza\u00e7\u00e3o da mulher: o combate ao c\u00e2ncer de mama e o enfrentamento das viol\u00eancias contra as mulheres. Como bra\u00e7o social [&hellip;]","og_url":"https:\/\/dossies.agenciapatriciagalvao.org.br\/violencia-em-dados\/sobre-o-instituto-avon\/","og_site_name":"Viol\u00eancia contra a mulher em dados","article_modified_time":"2018-08-07T13:57:58+00:00","twitter_card":"summary_large_image","twitter_misc":{"Est. tempo de leitura":"1 minuto"},"schema":{"@context":"https:\/\/schema.org","@graph":[{"@type":"WebPage","@id":"https:\/\/dossies.agenciapatriciagalvao.org.br\/violencia-em-dados\/sobre-o-instituto-avon\/","url":"https:\/\/dossies.agenciapatriciagalvao.org.br\/violencia-em-dados\/sobre-o-instituto-avon\/","name":"Sobre o Instituto Avon - Viol\u00eancia contra a mulher em dados","isPartOf":{"@id":"https:\/\/dossies.agenciapatriciagalvao.org.br\/violencia-em-dados\/#website"},"datePublished":"2018-07-13T20:21:10+00:00","dateModified":"2018-08-07T13:57:58+00:00","breadcrumb":{"@id":"https:\/\/dossies.agenciapatriciagalvao.org.br\/violencia-em-dados\/sobre-o-instituto-avon\/#breadcrumb"},"inLanguage":"pt-BR","potentialAction":[{"@type":"ReadAction","target":["https:\/\/dossies.agenciapatriciagalvao.org.br\/violencia-em-dados\/sobre-o-instituto-avon\/"]}]},{"@type":"BreadcrumbList","@id":"https:\/\/dossies.agenciapatriciagalvao.org.br\/violencia-em-dados\/sobre-o-instituto-avon\/#breadcrumb","itemListElement":[{"@type":"ListItem","position":1,"name":"Home","item":"https:\/\/dossies.agenciapatriciagalvao.org.br\/violencia-em-dados\/"},{"@type":"ListItem","position":2,"name":"Sobre o Instituto Avon"}]},{"@type":"WebSite","@id":"https:\/\/dossies.agenciapatriciagalvao.org.br\/violencia-em-dados\/#website","url":"https:\/\/dossies.agenciapatriciagalvao.org.br\/violencia-em-dados\/","name":"Viol\u00eancia contra a mulher em dados","description":"&lt;strong&gt;Viol\u00eancia contra as Mulheres em Dados&lt;\/strong&gt; re\u00fane pesquisas e dados recentes relacionados \u00e0s viol\u00eancias contra as mulheres no Brasil, com base no monitoramento e curadoria realizados pelo Instituto Patr\u00edcia Galv\u00e3o \u2013 com foco na viol\u00eancia dom\u00e9stica, sexual e online, no feminic\u00eddio e na intersec\u00e7\u00e3o com o racismo e a LGBT+fobia.","potentialAction":[{"@type":"SearchAction","target":{"@type":"EntryPoint","urlTemplate":"https:\/\/dossies.agenciapatriciagalvao.org.br\/violencia-em-dados\/?s={search_term_string}"},"query-input":{"@type":"PropertyValueSpecification","valueRequired":true,"valueName":"search_term_string"}}],"inLanguage":"pt-BR"}]}},"_links":{"self":[{"href":"https:\/\/dossies.agenciapatriciagalvao.org.br\/violencia-em-dados\/wp-json\/wp\/v2\/pages\/203","targetHints":{"allow":["GET"]}}],"collection":[{"href":"https:\/\/dossies.agenciapatriciagalvao.org.br\/violencia-em-dados\/wp-json\/wp\/v2\/pages"}],"about":[{"href":"https:\/\/dossies.agenciapatriciagalvao.org.br\/violencia-em-dados\/wp-json\/wp\/v2\/types\/page"}],"author":[{"embeddable":true,"href":"https:\/\/dossies.agenciapatriciagalvao.org.br\/violencia-em-dados\/wp-json\/wp\/v2\/users\/1"}],"replies":[{"embeddable":true,"href":"https:\/\/dossies.agenciapatriciagalvao.org.br\/violencia-em-dados\/wp-json\/wp\/v2\/comments?post=203"}],"version-history":[{"count":2,"href":"https:\/\/dossies.agenciapatriciagalvao.org.br\/violencia-em-dados\/wp-json\/wp\/v2\/pages\/203\/revisions"}],"predecessor-version":[{"id":431,"href":"https:\/\/dossies.agenciapatriciagalvao.org.br\/violencia-em-dados\/wp-json\/wp\/v2\/pages\/203\/revisions\/431"}],"wp:attachment":[{"href":"https:\/\/dossies.agenciapatriciagalvao.org.br\/violencia-em-dados\/wp-json\/wp\/v2\/media?parent=203"}],"curies":[{"name":"wp","href":"https:\/\/api.w.org\/{rel}","templated":true}]}}