{"id":199,"date":"2018-07-13T17:20:15","date_gmt":"2018-07-13T20:20:15","guid":{"rendered":"http:\/\/dossies.agenciapatriciagalvao.org.br\/violencia-em-dados\/?page_id=199"},"modified":"2018-10-09T10:44:41","modified_gmt":"2018-10-09T13:44:41","slug":"sobre-os-dados-da-violencia-contra-as-mulheres-no-brasil","status":"publish","type":"page","link":"https:\/\/dossies.agenciapatriciagalvao.org.br\/violencia-em-dados\/sobre-os-dados-da-violencia-contra-as-mulheres-no-brasil\/","title":{"rendered":"Sobre os dados da viol\u00eancia contra as mulheres no Brasil"},"content":{"rendered":"<p>Dados confi\u00e1veis e atualizados sobre a viol\u00eancia contra as mulheres no pa\u00eds s\u00e3o ferramentas essenciais para a elabora\u00e7\u00e3o de indicadores que alimentem o desenvolvimento e\u00a0a avalia\u00e7\u00e3o de pol\u00edticas p\u00fablicas que garantam \u00e0s\u00a0mulheres pleno acesso \u00e0 justi\u00e7a e a seus direitos e para a sensibiliza\u00e7\u00e3o da sociedade, contribuindo tamb\u00e9m para uma mudan\u00e7a cultural em rela\u00e7\u00e3o a vis\u00f5es e pr\u00e1ticas.<\/p>\n<p>Embora estejam sendo produzidas cada vez mais pesquisas que re\u00fanem evid\u00eancias importantes sobre a urg\u00eancia e gravidade da quest\u00e3o da viol\u00eancia de g\u00eanero, \u00e9 preciso lembrar que a disponibilidade de dados e estat\u00edsticas sobre a viol\u00eancia contra as mulheres e a dissemina\u00e7\u00e3o de uma cultura de dados abertos ainda s\u00e3o grandes desafios no Brasil. As principais fontes das pesquisas reunidas nessa plataforma foram os sistemas de sa\u00fade, de seguran\u00e7a p\u00fablica e de justi\u00e7a, al\u00e9m das pesquisas de percep\u00e7\u00e3o.\u00a0Nesse sentido, \u00e9 importante destacar que institui\u00e7\u00f5es da sociedade civil t\u00eam sido fundamentais para avan\u00e7os nessa frente no Brasil.<\/p>\n<p>Outro desafio \u00e9 associar\u00a0os \u00edndices de viol\u00eancia a debates que ajudem a contextualiz\u00e1-los, buscando construir alternativas para transformar as diversas realidades em que as mulheres sofrem viol\u00eancia no Brasil. Tamb\u00e9m lembrar sempre que por tr\u00e1s das estat\u00edsticas alarmantes, h\u00e1 vidas violadas pela banaliza\u00e7\u00e3o,\u00a0naturaliza\u00e7\u00e3o e perpetua\u00e7\u00e3o da viol\u00eancia.<\/p>\n<p><strong>Avan\u00e7os na produ\u00e7\u00e3o e divulga\u00e7\u00e3o de dados<\/strong><\/p>\n<p>No relat\u00f3rio\u00a0<strong style=\"color: #666699\"><em><a href=\"https:\/\/assets-dossies-ipg-v2.nyc3.digitaloceanspaces.com\/sites\/5\/2018\/08\/ART19_RelatorioDadosVCM.pdf\" target=\"_blank\" rel=\"noopener\">Viol\u00eancia contra a Mulher no Brasil: acesso \u00e0 informa\u00e7\u00e3o e pol\u00edticas p\u00fablicas (Artigo 19, 2015)<\/a><\/em><\/strong>, a soci\u00f3loga e pesquisadora W\u00e2nia Pasinato apresenta um levantamento sobre as principais pesquisas de \u00e2mbito nacional sobre viol\u00eancia contra as mulheres realizadas de\u00a02000 a 2013, apontando\u00a0quais s\u00e3o as fontes de dados e como eles contribuem para uma real compreens\u00e3o acerca do fen\u00f4meno.<\/p>\n<p>No estudo, a especialista dividiu os estudos em quatro grupos: pesquisas\u00a0de opini\u00e3o e percep\u00e7\u00e3o, pesquisas de vitimiza\u00e7\u00e3o, pesquisas setoriais\u00a0sobre registros administrativos e pesquisas sobre a rede de servi\u00e7os de atendimento \u00e0s mulheres.<\/p>\n<blockquote><p>Tantas iniciativas permitem afirmar que o Brasil segue rumo \u00e0 amplia\u00e7\u00e3o do\u00a0acesso \u00e0 informa\u00e7\u00e3o para todos, inclusive para as mulheres em situa\u00e7\u00e3o de\u00a0viol\u00eancia, e todos os profissionais, pesquisadores e militantes que atuam nesse\u00a0campo pol\u00edtico.&#8221;<br \/>\n<span style=\"color: #808080\"><small><em>Fonte: W\u00e2nia Pasinato em Viol\u00eancia contra a Mulher no Brasil: acesso \u00e0 informa\u00e7\u00e3o e pol\u00edticas p\u00fablicas (Artigo 19, 2015)<\/em><\/small><\/span><\/p><\/blockquote>\n<p><strong>Mas persistem lacunas e omiss\u00f5es<\/strong><\/p>\n<p>Contudo, persistem ainda muitas falhas nos sistemas de registros da seguran\u00e7a p\u00fablica no pa\u00eds (veja o\u00a0<a href=\"http:\/\/www.forumseguranca.org.br\/atividades\/anuario\/\" target=\"_blank\" rel=\"noopener\">Anu\u00e1rio do F\u00f3rum Brasileiro de Seguran\u00e7a P\u00fablica<\/a>) e para alguns tipos de viol\u00eancia contra as mulheres, como a sexual e os feminic\u00eddios em raz\u00e3o de abortos inseguros, h\u00e1 tamb\u00e9m o problema da subnotifica\u00e7\u00e3o, pois em raz\u00e3o de vergonha e medo de ser estigmatizada ou presa, muitos casos n\u00e3o entram nas estat\u00edsticas.<\/p>\n<p>Outra dificuldade refere-se \u00e0 escassez de dados com recortes por ra\u00e7a\/cor e quase inexist\u00eancia de dados que considerem a identidade de g\u00eanero. No caso das mulheres negras, nos \u00faltimos anos o recorte racial vem se tornando obrigat\u00f3rio n\u00e3o apenas na coleta de dados de vitimiza\u00e7\u00e3o mas tamb\u00e9m em pesquisas de percep\u00e7\u00e3o social, o que tem contribu\u00eddo para evidenciar sua maior vulnerabilidade \u00e0 vitimiza\u00e7\u00e3o. J\u00e1 em rela\u00e7\u00e3o \u00e0s viol\u00eancias praticadas contra mulheres l\u00e9sbicas, bis e trans, os dados s\u00e3o raros quando n\u00e3o inexistentes. Os poucos levantamentos dispon\u00edveis \u2013 baseados em informa\u00e7\u00f5es coletadas em not\u00edcias e redes sociais \u2013 produzem dados muito distantes da realidade, que servem por\u00e9m para denunciar essa invisibilidade e a omiss\u00e3o de \u00f3rg\u00e3os oficiais sobre a urg\u00eancia de produzir conhecimento que alimente o desenho de pol\u00edticas p\u00fablicas espec\u00edficas para atender e prevenir esses casos de viol\u00eancia de g\u00eanero.<\/p>\n<p><em>Para saber mais sobre a evolu\u00e7\u00e3o dos dados de viol\u00eancia contra as mulheres no Brasil, acesse a <a href=\"http:\/\/dossies.agenciapatriciagalvao.org.br\/violencia-em-dados\/linha-do-tempo-dos-dados-da-violencia-contra-as-mulheres-no-brasil\/\" target=\"_blank\" rel=\"noopener\">Linha do Tempo:<\/a><\/em><\/p>\n<p><script id=\"infogram_0_c5a47947-fbca-4e4b-be7a-297bc21940c1\" title=\"Linha do Tempo Dados VCM\" src=\"https:\/\/e.infogram.com\/js\/dist\/embed.js?hnl\" type=\"text\/javascript\"><\/script><\/p>\n<div style=\"padding:8px 0;font-family:Arial!important;font-size:13px!important;line-height:15px!important;text-align:center;border-top:1px solid #dadada;margin:0 30px\"><a href=\"https:\/\/infogram.com\/c5a47947-fbca-4e4b-be7a-297bc21940c1\" style=\"color:#989898!important;text-decoration:none!important;\" target=\"_blank\">Linha do Tempo Dados VCM<\/a><br \/><a href=\"https:\/\/infogram.com\" style=\"color:#989898!important;text-decoration:none!important;\" target=\"_blank\" rel=\"nofollow\">Infogram<\/a><\/div>\n","protected":false},"excerpt":{"rendered":"<p>Dados confi\u00e1veis e atualizados sobre a viol\u00eancia contra as mulheres no pa\u00eds s\u00e3o ferramentas essenciais para a elabora\u00e7\u00e3o de indicadores que alimentem o desenvolvimento e\u00a0a avalia\u00e7\u00e3o de pol\u00edticas p\u00fablicas que garantam \u00e0s\u00a0mulheres pleno acesso \u00e0 justi\u00e7a e a seus direitos e para a sensibiliza\u00e7\u00e3o da sociedade, contribuindo tamb\u00e9m para uma mudan\u00e7a cultural em rela\u00e7\u00e3o a [&hellip;]<\/p>\n","protected":false},"author":1,"featured_media":523,"parent":0,"menu_order":0,"comment_status":"closed","ping_status":"closed","template":"","meta":{"footnotes":""},"class_list":["post-199","page","type-page","status-publish","has-post-thumbnail","hentry"],"yoast_head":"<!-- This site is optimized with the Yoast SEO plugin v27.4 - https:\/\/yoast.com\/product\/yoast-seo-wordpress\/ -->\n<title>Sobre os dados da viol\u00eancia contra as mulheres no Brasil - Viol\u00eancia contra a mulher em dados<\/title>\n<meta name=\"robots\" content=\"index, follow, max-snippet:-1, max-image-preview:large, max-video-preview:-1\" \/>\n<link rel=\"canonical\" href=\"https:\/\/dossies.agenciapatriciagalvao.org.br\/violencia-em-dados\/sobre-os-dados-da-violencia-contra-as-mulheres-no-brasil\/\" \/>\n<meta property=\"og:locale\" content=\"pt_BR\" \/>\n<meta property=\"og:type\" content=\"article\" \/>\n<meta property=\"og:title\" content=\"Sobre os dados da viol\u00eancia contra as mulheres no Brasil - Viol\u00eancia contra a mulher em dados\" \/>\n<meta property=\"og:description\" content=\"Dados confi\u00e1veis e atualizados sobre a viol\u00eancia contra as mulheres no pa\u00eds s\u00e3o ferramentas essenciais para a elabora\u00e7\u00e3o de indicadores que alimentem o desenvolvimento e\u00a0a avalia\u00e7\u00e3o de pol\u00edticas p\u00fablicas que garantam \u00e0s\u00a0mulheres pleno acesso \u00e0 justi\u00e7a e a seus direitos e para a sensibiliza\u00e7\u00e3o da sociedade, contribuindo tamb\u00e9m para uma mudan\u00e7a cultural em rela\u00e7\u00e3o a [&hellip;]\" \/>\n<meta property=\"og:url\" content=\"https:\/\/dossies.agenciapatriciagalvao.org.br\/violencia-em-dados\/sobre-os-dados-da-violencia-contra-as-mulheres-no-brasil\/\" \/>\n<meta property=\"og:site_name\" content=\"Viol\u00eancia contra a mulher em dados\" \/>\n<meta property=\"article:modified_time\" content=\"2018-10-09T13:44:41+00:00\" \/>\n<meta property=\"og:image\" content=\"https:\/\/assets-dossies-ipg-v2.nyc3.digitaloceanspaces.com\/sites\/5\/2018\/08\/MulheresemDadosdestacada.jpg\" \/>\n\t<meta property=\"og:image:width\" content=\"353\" \/>\n\t<meta property=\"og:image:height\" content=\"240\" \/>\n\t<meta property=\"og:image:type\" content=\"image\/jpeg\" \/>\n<meta name=\"twitter:card\" content=\"summary_large_image\" \/>\n<meta name=\"twitter:label1\" content=\"Est. tempo de leitura\" \/>\n\t<meta name=\"twitter:data1\" content=\"4 minutos\" \/>\n<script type=\"application\/ld+json\" class=\"yoast-schema-graph\">{\"@context\":\"https:\\\/\\\/schema.org\",\"@graph\":[{\"@type\":\"WebPage\",\"@id\":\"https:\\\/\\\/dossies.agenciapatriciagalvao.org.br\\\/violencia-em-dados\\\/sobre-os-dados-da-violencia-contra-as-mulheres-no-brasil\\\/\",\"url\":\"https:\\\/\\\/dossies.agenciapatriciagalvao.org.br\\\/violencia-em-dados\\\/sobre-os-dados-da-violencia-contra-as-mulheres-no-brasil\\\/\",\"name\":\"Sobre os dados da viol\u00eancia contra as mulheres no Brasil - Viol\u00eancia contra a mulher em dados\",\"isPartOf\":{\"@id\":\"https:\\\/\\\/dossies.agenciapatriciagalvao.org.br\\\/violencia-em-dados\\\/#website\"},\"primaryImageOfPage\":{\"@id\":\"https:\\\/\\\/dossies.agenciapatriciagalvao.org.br\\\/violencia-em-dados\\\/sobre-os-dados-da-violencia-contra-as-mulheres-no-brasil\\\/#primaryimage\"},\"image\":{\"@id\":\"https:\\\/\\\/dossies.agenciapatriciagalvao.org.br\\\/violencia-em-dados\\\/sobre-os-dados-da-violencia-contra-as-mulheres-no-brasil\\\/#primaryimage\"},\"thumbnailUrl\":\"https:\\\/\\\/assets-dossies-ipg-v2.nyc3.digitaloceanspaces.com\\\/sites\\\/5\\\/2018\\\/08\\\/MulheresemDadosdestacada.jpg\",\"datePublished\":\"2018-07-13T20:20:15+00:00\",\"dateModified\":\"2018-10-09T13:44:41+00:00\",\"breadcrumb\":{\"@id\":\"https:\\\/\\\/dossies.agenciapatriciagalvao.org.br\\\/violencia-em-dados\\\/sobre-os-dados-da-violencia-contra-as-mulheres-no-brasil\\\/#breadcrumb\"},\"inLanguage\":\"pt-BR\",\"potentialAction\":[{\"@type\":\"ReadAction\",\"target\":[\"https:\\\/\\\/dossies.agenciapatriciagalvao.org.br\\\/violencia-em-dados\\\/sobre-os-dados-da-violencia-contra-as-mulheres-no-brasil\\\/\"]}]},{\"@type\":\"ImageObject\",\"inLanguage\":\"pt-BR\",\"@id\":\"https:\\\/\\\/dossies.agenciapatriciagalvao.org.br\\\/violencia-em-dados\\\/sobre-os-dados-da-violencia-contra-as-mulheres-no-brasil\\\/#primaryimage\",\"url\":\"https:\\\/\\\/assets-dossies-ipg-v2.nyc3.digitaloceanspaces.com\\\/sites\\\/5\\\/2018\\\/08\\\/MulheresemDadosdestacada.jpg\",\"contentUrl\":\"https:\\\/\\\/assets-dossies-ipg-v2.nyc3.digitaloceanspaces.com\\\/sites\\\/5\\\/2018\\\/08\\\/MulheresemDadosdestacada.jpg\",\"width\":353,\"height\":240},{\"@type\":\"BreadcrumbList\",\"@id\":\"https:\\\/\\\/dossies.agenciapatriciagalvao.org.br\\\/violencia-em-dados\\\/sobre-os-dados-da-violencia-contra-as-mulheres-no-brasil\\\/#breadcrumb\",\"itemListElement\":[{\"@type\":\"ListItem\",\"position\":1,\"name\":\"Home\",\"item\":\"https:\\\/\\\/dossies.agenciapatriciagalvao.org.br\\\/violencia-em-dados\\\/\"},{\"@type\":\"ListItem\",\"position\":2,\"name\":\"Sobre os dados da viol\u00eancia contra as mulheres no Brasil\"}]},{\"@type\":\"WebSite\",\"@id\":\"https:\\\/\\\/dossies.agenciapatriciagalvao.org.br\\\/violencia-em-dados\\\/#website\",\"url\":\"https:\\\/\\\/dossies.agenciapatriciagalvao.org.br\\\/violencia-em-dados\\\/\",\"name\":\"Viol\u00eancia contra a mulher em dados\",\"description\":\"&lt;strong&gt;Viol\u00eancia contra as Mulheres em Dados&lt;\\\/strong&gt; re\u00fane pesquisas e dados recentes relacionados \u00e0s viol\u00eancias contra as mulheres no Brasil, com base no monitoramento e curadoria realizados pelo Instituto Patr\u00edcia Galv\u00e3o \u2013 com foco na viol\u00eancia dom\u00e9stica, sexual e online, no feminic\u00eddio e na intersec\u00e7\u00e3o com o racismo e a LGBT+fobia.\",\"potentialAction\":[{\"@type\":\"SearchAction\",\"target\":{\"@type\":\"EntryPoint\",\"urlTemplate\":\"https:\\\/\\\/dossies.agenciapatriciagalvao.org.br\\\/violencia-em-dados\\\/?s={search_term_string}\"},\"query-input\":{\"@type\":\"PropertyValueSpecification\",\"valueRequired\":true,\"valueName\":\"search_term_string\"}}],\"inLanguage\":\"pt-BR\"}]}<\/script>\n<!-- \/ Yoast SEO plugin. -->","yoast_head_json":{"title":"Sobre os dados da viol\u00eancia contra as mulheres no Brasil - Viol\u00eancia contra a mulher em dados","robots":{"index":"index","follow":"follow","max-snippet":"max-snippet:-1","max-image-preview":"max-image-preview:large","max-video-preview":"max-video-preview:-1"},"canonical":"https:\/\/dossies.agenciapatriciagalvao.org.br\/violencia-em-dados\/sobre-os-dados-da-violencia-contra-as-mulheres-no-brasil\/","og_locale":"pt_BR","og_type":"article","og_title":"Sobre os dados da viol\u00eancia contra as mulheres no Brasil - Viol\u00eancia contra a mulher em dados","og_description":"Dados confi\u00e1veis e atualizados sobre a viol\u00eancia contra as mulheres no pa\u00eds s\u00e3o ferramentas essenciais para a elabora\u00e7\u00e3o de indicadores que alimentem o desenvolvimento e\u00a0a avalia\u00e7\u00e3o de pol\u00edticas p\u00fablicas que garantam \u00e0s\u00a0mulheres pleno acesso \u00e0 justi\u00e7a e a seus direitos e para a sensibiliza\u00e7\u00e3o da sociedade, contribuindo tamb\u00e9m para uma mudan\u00e7a cultural em rela\u00e7\u00e3o a [&hellip;]","og_url":"https:\/\/dossies.agenciapatriciagalvao.org.br\/violencia-em-dados\/sobre-os-dados-da-violencia-contra-as-mulheres-no-brasil\/","og_site_name":"Viol\u00eancia contra a mulher em dados","article_modified_time":"2018-10-09T13:44:41+00:00","og_image":[{"width":353,"height":240,"url":"https:\/\/assets-dossies-ipg-v2.nyc3.digitaloceanspaces.com\/sites\/5\/2018\/08\/MulheresemDadosdestacada.jpg","type":"image\/jpeg"}],"twitter_card":"summary_large_image","twitter_misc":{"Est. tempo de leitura":"4 minutos"},"schema":{"@context":"https:\/\/schema.org","@graph":[{"@type":"WebPage","@id":"https:\/\/dossies.agenciapatriciagalvao.org.br\/violencia-em-dados\/sobre-os-dados-da-violencia-contra-as-mulheres-no-brasil\/","url":"https:\/\/dossies.agenciapatriciagalvao.org.br\/violencia-em-dados\/sobre-os-dados-da-violencia-contra-as-mulheres-no-brasil\/","name":"Sobre os dados da viol\u00eancia contra as mulheres no Brasil - Viol\u00eancia contra a mulher em dados","isPartOf":{"@id":"https:\/\/dossies.agenciapatriciagalvao.org.br\/violencia-em-dados\/#website"},"primaryImageOfPage":{"@id":"https:\/\/dossies.agenciapatriciagalvao.org.br\/violencia-em-dados\/sobre-os-dados-da-violencia-contra-as-mulheres-no-brasil\/#primaryimage"},"image":{"@id":"https:\/\/dossies.agenciapatriciagalvao.org.br\/violencia-em-dados\/sobre-os-dados-da-violencia-contra-as-mulheres-no-brasil\/#primaryimage"},"thumbnailUrl":"https:\/\/assets-dossies-ipg-v2.nyc3.digitaloceanspaces.com\/sites\/5\/2018\/08\/MulheresemDadosdestacada.jpg","datePublished":"2018-07-13T20:20:15+00:00","dateModified":"2018-10-09T13:44:41+00:00","breadcrumb":{"@id":"https:\/\/dossies.agenciapatriciagalvao.org.br\/violencia-em-dados\/sobre-os-dados-da-violencia-contra-as-mulheres-no-brasil\/#breadcrumb"},"inLanguage":"pt-BR","potentialAction":[{"@type":"ReadAction","target":["https:\/\/dossies.agenciapatriciagalvao.org.br\/violencia-em-dados\/sobre-os-dados-da-violencia-contra-as-mulheres-no-brasil\/"]}]},{"@type":"ImageObject","inLanguage":"pt-BR","@id":"https:\/\/dossies.agenciapatriciagalvao.org.br\/violencia-em-dados\/sobre-os-dados-da-violencia-contra-as-mulheres-no-brasil\/#primaryimage","url":"https:\/\/assets-dossies-ipg-v2.nyc3.digitaloceanspaces.com\/sites\/5\/2018\/08\/MulheresemDadosdestacada.jpg","contentUrl":"https:\/\/assets-dossies-ipg-v2.nyc3.digitaloceanspaces.com\/sites\/5\/2018\/08\/MulheresemDadosdestacada.jpg","width":353,"height":240},{"@type":"BreadcrumbList","@id":"https:\/\/dossies.agenciapatriciagalvao.org.br\/violencia-em-dados\/sobre-os-dados-da-violencia-contra-as-mulheres-no-brasil\/#breadcrumb","itemListElement":[{"@type":"ListItem","position":1,"name":"Home","item":"https:\/\/dossies.agenciapatriciagalvao.org.br\/violencia-em-dados\/"},{"@type":"ListItem","position":2,"name":"Sobre os dados da viol\u00eancia contra as mulheres no Brasil"}]},{"@type":"WebSite","@id":"https:\/\/dossies.agenciapatriciagalvao.org.br\/violencia-em-dados\/#website","url":"https:\/\/dossies.agenciapatriciagalvao.org.br\/violencia-em-dados\/","name":"Viol\u00eancia contra a mulher em dados","description":"&lt;strong&gt;Viol\u00eancia contra as Mulheres em Dados&lt;\/strong&gt; re\u00fane pesquisas e dados recentes relacionados \u00e0s viol\u00eancias contra as mulheres no Brasil, com base no monitoramento e curadoria realizados pelo Instituto Patr\u00edcia Galv\u00e3o \u2013 com foco na viol\u00eancia dom\u00e9stica, sexual e online, no feminic\u00eddio e na intersec\u00e7\u00e3o com o racismo e a LGBT+fobia.","potentialAction":[{"@type":"SearchAction","target":{"@type":"EntryPoint","urlTemplate":"https:\/\/dossies.agenciapatriciagalvao.org.br\/violencia-em-dados\/?s={search_term_string}"},"query-input":{"@type":"PropertyValueSpecification","valueRequired":true,"valueName":"search_term_string"}}],"inLanguage":"pt-BR"}]}},"_links":{"self":[{"href":"https:\/\/dossies.agenciapatriciagalvao.org.br\/violencia-em-dados\/wp-json\/wp\/v2\/pages\/199","targetHints":{"allow":["GET"]}}],"collection":[{"href":"https:\/\/dossies.agenciapatriciagalvao.org.br\/violencia-em-dados\/wp-json\/wp\/v2\/pages"}],"about":[{"href":"https:\/\/dossies.agenciapatriciagalvao.org.br\/violencia-em-dados\/wp-json\/wp\/v2\/types\/page"}],"author":[{"embeddable":true,"href":"https:\/\/dossies.agenciapatriciagalvao.org.br\/violencia-em-dados\/wp-json\/wp\/v2\/users\/1"}],"replies":[{"embeddable":true,"href":"https:\/\/dossies.agenciapatriciagalvao.org.br\/violencia-em-dados\/wp-json\/wp\/v2\/comments?post=199"}],"version-history":[{"count":5,"href":"https:\/\/dossies.agenciapatriciagalvao.org.br\/violencia-em-dados\/wp-json\/wp\/v2\/pages\/199\/revisions"}],"predecessor-version":[{"id":870,"href":"https:\/\/dossies.agenciapatriciagalvao.org.br\/violencia-em-dados\/wp-json\/wp\/v2\/pages\/199\/revisions\/870"}],"wp:featuredmedia":[{"embeddable":true,"href":"https:\/\/dossies.agenciapatriciagalvao.org.br\/violencia-em-dados\/wp-json\/wp\/v2\/media\/523"}],"wp:attachment":[{"href":"https:\/\/dossies.agenciapatriciagalvao.org.br\/violencia-em-dados\/wp-json\/wp\/v2\/media?parent=199"}],"curies":[{"name":"wp","href":"https:\/\/api.w.org\/{rel}","templated":true}]}}