{"id":195,"date":"2018-07-13T17:19:12","date_gmt":"2018-07-13T20:19:12","guid":{"rendered":"http:\/\/dossies.agenciapatriciagalvao.org.br\/violencia-em-dados\/?page_id=195"},"modified":"2018-08-26T10:20:58","modified_gmt":"2018-08-26T13:20:58","slug":"sugira-uma-pesquisa","status":"publish","type":"page","link":"https:\/\/dossies.agenciapatriciagalvao.org.br\/violencia-em-dados\/sugira-uma-pesquisa\/","title":{"rendered":"Conhece uma pesquisa ou fonte que gostaria de indicar para esta plataforma?"},"content":{"rendered":"<p>Se voc\u00ea conhece alguma pesquisa relevante que possa ser incorporada no banco de dados ou queira sugerir uma fonte no campo da viol\u00eancia contra as mulheres, utilize os formul\u00e1rios abaixo para enviar suas sugest\u00f5es:<\/p>\n<h2>Indique uma pesquisa<\/h2>\n\n<div class=\"wpcf7 no-js\" id=\"wpcf7-f191-o1\" lang=\"pt-BR\" dir=\"ltr\" data-wpcf7-id=\"191\">\n<div class=\"screen-reader-response\"><p role=\"status\" aria-live=\"polite\" aria-atomic=\"true\"><\/p> <ul><\/ul><\/div>\n<form action=\"\/violencia-em-dados\/wp-json\/wp\/v2\/pages\/195#wpcf7-f191-o1\" method=\"post\" class=\"wpcf7-form init\" aria-label=\"Formul\u00e1rios de contato\" novalidate=\"novalidate\" data-status=\"init\">\n<fieldset class=\"hidden-fields-container\"><input type=\"hidden\" name=\"_wpcf7\" value=\"191\" \/><input type=\"hidden\" name=\"_wpcf7_version\" value=\"6.1.5\" \/><input type=\"hidden\" name=\"_wpcf7_locale\" value=\"pt_BR\" \/><input type=\"hidden\" name=\"_wpcf7_unit_tag\" value=\"wpcf7-f191-o1\" \/><input type=\"hidden\" name=\"_wpcf7_container_post\" value=\"0\" \/><input type=\"hidden\" name=\"_wpcf7_posted_data_hash\" value=\"\" \/>\n<\/fieldset>\n<div class=\"c-field\">\n\t<p><label>Seu nome*<\/label><br \/>\n<span class=\"wpcf7-form-control-wrap\" data-name=\"nome-origem\"><input size=\"40\" maxlength=\"400\" class=\"wpcf7-form-control wpcf7-text wpcf7-validates-as-required\" aria-required=\"true\" aria-invalid=\"false\" placeholder=\"Digite aqui\" value=\"\" type=\"text\" name=\"nome-origem\" \/><\/span>\n\t<\/p>\n<\/div>\n<div class=\"c-field\">\n\t<p><label>Seu email*<\/label><br \/>\n<span class=\"wpcf7-form-control-wrap\" data-name=\"email-origem\"><input size=\"40\" maxlength=\"400\" class=\"wpcf7-form-control wpcf7-email wpcf7-validates-as-required wpcf7-text wpcf7-validates-as-email\" aria-required=\"true\" aria-invalid=\"false\" placeholder=\"Digite aqui\" value=\"\" type=\"email\" name=\"email-origem\" \/><\/span>\n\t<\/p>\n<\/div>\n<div class=\"c-field\">\n\t<p><label>Nome do estudo*<\/label><br \/>\n<span class=\"wpcf7-form-control-wrap\" data-name=\"estudo\"><input size=\"40\" maxlength=\"400\" class=\"wpcf7-form-control wpcf7-text wpcf7-validates-as-required\" aria-required=\"true\" aria-invalid=\"false\" placeholder=\"Digite aqui\" value=\"\" type=\"text\" name=\"estudo\" \/><\/span>\n\t<\/p>\n<\/div>\n<div class=\"c-field\">\n\t<p><label>Nome do \u00f3rg\u00e3o, organiza\u00e7\u00e3o e\/ou pesquisadores(as)<\/label><br \/>\n<span class=\"wpcf7-form-control-wrap\" data-name=\"orgao\"><input size=\"40\" maxlength=\"400\" class=\"wpcf7-form-control wpcf7-text\" aria-invalid=\"false\" placeholder=\"Digite aqui\" value=\"\" type=\"text\" name=\"orgao\" \/><\/span>\n\t<\/p>\n<\/div>\n<div class=\"c-field\">\n\t<p><label>Indique um link de acesso \u00e0 pesquisa*<\/label><br \/>\n<span class=\"wpcf7-form-control-wrap\" data-name=\"pesquisa\"><input size=\"40\" maxlength=\"400\" class=\"wpcf7-form-control wpcf7-url wpcf7-validates-as-required wpcf7-text wpcf7-validates-as-url\" aria-required=\"true\" aria-invalid=\"false\" placeholder=\"http:\/\/\" value=\"\" type=\"url\" name=\"pesquisa\" \/><\/span>\n\t<\/p>\n<\/div>\n<div class=\"c-field\">\n\t<p><label>Por que recomenda essa publica\u00e7\u00e3o?<\/label><br \/>\n<span class=\"wpcf7-form-control-wrap\" data-name=\"motivo\"><textarea cols=\"40\" rows=\"10\" maxlength=\"2000\" class=\"wpcf7-form-control wpcf7-textarea\" aria-invalid=\"false\" placeholder=\"Digite aqui at\u00e9 500 caracteres\" name=\"motivo\"><\/textarea><\/span>\n\t<\/p>\n<\/div>\n<p class=\"c-form__hint\">*preenchimento obrigat\u00f3rio\n<\/p>\n<div style=\"margin-bottom: 40px\">\n\t<p>[recaptcha]\n\t<\/p>\n<\/div>\n<p><input class=\"wpcf7-form-control wpcf7-submit has-spinner\" type=\"submit\" value=\"Enviar\" \/>\n<\/p><div class=\"wpcf7-response-output\" aria-hidden=\"true\"><\/div>\n<\/form>\n<\/div>\n\n<h2>Indique uma fonte<\/h2>\n\n<div class=\"wpcf7 no-js\" id=\"wpcf7-f192-o2\" lang=\"pt-BR\" dir=\"ltr\" data-wpcf7-id=\"192\">\n<div class=\"screen-reader-response\"><p role=\"status\" aria-live=\"polite\" aria-atomic=\"true\"><\/p> <ul><\/ul><\/div>\n<form action=\"\/violencia-em-dados\/wp-json\/wp\/v2\/pages\/195#wpcf7-f192-o2\" method=\"post\" class=\"wpcf7-form init\" aria-label=\"Formul\u00e1rios de contato\" novalidate=\"novalidate\" data-status=\"init\">\n<fieldset class=\"hidden-fields-container\"><input type=\"hidden\" name=\"_wpcf7\" value=\"192\" \/><input type=\"hidden\" name=\"_wpcf7_version\" value=\"6.1.5\" \/><input type=\"hidden\" name=\"_wpcf7_locale\" value=\"pt_BR\" \/><input type=\"hidden\" name=\"_wpcf7_unit_tag\" value=\"wpcf7-f192-o2\" \/><input type=\"hidden\" name=\"_wpcf7_container_post\" value=\"0\" \/><input type=\"hidden\" name=\"_wpcf7_posted_data_hash\" value=\"\" \/>\n<\/fieldset>\n<div class=\"c-field\">\n\t<p><label>Seu nome*<\/label><br \/>\n<span class=\"wpcf7-form-control-wrap\" data-name=\"nome-origem\"><input size=\"40\" maxlength=\"400\" class=\"wpcf7-form-control wpcf7-text wpcf7-validates-as-required\" aria-required=\"true\" aria-invalid=\"false\" placeholder=\"Digite aqui\" value=\"\" type=\"text\" name=\"nome-origem\" \/><\/span>\n\t<\/p>\n<\/div>\n<div class=\"c-field\">\n\t<p><label>Seu email*<\/label><br \/>\n<span class=\"wpcf7-form-control-wrap\" data-name=\"email-origem\"><input size=\"40\" maxlength=\"400\" class=\"wpcf7-form-control wpcf7-email wpcf7-validates-as-required wpcf7-text wpcf7-validates-as-email\" aria-required=\"true\" aria-invalid=\"false\" placeholder=\"Digite aqui\" value=\"\" type=\"email\" name=\"email-origem\" \/><\/span>\n\t<\/p>\n<\/div>\n<div class=\"c-field\">\n\t<p><label>Nome da fonte*<\/label><br \/>\n<span class=\"wpcf7-form-control-wrap\" data-name=\"fonte\"><input size=\"40\" maxlength=\"400\" class=\"wpcf7-form-control wpcf7-text wpcf7-validates-as-required\" aria-required=\"true\" aria-invalid=\"false\" placeholder=\"Digite aqui\" value=\"\" type=\"text\" name=\"fonte\" \/><\/span>\n\t<\/p>\n<\/div>\n<div class=\"c-field\">\n\t<p><label>\u00c1rea de atua\u00e7\u00e3o<\/label><br \/>\n<span class=\"wpcf7-form-control-wrap\" data-name=\"area\"><input size=\"40\" maxlength=\"400\" class=\"wpcf7-form-control wpcf7-text\" aria-invalid=\"false\" placeholder=\"Digite aqui\" value=\"\" type=\"text\" name=\"area\" \/><\/span>\n\t<\/p>\n<\/div>\n<div class=\"c-field\">\n\t<p><label>Local (cidade, estado, etc)<\/label><br \/>\n<span class=\"wpcf7-form-control-wrap\" data-name=\"local\"><input size=\"40\" maxlength=\"400\" class=\"wpcf7-form-control wpcf7-text\" aria-invalid=\"false\" placeholder=\"Digite aqui\" value=\"\" type=\"text\" name=\"local\" \/><\/span>\n\t<\/p>\n<\/div>\n<div class=\"c-field\">\n\t<p><label>Indique uma forma de contato com essa pessoa (telefone, e-mail, etc)<\/label><br \/>\n<span class=\"wpcf7-form-control-wrap\" data-name=\"local\"><input size=\"40\" maxlength=\"400\" class=\"wpcf7-form-control wpcf7-text\" aria-invalid=\"false\" placeholder=\"Digite aqui\" value=\"\" type=\"text\" name=\"local\" \/><\/span>\n\t<\/p>\n<\/div>\n<div class=\"c-field\">\n\t<p><label>Indique links para conte\u00fados e produ\u00e7\u00f5es com essa fonte para que a conhe\u00e7amos um pouco melhor<\/label><br \/>\n<span class=\"wpcf7-form-control-wrap\" data-name=\"link-fonte\"><input size=\"40\" maxlength=\"400\" class=\"wpcf7-form-control wpcf7-url wpcf7-text wpcf7-validates-as-url\" aria-invalid=\"false\" placeholder=\"Digite aqui o link para acessar conte\u00fados\" value=\"\" type=\"url\" name=\"link-fonte\" \/><\/span>\n\t<\/p>\n<\/div>\n<p class=\"c-form__hint\">*preenchimento obrigat\u00f3rio\n<\/p>\n<div style=\"margin-bottom: 40px\">\n\t<p>[recaptcha]\n\t<\/p>\n<\/div>\n<p><input class=\"wpcf7-form-control wpcf7-submit has-spinner\" type=\"submit\" value=\"Enviar\" \/>\n<\/p><div class=\"wpcf7-response-output\" aria-hidden=\"true\"><\/div>\n<\/form>\n<\/div>\n\n","protected":false},"excerpt":{"rendered":"<p>Se voc\u00ea conhece alguma pesquisa relevante que possa ser incorporada no banco de dados ou queira sugerir uma fonte no campo da viol\u00eancia contra as mulheres, utilize os formul\u00e1rios abaixo para enviar suas sugest\u00f5es: Indique uma pesquisa Indique uma fonte<\/p>\n","protected":false},"author":1,"featured_media":0,"parent":0,"menu_order":0,"comment_status":"closed","ping_status":"closed","template":"","meta":{"footnotes":""},"class_list":["post-195","page","type-page","status-publish","hentry"],"yoast_head":"<!-- This site is optimized with the Yoast SEO plugin v27.4 - https:\/\/yoast.com\/product\/yoast-seo-wordpress\/ -->\n<title>Conhece uma pesquisa ou fonte que gostaria de indicar para esta plataforma? - Viol\u00eancia contra a mulher em dados<\/title>\n<meta name=\"robots\" content=\"index, follow, max-snippet:-1, max-image-preview:large, max-video-preview:-1\" \/>\n<link rel=\"canonical\" href=\"https:\/\/dossies.agenciapatriciagalvao.org.br\/violencia-em-dados\/sugira-uma-pesquisa\/\" \/>\n<meta property=\"og:locale\" content=\"pt_BR\" \/>\n<meta property=\"og:type\" content=\"article\" \/>\n<meta property=\"og:title\" content=\"Conhece uma pesquisa ou fonte que gostaria de indicar para esta plataforma? - Viol\u00eancia contra a mulher em dados\" \/>\n<meta property=\"og:description\" content=\"Se voc\u00ea conhece alguma pesquisa relevante que possa ser incorporada no banco de dados ou queira sugerir uma fonte no campo da viol\u00eancia contra as mulheres, utilize os formul\u00e1rios abaixo para enviar suas sugest\u00f5es: Indique uma pesquisa Indique uma fonte\" \/>\n<meta property=\"og:url\" content=\"https:\/\/dossies.agenciapatriciagalvao.org.br\/violencia-em-dados\/sugira-uma-pesquisa\/\" \/>\n<meta property=\"og:site_name\" content=\"Viol\u00eancia contra a mulher em dados\" \/>\n<meta property=\"article:modified_time\" content=\"2018-08-26T13:20:58+00:00\" \/>\n<meta name=\"twitter:card\" content=\"summary_large_image\" \/>\n<script type=\"application\/ld+json\" class=\"yoast-schema-graph\">{\"@context\":\"https:\\\/\\\/schema.org\",\"@graph\":[{\"@type\":\"WebPage\",\"@id\":\"https:\\\/\\\/dossies.agenciapatriciagalvao.org.br\\\/violencia-em-dados\\\/sugira-uma-pesquisa\\\/\",\"url\":\"https:\\\/\\\/dossies.agenciapatriciagalvao.org.br\\\/violencia-em-dados\\\/sugira-uma-pesquisa\\\/\",\"name\":\"Conhece uma pesquisa ou fonte que gostaria de indicar para esta plataforma? - Viol\u00eancia contra a mulher em dados\",\"isPartOf\":{\"@id\":\"https:\\\/\\\/dossies.agenciapatriciagalvao.org.br\\\/violencia-em-dados\\\/#website\"},\"datePublished\":\"2018-07-13T20:19:12+00:00\",\"dateModified\":\"2018-08-26T13:20:58+00:00\",\"breadcrumb\":{\"@id\":\"https:\\\/\\\/dossies.agenciapatriciagalvao.org.br\\\/violencia-em-dados\\\/sugira-uma-pesquisa\\\/#breadcrumb\"},\"inLanguage\":\"pt-BR\",\"potentialAction\":[{\"@type\":\"ReadAction\",\"target\":[\"https:\\\/\\\/dossies.agenciapatriciagalvao.org.br\\\/violencia-em-dados\\\/sugira-uma-pesquisa\\\/\"]}]},{\"@type\":\"BreadcrumbList\",\"@id\":\"https:\\\/\\\/dossies.agenciapatriciagalvao.org.br\\\/violencia-em-dados\\\/sugira-uma-pesquisa\\\/#breadcrumb\",\"itemListElement\":[{\"@type\":\"ListItem\",\"position\":1,\"name\":\"Home\",\"item\":\"https:\\\/\\\/dossies.agenciapatriciagalvao.org.br\\\/violencia-em-dados\\\/\"},{\"@type\":\"ListItem\",\"position\":2,\"name\":\"Conhece uma pesquisa ou fonte que gostaria de indicar para esta plataforma?\"}]},{\"@type\":\"WebSite\",\"@id\":\"https:\\\/\\\/dossies.agenciapatriciagalvao.org.br\\\/violencia-em-dados\\\/#website\",\"url\":\"https:\\\/\\\/dossies.agenciapatriciagalvao.org.br\\\/violencia-em-dados\\\/\",\"name\":\"Viol\u00eancia contra a mulher em dados\",\"description\":\"&lt;strong&gt;Viol\u00eancia contra as Mulheres em Dados&lt;\\\/strong&gt; re\u00fane pesquisas e dados recentes relacionados \u00e0s viol\u00eancias contra as mulheres no Brasil, com base no monitoramento e curadoria realizados pelo Instituto Patr\u00edcia Galv\u00e3o \u2013 com foco na viol\u00eancia dom\u00e9stica, sexual e online, no feminic\u00eddio e na intersec\u00e7\u00e3o com o racismo e a LGBT+fobia.\",\"potentialAction\":[{\"@type\":\"SearchAction\",\"target\":{\"@type\":\"EntryPoint\",\"urlTemplate\":\"https:\\\/\\\/dossies.agenciapatriciagalvao.org.br\\\/violencia-em-dados\\\/?s={search_term_string}\"},\"query-input\":{\"@type\":\"PropertyValueSpecification\",\"valueRequired\":true,\"valueName\":\"search_term_string\"}}],\"inLanguage\":\"pt-BR\"}]}<\/script>\n<!-- \/ Yoast SEO plugin. -->","yoast_head_json":{"title":"Conhece uma pesquisa ou fonte que gostaria de indicar para esta plataforma? - Viol\u00eancia contra a mulher em dados","robots":{"index":"index","follow":"follow","max-snippet":"max-snippet:-1","max-image-preview":"max-image-preview:large","max-video-preview":"max-video-preview:-1"},"canonical":"https:\/\/dossies.agenciapatriciagalvao.org.br\/violencia-em-dados\/sugira-uma-pesquisa\/","og_locale":"pt_BR","og_type":"article","og_title":"Conhece uma pesquisa ou fonte que gostaria de indicar para esta plataforma? - Viol\u00eancia contra a mulher em dados","og_description":"Se voc\u00ea conhece alguma pesquisa relevante que possa ser incorporada no banco de dados ou queira sugerir uma fonte no campo da viol\u00eancia contra as mulheres, utilize os formul\u00e1rios abaixo para enviar suas sugest\u00f5es: Indique uma pesquisa Indique uma fonte","og_url":"https:\/\/dossies.agenciapatriciagalvao.org.br\/violencia-em-dados\/sugira-uma-pesquisa\/","og_site_name":"Viol\u00eancia contra a mulher em dados","article_modified_time":"2018-08-26T13:20:58+00:00","twitter_card":"summary_large_image","schema":{"@context":"https:\/\/schema.org","@graph":[{"@type":"WebPage","@id":"https:\/\/dossies.agenciapatriciagalvao.org.br\/violencia-em-dados\/sugira-uma-pesquisa\/","url":"https:\/\/dossies.agenciapatriciagalvao.org.br\/violencia-em-dados\/sugira-uma-pesquisa\/","name":"Conhece uma pesquisa ou fonte que gostaria de indicar para esta plataforma? - Viol\u00eancia contra a mulher em dados","isPartOf":{"@id":"https:\/\/dossies.agenciapatriciagalvao.org.br\/violencia-em-dados\/#website"},"datePublished":"2018-07-13T20:19:12+00:00","dateModified":"2018-08-26T13:20:58+00:00","breadcrumb":{"@id":"https:\/\/dossies.agenciapatriciagalvao.org.br\/violencia-em-dados\/sugira-uma-pesquisa\/#breadcrumb"},"inLanguage":"pt-BR","potentialAction":[{"@type":"ReadAction","target":["https:\/\/dossies.agenciapatriciagalvao.org.br\/violencia-em-dados\/sugira-uma-pesquisa\/"]}]},{"@type":"BreadcrumbList","@id":"https:\/\/dossies.agenciapatriciagalvao.org.br\/violencia-em-dados\/sugira-uma-pesquisa\/#breadcrumb","itemListElement":[{"@type":"ListItem","position":1,"name":"Home","item":"https:\/\/dossies.agenciapatriciagalvao.org.br\/violencia-em-dados\/"},{"@type":"ListItem","position":2,"name":"Conhece uma pesquisa ou fonte que gostaria de indicar para esta plataforma?"}]},{"@type":"WebSite","@id":"https:\/\/dossies.agenciapatriciagalvao.org.br\/violencia-em-dados\/#website","url":"https:\/\/dossies.agenciapatriciagalvao.org.br\/violencia-em-dados\/","name":"Viol\u00eancia contra a mulher em dados","description":"&lt;strong&gt;Viol\u00eancia contra as Mulheres em Dados&lt;\/strong&gt; re\u00fane pesquisas e dados recentes relacionados \u00e0s viol\u00eancias contra as mulheres no Brasil, com base no monitoramento e curadoria realizados pelo Instituto Patr\u00edcia Galv\u00e3o \u2013 com foco na viol\u00eancia dom\u00e9stica, sexual e online, no feminic\u00eddio e na intersec\u00e7\u00e3o com o racismo e a LGBT+fobia.","potentialAction":[{"@type":"SearchAction","target":{"@type":"EntryPoint","urlTemplate":"https:\/\/dossies.agenciapatriciagalvao.org.br\/violencia-em-dados\/?s={search_term_string}"},"query-input":{"@type":"PropertyValueSpecification","valueRequired":true,"valueName":"search_term_string"}}],"inLanguage":"pt-BR"}]}},"_links":{"self":[{"href":"https:\/\/dossies.agenciapatriciagalvao.org.br\/violencia-em-dados\/wp-json\/wp\/v2\/pages\/195","targetHints":{"allow":["GET"]}}],"collection":[{"href":"https:\/\/dossies.agenciapatriciagalvao.org.br\/violencia-em-dados\/wp-json\/wp\/v2\/pages"}],"about":[{"href":"https:\/\/dossies.agenciapatriciagalvao.org.br\/violencia-em-dados\/wp-json\/wp\/v2\/types\/page"}],"author":[{"embeddable":true,"href":"https:\/\/dossies.agenciapatriciagalvao.org.br\/violencia-em-dados\/wp-json\/wp\/v2\/users\/1"}],"replies":[{"embeddable":true,"href":"https:\/\/dossies.agenciapatriciagalvao.org.br\/violencia-em-dados\/wp-json\/wp\/v2\/comments?post=195"}],"version-history":[{"count":2,"href":"https:\/\/dossies.agenciapatriciagalvao.org.br\/violencia-em-dados\/wp-json\/wp\/v2\/pages\/195\/revisions"}],"predecessor-version":[{"id":834,"href":"https:\/\/dossies.agenciapatriciagalvao.org.br\/violencia-em-dados\/wp-json\/wp\/v2\/pages\/195\/revisions\/834"}],"wp:attachment":[{"href":"https:\/\/dossies.agenciapatriciagalvao.org.br\/violencia-em-dados\/wp-json\/wp\/v2\/media?parent=195"}],"curies":[{"name":"wp","href":"https:\/\/api.w.org\/{rel}","templated":true}]}}