{"id":29,"date":"2016-03-02T13:22:17","date_gmt":"2016-03-02T13:22:17","guid":{"rendered":"http:\/\/dossies.agenciapatriciagalvao.org.br\/feminicidio\/?page_id=29"},"modified":"2016-11-02T14:50:01","modified_gmt":"2016-11-02T14:50:01","slug":"legislacoes","status":"publish","type":"page","link":"https:\/\/dossies.agenciapatriciagalvao.org.br\/feminicidio\/legislacoes\/","title":{"rendered":"Legisla\u00e7\u00f5es sobre feminic\u00eddio na Am\u00e9rica Latina"},"content":{"rendered":"","protected":false},"excerpt":{"rendered":"<p>A preocupa\u00e7\u00e3o em criar uma legisla\u00e7\u00e3o espec\u00edfica no Brasil para punir e coibir o feminic\u00eddio segue recomenda\u00e7\u00e3o de organiza\u00e7\u00f5es internacionais, como a Comiss\u00e3o sobre a Situa\u00e7\u00e3o da Mulher (CSW) e o Comit\u00ea sobre a Elimina\u00e7\u00e3o de Todas as Formas de Discrimina\u00e7\u00e3o contra a Mulher (CEDAW), ambos da ONU. A tipifica\u00e7\u00e3o do feminic\u00eddio tem sido reivindicada por movimentos de mulheres, ativistas e pesquisadoras como um instrumento essencial para tirar o problema da invisibilidade e apontar a responsabilidade do Estado na perman\u00eancia destas mortes. Com o debate crescente na Am\u00e9rica Latina, 16 pa\u00edses da regi\u00e3o j\u00e1 adotaram leis espec\u00edficas ou dispositivos para lidar com o assassinato de mulheres por raz\u00f5es de g\u00eanero, incluindo o Brasil. Confira. <\/p>\n","protected":false},"author":1,"featured_media":0,"parent":0,"menu_order":0,"comment_status":"closed","ping_status":"closed","template":"page-legislacoes.php","meta":{"footnotes":""},"class_list":["post-29","page","type-page","status-publish","hentry"],"yoast_head":"<!-- This site is optimized with the Yoast SEO plugin v26.3 - https:\/\/yoast.com\/wordpress\/plugins\/seo\/ -->\n<title>Legisla\u00e7\u00f5es sobre feminic\u00eddio na Am\u00e9rica Latina - Dossi\u00ea Feminic\u00eddio<\/title>\n<meta name=\"robots\" content=\"index, follow, max-snippet:-1, max-image-preview:large, max-video-preview:-1\" \/>\n<link rel=\"canonical\" href=\"https:\/\/dossies.agenciapatriciagalvao.org.br\/feminicidio\/legislacoes\/\" \/>\n<meta property=\"og:locale\" content=\"pt_BR\" \/>\n<meta property=\"og:type\" content=\"article\" \/>\n<meta property=\"og:title\" content=\"Legisla\u00e7\u00f5es sobre feminic\u00eddio na Am\u00e9rica Latina - Dossi\u00ea Feminic\u00eddio\" \/>\n<meta property=\"og:description\" content=\"A preocupa\u00e7\u00e3o em criar uma legisla\u00e7\u00e3o espec\u00edfica no Brasil para punir e coibir o feminic\u00eddio segue recomenda\u00e7\u00e3o de organiza\u00e7\u00f5es internacionais, como a Comiss\u00e3o sobre a Situa\u00e7\u00e3o da Mulher (CSW) e o Comit\u00ea sobre a Elimina\u00e7\u00e3o de Todas as Formas de Discrimina\u00e7\u00e3o contra a Mulher (CEDAW), ambos da ONU. A tipifica\u00e7\u00e3o do feminic\u00eddio tem sido reivindicada por movimentos de mulheres, ativistas e pesquisadoras como um instrumento essencial para tirar o problema da invisibilidade e apontar a responsabilidade do Estado na perman\u00eancia destas mortes. Com o debate crescente na Am\u00e9rica Latina, 16 pa\u00edses da regi\u00e3o j\u00e1 adotaram leis espec\u00edficas ou dispositivos para lidar com o assassinato de mulheres por raz\u00f5es de g\u00eanero, incluindo o Brasil. Confira.\" \/>\n<meta property=\"og:url\" content=\"https:\/\/dossies.agenciapatriciagalvao.org.br\/feminicidio\/legislacoes\/\" \/>\n<meta property=\"og:site_name\" content=\"Dossi\u00ea Feminic\u00eddio\" \/>\n<meta property=\"article:modified_time\" content=\"2016-11-02T14:50:01+00:00\" \/>\n<meta name=\"twitter:card\" content=\"summary_large_image\" \/>\n<script type=\"application\/ld+json\" class=\"yoast-schema-graph\">{\"@context\":\"https:\/\/schema.org\",\"@graph\":[{\"@type\":\"WebPage\",\"@id\":\"https:\/\/dossies.agenciapatriciagalvao.org.br\/feminicidio\/legislacoes\/\",\"url\":\"https:\/\/dossies.agenciapatriciagalvao.org.br\/feminicidio\/legislacoes\/\",\"name\":\"Legisla\u00e7\u00f5es sobre feminic\u00eddio na Am\u00e9rica Latina - Dossi\u00ea Feminic\u00eddio\",\"isPartOf\":{\"@id\":\"https:\/\/dossies.agenciapatriciagalvao.org.br\/feminicidio\/#website\"},\"datePublished\":\"2016-03-02T13:22:17+00:00\",\"dateModified\":\"2016-11-02T14:50:01+00:00\",\"breadcrumb\":{\"@id\":\"https:\/\/dossies.agenciapatriciagalvao.org.br\/feminicidio\/legislacoes\/#breadcrumb\"},\"inLanguage\":\"pt-BR\",\"potentialAction\":[{\"@type\":\"ReadAction\",\"target\":[\"https:\/\/dossies.agenciapatriciagalvao.org.br\/feminicidio\/legislacoes\/\"]}]},{\"@type\":\"BreadcrumbList\",\"@id\":\"https:\/\/dossies.agenciapatriciagalvao.org.br\/feminicidio\/legislacoes\/#breadcrumb\",\"itemListElement\":[{\"@type\":\"ListItem\",\"position\":1,\"name\":\"In\u00edcio\",\"item\":\"https:\/\/dossies.agenciapatriciagalvao.org.br\/feminicidio\/\"},{\"@type\":\"ListItem\",\"position\":2,\"name\":\"Legisla\u00e7\u00f5es sobre feminic\u00eddio na Am\u00e9rica Latina\"}]},{\"@type\":\"WebSite\",\"@id\":\"https:\/\/dossies.agenciapatriciagalvao.org.br\/feminicidio\/#website\",\"url\":\"https:\/\/dossies.agenciapatriciagalvao.org.br\/feminicidio\/\",\"name\":\"Dossi\u00ea Feminic\u00eddio\",\"description\":\"&lt;strong&gt;Feminic\u00eddio&lt;\/strong&gt;. Nomear o problema \u00e9 uma forma de visibilizar um cen\u00e1rio grave: o Brasil convive com viol\u00eancias cotidianas contra as mulheres, o que resulta em um destaque perverso: \u00e9 o 5\u00ba pa\u00eds com maior taxa de assassinatos femininos no mundo. \u00c9 urgente questionar a perman\u00eancia de mortes evit\u00e1veis. &lt;strong&gt;#InvisibilidadeMata&lt;\/strong&gt;\",\"potentialAction\":[{\"@type\":\"SearchAction\",\"target\":{\"@type\":\"EntryPoint\",\"urlTemplate\":\"https:\/\/dossies.agenciapatriciagalvao.org.br\/feminicidio\/?s={search_term_string}\"},\"query-input\":{\"@type\":\"PropertyValueSpecification\",\"valueRequired\":true,\"valueName\":\"search_term_string\"}}],\"inLanguage\":\"pt-BR\"}]}<\/script>\n<!-- \/ Yoast SEO plugin. -->","yoast_head_json":{"title":"Legisla\u00e7\u00f5es sobre feminic\u00eddio na Am\u00e9rica Latina - Dossi\u00ea Feminic\u00eddio","robots":{"index":"index","follow":"follow","max-snippet":"max-snippet:-1","max-image-preview":"max-image-preview:large","max-video-preview":"max-video-preview:-1"},"canonical":"https:\/\/dossies.agenciapatriciagalvao.org.br\/feminicidio\/legislacoes\/","og_locale":"pt_BR","og_type":"article","og_title":"Legisla\u00e7\u00f5es sobre feminic\u00eddio na Am\u00e9rica Latina - Dossi\u00ea Feminic\u00eddio","og_description":"A preocupa\u00e7\u00e3o em criar uma legisla\u00e7\u00e3o espec\u00edfica no Brasil para punir e coibir o feminic\u00eddio segue recomenda\u00e7\u00e3o de organiza\u00e7\u00f5es internacionais, como a Comiss\u00e3o sobre a Situa\u00e7\u00e3o da Mulher (CSW) e o Comit\u00ea sobre a Elimina\u00e7\u00e3o de Todas as Formas de Discrimina\u00e7\u00e3o contra a Mulher (CEDAW), ambos da ONU. A tipifica\u00e7\u00e3o do feminic\u00eddio tem sido reivindicada por movimentos de mulheres, ativistas e pesquisadoras como um instrumento essencial para tirar o problema da invisibilidade e apontar a responsabilidade do Estado na perman\u00eancia destas mortes. Com o debate crescente na Am\u00e9rica Latina, 16 pa\u00edses da regi\u00e3o j\u00e1 adotaram leis espec\u00edficas ou dispositivos para lidar com o assassinato de mulheres por raz\u00f5es de g\u00eanero, incluindo o Brasil. Confira.","og_url":"https:\/\/dossies.agenciapatriciagalvao.org.br\/feminicidio\/legislacoes\/","og_site_name":"Dossi\u00ea Feminic\u00eddio","article_modified_time":"2016-11-02T14:50:01+00:00","twitter_card":"summary_large_image","schema":{"@context":"https:\/\/schema.org","@graph":[{"@type":"WebPage","@id":"https:\/\/dossies.agenciapatriciagalvao.org.br\/feminicidio\/legislacoes\/","url":"https:\/\/dossies.agenciapatriciagalvao.org.br\/feminicidio\/legislacoes\/","name":"Legisla\u00e7\u00f5es sobre feminic\u00eddio na Am\u00e9rica Latina - Dossi\u00ea Feminic\u00eddio","isPartOf":{"@id":"https:\/\/dossies.agenciapatriciagalvao.org.br\/feminicidio\/#website"},"datePublished":"2016-03-02T13:22:17+00:00","dateModified":"2016-11-02T14:50:01+00:00","breadcrumb":{"@id":"https:\/\/dossies.agenciapatriciagalvao.org.br\/feminicidio\/legislacoes\/#breadcrumb"},"inLanguage":"pt-BR","potentialAction":[{"@type":"ReadAction","target":["https:\/\/dossies.agenciapatriciagalvao.org.br\/feminicidio\/legislacoes\/"]}]},{"@type":"BreadcrumbList","@id":"https:\/\/dossies.agenciapatriciagalvao.org.br\/feminicidio\/legislacoes\/#breadcrumb","itemListElement":[{"@type":"ListItem","position":1,"name":"In\u00edcio","item":"https:\/\/dossies.agenciapatriciagalvao.org.br\/feminicidio\/"},{"@type":"ListItem","position":2,"name":"Legisla\u00e7\u00f5es sobre feminic\u00eddio na Am\u00e9rica Latina"}]},{"@type":"WebSite","@id":"https:\/\/dossies.agenciapatriciagalvao.org.br\/feminicidio\/#website","url":"https:\/\/dossies.agenciapatriciagalvao.org.br\/feminicidio\/","name":"Dossi\u00ea Feminic\u00eddio","description":"&lt;strong&gt;Feminic\u00eddio&lt;\/strong&gt;. Nomear o problema \u00e9 uma forma de visibilizar um cen\u00e1rio grave: o Brasil convive com viol\u00eancias cotidianas contra as mulheres, o que resulta em um destaque perverso: \u00e9 o 5\u00ba pa\u00eds com maior taxa de assassinatos femininos no mundo. \u00c9 urgente questionar a perman\u00eancia de mortes evit\u00e1veis. &lt;strong&gt;#InvisibilidadeMata&lt;\/strong&gt;","potentialAction":[{"@type":"SearchAction","target":{"@type":"EntryPoint","urlTemplate":"https:\/\/dossies.agenciapatriciagalvao.org.br\/feminicidio\/?s={search_term_string}"},"query-input":{"@type":"PropertyValueSpecification","valueRequired":true,"valueName":"search_term_string"}}],"inLanguage":"pt-BR"}]}},"_links":{"self":[{"href":"https:\/\/dossies.agenciapatriciagalvao.org.br\/feminicidio\/wp-json\/wp\/v2\/pages\/29","targetHints":{"allow":["GET"]}}],"collection":[{"href":"https:\/\/dossies.agenciapatriciagalvao.org.br\/feminicidio\/wp-json\/wp\/v2\/pages"}],"about":[{"href":"https:\/\/dossies.agenciapatriciagalvao.org.br\/feminicidio\/wp-json\/wp\/v2\/types\/page"}],"author":[{"embeddable":true,"href":"https:\/\/dossies.agenciapatriciagalvao.org.br\/feminicidio\/wp-json\/wp\/v2\/users\/1"}],"replies":[{"embeddable":true,"href":"https:\/\/dossies.agenciapatriciagalvao.org.br\/feminicidio\/wp-json\/wp\/v2\/comments?post=29"}],"version-history":[{"count":12,"href":"https:\/\/dossies.agenciapatriciagalvao.org.br\/feminicidio\/wp-json\/wp\/v2\/pages\/29\/revisions"}],"predecessor-version":[{"id":365,"href":"https:\/\/dossies.agenciapatriciagalvao.org.br\/feminicidio\/wp-json\/wp\/v2\/pages\/29\/revisions\/365"}],"wp:attachment":[{"href":"https:\/\/dossies.agenciapatriciagalvao.org.br\/feminicidio\/wp-json\/wp\/v2\/media?parent=29"}],"curies":[{"name":"wp","href":"https:\/\/api.w.org\/{rel}","templated":true}]}}