{"id":173,"date":"2016-06-30T13:40:12","date_gmt":"2016-06-30T13:40:12","guid":{"rendered":"http:\/\/dossies.agenciapatriciagalvao.org.br\/feminicidio\/?page_id=173"},"modified":"2022-05-13T15:39:19","modified_gmt":"2022-05-13T18:39:19","slug":"politica-de-privacidade","status":"publish","type":"page","link":"https:\/\/dossies.agenciapatriciagalvao.org.br\/feminicidio\/politica-de-privacidade\/","title":{"rendered":"Pol\u00edtica de Privacidade"},"content":{"rendered":"<p class=\"page__title selectionShareable\">O<em> Dossi\u00ea Feminic\u00eddio<\/em>\u00a0\u00e9 uma iniciativa do <a href=\"http:\/\/www.agenciapatriciagalvao.org.br\/\" target=\"_blank\" rel=\"noopener\">Instituto Patr\u00edcia Galv\u00e3o<\/a>, criado em 2016 para apoiar a produ\u00e7\u00e3o de not\u00edcias e conte\u00fados que contribuam para coibir os feminic\u00eddios no Brasil.<\/p>\n<p class=\"selectionShareable\">O site do <em>Dossi\u00ea Feminicidio<\/em>\u00a0tem car\u00e1ter gratuito e acesso livre. Todas as informa\u00e7\u00f5es pessoais de usu\u00e1rios recolhidas ser\u00e3o usadas somente para tornar o seu acesso ao nosso site o mais produtivo e agrad\u00e1vel poss\u00edvel e jamais ser\u00e3o utilizadas para fins comerciais.<\/p>\n<p class=\"selectionShareable\">A informa\u00e7\u00e3o pessoal recolhida pode incluir o seu primeiro e \u00faltimo nome, e-mail, telefone, data de nascimento, cidade e estado. A garantia da confidencialidade dos dados pessoais dos utilizadores do nosso site \u00e9 fundamental para a Ag\u00eancia Patr\u00edcia Galv\u00e3o.<\/p>\n<p class=\"selectionShareable\">Todas as informa\u00e7\u00f5es cadastradas no site s\u00e3o mantidas em sigilo nos bancos de dados da Ag\u00eancia Patr\u00edcia Galv\u00e3o. Esses dados s\u00e3o armazenamos para criar um login que fornece acesso ao conte\u00fado restrito do site. O usu\u00e1rio que desejar a exclus\u00e3o de seus dados pode fazer a solicita\u00e7\u00e3o por meio do nosso <a href=\"https:\/\/dossies.agenciapatriciagalvao.org.br\/feminicidio\/contato\/\">formul\u00e1rio de contato<\/a>: simplesmente informe no campo \u201cdescri\u00e7\u00e3o\u201d que deseja a remo\u00e7\u00e3o dos seus dados da nossa plataforma (levaremos em considera\u00e7\u00e3o o e-mail utilizado no contato).<\/p>\n<p class=\"selectionShareable\">O usu\u00e1rio, por sua vez, concorda que \u00e9 proibido por lei:<br \/>\n\u2013 prejudicar os direitos e interesses de terceiros;<br \/>\n\u2013 inutilizar, modificar ou impedir, em todo ou em parte, qualquer \u00e1rea do site;<br \/>\n\u2013 tentar violar os meios t\u00e9cnicos de prote\u00e7\u00e3o ao conte\u00fado do site.<\/p>\n<p class=\"selectionShareable\">Tal como outros websites, coletamos e utilizamos informa\u00e7\u00f5es como seu endere\u00e7o IP (Internet Protocol), seu ISP (Internet Service Provider), o browser que utilizou ao visitar o nosso site (como o Internet Explorer ou o Firefox), o tempo da sua visita e que p\u00e1ginas visitou dentro do nosso site.<\/p>\n<p class=\"selectionShareable\"><strong>Liga\u00e7\u00f5es a sites de terceiros<\/strong><\/p>\n<p class=\"selectionShareable\">O <em>Dossi\u00ea Feminic\u00eddio\u00a0<\/em>possui liga\u00e7\u00f5es para outros sites que podem, a nosso ver, conter informa\u00e7\u00f5es e\/ou ferramentas \u00fateis para os nossos visitantes. Ressaltamos que a nossa pol\u00edtica de privacidade n\u00e3o \u00e9 aplicada a sites de terceiros e que, portando, o usu\u00e1rio que visitar outro site a partir do nosso dever\u00e1 ler a pol\u00edtica de privacidade do mesmo.<\/p>\n<p class=\"selectionShareable\">N\u00e3o nos responsabilizamos pela pol\u00edtica de privacidade ou conte\u00fado presente nesses mesmos sites.<\/p>\n<p class=\"selectionShareable\">As condi\u00e7\u00f5es acima relacionadas se encontram amparadas atrav\u00e9s de normatiza\u00e7\u00f5es brasileiras.<\/p>\n<p class=\"selectionShareable\">A partir do momento em que o usu\u00e1rio acessa o nosso site estar\u00e1 automaticamente aderindo e concordando expressamente com as condi\u00e7\u00f5es aqui dispostas.<\/p>\n<p class=\"selectionShareable\">A equipe do Instituto Patr\u00edcia Galv\u00e3o reserva-se o direito de alterar este acordo sem aviso pr\u00e9vio. Deste modo, recomendamos que consulte a nossa pol\u00edtica de privacidade com regularidade a fim de se manter atualizado.<\/p>\n","protected":false},"excerpt":{"rendered":"<p>O site do Dossi\u00ea Feminicidio tem car\u00e1ter gratuito e acesso livre. <\/p>\n","protected":false},"author":1,"featured_media":0,"parent":0,"menu_order":0,"comment_status":"closed","ping_status":"closed","template":"","meta":{"footnotes":""},"class_list":["post-173","page","type-page","status-publish","hentry"],"yoast_head":"<!-- This site is optimized with the Yoast SEO plugin v27.4 - https:\/\/yoast.com\/product\/yoast-seo-wordpress\/ -->\n<title>Pol\u00edtica de Privacidade - Dossi\u00ea Feminic\u00eddio<\/title>\n<meta name=\"robots\" content=\"index, follow, max-snippet:-1, max-image-preview:large, max-video-preview:-1\" \/>\n<link rel=\"canonical\" href=\"https:\/\/dossies.agenciapatriciagalvao.org.br\/feminicidio\/politica-de-privacidade\/\" \/>\n<meta property=\"og:locale\" content=\"pt_BR\" \/>\n<meta property=\"og:type\" content=\"article\" \/>\n<meta property=\"og:title\" content=\"Pol\u00edtica de Privacidade - Dossi\u00ea Feminic\u00eddio\" \/>\n<meta property=\"og:description\" content=\"O site do Dossi\u00ea Feminicidio tem car\u00e1ter gratuito e acesso livre.\" \/>\n<meta property=\"og:url\" content=\"https:\/\/dossies.agenciapatriciagalvao.org.br\/feminicidio\/politica-de-privacidade\/\" \/>\n<meta property=\"og:site_name\" content=\"Dossi\u00ea Feminic\u00eddio\" \/>\n<meta property=\"article:modified_time\" content=\"2022-05-13T18:39:19+00:00\" \/>\n<meta name=\"twitter:card\" content=\"summary_large_image\" \/>\n<meta name=\"twitter:label1\" content=\"Est. tempo de leitura\" \/>\n\t<meta name=\"twitter:data1\" content=\"3 minutos\" \/>\n<script type=\"application\/ld+json\" class=\"yoast-schema-graph\">{\"@context\":\"https:\\\/\\\/schema.org\",\"@graph\":[{\"@type\":\"WebPage\",\"@id\":\"https:\\\/\\\/dossies.agenciapatriciagalvao.org.br\\\/feminicidio\\\/politica-de-privacidade\\\/\",\"url\":\"https:\\\/\\\/dossies.agenciapatriciagalvao.org.br\\\/feminicidio\\\/politica-de-privacidade\\\/\",\"name\":\"Pol\u00edtica de Privacidade - Dossi\u00ea Feminic\u00eddio\",\"isPartOf\":{\"@id\":\"https:\\\/\\\/dossies.agenciapatriciagalvao.org.br\\\/feminicidio\\\/#website\"},\"datePublished\":\"2016-06-30T13:40:12+00:00\",\"dateModified\":\"2022-05-13T18:39:19+00:00\",\"breadcrumb\":{\"@id\":\"https:\\\/\\\/dossies.agenciapatriciagalvao.org.br\\\/feminicidio\\\/politica-de-privacidade\\\/#breadcrumb\"},\"inLanguage\":\"pt-BR\",\"potentialAction\":[{\"@type\":\"ReadAction\",\"target\":[\"https:\\\/\\\/dossies.agenciapatriciagalvao.org.br\\\/feminicidio\\\/politica-de-privacidade\\\/\"]}]},{\"@type\":\"BreadcrumbList\",\"@id\":\"https:\\\/\\\/dossies.agenciapatriciagalvao.org.br\\\/feminicidio\\\/politica-de-privacidade\\\/#breadcrumb\",\"itemListElement\":[{\"@type\":\"ListItem\",\"position\":1,\"name\":\"In\u00edcio\",\"item\":\"https:\\\/\\\/dossies.agenciapatriciagalvao.org.br\\\/feminicidio\\\/\"},{\"@type\":\"ListItem\",\"position\":2,\"name\":\"Pol\u00edtica de Privacidade\"}]},{\"@type\":\"WebSite\",\"@id\":\"https:\\\/\\\/dossies.agenciapatriciagalvao.org.br\\\/feminicidio\\\/#website\",\"url\":\"https:\\\/\\\/dossies.agenciapatriciagalvao.org.br\\\/feminicidio\\\/\",\"name\":\"Dossi\u00ea Feminic\u00eddio\",\"description\":\"&lt;strong&gt;Feminic\u00eddio&lt;\\\/strong&gt;. Nomear o problema \u00e9 uma forma de visibilizar um cen\u00e1rio grave: o Brasil convive com viol\u00eancias cotidianas contra as mulheres, o que resulta em um destaque perverso: \u00e9 o 5\u00ba pa\u00eds com maior taxa de assassinatos femininos no mundo. \u00c9 urgente questionar a perman\u00eancia de mortes evit\u00e1veis. &lt;strong&gt;#InvisibilidadeMata&lt;\\\/strong&gt;\",\"potentialAction\":[{\"@type\":\"SearchAction\",\"target\":{\"@type\":\"EntryPoint\",\"urlTemplate\":\"https:\\\/\\\/dossies.agenciapatriciagalvao.org.br\\\/feminicidio\\\/?s={search_term_string}\"},\"query-input\":{\"@type\":\"PropertyValueSpecification\",\"valueRequired\":true,\"valueName\":\"search_term_string\"}}],\"inLanguage\":\"pt-BR\"}]}<\/script>\n<!-- \/ Yoast SEO plugin. -->","yoast_head_json":{"title":"Pol\u00edtica de Privacidade - Dossi\u00ea Feminic\u00eddio","robots":{"index":"index","follow":"follow","max-snippet":"max-snippet:-1","max-image-preview":"max-image-preview:large","max-video-preview":"max-video-preview:-1"},"canonical":"https:\/\/dossies.agenciapatriciagalvao.org.br\/feminicidio\/politica-de-privacidade\/","og_locale":"pt_BR","og_type":"article","og_title":"Pol\u00edtica de Privacidade - Dossi\u00ea Feminic\u00eddio","og_description":"O site do Dossi\u00ea Feminicidio tem car\u00e1ter gratuito e acesso livre.","og_url":"https:\/\/dossies.agenciapatriciagalvao.org.br\/feminicidio\/politica-de-privacidade\/","og_site_name":"Dossi\u00ea Feminic\u00eddio","article_modified_time":"2022-05-13T18:39:19+00:00","twitter_card":"summary_large_image","twitter_misc":{"Est. tempo de leitura":"3 minutos"},"schema":{"@context":"https:\/\/schema.org","@graph":[{"@type":"WebPage","@id":"https:\/\/dossies.agenciapatriciagalvao.org.br\/feminicidio\/politica-de-privacidade\/","url":"https:\/\/dossies.agenciapatriciagalvao.org.br\/feminicidio\/politica-de-privacidade\/","name":"Pol\u00edtica de Privacidade - Dossi\u00ea Feminic\u00eddio","isPartOf":{"@id":"https:\/\/dossies.agenciapatriciagalvao.org.br\/feminicidio\/#website"},"datePublished":"2016-06-30T13:40:12+00:00","dateModified":"2022-05-13T18:39:19+00:00","breadcrumb":{"@id":"https:\/\/dossies.agenciapatriciagalvao.org.br\/feminicidio\/politica-de-privacidade\/#breadcrumb"},"inLanguage":"pt-BR","potentialAction":[{"@type":"ReadAction","target":["https:\/\/dossies.agenciapatriciagalvao.org.br\/feminicidio\/politica-de-privacidade\/"]}]},{"@type":"BreadcrumbList","@id":"https:\/\/dossies.agenciapatriciagalvao.org.br\/feminicidio\/politica-de-privacidade\/#breadcrumb","itemListElement":[{"@type":"ListItem","position":1,"name":"In\u00edcio","item":"https:\/\/dossies.agenciapatriciagalvao.org.br\/feminicidio\/"},{"@type":"ListItem","position":2,"name":"Pol\u00edtica de Privacidade"}]},{"@type":"WebSite","@id":"https:\/\/dossies.agenciapatriciagalvao.org.br\/feminicidio\/#website","url":"https:\/\/dossies.agenciapatriciagalvao.org.br\/feminicidio\/","name":"Dossi\u00ea Feminic\u00eddio","description":"&lt;strong&gt;Feminic\u00eddio&lt;\/strong&gt;. Nomear o problema \u00e9 uma forma de visibilizar um cen\u00e1rio grave: o Brasil convive com viol\u00eancias cotidianas contra as mulheres, o que resulta em um destaque perverso: \u00e9 o 5\u00ba pa\u00eds com maior taxa de assassinatos femininos no mundo. \u00c9 urgente questionar a perman\u00eancia de mortes evit\u00e1veis. &lt;strong&gt;#InvisibilidadeMata&lt;\/strong&gt;","potentialAction":[{"@type":"SearchAction","target":{"@type":"EntryPoint","urlTemplate":"https:\/\/dossies.agenciapatriciagalvao.org.br\/feminicidio\/?s={search_term_string}"},"query-input":{"@type":"PropertyValueSpecification","valueRequired":true,"valueName":"search_term_string"}}],"inLanguage":"pt-BR"}]}},"_links":{"self":[{"href":"https:\/\/dossies.agenciapatriciagalvao.org.br\/feminicidio\/wp-json\/wp\/v2\/pages\/173","targetHints":{"allow":["GET"]}}],"collection":[{"href":"https:\/\/dossies.agenciapatriciagalvao.org.br\/feminicidio\/wp-json\/wp\/v2\/pages"}],"about":[{"href":"https:\/\/dossies.agenciapatriciagalvao.org.br\/feminicidio\/wp-json\/wp\/v2\/types\/page"}],"author":[{"embeddable":true,"href":"https:\/\/dossies.agenciapatriciagalvao.org.br\/feminicidio\/wp-json\/wp\/v2\/users\/1"}],"replies":[{"embeddable":true,"href":"https:\/\/dossies.agenciapatriciagalvao.org.br\/feminicidio\/wp-json\/wp\/v2\/comments?post=173"}],"version-history":[{"count":4,"href":"https:\/\/dossies.agenciapatriciagalvao.org.br\/feminicidio\/wp-json\/wp\/v2\/pages\/173\/revisions"}],"predecessor-version":[{"id":452,"href":"https:\/\/dossies.agenciapatriciagalvao.org.br\/feminicidio\/wp-json\/wp\/v2\/pages\/173\/revisions\/452"}],"wp:attachment":[{"href":"https:\/\/dossies.agenciapatriciagalvao.org.br\/feminicidio\/wp-json\/wp\/v2\/media?parent=173"}],"curies":[{"name":"wp","href":"https:\/\/api.w.org\/{rel}","templated":true}]}}