{"id":171,"date":"2016-06-30T13:39:54","date_gmt":"2016-06-30T13:39:54","guid":{"rendered":"http:\/\/dossies.agenciapatriciagalvao.org.br\/feminicidio\/?page_id=171"},"modified":"2016-11-02T15:00:18","modified_gmt":"2016-11-02T15:00:18","slug":"termos-de-uso","status":"publish","type":"page","link":"https:\/\/dossies.agenciapatriciagalvao.org.br\/feminicidio\/termos-de-uso\/","title":{"rendered":"Termos de Uso"},"content":{"rendered":"<p class=\"selectionShareable\">O <em>Dossi\u00ea Feminic\u00eddio<\/em>\u00a0\u00e9 uma iniciativa do Instituto Patr\u00edcia Galv\u00e3o, criado em 2016 para apoiar a produ\u00e7\u00e3o de not\u00edcias e conte\u00fados sobre os direitos das mulheres no Brasil.<\/p>\n<p class=\"selectionShareable\">Todo e qualquer conte\u00fado produzido pelo Instituto\u00a0Patr\u00edcia Galv\u00e3o pode ser reproduzido livremente e sem custos, desde que citada a fonte\/autoria, que deve incluir o nome do autor da foto, v\u00eddeo, \u00e1udio e\/ou texto, bem como o da institui\u00e7\u00e3o e, quando poss\u00edvel, o link para a p\u00e1gina em que o conte\u00fado foi originalmente publicado.<\/p>\n<p class=\"selectionShareable\">A licen\u00e7a adotada \u00e9 a Creative Commons 3.0, que estabelece que:<\/p>\n<p class=\"selectionShareable\"><em>O usu\u00e1rio tem o direito de:<\/em><br \/>\nCompartilhar \u2014 copiar e redistribuir o material em qualquer suporte ou formato.<br \/>\nAdaptar \u2014 remixar, transformar e criar a partir do material para qualquer fim, mesmo que comercial. O licenciante n\u00e3o pode revogar estes direitos desde que voc\u00ea respeite os termos da licen\u00e7a.<\/p>\n<p class=\"selectionShareable\"><em>De acordo com os termos seguintes:<\/em><br \/>\nAtribui\u00e7\u00e3o: voc\u00ea deve atribuir o devido cr\u00e9dito, fornecer um link para a licen\u00e7a e indicar se forem feitas altera\u00e7\u00f5es. Voc\u00ea pode faz\u00ea-lo de qualquer forma razo\u00e1vel, mas n\u00e3o de uma forma que sugira que o licenciante o apoia ou aprova o seu uso.<\/p>\n<p class=\"selectionShareable\">Sem restri\u00e7\u00f5es adicionais \u2014 voc\u00ea n\u00e3o pode aplicar termos jur\u00eddicos ou medidas de car\u00e1ter tecnol\u00f3gico que restrinjam legalmente outros de fazerem algo que a licen\u00e7a permita.<\/p>\n<p class=\"selectionShareable\"><em>Avisos:<\/em><br \/>\nVoc\u00ea n\u00e3o tem de cumprir com os termos da licen\u00e7a relativamente a elementos do material que estejam no dom\u00ednio p\u00fablico ou cuja utiliza\u00e7\u00e3o seja permitida por uma exce\u00e7\u00e3o ou limita\u00e7\u00e3o que seja aplic\u00e1vel.<\/p>\n<p class=\"selectionShareable\">N\u00e3o s\u00e3o dadas quaisquer garantias. A licen\u00e7a pode n\u00e3o lhe dar todas as autoriza\u00e7\u00f5es necess\u00e1rias para o uso pretendido. Por exemplo, outros direitos, tais como direitos de imagem, de privacidade ou direitos morais, podem limitar o uso do material.<\/p>\n<p class=\"selectionShareable\"><strong>A \u00edntegra da licen\u00e7a pode ser consultada no link: <\/strong><br \/>\n<strong><a href=\"http:\/\/creativecommons.org\/licenses\/by\/3.0\/br\/legalcode\" target=\"_blank\">http:\/\/creativecommons.org\/licenses\/by\/3.0\/br\/legalcode<\/a><\/strong><\/p>\n","protected":false},"excerpt":{"rendered":"<p>Os conte\u00fados deste Dossi\u00ea podem ser reproduzidos livremente, desde que citada a fonte. <\/p>\n","protected":false},"author":1,"featured_media":0,"parent":0,"menu_order":0,"comment_status":"closed","ping_status":"closed","template":"","meta":{"footnotes":""},"class_list":["post-171","page","type-page","status-publish","hentry"],"yoast_head":"<!-- This site is optimized with the Yoast SEO plugin v27.4 - https:\/\/yoast.com\/product\/yoast-seo-wordpress\/ -->\n<title>Termos de Uso - Dossi\u00ea Feminic\u00eddio<\/title>\n<meta name=\"robots\" content=\"index, follow, max-snippet:-1, max-image-preview:large, max-video-preview:-1\" \/>\n<link rel=\"canonical\" href=\"https:\/\/dossies.agenciapatriciagalvao.org.br\/feminicidio\/termos-de-uso\/\" \/>\n<meta property=\"og:locale\" content=\"pt_BR\" \/>\n<meta property=\"og:type\" content=\"article\" \/>\n<meta property=\"og:title\" content=\"Termos de Uso - Dossi\u00ea Feminic\u00eddio\" \/>\n<meta property=\"og:description\" content=\"Os conte\u00fados deste Dossi\u00ea podem ser reproduzidos livremente, desde que citada a fonte.\" \/>\n<meta property=\"og:url\" content=\"https:\/\/dossies.agenciapatriciagalvao.org.br\/feminicidio\/termos-de-uso\/\" \/>\n<meta property=\"og:site_name\" content=\"Dossi\u00ea Feminic\u00eddio\" \/>\n<meta property=\"article:modified_time\" content=\"2016-11-02T15:00:18+00:00\" \/>\n<meta name=\"twitter:card\" content=\"summary_large_image\" \/>\n<meta name=\"twitter:label1\" content=\"Est. tempo de leitura\" \/>\n\t<meta name=\"twitter:data1\" content=\"2 minutos\" \/>\n<script type=\"application\/ld+json\" class=\"yoast-schema-graph\">{\"@context\":\"https:\\\/\\\/schema.org\",\"@graph\":[{\"@type\":\"WebPage\",\"@id\":\"https:\\\/\\\/dossies.agenciapatriciagalvao.org.br\\\/feminicidio\\\/termos-de-uso\\\/\",\"url\":\"https:\\\/\\\/dossies.agenciapatriciagalvao.org.br\\\/feminicidio\\\/termos-de-uso\\\/\",\"name\":\"Termos de Uso - Dossi\u00ea Feminic\u00eddio\",\"isPartOf\":{\"@id\":\"https:\\\/\\\/dossies.agenciapatriciagalvao.org.br\\\/feminicidio\\\/#website\"},\"datePublished\":\"2016-06-30T13:39:54+00:00\",\"dateModified\":\"2016-11-02T15:00:18+00:00\",\"breadcrumb\":{\"@id\":\"https:\\\/\\\/dossies.agenciapatriciagalvao.org.br\\\/feminicidio\\\/termos-de-uso\\\/#breadcrumb\"},\"inLanguage\":\"pt-BR\",\"potentialAction\":[{\"@type\":\"ReadAction\",\"target\":[\"https:\\\/\\\/dossies.agenciapatriciagalvao.org.br\\\/feminicidio\\\/termos-de-uso\\\/\"]}]},{\"@type\":\"BreadcrumbList\",\"@id\":\"https:\\\/\\\/dossies.agenciapatriciagalvao.org.br\\\/feminicidio\\\/termos-de-uso\\\/#breadcrumb\",\"itemListElement\":[{\"@type\":\"ListItem\",\"position\":1,\"name\":\"In\u00edcio\",\"item\":\"https:\\\/\\\/dossies.agenciapatriciagalvao.org.br\\\/feminicidio\\\/\"},{\"@type\":\"ListItem\",\"position\":2,\"name\":\"Termos de Uso\"}]},{\"@type\":\"WebSite\",\"@id\":\"https:\\\/\\\/dossies.agenciapatriciagalvao.org.br\\\/feminicidio\\\/#website\",\"url\":\"https:\\\/\\\/dossies.agenciapatriciagalvao.org.br\\\/feminicidio\\\/\",\"name\":\"Dossi\u00ea Feminic\u00eddio\",\"description\":\"&lt;strong&gt;Feminic\u00eddio&lt;\\\/strong&gt;. Nomear o problema \u00e9 uma forma de visibilizar um cen\u00e1rio grave: o Brasil convive com viol\u00eancias cotidianas contra as mulheres, o que resulta em um destaque perverso: \u00e9 o 5\u00ba pa\u00eds com maior taxa de assassinatos femininos no mundo. \u00c9 urgente questionar a perman\u00eancia de mortes evit\u00e1veis. &lt;strong&gt;#InvisibilidadeMata&lt;\\\/strong&gt;\",\"potentialAction\":[{\"@type\":\"SearchAction\",\"target\":{\"@type\":\"EntryPoint\",\"urlTemplate\":\"https:\\\/\\\/dossies.agenciapatriciagalvao.org.br\\\/feminicidio\\\/?s={search_term_string}\"},\"query-input\":{\"@type\":\"PropertyValueSpecification\",\"valueRequired\":true,\"valueName\":\"search_term_string\"}}],\"inLanguage\":\"pt-BR\"}]}<\/script>\n<!-- \/ Yoast SEO plugin. -->","yoast_head_json":{"title":"Termos de Uso - Dossi\u00ea Feminic\u00eddio","robots":{"index":"index","follow":"follow","max-snippet":"max-snippet:-1","max-image-preview":"max-image-preview:large","max-video-preview":"max-video-preview:-1"},"canonical":"https:\/\/dossies.agenciapatriciagalvao.org.br\/feminicidio\/termos-de-uso\/","og_locale":"pt_BR","og_type":"article","og_title":"Termos de Uso - Dossi\u00ea Feminic\u00eddio","og_description":"Os conte\u00fados deste Dossi\u00ea podem ser reproduzidos livremente, desde que citada a fonte.","og_url":"https:\/\/dossies.agenciapatriciagalvao.org.br\/feminicidio\/termos-de-uso\/","og_site_name":"Dossi\u00ea Feminic\u00eddio","article_modified_time":"2016-11-02T15:00:18+00:00","twitter_card":"summary_large_image","twitter_misc":{"Est. tempo de leitura":"2 minutos"},"schema":{"@context":"https:\/\/schema.org","@graph":[{"@type":"WebPage","@id":"https:\/\/dossies.agenciapatriciagalvao.org.br\/feminicidio\/termos-de-uso\/","url":"https:\/\/dossies.agenciapatriciagalvao.org.br\/feminicidio\/termos-de-uso\/","name":"Termos de Uso - Dossi\u00ea Feminic\u00eddio","isPartOf":{"@id":"https:\/\/dossies.agenciapatriciagalvao.org.br\/feminicidio\/#website"},"datePublished":"2016-06-30T13:39:54+00:00","dateModified":"2016-11-02T15:00:18+00:00","breadcrumb":{"@id":"https:\/\/dossies.agenciapatriciagalvao.org.br\/feminicidio\/termos-de-uso\/#breadcrumb"},"inLanguage":"pt-BR","potentialAction":[{"@type":"ReadAction","target":["https:\/\/dossies.agenciapatriciagalvao.org.br\/feminicidio\/termos-de-uso\/"]}]},{"@type":"BreadcrumbList","@id":"https:\/\/dossies.agenciapatriciagalvao.org.br\/feminicidio\/termos-de-uso\/#breadcrumb","itemListElement":[{"@type":"ListItem","position":1,"name":"In\u00edcio","item":"https:\/\/dossies.agenciapatriciagalvao.org.br\/feminicidio\/"},{"@type":"ListItem","position":2,"name":"Termos de Uso"}]},{"@type":"WebSite","@id":"https:\/\/dossies.agenciapatriciagalvao.org.br\/feminicidio\/#website","url":"https:\/\/dossies.agenciapatriciagalvao.org.br\/feminicidio\/","name":"Dossi\u00ea Feminic\u00eddio","description":"&lt;strong&gt;Feminic\u00eddio&lt;\/strong&gt;. Nomear o problema \u00e9 uma forma de visibilizar um cen\u00e1rio grave: o Brasil convive com viol\u00eancias cotidianas contra as mulheres, o que resulta em um destaque perverso: \u00e9 o 5\u00ba pa\u00eds com maior taxa de assassinatos femininos no mundo. \u00c9 urgente questionar a perman\u00eancia de mortes evit\u00e1veis. &lt;strong&gt;#InvisibilidadeMata&lt;\/strong&gt;","potentialAction":[{"@type":"SearchAction","target":{"@type":"EntryPoint","urlTemplate":"https:\/\/dossies.agenciapatriciagalvao.org.br\/feminicidio\/?s={search_term_string}"},"query-input":{"@type":"PropertyValueSpecification","valueRequired":true,"valueName":"search_term_string"}}],"inLanguage":"pt-BR"}]}},"_links":{"self":[{"href":"https:\/\/dossies.agenciapatriciagalvao.org.br\/feminicidio\/wp-json\/wp\/v2\/pages\/171","targetHints":{"allow":["GET"]}}],"collection":[{"href":"https:\/\/dossies.agenciapatriciagalvao.org.br\/feminicidio\/wp-json\/wp\/v2\/pages"}],"about":[{"href":"https:\/\/dossies.agenciapatriciagalvao.org.br\/feminicidio\/wp-json\/wp\/v2\/types\/page"}],"author":[{"embeddable":true,"href":"https:\/\/dossies.agenciapatriciagalvao.org.br\/feminicidio\/wp-json\/wp\/v2\/users\/1"}],"replies":[{"embeddable":true,"href":"https:\/\/dossies.agenciapatriciagalvao.org.br\/feminicidio\/wp-json\/wp\/v2\/comments?post=171"}],"version-history":[{"count":4,"href":"https:\/\/dossies.agenciapatriciagalvao.org.br\/feminicidio\/wp-json\/wp\/v2\/pages\/171\/revisions"}],"predecessor-version":[{"id":369,"href":"https:\/\/dossies.agenciapatriciagalvao.org.br\/feminicidio\/wp-json\/wp\/v2\/pages\/171\/revisions\/369"}],"wp:attachment":[{"href":"https:\/\/dossies.agenciapatriciagalvao.org.br\/feminicidio\/wp-json\/wp\/v2\/media?parent=171"}],"curies":[{"name":"wp","href":"https:\/\/api.w.org\/{rel}","templated":true}]}}