{"id":169,"date":"2016-06-30T13:39:38","date_gmt":"2016-06-30T13:39:38","guid":{"rendered":"http:\/\/dossies.agenciapatriciagalvao.org.br\/feminicidio\/?page_id=169"},"modified":"2016-11-07T16:37:37","modified_gmt":"2016-11-07T19:37:37","slug":"creditos","status":"publish","type":"page","link":"https:\/\/dossies.agenciapatriciagalvao.org.br\/feminicidio\/creditos\/","title":{"rendered":"Cr\u00e9ditos"},"content":{"rendered":"<p>Nomear o problema \u2013 o feminic\u00eddio \u2013 \u00e9 certamente um passo fundamental, mas \u00e9 preciso conhecer sua dimens\u00e3o e desnaturalizar pr\u00e1ticas,\u00a0enraizadas nas rela\u00e7\u00f5es pessoais e institui\u00e7\u00f5es, que colaboram para a perpetua\u00e7\u00e3o da viol\u00eancia contra as mulheres at\u00e9 o desfecho fatal.<\/p>\n<p>Para contribuir nesta frente, o Dossi\u00ea Feminic\u00eddio #InvisibilidadeMata busca elencar e debater perguntas essenciais que precisam ser respondidas com urg\u00eancia: O que \u00e9 feminic\u00eddio? Como e por que morrem as mulheres? Por que mulheres negras morrem mais? Qual \u00e9 a real dimens\u00e3o do problema no Brasil? Como evitar \u2018mortes anunciadas\u2019? Al\u00e9m da viol\u00eancia dom\u00e9stica e familiar, quais outras viol\u00eancias est\u00e3o por tr\u00e1s desses assassinatos? Qual \u00e9 a rela\u00e7\u00e3o entre a viol\u00eancia contra as mulheres e outros contextos de inseguran\u00e7a p\u00fablica? O Estado, por a\u00e7\u00e3o direta ou omiss\u00e3o, colabora para a ocorr\u00eancia desses crimes? Como enfrentar esse problema nas diferentes realidades em que vivem as mulheres em um pa\u00eds extenso e diverso como o Brasil?<br \/>\nPara debater estas e outras quest\u00f5es de modo objetivo, por\u00e9m sem perder a profundidade que o tema demanda, foram consultadas diversas pesquisas, dados, documentos e legisla\u00e7\u00f5es de refer\u00eancia. Tamb\u00e9m foram entrevistadas dezenas de especialistas de todas as regi\u00f5es do pa\u00eds \u2013 pesquisadoras, operadores do Direito, profissionais que atendem v\u00edtimas e agressores, gestores, peritos, delegados, ativistas feministas, antirracistas e que defendem direitos de mulheres l\u00e9sbicas, bis e transexuais, e outros.<\/p>\n<p>O resultado foi sistematizado em uma plataforma interativa para acesso via internet, com conte\u00fados organizados para garantir a autonomia de quem acessa o Dossi\u00ea, seja para consultas espec\u00edficas ou para saber mais sobre o tema de um modo geral. Procurando dar autonomia tamb\u00e9m para o uso das informa\u00e7\u00f5es, todo o conte\u00fado est\u00e1 sob uma licen\u00e7a <a href=\"http:\/\/dossies.agenciapatriciagalvao.org.br\/feminicidio\/termos-de-uso\/\" target=\"_blank\"><em>Creative Commons<\/em><\/a> que permite a livre reprodu\u00e7\u00e3o, desde que citada a fonte.<\/p>\n<p>O Dossi\u00ea Feminic\u00eddio \u00e9, assim, uma ferramenta de suporte para que jornalistas, comunicadoras, pesquisadoras, ativistas e interessados em geral possam pautar e debater quest\u00f5es fundamentais, cobrar direitos e desconstruir discrimina\u00e7\u00f5es, contribuindo para evitar que mortes anunciadas sigam acontecendo sem provocar impacto na opini\u00e3o p\u00fablica e nem respostas satisfat\u00f3rias das institui\u00e7\u00f5es do Estado.<\/p>\n<p><strong>Realiza\u00e7\u00e3o<\/strong><br \/>\nInstituto Patr\u00edcia Galv\u00e3o \u2013 M\u00eddia e Direitos<\/p>\n<p><strong>Apoio<\/strong><br \/>\nSecretaria de Pol\u00edticas para as Mulheres<br \/>\n<em>Por meio do Projeto &#8220;Amplia\u00e7\u00e3o, contextualiza\u00e7\u00e3o e aprofundamento do debate p\u00fablico sobre as formas mais graves e extremas de viol\u00eancia de g\u00eanero: a viol\u00eancia sexual contra as mulheres e o feminic\u00eddio\u201d.<\/em><\/p>\n<p><strong>Parceria<br \/>\n<\/strong>Campanha Compromisso e Atitude pela Lei Maria da Penha<strong><br \/>\n<\/strong><\/p>\n<p><strong>Dire\u00e7\u00e3o do Instituto Patr\u00edcia Galv\u00e3o<\/strong><br \/>\nJacira Melo (diretora executiva)<br \/>\nMar\u00edlia Kayano (vice-diretora executiva)<\/p>\n<p><strong>Coordena\u00e7\u00e3o editorial do Dossi\u00ea Feminic\u00eddio<\/strong><br \/>\nMarisa Sanematsu (diretora de conte\u00fados e editora-chefe do Instituto Patr\u00edcia Galv\u00e3o)<br \/>\nD\u00e9bora Prado (editora-executiva e de projetos especiais)<\/p>\n<p><strong>Concep\u00e7\u00e3o de\u00a0comunica\u00e7\u00e3o digital e conte\u00fados<\/strong><br \/>\nD\u00e9bora Prado<\/p>\n<p><strong>Conte\u00fados<\/strong><br \/>\nD\u00e9bora Prado<br \/>\nLuciana Ara\u00fajo<br \/>\nMarisa Sanematsu<\/p>\n<p><strong>Coordena\u00e7\u00e3o do banco de pesquisas<br \/>\n<\/strong>Marisa Sanematsu<\/p>\n<p><strong>Coordena\u00e7\u00e3o do banco de fontes<\/strong><br \/>\nG\u00e9ssica Brandino<\/p>\n<p><strong>Infografia<\/strong><br \/>\nTainah Fernandes<\/p>\n<p><strong>Projeto gr\u00e1fico e desenvolvimento web<\/strong><br \/>\n42i \u2013 produtora digital<\/p>\n<p style=\"padding-left: 30px;\"><strong>Web<\/strong><br \/>\nChristopher Rocha e Duds Saldanha: Conceitua\u00e7\u00e3o e layouts<br \/>\nL\u00edgia Wang: Ilustra\u00e7\u00f5es<br \/>\nLeonardo Ara\u00fajo: Programa\u00e7\u00e3o frontend<br \/>\nTales Cione e Leonardo Oliveira: Programa\u00e7\u00e3o backend<\/p>\n<p style=\"padding-left: 30px;\"><strong>V\u00eddeo<\/strong><br \/>\nRoteiro: Duds Saldanha e Christopher Rocha<br \/>\nComposi\u00e7\u00f5es e anima\u00e7\u00e3o: Christopher Rocha<br \/>\nIlustra\u00e7\u00f5es: L\u00edgia Wang<br \/>\n<em>* As frases em destaque s\u00e3o de especialistas entrevistadas para este Dossi\u00ea.<\/em><\/p>\n<p>&nbsp;<\/p>\n","protected":false},"excerpt":{"rendered":"<p>Dossi\u00ea Feminic\u00eddio #InvisibilidadeMata<\/p>\n","protected":false},"author":1,"featured_media":0,"parent":0,"menu_order":0,"comment_status":"closed","ping_status":"closed","template":"","meta":{"footnotes":""},"class_list":["post-169","page","type-page","status-publish","hentry"],"yoast_head":"<!-- This site is optimized with the Yoast SEO plugin v27.4 - https:\/\/yoast.com\/product\/yoast-seo-wordpress\/ -->\n<title>Cr\u00e9ditos - Dossi\u00ea Feminic\u00eddio<\/title>\n<meta name=\"robots\" content=\"index, follow, max-snippet:-1, max-image-preview:large, max-video-preview:-1\" \/>\n<link rel=\"canonical\" href=\"https:\/\/dossies.agenciapatriciagalvao.org.br\/feminicidio\/creditos\/\" \/>\n<meta property=\"og:locale\" content=\"pt_BR\" \/>\n<meta property=\"og:type\" content=\"article\" \/>\n<meta property=\"og:title\" content=\"Cr\u00e9ditos - Dossi\u00ea Feminic\u00eddio\" \/>\n<meta property=\"og:description\" content=\"Dossi\u00ea Feminic\u00eddio #InvisibilidadeMata\" \/>\n<meta property=\"og:url\" content=\"https:\/\/dossies.agenciapatriciagalvao.org.br\/feminicidio\/creditos\/\" \/>\n<meta property=\"og:site_name\" content=\"Dossi\u00ea Feminic\u00eddio\" \/>\n<meta property=\"article:modified_time\" content=\"2016-11-07T19:37:37+00:00\" \/>\n<meta name=\"twitter:card\" content=\"summary_large_image\" \/>\n<meta name=\"twitter:label1\" content=\"Est. tempo de leitura\" \/>\n\t<meta name=\"twitter:data1\" content=\"3 minutos\" \/>\n<script type=\"application\/ld+json\" class=\"yoast-schema-graph\">{\"@context\":\"https:\\\/\\\/schema.org\",\"@graph\":[{\"@type\":\"WebPage\",\"@id\":\"https:\\\/\\\/dossies.agenciapatriciagalvao.org.br\\\/feminicidio\\\/creditos\\\/\",\"url\":\"https:\\\/\\\/dossies.agenciapatriciagalvao.org.br\\\/feminicidio\\\/creditos\\\/\",\"name\":\"Cr\u00e9ditos - Dossi\u00ea Feminic\u00eddio\",\"isPartOf\":{\"@id\":\"https:\\\/\\\/dossies.agenciapatriciagalvao.org.br\\\/feminicidio\\\/#website\"},\"datePublished\":\"2016-06-30T13:39:38+00:00\",\"dateModified\":\"2016-11-07T19:37:37+00:00\",\"breadcrumb\":{\"@id\":\"https:\\\/\\\/dossies.agenciapatriciagalvao.org.br\\\/feminicidio\\\/creditos\\\/#breadcrumb\"},\"inLanguage\":\"pt-BR\",\"potentialAction\":[{\"@type\":\"ReadAction\",\"target\":[\"https:\\\/\\\/dossies.agenciapatriciagalvao.org.br\\\/feminicidio\\\/creditos\\\/\"]}]},{\"@type\":\"BreadcrumbList\",\"@id\":\"https:\\\/\\\/dossies.agenciapatriciagalvao.org.br\\\/feminicidio\\\/creditos\\\/#breadcrumb\",\"itemListElement\":[{\"@type\":\"ListItem\",\"position\":1,\"name\":\"In\u00edcio\",\"item\":\"https:\\\/\\\/dossies.agenciapatriciagalvao.org.br\\\/feminicidio\\\/\"},{\"@type\":\"ListItem\",\"position\":2,\"name\":\"Cr\u00e9ditos\"}]},{\"@type\":\"WebSite\",\"@id\":\"https:\\\/\\\/dossies.agenciapatriciagalvao.org.br\\\/feminicidio\\\/#website\",\"url\":\"https:\\\/\\\/dossies.agenciapatriciagalvao.org.br\\\/feminicidio\\\/\",\"name\":\"Dossi\u00ea Feminic\u00eddio\",\"description\":\"&lt;strong&gt;Feminic\u00eddio&lt;\\\/strong&gt;. Nomear o problema \u00e9 uma forma de visibilizar um cen\u00e1rio grave: o Brasil convive com viol\u00eancias cotidianas contra as mulheres, o que resulta em um destaque perverso: \u00e9 o 5\u00ba pa\u00eds com maior taxa de assassinatos femininos no mundo. \u00c9 urgente questionar a perman\u00eancia de mortes evit\u00e1veis. &lt;strong&gt;#InvisibilidadeMata&lt;\\\/strong&gt;\",\"potentialAction\":[{\"@type\":\"SearchAction\",\"target\":{\"@type\":\"EntryPoint\",\"urlTemplate\":\"https:\\\/\\\/dossies.agenciapatriciagalvao.org.br\\\/feminicidio\\\/?s={search_term_string}\"},\"query-input\":{\"@type\":\"PropertyValueSpecification\",\"valueRequired\":true,\"valueName\":\"search_term_string\"}}],\"inLanguage\":\"pt-BR\"}]}<\/script>\n<!-- \/ Yoast SEO plugin. -->","yoast_head_json":{"title":"Cr\u00e9ditos - Dossi\u00ea Feminic\u00eddio","robots":{"index":"index","follow":"follow","max-snippet":"max-snippet:-1","max-image-preview":"max-image-preview:large","max-video-preview":"max-video-preview:-1"},"canonical":"https:\/\/dossies.agenciapatriciagalvao.org.br\/feminicidio\/creditos\/","og_locale":"pt_BR","og_type":"article","og_title":"Cr\u00e9ditos - Dossi\u00ea Feminic\u00eddio","og_description":"Dossi\u00ea Feminic\u00eddio #InvisibilidadeMata","og_url":"https:\/\/dossies.agenciapatriciagalvao.org.br\/feminicidio\/creditos\/","og_site_name":"Dossi\u00ea Feminic\u00eddio","article_modified_time":"2016-11-07T19:37:37+00:00","twitter_card":"summary_large_image","twitter_misc":{"Est. tempo de leitura":"3 minutos"},"schema":{"@context":"https:\/\/schema.org","@graph":[{"@type":"WebPage","@id":"https:\/\/dossies.agenciapatriciagalvao.org.br\/feminicidio\/creditos\/","url":"https:\/\/dossies.agenciapatriciagalvao.org.br\/feminicidio\/creditos\/","name":"Cr\u00e9ditos - Dossi\u00ea Feminic\u00eddio","isPartOf":{"@id":"https:\/\/dossies.agenciapatriciagalvao.org.br\/feminicidio\/#website"},"datePublished":"2016-06-30T13:39:38+00:00","dateModified":"2016-11-07T19:37:37+00:00","breadcrumb":{"@id":"https:\/\/dossies.agenciapatriciagalvao.org.br\/feminicidio\/creditos\/#breadcrumb"},"inLanguage":"pt-BR","potentialAction":[{"@type":"ReadAction","target":["https:\/\/dossies.agenciapatriciagalvao.org.br\/feminicidio\/creditos\/"]}]},{"@type":"BreadcrumbList","@id":"https:\/\/dossies.agenciapatriciagalvao.org.br\/feminicidio\/creditos\/#breadcrumb","itemListElement":[{"@type":"ListItem","position":1,"name":"In\u00edcio","item":"https:\/\/dossies.agenciapatriciagalvao.org.br\/feminicidio\/"},{"@type":"ListItem","position":2,"name":"Cr\u00e9ditos"}]},{"@type":"WebSite","@id":"https:\/\/dossies.agenciapatriciagalvao.org.br\/feminicidio\/#website","url":"https:\/\/dossies.agenciapatriciagalvao.org.br\/feminicidio\/","name":"Dossi\u00ea Feminic\u00eddio","description":"&lt;strong&gt;Feminic\u00eddio&lt;\/strong&gt;. Nomear o problema \u00e9 uma forma de visibilizar um cen\u00e1rio grave: o Brasil convive com viol\u00eancias cotidianas contra as mulheres, o que resulta em um destaque perverso: \u00e9 o 5\u00ba pa\u00eds com maior taxa de assassinatos femininos no mundo. \u00c9 urgente questionar a perman\u00eancia de mortes evit\u00e1veis. &lt;strong&gt;#InvisibilidadeMata&lt;\/strong&gt;","potentialAction":[{"@type":"SearchAction","target":{"@type":"EntryPoint","urlTemplate":"https:\/\/dossies.agenciapatriciagalvao.org.br\/feminicidio\/?s={search_term_string}"},"query-input":{"@type":"PropertyValueSpecification","valueRequired":true,"valueName":"search_term_string"}}],"inLanguage":"pt-BR"}]}},"_links":{"self":[{"href":"https:\/\/dossies.agenciapatriciagalvao.org.br\/feminicidio\/wp-json\/wp\/v2\/pages\/169","targetHints":{"allow":["GET"]}}],"collection":[{"href":"https:\/\/dossies.agenciapatriciagalvao.org.br\/feminicidio\/wp-json\/wp\/v2\/pages"}],"about":[{"href":"https:\/\/dossies.agenciapatriciagalvao.org.br\/feminicidio\/wp-json\/wp\/v2\/types\/page"}],"author":[{"embeddable":true,"href":"https:\/\/dossies.agenciapatriciagalvao.org.br\/feminicidio\/wp-json\/wp\/v2\/users\/1"}],"replies":[{"embeddable":true,"href":"https:\/\/dossies.agenciapatriciagalvao.org.br\/feminicidio\/wp-json\/wp\/v2\/comments?post=169"}],"version-history":[{"count":17,"href":"https:\/\/dossies.agenciapatriciagalvao.org.br\/feminicidio\/wp-json\/wp\/v2\/pages\/169\/revisions"}],"predecessor-version":[{"id":391,"href":"https:\/\/dossies.agenciapatriciagalvao.org.br\/feminicidio\/wp-json\/wp\/v2\/pages\/169\/revisions\/391"}],"wp:attachment":[{"href":"https:\/\/dossies.agenciapatriciagalvao.org.br\/feminicidio\/wp-json\/wp\/v2\/media?parent=169"}],"curies":[{"name":"wp","href":"https:\/\/api.w.org\/{rel}","templated":true}]}}