{"id":167,"date":"2016-06-30T13:37:36","date_gmt":"2016-06-30T13:37:36","guid":{"rendered":"http:\/\/dossies.agenciapatriciagalvao.org.br\/feminicidio\/?page_id=167"},"modified":"2016-11-02T14:58:26","modified_gmt":"2016-11-02T14:58:26","slug":"sobre-a-campanha","status":"publish","type":"page","link":"https:\/\/dossies.agenciapatriciagalvao.org.br\/feminicidio\/sobre-a-campanha\/","title":{"rendered":"Sobre a Campanha Compromisso e Atitude"},"content":{"rendered":"<p>A <strong>Campanha \u201cCompromisso e Atitude pela Lei Maria da Penha \u2013 A lei \u00e9 mais forte\u201d<\/strong> \u00e9 uma a\u00e7\u00e3o de cidadania que busca compromisso e atitude em rela\u00e7\u00e3o \u00e0 Lei 11.340\/2006, a fim de alterar os comportamentos de viol\u00eancia contra as mulheres, garantir seus direitos e responsabilizar os agressores. \u00c9 resultado da coopera\u00e7\u00e3o entre o Poder Judici\u00e1rio, o Minist\u00e9rio P\u00fablico, a Defensoria P\u00fablica e o Governo Federal, por meio da Secretaria de Pol\u00edticas para as Mulheres da Presid\u00eancia da Rep\u00fablica e o Minist\u00e9rio da Justi\u00e7a. Tem como objetivo unir e fortalecer os esfor\u00e7os nos \u00e2mbito municipal, estadual e federal para dar celeridade aos julgamentos dos casos de viol\u00eancia contra as mulheres e garantir acesso \u00e0 justi\u00e7a e a correta aplica\u00e7\u00e3o da Lei Maria da Penha.<\/p>\n<p>Os macro-objetivos da Campanha \u201cCompromisso e Atitude pela Lei Maria da Penha \u2013 A lei \u00e9 mais forte\u201d s\u00e3o:<\/p>\n<ul>\n<li>Envolver todos os Operadores de Direito no enfrentamento \u00e0 impunidade, bem como no esfor\u00e7o de responsabiliza\u00e7\u00e3o de agressores e assassinos de mulheres no pa\u00eds.<\/li>\n<li>Contribuir para uma percep\u00e7\u00e3o mais favor\u00e1vel da sociedade em rela\u00e7\u00e3o ao Estado representado pelas institui\u00e7\u00f5es que comp\u00f5em o sistema de Justi\u00e7a e o Poder Executivo em rela\u00e7\u00e3o \u00e0 efetiva aplica\u00e7\u00e3o da Lei Maria da Penha.<\/li>\n<li>Mobilizar, engajar e aproximar toda a sociedade no enfrentamento \u00e0 impunidade e \u00e0 viol\u00eancia contra a mulher.<\/li>\n<\/ul>\n<p>A\u00e7\u00f5es de comunica\u00e7\u00e3o para ajudar a divulgar esta Campanha foram criadas para envolver diferentes p\u00fablicos e grupos sociais.<\/p>\n<div class=\" alignnonestyledark sc-boxout sc-boxout--none sc-boxout--dark\"><p> Conhe\u00e7a o <a href=\"http:\/\/www.compromissoeatitude.org.br\/\" target=\"_blank\">Portal Compromisso e Atitude pela Lei Maria da Penha<\/a> e saiba mais <\/p><\/div>\n","protected":false},"excerpt":{"rendered":"<p>Conhe\u00e7a a Campanha Compromisso e Atitude pela Lei Maria da Penha<\/p>\n","protected":false},"author":1,"featured_media":0,"parent":0,"menu_order":0,"comment_status":"closed","ping_status":"closed","template":"","meta":{"footnotes":""},"class_list":["post-167","page","type-page","status-publish","hentry"],"yoast_head":"<!-- This site is optimized with the Yoast SEO plugin v27.4 - https:\/\/yoast.com\/product\/yoast-seo-wordpress\/ -->\n<title>Sobre a Campanha Compromisso e Atitude - Dossi\u00ea Feminic\u00eddio<\/title>\n<meta name=\"robots\" content=\"index, follow, max-snippet:-1, max-image-preview:large, max-video-preview:-1\" \/>\n<link rel=\"canonical\" href=\"https:\/\/dossies.agenciapatriciagalvao.org.br\/feminicidio\/sobre-a-campanha\/\" \/>\n<meta property=\"og:locale\" content=\"pt_BR\" \/>\n<meta property=\"og:type\" content=\"article\" \/>\n<meta property=\"og:title\" content=\"Sobre a Campanha Compromisso e Atitude - Dossi\u00ea Feminic\u00eddio\" \/>\n<meta property=\"og:description\" content=\"Conhe\u00e7a a Campanha Compromisso e Atitude pela Lei Maria da Penha\" \/>\n<meta property=\"og:url\" content=\"https:\/\/dossies.agenciapatriciagalvao.org.br\/feminicidio\/sobre-a-campanha\/\" \/>\n<meta property=\"og:site_name\" content=\"Dossi\u00ea Feminic\u00eddio\" \/>\n<meta property=\"article:modified_time\" content=\"2016-11-02T14:58:26+00:00\" \/>\n<meta name=\"twitter:card\" content=\"summary_large_image\" \/>\n<meta name=\"twitter:label1\" content=\"Est. tempo de leitura\" \/>\n\t<meta name=\"twitter:data1\" content=\"1 minuto\" \/>\n<script type=\"application\/ld+json\" class=\"yoast-schema-graph\">{\"@context\":\"https:\\\/\\\/schema.org\",\"@graph\":[{\"@type\":\"WebPage\",\"@id\":\"https:\\\/\\\/dossies.agenciapatriciagalvao.org.br\\\/feminicidio\\\/sobre-a-campanha\\\/\",\"url\":\"https:\\\/\\\/dossies.agenciapatriciagalvao.org.br\\\/feminicidio\\\/sobre-a-campanha\\\/\",\"name\":\"Sobre a Campanha Compromisso e Atitude - Dossi\u00ea Feminic\u00eddio\",\"isPartOf\":{\"@id\":\"https:\\\/\\\/dossies.agenciapatriciagalvao.org.br\\\/feminicidio\\\/#website\"},\"datePublished\":\"2016-06-30T13:37:36+00:00\",\"dateModified\":\"2016-11-02T14:58:26+00:00\",\"breadcrumb\":{\"@id\":\"https:\\\/\\\/dossies.agenciapatriciagalvao.org.br\\\/feminicidio\\\/sobre-a-campanha\\\/#breadcrumb\"},\"inLanguage\":\"pt-BR\",\"potentialAction\":[{\"@type\":\"ReadAction\",\"target\":[\"https:\\\/\\\/dossies.agenciapatriciagalvao.org.br\\\/feminicidio\\\/sobre-a-campanha\\\/\"]}]},{\"@type\":\"BreadcrumbList\",\"@id\":\"https:\\\/\\\/dossies.agenciapatriciagalvao.org.br\\\/feminicidio\\\/sobre-a-campanha\\\/#breadcrumb\",\"itemListElement\":[{\"@type\":\"ListItem\",\"position\":1,\"name\":\"In\u00edcio\",\"item\":\"https:\\\/\\\/dossies.agenciapatriciagalvao.org.br\\\/feminicidio\\\/\"},{\"@type\":\"ListItem\",\"position\":2,\"name\":\"Sobre a Campanha Compromisso e Atitude\"}]},{\"@type\":\"WebSite\",\"@id\":\"https:\\\/\\\/dossies.agenciapatriciagalvao.org.br\\\/feminicidio\\\/#website\",\"url\":\"https:\\\/\\\/dossies.agenciapatriciagalvao.org.br\\\/feminicidio\\\/\",\"name\":\"Dossi\u00ea Feminic\u00eddio\",\"description\":\"&lt;strong&gt;Feminic\u00eddio&lt;\\\/strong&gt;. Nomear o problema \u00e9 uma forma de visibilizar um cen\u00e1rio grave: o Brasil convive com viol\u00eancias cotidianas contra as mulheres, o que resulta em um destaque perverso: \u00e9 o 5\u00ba pa\u00eds com maior taxa de assassinatos femininos no mundo. \u00c9 urgente questionar a perman\u00eancia de mortes evit\u00e1veis. &lt;strong&gt;#InvisibilidadeMata&lt;\\\/strong&gt;\",\"potentialAction\":[{\"@type\":\"SearchAction\",\"target\":{\"@type\":\"EntryPoint\",\"urlTemplate\":\"https:\\\/\\\/dossies.agenciapatriciagalvao.org.br\\\/feminicidio\\\/?s={search_term_string}\"},\"query-input\":{\"@type\":\"PropertyValueSpecification\",\"valueRequired\":true,\"valueName\":\"search_term_string\"}}],\"inLanguage\":\"pt-BR\"}]}<\/script>\n<!-- \/ Yoast SEO plugin. -->","yoast_head_json":{"title":"Sobre a Campanha Compromisso e Atitude - Dossi\u00ea Feminic\u00eddio","robots":{"index":"index","follow":"follow","max-snippet":"max-snippet:-1","max-image-preview":"max-image-preview:large","max-video-preview":"max-video-preview:-1"},"canonical":"https:\/\/dossies.agenciapatriciagalvao.org.br\/feminicidio\/sobre-a-campanha\/","og_locale":"pt_BR","og_type":"article","og_title":"Sobre a Campanha Compromisso e Atitude - Dossi\u00ea Feminic\u00eddio","og_description":"Conhe\u00e7a a Campanha Compromisso e Atitude pela Lei Maria da Penha","og_url":"https:\/\/dossies.agenciapatriciagalvao.org.br\/feminicidio\/sobre-a-campanha\/","og_site_name":"Dossi\u00ea Feminic\u00eddio","article_modified_time":"2016-11-02T14:58:26+00:00","twitter_card":"summary_large_image","twitter_misc":{"Est. tempo de leitura":"1 minuto"},"schema":{"@context":"https:\/\/schema.org","@graph":[{"@type":"WebPage","@id":"https:\/\/dossies.agenciapatriciagalvao.org.br\/feminicidio\/sobre-a-campanha\/","url":"https:\/\/dossies.agenciapatriciagalvao.org.br\/feminicidio\/sobre-a-campanha\/","name":"Sobre a Campanha Compromisso e Atitude - Dossi\u00ea Feminic\u00eddio","isPartOf":{"@id":"https:\/\/dossies.agenciapatriciagalvao.org.br\/feminicidio\/#website"},"datePublished":"2016-06-30T13:37:36+00:00","dateModified":"2016-11-02T14:58:26+00:00","breadcrumb":{"@id":"https:\/\/dossies.agenciapatriciagalvao.org.br\/feminicidio\/sobre-a-campanha\/#breadcrumb"},"inLanguage":"pt-BR","potentialAction":[{"@type":"ReadAction","target":["https:\/\/dossies.agenciapatriciagalvao.org.br\/feminicidio\/sobre-a-campanha\/"]}]},{"@type":"BreadcrumbList","@id":"https:\/\/dossies.agenciapatriciagalvao.org.br\/feminicidio\/sobre-a-campanha\/#breadcrumb","itemListElement":[{"@type":"ListItem","position":1,"name":"In\u00edcio","item":"https:\/\/dossies.agenciapatriciagalvao.org.br\/feminicidio\/"},{"@type":"ListItem","position":2,"name":"Sobre a Campanha Compromisso e Atitude"}]},{"@type":"WebSite","@id":"https:\/\/dossies.agenciapatriciagalvao.org.br\/feminicidio\/#website","url":"https:\/\/dossies.agenciapatriciagalvao.org.br\/feminicidio\/","name":"Dossi\u00ea Feminic\u00eddio","description":"&lt;strong&gt;Feminic\u00eddio&lt;\/strong&gt;. Nomear o problema \u00e9 uma forma de visibilizar um cen\u00e1rio grave: o Brasil convive com viol\u00eancias cotidianas contra as mulheres, o que resulta em um destaque perverso: \u00e9 o 5\u00ba pa\u00eds com maior taxa de assassinatos femininos no mundo. \u00c9 urgente questionar a perman\u00eancia de mortes evit\u00e1veis. &lt;strong&gt;#InvisibilidadeMata&lt;\/strong&gt;","potentialAction":[{"@type":"SearchAction","target":{"@type":"EntryPoint","urlTemplate":"https:\/\/dossies.agenciapatriciagalvao.org.br\/feminicidio\/?s={search_term_string}"},"query-input":{"@type":"PropertyValueSpecification","valueRequired":true,"valueName":"search_term_string"}}],"inLanguage":"pt-BR"}]}},"_links":{"self":[{"href":"https:\/\/dossies.agenciapatriciagalvao.org.br\/feminicidio\/wp-json\/wp\/v2\/pages\/167","targetHints":{"allow":["GET"]}}],"collection":[{"href":"https:\/\/dossies.agenciapatriciagalvao.org.br\/feminicidio\/wp-json\/wp\/v2\/pages"}],"about":[{"href":"https:\/\/dossies.agenciapatriciagalvao.org.br\/feminicidio\/wp-json\/wp\/v2\/types\/page"}],"author":[{"embeddable":true,"href":"https:\/\/dossies.agenciapatriciagalvao.org.br\/feminicidio\/wp-json\/wp\/v2\/users\/1"}],"replies":[{"embeddable":true,"href":"https:\/\/dossies.agenciapatriciagalvao.org.br\/feminicidio\/wp-json\/wp\/v2\/comments?post=167"}],"version-history":[{"count":8,"href":"https:\/\/dossies.agenciapatriciagalvao.org.br\/feminicidio\/wp-json\/wp\/v2\/pages\/167\/revisions"}],"predecessor-version":[{"id":367,"href":"https:\/\/dossies.agenciapatriciagalvao.org.br\/feminicidio\/wp-json\/wp\/v2\/pages\/167\/revisions\/367"}],"wp:attachment":[{"href":"https:\/\/dossies.agenciapatriciagalvao.org.br\/feminicidio\/wp-json\/wp\/v2\/media?parent=167"}],"curies":[{"name":"wp","href":"https:\/\/api.w.org\/{rel}","templated":true}]}}