{"id":153,"date":"2016-08-18T19:16:28","date_gmt":"2016-08-18T19:16:28","guid":{"rendered":"http:\/\/dossies.agenciapatriciagalvao.org.br\/feminicidio\/?page_id=153"},"modified":"2016-11-02T14:24:58","modified_gmt":"2016-11-02T14:24:58","slug":"infograficos","status":"publish","type":"page","link":"https:\/\/dossies.agenciapatriciagalvao.org.br\/feminicidio\/infograficos\/","title":{"rendered":"Biblioteca de infogr\u00e1ficos"},"content":{"rendered":"","protected":false},"excerpt":{"rendered":"<p>Confira dados e informa\u00e7\u00f5es sobre o feminic\u00eddio no Brasil j\u00e1 sistematizados em infogr\u00e1ficos. A reprodu\u00e7\u00e3o \u00e9 livre =) <\/p>\n","protected":false},"author":1,"featured_media":0,"parent":0,"menu_order":0,"comment_status":"closed","ping_status":"closed","template":"page-biblioteca.php","meta":{"footnotes":""},"class_list":["post-153","page","type-page","status-publish","hentry"],"yoast_head":"<!-- This site is optimized with the Yoast SEO plugin v27.4 - https:\/\/yoast.com\/product\/yoast-seo-wordpress\/ -->\n<title>Biblioteca de infogr\u00e1ficos - Dossi\u00ea Feminic\u00eddio<\/title>\n<meta name=\"robots\" content=\"index, follow, max-snippet:-1, max-image-preview:large, max-video-preview:-1\" \/>\n<link rel=\"canonical\" href=\"https:\/\/dossies.agenciapatriciagalvao.org.br\/feminicidio\/infograficos\/\" \/>\n<meta property=\"og:locale\" content=\"pt_BR\" \/>\n<meta property=\"og:type\" content=\"article\" \/>\n<meta property=\"og:title\" content=\"Biblioteca de infogr\u00e1ficos - Dossi\u00ea Feminic\u00eddio\" \/>\n<meta property=\"og:description\" content=\"Confira dados e informa\u00e7\u00f5es sobre o feminic\u00eddio no Brasil j\u00e1 sistematizados em infogr\u00e1ficos. A reprodu\u00e7\u00e3o \u00e9 livre =)\" \/>\n<meta property=\"og:url\" content=\"https:\/\/dossies.agenciapatriciagalvao.org.br\/feminicidio\/infograficos\/\" \/>\n<meta property=\"og:site_name\" content=\"Dossi\u00ea Feminic\u00eddio\" \/>\n<meta property=\"article:modified_time\" content=\"2016-11-02T14:24:58+00:00\" \/>\n<meta name=\"twitter:card\" content=\"summary_large_image\" \/>\n<script type=\"application\/ld+json\" class=\"yoast-schema-graph\">{\"@context\":\"https:\\\/\\\/schema.org\",\"@graph\":[{\"@type\":\"WebPage\",\"@id\":\"https:\\\/\\\/dossies.agenciapatriciagalvao.org.br\\\/feminicidio\\\/infograficos\\\/\",\"url\":\"https:\\\/\\\/dossies.agenciapatriciagalvao.org.br\\\/feminicidio\\\/infograficos\\\/\",\"name\":\"Biblioteca de infogr\u00e1ficos - Dossi\u00ea Feminic\u00eddio\",\"isPartOf\":{\"@id\":\"https:\\\/\\\/dossies.agenciapatriciagalvao.org.br\\\/feminicidio\\\/#website\"},\"datePublished\":\"2016-08-18T19:16:28+00:00\",\"dateModified\":\"2016-11-02T14:24:58+00:00\",\"breadcrumb\":{\"@id\":\"https:\\\/\\\/dossies.agenciapatriciagalvao.org.br\\\/feminicidio\\\/infograficos\\\/#breadcrumb\"},\"inLanguage\":\"pt-BR\",\"potentialAction\":[{\"@type\":\"ReadAction\",\"target\":[\"https:\\\/\\\/dossies.agenciapatriciagalvao.org.br\\\/feminicidio\\\/infograficos\\\/\"]}]},{\"@type\":\"BreadcrumbList\",\"@id\":\"https:\\\/\\\/dossies.agenciapatriciagalvao.org.br\\\/feminicidio\\\/infograficos\\\/#breadcrumb\",\"itemListElement\":[{\"@type\":\"ListItem\",\"position\":1,\"name\":\"In\u00edcio\",\"item\":\"https:\\\/\\\/dossies.agenciapatriciagalvao.org.br\\\/feminicidio\\\/\"},{\"@type\":\"ListItem\",\"position\":2,\"name\":\"Biblioteca de infogr\u00e1ficos\"}]},{\"@type\":\"WebSite\",\"@id\":\"https:\\\/\\\/dossies.agenciapatriciagalvao.org.br\\\/feminicidio\\\/#website\",\"url\":\"https:\\\/\\\/dossies.agenciapatriciagalvao.org.br\\\/feminicidio\\\/\",\"name\":\"Dossi\u00ea Feminic\u00eddio\",\"description\":\"&lt;strong&gt;Feminic\u00eddio&lt;\\\/strong&gt;. Nomear o problema \u00e9 uma forma de visibilizar um cen\u00e1rio grave: o Brasil convive com viol\u00eancias cotidianas contra as mulheres, o que resulta em um destaque perverso: \u00e9 o 5\u00ba pa\u00eds com maior taxa de assassinatos femininos no mundo. \u00c9 urgente questionar a perman\u00eancia de mortes evit\u00e1veis. &lt;strong&gt;#InvisibilidadeMata&lt;\\\/strong&gt;\",\"potentialAction\":[{\"@type\":\"SearchAction\",\"target\":{\"@type\":\"EntryPoint\",\"urlTemplate\":\"https:\\\/\\\/dossies.agenciapatriciagalvao.org.br\\\/feminicidio\\\/?s={search_term_string}\"},\"query-input\":{\"@type\":\"PropertyValueSpecification\",\"valueRequired\":true,\"valueName\":\"search_term_string\"}}],\"inLanguage\":\"pt-BR\"}]}<\/script>\n<!-- \/ Yoast SEO plugin. -->","yoast_head_json":{"title":"Biblioteca de infogr\u00e1ficos - Dossi\u00ea Feminic\u00eddio","robots":{"index":"index","follow":"follow","max-snippet":"max-snippet:-1","max-image-preview":"max-image-preview:large","max-video-preview":"max-video-preview:-1"},"canonical":"https:\/\/dossies.agenciapatriciagalvao.org.br\/feminicidio\/infograficos\/","og_locale":"pt_BR","og_type":"article","og_title":"Biblioteca de infogr\u00e1ficos - Dossi\u00ea Feminic\u00eddio","og_description":"Confira dados e informa\u00e7\u00f5es sobre o feminic\u00eddio no Brasil j\u00e1 sistematizados em infogr\u00e1ficos. A reprodu\u00e7\u00e3o \u00e9 livre =)","og_url":"https:\/\/dossies.agenciapatriciagalvao.org.br\/feminicidio\/infograficos\/","og_site_name":"Dossi\u00ea Feminic\u00eddio","article_modified_time":"2016-11-02T14:24:58+00:00","twitter_card":"summary_large_image","schema":{"@context":"https:\/\/schema.org","@graph":[{"@type":"WebPage","@id":"https:\/\/dossies.agenciapatriciagalvao.org.br\/feminicidio\/infograficos\/","url":"https:\/\/dossies.agenciapatriciagalvao.org.br\/feminicidio\/infograficos\/","name":"Biblioteca de infogr\u00e1ficos - Dossi\u00ea Feminic\u00eddio","isPartOf":{"@id":"https:\/\/dossies.agenciapatriciagalvao.org.br\/feminicidio\/#website"},"datePublished":"2016-08-18T19:16:28+00:00","dateModified":"2016-11-02T14:24:58+00:00","breadcrumb":{"@id":"https:\/\/dossies.agenciapatriciagalvao.org.br\/feminicidio\/infograficos\/#breadcrumb"},"inLanguage":"pt-BR","potentialAction":[{"@type":"ReadAction","target":["https:\/\/dossies.agenciapatriciagalvao.org.br\/feminicidio\/infograficos\/"]}]},{"@type":"BreadcrumbList","@id":"https:\/\/dossies.agenciapatriciagalvao.org.br\/feminicidio\/infograficos\/#breadcrumb","itemListElement":[{"@type":"ListItem","position":1,"name":"In\u00edcio","item":"https:\/\/dossies.agenciapatriciagalvao.org.br\/feminicidio\/"},{"@type":"ListItem","position":2,"name":"Biblioteca de infogr\u00e1ficos"}]},{"@type":"WebSite","@id":"https:\/\/dossies.agenciapatriciagalvao.org.br\/feminicidio\/#website","url":"https:\/\/dossies.agenciapatriciagalvao.org.br\/feminicidio\/","name":"Dossi\u00ea Feminic\u00eddio","description":"&lt;strong&gt;Feminic\u00eddio&lt;\/strong&gt;. Nomear o problema \u00e9 uma forma de visibilizar um cen\u00e1rio grave: o Brasil convive com viol\u00eancias cotidianas contra as mulheres, o que resulta em um destaque perverso: \u00e9 o 5\u00ba pa\u00eds com maior taxa de assassinatos femininos no mundo. \u00c9 urgente questionar a perman\u00eancia de mortes evit\u00e1veis. &lt;strong&gt;#InvisibilidadeMata&lt;\/strong&gt;","potentialAction":[{"@type":"SearchAction","target":{"@type":"EntryPoint","urlTemplate":"https:\/\/dossies.agenciapatriciagalvao.org.br\/feminicidio\/?s={search_term_string}"},"query-input":{"@type":"PropertyValueSpecification","valueRequired":true,"valueName":"search_term_string"}}],"inLanguage":"pt-BR"}]}},"_links":{"self":[{"href":"https:\/\/dossies.agenciapatriciagalvao.org.br\/feminicidio\/wp-json\/wp\/v2\/pages\/153","targetHints":{"allow":["GET"]}}],"collection":[{"href":"https:\/\/dossies.agenciapatriciagalvao.org.br\/feminicidio\/wp-json\/wp\/v2\/pages"}],"about":[{"href":"https:\/\/dossies.agenciapatriciagalvao.org.br\/feminicidio\/wp-json\/wp\/v2\/types\/page"}],"author":[{"embeddable":true,"href":"https:\/\/dossies.agenciapatriciagalvao.org.br\/feminicidio\/wp-json\/wp\/v2\/users\/1"}],"replies":[{"embeddable":true,"href":"https:\/\/dossies.agenciapatriciagalvao.org.br\/feminicidio\/wp-json\/wp\/v2\/comments?post=153"}],"version-history":[{"count":5,"href":"https:\/\/dossies.agenciapatriciagalvao.org.br\/feminicidio\/wp-json\/wp\/v2\/pages\/153\/revisions"}],"predecessor-version":[{"id":359,"href":"https:\/\/dossies.agenciapatriciagalvao.org.br\/feminicidio\/wp-json\/wp\/v2\/pages\/153\/revisions\/359"}],"wp:attachment":[{"href":"https:\/\/dossies.agenciapatriciagalvao.org.br\/feminicidio\/wp-json\/wp\/v2\/media?parent=153"}],"curies":[{"name":"wp","href":"https:\/\/api.w.org\/{rel}","templated":true}]}}