{"id":1420,"date":"2018-08-13T20:21:53","date_gmt":"2018-08-13T20:21:53","guid":{"rendered":"http:\/\/dossies.agenciapatriciagalvao.org.br\/dados-e-fontes\/?page_id=1420"},"modified":"2023-12-21T16:05:18","modified_gmt":"2023-12-21T19:05:18","slug":"sugira-uma-pesquisa","status":"publish","type":"page","link":"https:\/\/dossies.agenciapatriciagalvao.org.br\/dados-e-fontes\/sugira-uma-pesquisa\/","title":{"rendered":"Conhece uma pesquisa ou fonte que gostaria de indicar para esta plataforma?"},"content":{"rendered":"<p>Utilize os formul\u00e1rios abaixo para enviar suas sugest\u00f5es se voc\u00ea conhece alguma pesquisa relevante que possa ser incorporada no banco de dados ou queira sugerir uma fonte no campo da viol\u00eancia contra as mulheres.<\/p>\n<div class=\"s-single__form-com-fundo s-single__form-com-fundo--1\"><div class=\"u-wrapper\"><\/p>\n<div id=\"formulario-pesquisa\">\n<h2>Indique uma pesquisa<\/h2>\n<p>\n<div class=\"wpcf7 no-js\" id=\"wpcf7-f1434-o1\" lang=\"pt-BR\" dir=\"ltr\" data-wpcf7-id=\"1434\">\n<div class=\"screen-reader-response\"><p role=\"status\" aria-live=\"polite\" aria-atomic=\"true\"><\/p> <ul><\/ul><\/div>\n<form action=\"\/dados-e-fontes\/wp-json\/wp\/v2\/pages\/1420#wpcf7-f1434-o1\" method=\"post\" class=\"wpcf7-form init\" aria-label=\"Formul\u00e1rios de contato\" novalidate=\"novalidate\" data-status=\"init\">\n<fieldset class=\"hidden-fields-container\"><input type=\"hidden\" name=\"_wpcf7\" value=\"1434\" \/><input type=\"hidden\" name=\"_wpcf7_version\" value=\"6.1.5\" \/><input type=\"hidden\" name=\"_wpcf7_locale\" value=\"pt_BR\" \/><input type=\"hidden\" name=\"_wpcf7_unit_tag\" value=\"wpcf7-f1434-o1\" \/><input type=\"hidden\" name=\"_wpcf7_container_post\" value=\"0\" \/><input type=\"hidden\" name=\"_wpcf7_posted_data_hash\" value=\"\" \/><input type=\"hidden\" name=\"_wpcf7_recaptcha_response\" value=\"\" \/>\n<\/fieldset>\n<div class=\"c-field c-field--half\">\n\t<p><label>Seu nome*<\/label><br \/>\n<span class=\"wpcf7-form-control-wrap\" data-name=\"nome-origem\"><input size=\"40\" maxlength=\"400\" class=\"wpcf7-form-control wpcf7-text wpcf7-validates-as-required\" aria-required=\"true\" aria-invalid=\"false\" placeholder=\"Digite aqui\" value=\"\" type=\"text\" name=\"nome-origem\" \/><\/span>\n\t<\/p>\n<\/div>\n<div class=\"c-field c-field--half\">\n\t<p><label>Seu email*<\/label><br \/>\n<span class=\"wpcf7-form-control-wrap\" data-name=\"email-origem\"><input size=\"40\" maxlength=\"400\" class=\"wpcf7-form-control wpcf7-email wpcf7-validates-as-required wpcf7-text wpcf7-validates-as-email\" aria-required=\"true\" aria-invalid=\"false\" placeholder=\"Digite aqui\" value=\"\" type=\"email\" name=\"email-origem\" \/><\/span>\n\t<\/p>\n<\/div>\n<div class=\"c-field c-field--half\">\n\t<p><label>Nome do estudo*<\/label><br \/>\n<span class=\"wpcf7-form-control-wrap\" data-name=\"estudo\"><input size=\"40\" maxlength=\"400\" class=\"wpcf7-form-control wpcf7-text wpcf7-validates-as-required\" aria-required=\"true\" aria-invalid=\"false\" placeholder=\"Digite aqui\" value=\"\" type=\"text\" name=\"estudo\" \/><\/span>\n\t<\/p>\n<\/div>\n<div class=\"c-field c-field--half\">\n\t<p><label>Nome do \u00f3rg\u00e3o, organiza\u00e7\u00e3o e\/ou pesquisadores(as)<\/label><br \/>\n<span class=\"wpcf7-form-control-wrap\" data-name=\"orgao\"><input size=\"40\" maxlength=\"400\" class=\"wpcf7-form-control wpcf7-text\" aria-invalid=\"false\" placeholder=\"Digite aqui\" value=\"\" type=\"text\" name=\"orgao\" \/><\/span>\n\t<\/p>\n<\/div>\n<div class=\"c-field\">\n\t<p><label>Indique um link de acesso \u00e0 pesquisa*<\/label><br \/>\n<span class=\"wpcf7-form-control-wrap\" data-name=\"pesquisa\"><input size=\"40\" maxlength=\"400\" class=\"wpcf7-form-control wpcf7-url wpcf7-validates-as-required wpcf7-text wpcf7-validates-as-url\" aria-required=\"true\" aria-invalid=\"false\" placeholder=\"http:\/\/\" value=\"\" type=\"url\" name=\"pesquisa\" \/><\/span>\n\t<\/p>\n<\/div>\n<div class=\"c-field\">\n\t<p><label>Por que recomenda essa publica\u00e7\u00e3o?<\/label><br \/>\n<span class=\"wpcf7-form-control-wrap\" data-name=\"motivo\"><textarea cols=\"40\" rows=\"10\" maxlength=\"2000\" class=\"wpcf7-form-control wpcf7-textarea\" aria-invalid=\"false\" placeholder=\"Digite aqui at\u00e9 500 caracteres\" name=\"motivo\"><\/textarea><\/span>\n\t<\/p>\n<\/div>\n<p class=\"c-form__hint\">*preenchimento obrigat\u00f3rio\n<\/p>\n<div class=\"u-mb3 u-ta-center\" style=\"margin-left: auto; margin-right: auto;\">\n\n<\/div>\n<div class=\"c-field u-ta-center\">\n\t<p><input class=\"wpcf7-form-control wpcf7-submit has-spinner\" type=\"submit\" value=\"Enviar\" \/>\n\t<\/p>\n<\/div><div class=\"wpcf7-response-output\" aria-hidden=\"true\"><\/div>\n<\/form>\n<\/div>\n<\/p><\/div>\n<p><\/div><\/div>\n<div class=\"s-single__form-com-fundo s-single__form-com-fundo--2\"><div class=\"u-wrapper\"><\/p>\n<div id=\"formulario-fonte\">\n<h2>Indique uma fonte<\/h2>\n<p>\n<div class=\"wpcf7 no-js\" id=\"wpcf7-f1435-o2\" lang=\"pt-BR\" dir=\"ltr\" data-wpcf7-id=\"1435\">\n<div class=\"screen-reader-response\"><p role=\"status\" aria-live=\"polite\" aria-atomic=\"true\"><\/p> <ul><\/ul><\/div>\n<form action=\"\/dados-e-fontes\/wp-json\/wp\/v2\/pages\/1420#wpcf7-f1435-o2\" method=\"post\" class=\"wpcf7-form init\" aria-label=\"Formul\u00e1rios de contato\" novalidate=\"novalidate\" data-status=\"init\">\n<fieldset class=\"hidden-fields-container\"><input type=\"hidden\" name=\"_wpcf7\" value=\"1435\" \/><input type=\"hidden\" name=\"_wpcf7_version\" value=\"6.1.5\" \/><input type=\"hidden\" name=\"_wpcf7_locale\" value=\"pt_BR\" \/><input type=\"hidden\" name=\"_wpcf7_unit_tag\" value=\"wpcf7-f1435-o2\" \/><input type=\"hidden\" name=\"_wpcf7_container_post\" value=\"0\" \/><input type=\"hidden\" name=\"_wpcf7_posted_data_hash\" value=\"\" \/><input type=\"hidden\" name=\"_wpcf7_recaptcha_response\" value=\"\" \/>\n<\/fieldset>\n<div class=\"c-field c-field--half\">\n\t<p><label>Seu nome*<\/label><br \/>\n<span class=\"wpcf7-form-control-wrap\" data-name=\"nome-origem\"><input size=\"40\" maxlength=\"400\" class=\"wpcf7-form-control wpcf7-text wpcf7-validates-as-required\" aria-required=\"true\" aria-invalid=\"false\" placeholder=\"Digite aqui\" value=\"\" type=\"text\" name=\"nome-origem\" \/><\/span>\n\t<\/p>\n<\/div>\n<div class=\"c-field c-field--half\">\n\t<p><label>Seu email*<\/label><br \/>\n<span class=\"wpcf7-form-control-wrap\" data-name=\"email-origem\"><input size=\"40\" maxlength=\"400\" class=\"wpcf7-form-control wpcf7-email wpcf7-validates-as-required wpcf7-text wpcf7-validates-as-email\" aria-required=\"true\" aria-invalid=\"false\" placeholder=\"Digite aqui\" value=\"\" type=\"email\" name=\"email-origem\" \/><\/span>\n\t<\/p>\n<\/div>\n<div class=\"c-field c-field--half\">\n\t<p><label>Nome da fonte*<\/label><br \/>\n<span class=\"wpcf7-form-control-wrap\" data-name=\"fonte\"><input size=\"40\" maxlength=\"400\" class=\"wpcf7-form-control wpcf7-text wpcf7-validates-as-required\" aria-required=\"true\" aria-invalid=\"false\" placeholder=\"Digite aqui\" value=\"\" type=\"text\" name=\"fonte\" \/><\/span>\n\t<\/p>\n<\/div>\n<div class=\"c-field c-field--half\">\n\t<p><label>\u00c1rea de atua\u00e7\u00e3o<\/label><br \/>\n<span class=\"wpcf7-form-control-wrap\" data-name=\"area\"><input size=\"40\" maxlength=\"400\" class=\"wpcf7-form-control wpcf7-text\" aria-invalid=\"false\" placeholder=\"Digite aqui\" value=\"\" type=\"text\" name=\"area\" \/><\/span>\n\t<\/p>\n<\/div>\n<div class=\"c-field c-field--half\">\n\t<p><label>Local (cidade, estado, etc)<\/label><br \/>\n<span class=\"wpcf7-form-control-wrap\" data-name=\"local\"><input size=\"40\" maxlength=\"400\" class=\"wpcf7-form-control wpcf7-text\" aria-invalid=\"false\" placeholder=\"Digite aqui\" value=\"\" type=\"text\" name=\"local\" \/><\/span>\n\t<\/p>\n<\/div>\n<div class=\"c-field c-field--half\">\n\t<p><label>Indique uma forma de contato com essa pessoa (telefone, e-mail, etc)<\/label><br \/>\n<span class=\"wpcf7-form-control-wrap\" data-name=\"local\"><input size=\"40\" maxlength=\"400\" class=\"wpcf7-form-control wpcf7-text\" aria-invalid=\"false\" placeholder=\"Digite aqui\" value=\"\" type=\"text\" name=\"local\" \/><\/span>\n\t<\/p>\n<\/div>\n<div class=\"c-field\">\n\t<p><label>Indique links para conte\u00fados e produ\u00e7\u00f5es com essa fonte para que a conhe\u00e7amos um pouco melhor<\/label><br \/>\n<span class=\"wpcf7-form-control-wrap\" data-name=\"link-fonte\"><input size=\"40\" maxlength=\"400\" class=\"wpcf7-form-control wpcf7-url wpcf7-text wpcf7-validates-as-url\" aria-invalid=\"false\" placeholder=\"Digite aqui o link para acessar conte\u00fados\" value=\"\" type=\"url\" name=\"link-fonte\" \/><\/span>\n\t<\/p>\n<\/div>\n<p class=\"c-form__hint\">*preenchimento obrigat\u00f3rio\n<\/p>\n<div class=\"u-mb3 u-ta-center\" style=\"margin-left: auto; margin-right: auto;\">\n\n<\/div>\n<div class=\"c-field u-ta-center\">\n\t<p><input class=\"wpcf7-form-control wpcf7-submit has-spinner\" type=\"submit\" value=\"Enviar\" \/>\n\t<\/p>\n<\/div><div class=\"wpcf7-response-output\" aria-hidden=\"true\"><\/div>\n<\/form>\n<\/div>\n<\/p>\n<div>\n<p><\/div><\/div>\n","protected":false},"excerpt":{"rendered":"<p>Utilize os formul\u00e1rios abaixo para enviar suas sugest\u00f5es se voc\u00ea conhece alguma pesquisa relevante que possa ser incorporada no banco de dados ou queira sugerir uma fonte no campo da [&hellip;]<\/p>\n","protected":false},"author":1,"featured_media":0,"parent":0,"menu_order":0,"comment_status":"closed","ping_status":"closed","template":"","meta":{"footnotes":""},"class_list":["post-1420","page","type-page","status-publish","hentry"],"yoast_head":"<!-- This site is optimized with the Yoast SEO plugin v27.4 - https:\/\/yoast.com\/product\/yoast-seo-wordpress\/ -->\n<title>Conhece uma pesquisa ou fonte que gostaria de indicar para esta plataforma? - Dados e Fontes<\/title>\n<meta name=\"robots\" content=\"index, follow, max-snippet:-1, max-image-preview:large, max-video-preview:-1\" \/>\n<link rel=\"canonical\" href=\"https:\/\/dossies.agenciapatriciagalvao.org.br\/dados-e-fontes\/sugira-uma-pesquisa\/\" \/>\n<meta property=\"og:locale\" content=\"pt_BR\" \/>\n<meta property=\"og:type\" content=\"article\" \/>\n<meta property=\"og:title\" content=\"Conhece uma pesquisa ou fonte que gostaria de indicar para esta plataforma? - Dados e Fontes\" \/>\n<meta property=\"og:description\" content=\"Utilize os formul\u00e1rios abaixo para enviar suas sugest\u00f5es se voc\u00ea conhece alguma pesquisa relevante que possa ser incorporada no banco de dados ou queira sugerir uma fonte no campo da [&hellip;]\" \/>\n<meta property=\"og:url\" content=\"https:\/\/dossies.agenciapatriciagalvao.org.br\/dados-e-fontes\/sugira-uma-pesquisa\/\" \/>\n<meta property=\"og:site_name\" content=\"Dados e Fontes\" \/>\n<meta property=\"article:modified_time\" content=\"2023-12-21T19:05:18+00:00\" \/>\n<meta property=\"og:image\" content=\"https:\/\/assets-dossies-ipg-v2.nyc3.digitaloceanspaces.com\/sites\/3\/2019\/09\/logo-dados-e-fontes.png\" \/>\n\t<meta property=\"og:image:width\" content=\"500\" \/>\n\t<meta property=\"og:image:height\" content=\"400\" \/>\n\t<meta property=\"og:image:type\" content=\"image\/png\" \/>\n<meta name=\"twitter:card\" content=\"summary_large_image\" \/>\n<meta name=\"twitter:label1\" content=\"Est. tempo de leitura\" \/>\n\t<meta name=\"twitter:data1\" content=\"1 minuto\" \/>\n<script type=\"application\/ld+json\" class=\"yoast-schema-graph\">{\"@context\":\"https:\\\/\\\/schema.org\",\"@graph\":[{\"@type\":\"WebPage\",\"@id\":\"https:\\\/\\\/dossies.agenciapatriciagalvao.org.br\\\/dados-e-fontes\\\/sugira-uma-pesquisa\\\/\",\"url\":\"https:\\\/\\\/dossies.agenciapatriciagalvao.org.br\\\/dados-e-fontes\\\/sugira-uma-pesquisa\\\/\",\"name\":\"Conhece uma pesquisa ou fonte que gostaria de indicar para esta plataforma? - Dados e Fontes\",\"isPartOf\":{\"@id\":\"https:\\\/\\\/dossies.agenciapatriciagalvao.org.br\\\/dados-e-fontes\\\/#website\"},\"datePublished\":\"2018-08-13T20:21:53+00:00\",\"dateModified\":\"2023-12-21T19:05:18+00:00\",\"breadcrumb\":{\"@id\":\"https:\\\/\\\/dossies.agenciapatriciagalvao.org.br\\\/dados-e-fontes\\\/sugira-uma-pesquisa\\\/#breadcrumb\"},\"inLanguage\":\"pt-BR\",\"potentialAction\":[{\"@type\":\"ReadAction\",\"target\":[\"https:\\\/\\\/dossies.agenciapatriciagalvao.org.br\\\/dados-e-fontes\\\/sugira-uma-pesquisa\\\/\"]}]},{\"@type\":\"BreadcrumbList\",\"@id\":\"https:\\\/\\\/dossies.agenciapatriciagalvao.org.br\\\/dados-e-fontes\\\/sugira-uma-pesquisa\\\/#breadcrumb\",\"itemListElement\":[{\"@type\":\"ListItem\",\"position\":1,\"name\":\"In\u00edcio\",\"item\":\"https:\\\/\\\/dossies.agenciapatriciagalvao.org.br\\\/dados-e-fontes\\\/\"},{\"@type\":\"ListItem\",\"position\":2,\"name\":\"Conhece uma pesquisa ou fonte que gostaria de indicar para esta plataforma?\"}]},{\"@type\":\"WebSite\",\"@id\":\"https:\\\/\\\/dossies.agenciapatriciagalvao.org.br\\\/dados-e-fontes\\\/#website\",\"url\":\"https:\\\/\\\/dossies.agenciapatriciagalvao.org.br\\\/dados-e-fontes\\\/\",\"name\":\"Dados e Fontes\",\"description\":\"Banco com pesquisas, dados e fontes sobre a viol\u00eancia contra a mulher\",\"potentialAction\":[{\"@type\":\"SearchAction\",\"target\":{\"@type\":\"EntryPoint\",\"urlTemplate\":\"https:\\\/\\\/dossies.agenciapatriciagalvao.org.br\\\/dados-e-fontes\\\/?s={search_term_string}\"},\"query-input\":{\"@type\":\"PropertyValueSpecification\",\"valueRequired\":true,\"valueName\":\"search_term_string\"}}],\"inLanguage\":\"pt-BR\"}]}<\/script>\n<!-- \/ Yoast SEO plugin. -->","yoast_head_json":{"title":"Conhece uma pesquisa ou fonte que gostaria de indicar para esta plataforma? - Dados e Fontes","robots":{"index":"index","follow":"follow","max-snippet":"max-snippet:-1","max-image-preview":"max-image-preview:large","max-video-preview":"max-video-preview:-1"},"canonical":"https:\/\/dossies.agenciapatriciagalvao.org.br\/dados-e-fontes\/sugira-uma-pesquisa\/","og_locale":"pt_BR","og_type":"article","og_title":"Conhece uma pesquisa ou fonte que gostaria de indicar para esta plataforma? - Dados e Fontes","og_description":"Utilize os formul\u00e1rios abaixo para enviar suas sugest\u00f5es se voc\u00ea conhece alguma pesquisa relevante que possa ser incorporada no banco de dados ou queira sugerir uma fonte no campo da [&hellip;]","og_url":"https:\/\/dossies.agenciapatriciagalvao.org.br\/dados-e-fontes\/sugira-uma-pesquisa\/","og_site_name":"Dados e Fontes","article_modified_time":"2023-12-21T19:05:18+00:00","og_image":[{"width":500,"height":400,"url":"https:\/\/assets-dossies-ipg-v2.nyc3.digitaloceanspaces.com\/sites\/3\/2019\/09\/logo-dados-e-fontes.png","type":"image\/png"}],"twitter_card":"summary_large_image","twitter_misc":{"Est. tempo de leitura":"1 minuto"},"schema":{"@context":"https:\/\/schema.org","@graph":[{"@type":"WebPage","@id":"https:\/\/dossies.agenciapatriciagalvao.org.br\/dados-e-fontes\/sugira-uma-pesquisa\/","url":"https:\/\/dossies.agenciapatriciagalvao.org.br\/dados-e-fontes\/sugira-uma-pesquisa\/","name":"Conhece uma pesquisa ou fonte que gostaria de indicar para esta plataforma? - Dados e Fontes","isPartOf":{"@id":"https:\/\/dossies.agenciapatriciagalvao.org.br\/dados-e-fontes\/#website"},"datePublished":"2018-08-13T20:21:53+00:00","dateModified":"2023-12-21T19:05:18+00:00","breadcrumb":{"@id":"https:\/\/dossies.agenciapatriciagalvao.org.br\/dados-e-fontes\/sugira-uma-pesquisa\/#breadcrumb"},"inLanguage":"pt-BR","potentialAction":[{"@type":"ReadAction","target":["https:\/\/dossies.agenciapatriciagalvao.org.br\/dados-e-fontes\/sugira-uma-pesquisa\/"]}]},{"@type":"BreadcrumbList","@id":"https:\/\/dossies.agenciapatriciagalvao.org.br\/dados-e-fontes\/sugira-uma-pesquisa\/#breadcrumb","itemListElement":[{"@type":"ListItem","position":1,"name":"In\u00edcio","item":"https:\/\/dossies.agenciapatriciagalvao.org.br\/dados-e-fontes\/"},{"@type":"ListItem","position":2,"name":"Conhece uma pesquisa ou fonte que gostaria de indicar para esta plataforma?"}]},{"@type":"WebSite","@id":"https:\/\/dossies.agenciapatriciagalvao.org.br\/dados-e-fontes\/#website","url":"https:\/\/dossies.agenciapatriciagalvao.org.br\/dados-e-fontes\/","name":"Dados e Fontes","description":"Banco com pesquisas, dados e fontes sobre a viol\u00eancia contra a mulher","potentialAction":[{"@type":"SearchAction","target":{"@type":"EntryPoint","urlTemplate":"https:\/\/dossies.agenciapatriciagalvao.org.br\/dados-e-fontes\/?s={search_term_string}"},"query-input":{"@type":"PropertyValueSpecification","valueRequired":true,"valueName":"search_term_string"}}],"inLanguage":"pt-BR"}]}},"_links":{"self":[{"href":"https:\/\/dossies.agenciapatriciagalvao.org.br\/dados-e-fontes\/wp-json\/wp\/v2\/pages\/1420","targetHints":{"allow":["GET"]}}],"collection":[{"href":"https:\/\/dossies.agenciapatriciagalvao.org.br\/dados-e-fontes\/wp-json\/wp\/v2\/pages"}],"about":[{"href":"https:\/\/dossies.agenciapatriciagalvao.org.br\/dados-e-fontes\/wp-json\/wp\/v2\/types\/page"}],"author":[{"embeddable":true,"href":"https:\/\/dossies.agenciapatriciagalvao.org.br\/dados-e-fontes\/wp-json\/wp\/v2\/users\/1"}],"replies":[{"embeddable":true,"href":"https:\/\/dossies.agenciapatriciagalvao.org.br\/dados-e-fontes\/wp-json\/wp\/v2\/comments?post=1420"}],"version-history":[{"count":3,"href":"https:\/\/dossies.agenciapatriciagalvao.org.br\/dados-e-fontes\/wp-json\/wp\/v2\/pages\/1420\/revisions"}],"predecessor-version":[{"id":2497,"href":"https:\/\/dossies.agenciapatriciagalvao.org.br\/dados-e-fontes\/wp-json\/wp\/v2\/pages\/1420\/revisions\/2497"}],"wp:attachment":[{"href":"https:\/\/dossies.agenciapatriciagalvao.org.br\/dados-e-fontes\/wp-json\/wp\/v2\/media?parent=1420"}],"curies":[{"name":"wp","href":"https:\/\/api.w.org\/{rel}","templated":true}]}}