{"id":1405,"date":"2018-08-13T20:09:38","date_gmt":"2018-08-13T20:09:38","guid":{"rendered":"http:\/\/dossies.agenciapatriciagalvao.org.br\/dados-e-fontes\/?page_id=1405"},"modified":"2018-08-17T21:21:10","modified_gmt":"2018-08-17T21:21:10","slug":"creditos","status":"publish","type":"page","link":"https:\/\/dossies.agenciapatriciagalvao.org.br\/dados-e-fontes\/creditos\/","title":{"rendered":"Cr\u00e9ditos"},"content":{"rendered":"<p><strong>Coordena\u00e7\u00e3o do projeto:\u00a0<\/strong>D\u00e9bora Prado e Marisa Sanematsu<\/p>\n<p><strong>Desenvolvimento e identidade visual:\u00a0<\/strong>Levante<\/p>\n<p><strong>Realiza\u00e7\u00e3o:<\/strong>\u00a0Instituto Patr\u00edcia Galv\u00e3o<\/p>\n","protected":false},"excerpt":{"rendered":"<p>Coordena\u00e7\u00e3o do projeto:\u00a0D\u00e9bora Prado e Marisa Sanematsu Desenvolvimento e identidade visual:\u00a0Levante Realiza\u00e7\u00e3o:\u00a0Instituto Patr\u00edcia Galv\u00e3o<\/p>\n","protected":false},"author":1,"featured_media":0,"parent":0,"menu_order":0,"comment_status":"closed","ping_status":"closed","template":"","meta":{"footnotes":""},"class_list":["post-1405","page","type-page","status-publish","hentry"],"yoast_head":"<!-- This site is optimized with the Yoast SEO plugin v27.4 - https:\/\/yoast.com\/product\/yoast-seo-wordpress\/ -->\n<title>Cr\u00e9ditos - Dados e Fontes<\/title>\n<meta name=\"robots\" content=\"index, follow, max-snippet:-1, max-image-preview:large, max-video-preview:-1\" \/>\n<link rel=\"canonical\" href=\"https:\/\/dossies.agenciapatriciagalvao.org.br\/dados-e-fontes\/creditos\/\" \/>\n<meta property=\"og:locale\" content=\"pt_BR\" \/>\n<meta property=\"og:type\" content=\"article\" \/>\n<meta property=\"og:title\" content=\"Cr\u00e9ditos - Dados e Fontes\" \/>\n<meta property=\"og:description\" content=\"Coordena\u00e7\u00e3o do projeto:\u00a0D\u00e9bora Prado e Marisa Sanematsu Desenvolvimento e identidade visual:\u00a0Levante Realiza\u00e7\u00e3o:\u00a0Instituto Patr\u00edcia Galv\u00e3o\" \/>\n<meta property=\"og:url\" content=\"https:\/\/dossies.agenciapatriciagalvao.org.br\/dados-e-fontes\/creditos\/\" \/>\n<meta property=\"og:site_name\" content=\"Dados e Fontes\" \/>\n<meta property=\"article:modified_time\" content=\"2018-08-17T21:21:10+00:00\" \/>\n<meta property=\"og:image\" content=\"https:\/\/assets-dossies-ipg-v2.nyc3.digitaloceanspaces.com\/sites\/3\/2019\/09\/logo-dados-e-fontes.png\" \/>\n\t<meta property=\"og:image:width\" content=\"500\" \/>\n\t<meta property=\"og:image:height\" content=\"400\" \/>\n\t<meta property=\"og:image:type\" content=\"image\/png\" \/>\n<meta name=\"twitter:card\" content=\"summary_large_image\" \/>\n<script type=\"application\/ld+json\" class=\"yoast-schema-graph\">{\"@context\":\"https:\\\/\\\/schema.org\",\"@graph\":[{\"@type\":\"WebPage\",\"@id\":\"https:\\\/\\\/dossies.agenciapatriciagalvao.org.br\\\/dados-e-fontes\\\/creditos\\\/\",\"url\":\"https:\\\/\\\/dossies.agenciapatriciagalvao.org.br\\\/dados-e-fontes\\\/creditos\\\/\",\"name\":\"Cr\u00e9ditos - Dados e Fontes\",\"isPartOf\":{\"@id\":\"https:\\\/\\\/dossies.agenciapatriciagalvao.org.br\\\/dados-e-fontes\\\/#website\"},\"datePublished\":\"2018-08-13T20:09:38+00:00\",\"dateModified\":\"2018-08-17T21:21:10+00:00\",\"breadcrumb\":{\"@id\":\"https:\\\/\\\/dossies.agenciapatriciagalvao.org.br\\\/dados-e-fontes\\\/creditos\\\/#breadcrumb\"},\"inLanguage\":\"pt-BR\",\"potentialAction\":[{\"@type\":\"ReadAction\",\"target\":[\"https:\\\/\\\/dossies.agenciapatriciagalvao.org.br\\\/dados-e-fontes\\\/creditos\\\/\"]}]},{\"@type\":\"BreadcrumbList\",\"@id\":\"https:\\\/\\\/dossies.agenciapatriciagalvao.org.br\\\/dados-e-fontes\\\/creditos\\\/#breadcrumb\",\"itemListElement\":[{\"@type\":\"ListItem\",\"position\":1,\"name\":\"In\u00edcio\",\"item\":\"https:\\\/\\\/dossies.agenciapatriciagalvao.org.br\\\/dados-e-fontes\\\/\"},{\"@type\":\"ListItem\",\"position\":2,\"name\":\"Cr\u00e9ditos\"}]},{\"@type\":\"WebSite\",\"@id\":\"https:\\\/\\\/dossies.agenciapatriciagalvao.org.br\\\/dados-e-fontes\\\/#website\",\"url\":\"https:\\\/\\\/dossies.agenciapatriciagalvao.org.br\\\/dados-e-fontes\\\/\",\"name\":\"Dados e Fontes\",\"description\":\"Banco com pesquisas, dados e fontes sobre a viol\u00eancia contra a mulher\",\"potentialAction\":[{\"@type\":\"SearchAction\",\"target\":{\"@type\":\"EntryPoint\",\"urlTemplate\":\"https:\\\/\\\/dossies.agenciapatriciagalvao.org.br\\\/dados-e-fontes\\\/?s={search_term_string}\"},\"query-input\":{\"@type\":\"PropertyValueSpecification\",\"valueRequired\":true,\"valueName\":\"search_term_string\"}}],\"inLanguage\":\"pt-BR\"}]}<\/script>\n<!-- \/ Yoast SEO plugin. -->","yoast_head_json":{"title":"Cr\u00e9ditos - Dados e Fontes","robots":{"index":"index","follow":"follow","max-snippet":"max-snippet:-1","max-image-preview":"max-image-preview:large","max-video-preview":"max-video-preview:-1"},"canonical":"https:\/\/dossies.agenciapatriciagalvao.org.br\/dados-e-fontes\/creditos\/","og_locale":"pt_BR","og_type":"article","og_title":"Cr\u00e9ditos - Dados e Fontes","og_description":"Coordena\u00e7\u00e3o do projeto:\u00a0D\u00e9bora Prado e Marisa Sanematsu Desenvolvimento e identidade visual:\u00a0Levante Realiza\u00e7\u00e3o:\u00a0Instituto Patr\u00edcia Galv\u00e3o","og_url":"https:\/\/dossies.agenciapatriciagalvao.org.br\/dados-e-fontes\/creditos\/","og_site_name":"Dados e Fontes","article_modified_time":"2018-08-17T21:21:10+00:00","og_image":[{"width":500,"height":400,"url":"https:\/\/assets-dossies-ipg-v2.nyc3.digitaloceanspaces.com\/sites\/3\/2019\/09\/logo-dados-e-fontes.png","type":"image\/png"}],"twitter_card":"summary_large_image","schema":{"@context":"https:\/\/schema.org","@graph":[{"@type":"WebPage","@id":"https:\/\/dossies.agenciapatriciagalvao.org.br\/dados-e-fontes\/creditos\/","url":"https:\/\/dossies.agenciapatriciagalvao.org.br\/dados-e-fontes\/creditos\/","name":"Cr\u00e9ditos - Dados e Fontes","isPartOf":{"@id":"https:\/\/dossies.agenciapatriciagalvao.org.br\/dados-e-fontes\/#website"},"datePublished":"2018-08-13T20:09:38+00:00","dateModified":"2018-08-17T21:21:10+00:00","breadcrumb":{"@id":"https:\/\/dossies.agenciapatriciagalvao.org.br\/dados-e-fontes\/creditos\/#breadcrumb"},"inLanguage":"pt-BR","potentialAction":[{"@type":"ReadAction","target":["https:\/\/dossies.agenciapatriciagalvao.org.br\/dados-e-fontes\/creditos\/"]}]},{"@type":"BreadcrumbList","@id":"https:\/\/dossies.agenciapatriciagalvao.org.br\/dados-e-fontes\/creditos\/#breadcrumb","itemListElement":[{"@type":"ListItem","position":1,"name":"In\u00edcio","item":"https:\/\/dossies.agenciapatriciagalvao.org.br\/dados-e-fontes\/"},{"@type":"ListItem","position":2,"name":"Cr\u00e9ditos"}]},{"@type":"WebSite","@id":"https:\/\/dossies.agenciapatriciagalvao.org.br\/dados-e-fontes\/#website","url":"https:\/\/dossies.agenciapatriciagalvao.org.br\/dados-e-fontes\/","name":"Dados e Fontes","description":"Banco com pesquisas, dados e fontes sobre a viol\u00eancia contra a mulher","potentialAction":[{"@type":"SearchAction","target":{"@type":"EntryPoint","urlTemplate":"https:\/\/dossies.agenciapatriciagalvao.org.br\/dados-e-fontes\/?s={search_term_string}"},"query-input":{"@type":"PropertyValueSpecification","valueRequired":true,"valueName":"search_term_string"}}],"inLanguage":"pt-BR"}]}},"_links":{"self":[{"href":"https:\/\/dossies.agenciapatriciagalvao.org.br\/dados-e-fontes\/wp-json\/wp\/v2\/pages\/1405","targetHints":{"allow":["GET"]}}],"collection":[{"href":"https:\/\/dossies.agenciapatriciagalvao.org.br\/dados-e-fontes\/wp-json\/wp\/v2\/pages"}],"about":[{"href":"https:\/\/dossies.agenciapatriciagalvao.org.br\/dados-e-fontes\/wp-json\/wp\/v2\/types\/page"}],"author":[{"embeddable":true,"href":"https:\/\/dossies.agenciapatriciagalvao.org.br\/dados-e-fontes\/wp-json\/wp\/v2\/users\/1"}],"replies":[{"embeddable":true,"href":"https:\/\/dossies.agenciapatriciagalvao.org.br\/dados-e-fontes\/wp-json\/wp\/v2\/comments?post=1405"}],"version-history":[{"count":2,"href":"https:\/\/dossies.agenciapatriciagalvao.org.br\/dados-e-fontes\/wp-json\/wp\/v2\/pages\/1405\/revisions"}],"predecessor-version":[{"id":1471,"href":"https:\/\/dossies.agenciapatriciagalvao.org.br\/dados-e-fontes\/wp-json\/wp\/v2\/pages\/1405\/revisions\/1471"}],"wp:attachment":[{"href":"https:\/\/dossies.agenciapatriciagalvao.org.br\/dados-e-fontes\/wp-json\/wp\/v2\/media?parent=1405"}],"curies":[{"name":"wp","href":"https:\/\/api.w.org\/{rel}","templated":true}]}}