{"id":1394,"date":"2018-08-13T20:06:49","date_gmt":"2018-08-13T20:06:49","guid":{"rendered":"http:\/\/dossies.agenciapatriciagalvao.org.br\/dados-e-fontes\/?page_id=1394"},"modified":"2018-11-05T10:56:19","modified_gmt":"2018-11-05T13:56:19","slug":"sobre-o-instituto-patricia-galvao","status":"publish","type":"page","link":"https:\/\/dossies.agenciapatriciagalvao.org.br\/dados-e-fontes\/sobre-o-instituto-patricia-galvao\/","title":{"rendered":"Sobre o Instituto Patr\u00edcia Galv\u00e3o"},"content":{"rendered":"<p class=\"c-article__title\">Fundado em 2001, o <a href=\"https:\/\/agenciapatriciagalvao.org.br\/\" target=\"_blank\" rel=\"noopener\">Instituto Patr\u00edcia Galv\u00e3o<\/a> \u00e9 uma organiza\u00e7\u00e3o social sem fins lucrativos que atua de forma estrat\u00e9gica na articula\u00e7\u00e3o entre as demandas pelos direitos das mulheres e a visibilidade e o debate p\u00fablico sobre essas quest\u00f5es na m\u00eddia.<\/p>\n<div class=\"c-article__content\">\n<p>Para o Instituto, a m\u00eddia \u00e9 um espa\u00e7o estrat\u00e9gico de incid\u00eancia social e pol\u00edtica para qualificar os debates sobre pol\u00edticas p\u00fablicas voltadas \u00e0 promo\u00e7\u00e3o da igualdade e equidade de g\u00eanero.<\/p>\n<p>E por considerar que o jornalismo tem um papel fundamental na amplia\u00e7\u00e3o e no aprofundamento do debate sobre quest\u00f5es-chaves que afetam a vida e os direitos das mulheres brasileiras, o Instituto Patr\u00edcia Galv\u00e3o tem constru\u00eddo canais de di\u00e1logo com diferentes interlocutores da \u00e1rea da comunica\u00e7\u00e3o, a fim de assegurar que a imprensa cumpra sua fun\u00e7\u00e3o na esfera p\u00fablica: fiscalizar os poderes constitu\u00eddos, explicar os fatos, informar sobre os direitos de cidad\u00e3s e cidad\u00e3os e promover o debate de ideias para provocar mudan\u00e7as de atitudes e mentalidades. E tudo isso com uma abordagem que contemple os direitos das mulheres, em especial no \u00e2mbito das pol\u00edticas p\u00fablicas.<\/p>\n<h3>Conhe\u00e7a algumas frentes de a\u00e7\u00e3o do Instituto:<\/h3>\n<p>\u2013 Realiza pesquisas de opini\u00e3o qualitativas e quantitativas acerca de um determinado fen\u00f4meno ou situa\u00e7\u00e3o cr\u00edtica que atinge as mulheres na sua condi\u00e7\u00e3o de desigualdade de g\u00eanero.<\/p>\n<p>\u2013 Produz mat\u00e9rias jornal\u00edsticas, pautas, informativos e publica\u00e7\u00f5es especiais impressas e online, disponibilizando dados e informa\u00e7\u00f5es atualizados e confi\u00e1veis sobre temas relevantes dos direitos das mulheres como, por exemplo: viol\u00eancia dom\u00e9stica, feminic\u00eddio, viol\u00eancia sexual, participa\u00e7\u00e3o das mulheres na pol\u00edtica, representa\u00e7\u00e3o da imagem das mulheres na m\u00eddia e o impacto da epidemia do zika v\u00edrus sobre as vidas das brasileiras.<\/p>\n<p>\u2013 Produz dossi\u00eas e plataformas digitais especiais, elaborados com linguagem jornal\u00edstica, contendo entrevistas e an\u00e1lises relevantes (de especialistas de diferentes campos \u2013 operadores\/as do Direito, gestoras\/es, pesquisadoras\/es e ativistas, entre outros), compila\u00e7\u00f5es e sistematiza\u00e7\u00f5es de dados, divulga\u00e7\u00e3o de resultados de estudos, estat\u00edsticas sociodemogr\u00e1ficas e pesquisas de opini\u00e3o. Como exemplos recentes, lan\u00e7ou\u00a0<a href=\"http:\/\/dossies.agenciapatriciagalvao.org.br\/violencia-em-dados\/violencia-contra-as-mulheres-em-dados-plataforma-reune-pesquisas-fontes-e-sinteses-sobre-o-problema-no-brasil\/\" target=\"_blank\" rel=\"noopener\">esta plataforma<\/a>\u00a0em 2018; o\u00a0<a href=\"http:\/\/dossies.agenciapatriciagalvao.org.br\/feminicidio\/\" target=\"_blank\" rel=\"noopener\">Dossi\u00ea Feminic\u00eddio<\/a>, em 2016; e o\u00a0<a href=\"http:\/\/dossies.agenciapatriciagalvao.org.br\/violencia\/\" target=\"_blank\" rel=\"noopener\">Dossi\u00ea Viol\u00eancia contra as Mulheres<\/a>, em 2016.<\/p>\n<p>\u2013 Sensibiliza e mobiliza profissionais de imprensa e da comunica\u00e7\u00e3o digital por meio da realiza\u00e7\u00e3o de eventos com especialistas em que s\u00e3o apresentados Dossi\u00eas contendo dados e informa\u00e7\u00f5es atualizados sobre temas e emerg\u00eancias trabalhados pela institui\u00e7\u00e3o, al\u00e9m de sugest\u00f5es de fontes e contatos.<\/p>\n<p>\u2013 Realiza eventos de debate e reflex\u00e3o sobre temas cr\u00edticos para as mulheres, como os Semin\u00e1rios Mulher e M\u00eddia e o Semin\u00e1rio Internacional Cultura da Viol\u00eancia contra as Mulheres.<\/p>\n<p>\u2013 Realiza acompanhamento sistem\u00e1tico e an\u00e1lise da cobertura jornal\u00edstica sobre os temas em destaque na agenda de prioridades da institui\u00e7\u00e3o, como, por exemplo: viol\u00eancia contra as mulheres, mulheres na pol\u00edtica, mulheres e trabalho, direitos sexuais e reprodutivos, racismo, lesbofobia e transfobia.<\/p>\n<p>\u2013 Contribui para a qualifica\u00e7\u00e3o dos debates sobre a conceitua\u00e7\u00e3o, contextualiza\u00e7\u00e3o e caracter\u00edsticas de quest\u00f5es relevantes dos direitos das mulheres a partir da disponibiliza\u00e7\u00e3o sistem\u00e1tica de dados, informa\u00e7\u00f5es atualizadas, mat\u00e9rias jornal\u00edsticas e conte\u00fados no Portal da\u00a0<a href=\"https:\/\/agenciapatriciagalvao.org.br\/\" target=\"_blank\" rel=\"noopener\">Ag\u00eancia Patr\u00edcia Galv\u00e3o<\/a>.<\/p>\n<\/div>\n","protected":false},"excerpt":{"rendered":"<p>Fundado em 2001, o Instituto Patr\u00edcia Galv\u00e3o \u00e9 uma organiza\u00e7\u00e3o social sem fins lucrativos que atua de forma estrat\u00e9gica na articula\u00e7\u00e3o entre as demandas pelos direitos das mulheres e a [&hellip;]<\/p>\n","protected":false},"author":1,"featured_media":0,"parent":0,"menu_order":0,"comment_status":"closed","ping_status":"closed","template":"","meta":{"footnotes":""},"class_list":["post-1394","page","type-page","status-publish","hentry"],"yoast_head":"<!-- This site is optimized with the Yoast SEO plugin v26.3 - https:\/\/yoast.com\/wordpress\/plugins\/seo\/ -->\n<title>Sobre o Instituto Patr\u00edcia Galv\u00e3o - Dados e Fontes<\/title>\n<meta name=\"robots\" content=\"index, follow, max-snippet:-1, max-image-preview:large, max-video-preview:-1\" \/>\n<link rel=\"canonical\" href=\"https:\/\/dossies.agenciapatriciagalvao.org.br\/dados-e-fontes\/sobre-o-instituto-patricia-galvao\/\" \/>\n<meta property=\"og:locale\" content=\"pt_BR\" \/>\n<meta property=\"og:type\" content=\"article\" \/>\n<meta property=\"og:title\" content=\"Sobre o Instituto Patr\u00edcia Galv\u00e3o - Dados e Fontes\" \/>\n<meta property=\"og:description\" content=\"Fundado em 2001, o Instituto Patr\u00edcia Galv\u00e3o \u00e9 uma organiza\u00e7\u00e3o social sem fins lucrativos que atua de forma estrat\u00e9gica na articula\u00e7\u00e3o entre as demandas pelos direitos das mulheres e a [&hellip;]\" \/>\n<meta property=\"og:url\" content=\"https:\/\/dossies.agenciapatriciagalvao.org.br\/dados-e-fontes\/sobre-o-instituto-patricia-galvao\/\" \/>\n<meta property=\"og:site_name\" content=\"Dados e Fontes\" \/>\n<meta property=\"article:modified_time\" content=\"2018-11-05T13:56:19+00:00\" \/>\n<meta property=\"og:image\" content=\"https:\/\/assets-dossies-ipg-v2.nyc3.digitaloceanspaces.com\/sites\/3\/2019\/09\/logo-dados-e-fontes.png\" \/>\n\t<meta property=\"og:image:width\" content=\"500\" \/>\n\t<meta property=\"og:image:height\" content=\"400\" \/>\n\t<meta property=\"og:image:type\" content=\"image\/png\" \/>\n<meta name=\"twitter:card\" content=\"summary_large_image\" \/>\n<meta name=\"twitter:label1\" content=\"Est. tempo de leitura\" \/>\n\t<meta name=\"twitter:data1\" content=\"3 minutos\" \/>\n<script type=\"application\/ld+json\" class=\"yoast-schema-graph\">{\"@context\":\"https:\/\/schema.org\",\"@graph\":[{\"@type\":\"WebPage\",\"@id\":\"https:\/\/dossies.agenciapatriciagalvao.org.br\/dados-e-fontes\/sobre-o-instituto-patricia-galvao\/\",\"url\":\"https:\/\/dossies.agenciapatriciagalvao.org.br\/dados-e-fontes\/sobre-o-instituto-patricia-galvao\/\",\"name\":\"Sobre o Instituto Patr\u00edcia Galv\u00e3o - Dados e Fontes\",\"isPartOf\":{\"@id\":\"https:\/\/dossies.agenciapatriciagalvao.org.br\/dados-e-fontes\/#website\"},\"datePublished\":\"2018-08-13T20:06:49+00:00\",\"dateModified\":\"2018-11-05T13:56:19+00:00\",\"breadcrumb\":{\"@id\":\"https:\/\/dossies.agenciapatriciagalvao.org.br\/dados-e-fontes\/sobre-o-instituto-patricia-galvao\/#breadcrumb\"},\"inLanguage\":\"pt-BR\",\"potentialAction\":[{\"@type\":\"ReadAction\",\"target\":[\"https:\/\/dossies.agenciapatriciagalvao.org.br\/dados-e-fontes\/sobre-o-instituto-patricia-galvao\/\"]}]},{\"@type\":\"BreadcrumbList\",\"@id\":\"https:\/\/dossies.agenciapatriciagalvao.org.br\/dados-e-fontes\/sobre-o-instituto-patricia-galvao\/#breadcrumb\",\"itemListElement\":[{\"@type\":\"ListItem\",\"position\":1,\"name\":\"In\u00edcio\",\"item\":\"https:\/\/dossies.agenciapatriciagalvao.org.br\/dados-e-fontes\/\"},{\"@type\":\"ListItem\",\"position\":2,\"name\":\"Sobre o Instituto Patr\u00edcia Galv\u00e3o\"}]},{\"@type\":\"WebSite\",\"@id\":\"https:\/\/dossies.agenciapatriciagalvao.org.br\/dados-e-fontes\/#website\",\"url\":\"https:\/\/dossies.agenciapatriciagalvao.org.br\/dados-e-fontes\/\",\"name\":\"Dados e Fontes\",\"description\":\"Banco com pesquisas, dados e fontes sobre a viol\u00eancia contra a mulher\",\"potentialAction\":[{\"@type\":\"SearchAction\",\"target\":{\"@type\":\"EntryPoint\",\"urlTemplate\":\"https:\/\/dossies.agenciapatriciagalvao.org.br\/dados-e-fontes\/?s={search_term_string}\"},\"query-input\":{\"@type\":\"PropertyValueSpecification\",\"valueRequired\":true,\"valueName\":\"search_term_string\"}}],\"inLanguage\":\"pt-BR\"}]}<\/script>\n<!-- \/ Yoast SEO plugin. -->","yoast_head_json":{"title":"Sobre o Instituto Patr\u00edcia Galv\u00e3o - Dados e Fontes","robots":{"index":"index","follow":"follow","max-snippet":"max-snippet:-1","max-image-preview":"max-image-preview:large","max-video-preview":"max-video-preview:-1"},"canonical":"https:\/\/dossies.agenciapatriciagalvao.org.br\/dados-e-fontes\/sobre-o-instituto-patricia-galvao\/","og_locale":"pt_BR","og_type":"article","og_title":"Sobre o Instituto Patr\u00edcia Galv\u00e3o - Dados e Fontes","og_description":"Fundado em 2001, o Instituto Patr\u00edcia Galv\u00e3o \u00e9 uma organiza\u00e7\u00e3o social sem fins lucrativos que atua de forma estrat\u00e9gica na articula\u00e7\u00e3o entre as demandas pelos direitos das mulheres e a [&hellip;]","og_url":"https:\/\/dossies.agenciapatriciagalvao.org.br\/dados-e-fontes\/sobre-o-instituto-patricia-galvao\/","og_site_name":"Dados e Fontes","article_modified_time":"2018-11-05T13:56:19+00:00","og_image":[{"width":500,"height":400,"url":"https:\/\/assets-dossies-ipg-v2.nyc3.digitaloceanspaces.com\/sites\/3\/2019\/09\/logo-dados-e-fontes.png","type":"image\/png"}],"twitter_card":"summary_large_image","twitter_misc":{"Est. tempo de leitura":"3 minutos"},"schema":{"@context":"https:\/\/schema.org","@graph":[{"@type":"WebPage","@id":"https:\/\/dossies.agenciapatriciagalvao.org.br\/dados-e-fontes\/sobre-o-instituto-patricia-galvao\/","url":"https:\/\/dossies.agenciapatriciagalvao.org.br\/dados-e-fontes\/sobre-o-instituto-patricia-galvao\/","name":"Sobre o Instituto Patr\u00edcia Galv\u00e3o - Dados e Fontes","isPartOf":{"@id":"https:\/\/dossies.agenciapatriciagalvao.org.br\/dados-e-fontes\/#website"},"datePublished":"2018-08-13T20:06:49+00:00","dateModified":"2018-11-05T13:56:19+00:00","breadcrumb":{"@id":"https:\/\/dossies.agenciapatriciagalvao.org.br\/dados-e-fontes\/sobre-o-instituto-patricia-galvao\/#breadcrumb"},"inLanguage":"pt-BR","potentialAction":[{"@type":"ReadAction","target":["https:\/\/dossies.agenciapatriciagalvao.org.br\/dados-e-fontes\/sobre-o-instituto-patricia-galvao\/"]}]},{"@type":"BreadcrumbList","@id":"https:\/\/dossies.agenciapatriciagalvao.org.br\/dados-e-fontes\/sobre-o-instituto-patricia-galvao\/#breadcrumb","itemListElement":[{"@type":"ListItem","position":1,"name":"In\u00edcio","item":"https:\/\/dossies.agenciapatriciagalvao.org.br\/dados-e-fontes\/"},{"@type":"ListItem","position":2,"name":"Sobre o Instituto Patr\u00edcia Galv\u00e3o"}]},{"@type":"WebSite","@id":"https:\/\/dossies.agenciapatriciagalvao.org.br\/dados-e-fontes\/#website","url":"https:\/\/dossies.agenciapatriciagalvao.org.br\/dados-e-fontes\/","name":"Dados e Fontes","description":"Banco com pesquisas, dados e fontes sobre a viol\u00eancia contra a mulher","potentialAction":[{"@type":"SearchAction","target":{"@type":"EntryPoint","urlTemplate":"https:\/\/dossies.agenciapatriciagalvao.org.br\/dados-e-fontes\/?s={search_term_string}"},"query-input":{"@type":"PropertyValueSpecification","valueRequired":true,"valueName":"search_term_string"}}],"inLanguage":"pt-BR"}]}},"_links":{"self":[{"href":"https:\/\/dossies.agenciapatriciagalvao.org.br\/dados-e-fontes\/wp-json\/wp\/v2\/pages\/1394","targetHints":{"allow":["GET"]}}],"collection":[{"href":"https:\/\/dossies.agenciapatriciagalvao.org.br\/dados-e-fontes\/wp-json\/wp\/v2\/pages"}],"about":[{"href":"https:\/\/dossies.agenciapatriciagalvao.org.br\/dados-e-fontes\/wp-json\/wp\/v2\/types\/page"}],"author":[{"embeddable":true,"href":"https:\/\/dossies.agenciapatriciagalvao.org.br\/dados-e-fontes\/wp-json\/wp\/v2\/users\/1"}],"replies":[{"embeddable":true,"href":"https:\/\/dossies.agenciapatriciagalvao.org.br\/dados-e-fontes\/wp-json\/wp\/v2\/comments?post=1394"}],"version-history":[{"count":3,"href":"https:\/\/dossies.agenciapatriciagalvao.org.br\/dados-e-fontes\/wp-json\/wp\/v2\/pages\/1394\/revisions"}],"predecessor-version":[{"id":1502,"href":"https:\/\/dossies.agenciapatriciagalvao.org.br\/dados-e-fontes\/wp-json\/wp\/v2\/pages\/1394\/revisions\/1502"}],"wp:attachment":[{"href":"https:\/\/dossies.agenciapatriciagalvao.org.br\/dados-e-fontes\/wp-json\/wp\/v2\/media?parent=1394"}],"curies":[{"name":"wp","href":"https:\/\/api.w.org\/{rel}","templated":true}]}}