{"id":1392,"date":"2021-08-13T20:06:23","date_gmt":"2021-08-13T23:06:23","guid":{"rendered":"http:\/\/dossies.agenciapatriciagalvao.org.br\/dados-e-fontes\/?page_id=1392"},"modified":"2022-08-08T12:09:40","modified_gmt":"2022-08-08T15:09:40","slug":"sobre-o-projeto","status":"publish","type":"page","link":"https:\/\/dossies.agenciapatriciagalvao.org.br\/dados-e-fontes\/sobre-o-projeto\/","title":{"rendered":"Sobre o projeto"},"content":{"rendered":"<p>Esta plataforma re\u00fane os bancos de pesquisas e de fontes sistematizadas pelo Instituto Patr\u00edcia Galv\u00e3o para o projeto <a href=\"https:\/\/dossies.agenciapatriciagalvao.org.br\/violencia-em-dados\/\" target=\"_blank\" rel=\"noopener\">Viol\u00eancia contra as Mulheres em Dados<\/a> e para os Dossi\u00eas <a href=\"https:\/\/dossies.agenciapatriciagalvao.org.br\/violencia-sexual\/\" target=\"_blank\" rel=\"noopener\">Viol\u00eancia Sexual<\/a>, <a href=\"https:\/\/dossies.agenciapatriciagalvao.org.br\/feminicidio\/\" target=\"_blank\" rel=\"noopener\">Feminic\u00eddio<\/a> e <a href=\"https:\/\/dossies.agenciapatriciagalvao.org.br\/violencia\/\" target=\"_blank\" rel=\"noopener\">Viol\u00eancia Contra as Mulheres<\/a>.<\/p>\n","protected":false},"excerpt":{"rendered":"<p>Esta plataforma re\u00fane os bancos de pesquisas e de fontes sistematizadas pelo Instituto Patr\u00edcia Galv\u00e3o para o projeto Viol\u00eancia contra as Mulheres em Dados e para os Dossi\u00eas Viol\u00eancia Sexual, [&hellip;]<\/p>\n","protected":false},"author":1,"featured_media":0,"parent":0,"menu_order":0,"comment_status":"closed","ping_status":"closed","template":"","meta":{"footnotes":""},"class_list":["post-1392","page","type-page","status-publish","hentry"],"yoast_head":"<!-- This site is optimized with the Yoast SEO plugin v27.4 - https:\/\/yoast.com\/product\/yoast-seo-wordpress\/ -->\n<title>Sobre o projeto - Dados e Fontes<\/title>\n<meta name=\"robots\" content=\"index, follow, max-snippet:-1, max-image-preview:large, max-video-preview:-1\" \/>\n<link rel=\"canonical\" href=\"https:\/\/dossies.agenciapatriciagalvao.org.br\/dados-e-fontes\/sobre-o-projeto\/\" \/>\n<meta property=\"og:locale\" content=\"pt_BR\" \/>\n<meta property=\"og:type\" content=\"article\" \/>\n<meta property=\"og:title\" content=\"Sobre o projeto - Dados e Fontes\" \/>\n<meta property=\"og:description\" content=\"Esta plataforma re\u00fane os bancos de pesquisas e de fontes sistematizadas pelo Instituto Patr\u00edcia Galv\u00e3o para o projeto Viol\u00eancia contra as Mulheres em Dados e para os Dossi\u00eas Viol\u00eancia Sexual, [&hellip;]\" \/>\n<meta property=\"og:url\" content=\"https:\/\/dossies.agenciapatriciagalvao.org.br\/dados-e-fontes\/sobre-o-projeto\/\" \/>\n<meta property=\"og:site_name\" content=\"Dados e Fontes\" \/>\n<meta property=\"article:modified_time\" content=\"2022-08-08T15:09:40+00:00\" \/>\n<meta property=\"og:image\" content=\"https:\/\/assets-dossies-ipg-v2.nyc3.digitaloceanspaces.com\/sites\/3\/2019\/09\/logo-dados-e-fontes.png\" \/>\n\t<meta property=\"og:image:width\" content=\"500\" \/>\n\t<meta property=\"og:image:height\" content=\"400\" \/>\n\t<meta property=\"og:image:type\" content=\"image\/png\" \/>\n<meta name=\"twitter:card\" content=\"summary_large_image\" \/>\n<meta name=\"twitter:label1\" content=\"Est. tempo de leitura\" \/>\n\t<meta name=\"twitter:data1\" content=\"1 minuto\" \/>\n<script type=\"application\/ld+json\" class=\"yoast-schema-graph\">{\"@context\":\"https:\\\/\\\/schema.org\",\"@graph\":[{\"@type\":\"WebPage\",\"@id\":\"https:\\\/\\\/dossies.agenciapatriciagalvao.org.br\\\/dados-e-fontes\\\/sobre-o-projeto\\\/\",\"url\":\"https:\\\/\\\/dossies.agenciapatriciagalvao.org.br\\\/dados-e-fontes\\\/sobre-o-projeto\\\/\",\"name\":\"Sobre o projeto - Dados e Fontes\",\"isPartOf\":{\"@id\":\"https:\\\/\\\/dossies.agenciapatriciagalvao.org.br\\\/dados-e-fontes\\\/#website\"},\"datePublished\":\"2021-08-13T23:06:23+00:00\",\"dateModified\":\"2022-08-08T15:09:40+00:00\",\"breadcrumb\":{\"@id\":\"https:\\\/\\\/dossies.agenciapatriciagalvao.org.br\\\/dados-e-fontes\\\/sobre-o-projeto\\\/#breadcrumb\"},\"inLanguage\":\"pt-BR\",\"potentialAction\":[{\"@type\":\"ReadAction\",\"target\":[\"https:\\\/\\\/dossies.agenciapatriciagalvao.org.br\\\/dados-e-fontes\\\/sobre-o-projeto\\\/\"]}]},{\"@type\":\"BreadcrumbList\",\"@id\":\"https:\\\/\\\/dossies.agenciapatriciagalvao.org.br\\\/dados-e-fontes\\\/sobre-o-projeto\\\/#breadcrumb\",\"itemListElement\":[{\"@type\":\"ListItem\",\"position\":1,\"name\":\"In\u00edcio\",\"item\":\"https:\\\/\\\/dossies.agenciapatriciagalvao.org.br\\\/dados-e-fontes\\\/\"},{\"@type\":\"ListItem\",\"position\":2,\"name\":\"Sobre o projeto\"}]},{\"@type\":\"WebSite\",\"@id\":\"https:\\\/\\\/dossies.agenciapatriciagalvao.org.br\\\/dados-e-fontes\\\/#website\",\"url\":\"https:\\\/\\\/dossies.agenciapatriciagalvao.org.br\\\/dados-e-fontes\\\/\",\"name\":\"Dados e Fontes\",\"description\":\"Banco com pesquisas, dados e fontes sobre a viol\u00eancia contra a mulher\",\"potentialAction\":[{\"@type\":\"SearchAction\",\"target\":{\"@type\":\"EntryPoint\",\"urlTemplate\":\"https:\\\/\\\/dossies.agenciapatriciagalvao.org.br\\\/dados-e-fontes\\\/?s={search_term_string}\"},\"query-input\":{\"@type\":\"PropertyValueSpecification\",\"valueRequired\":true,\"valueName\":\"search_term_string\"}}],\"inLanguage\":\"pt-BR\"}]}<\/script>\n<!-- \/ Yoast SEO plugin. -->","yoast_head_json":{"title":"Sobre o projeto - Dados e Fontes","robots":{"index":"index","follow":"follow","max-snippet":"max-snippet:-1","max-image-preview":"max-image-preview:large","max-video-preview":"max-video-preview:-1"},"canonical":"https:\/\/dossies.agenciapatriciagalvao.org.br\/dados-e-fontes\/sobre-o-projeto\/","og_locale":"pt_BR","og_type":"article","og_title":"Sobre o projeto - Dados e Fontes","og_description":"Esta plataforma re\u00fane os bancos de pesquisas e de fontes sistematizadas pelo Instituto Patr\u00edcia Galv\u00e3o para o projeto Viol\u00eancia contra as Mulheres em Dados e para os Dossi\u00eas Viol\u00eancia Sexual, [&hellip;]","og_url":"https:\/\/dossies.agenciapatriciagalvao.org.br\/dados-e-fontes\/sobre-o-projeto\/","og_site_name":"Dados e Fontes","article_modified_time":"2022-08-08T15:09:40+00:00","og_image":[{"width":500,"height":400,"url":"https:\/\/assets-dossies-ipg-v2.nyc3.digitaloceanspaces.com\/sites\/3\/2019\/09\/logo-dados-e-fontes.png","type":"image\/png"}],"twitter_card":"summary_large_image","twitter_misc":{"Est. tempo de leitura":"1 minuto"},"schema":{"@context":"https:\/\/schema.org","@graph":[{"@type":"WebPage","@id":"https:\/\/dossies.agenciapatriciagalvao.org.br\/dados-e-fontes\/sobre-o-projeto\/","url":"https:\/\/dossies.agenciapatriciagalvao.org.br\/dados-e-fontes\/sobre-o-projeto\/","name":"Sobre o projeto - Dados e Fontes","isPartOf":{"@id":"https:\/\/dossies.agenciapatriciagalvao.org.br\/dados-e-fontes\/#website"},"datePublished":"2021-08-13T23:06:23+00:00","dateModified":"2022-08-08T15:09:40+00:00","breadcrumb":{"@id":"https:\/\/dossies.agenciapatriciagalvao.org.br\/dados-e-fontes\/sobre-o-projeto\/#breadcrumb"},"inLanguage":"pt-BR","potentialAction":[{"@type":"ReadAction","target":["https:\/\/dossies.agenciapatriciagalvao.org.br\/dados-e-fontes\/sobre-o-projeto\/"]}]},{"@type":"BreadcrumbList","@id":"https:\/\/dossies.agenciapatriciagalvao.org.br\/dados-e-fontes\/sobre-o-projeto\/#breadcrumb","itemListElement":[{"@type":"ListItem","position":1,"name":"In\u00edcio","item":"https:\/\/dossies.agenciapatriciagalvao.org.br\/dados-e-fontes\/"},{"@type":"ListItem","position":2,"name":"Sobre o projeto"}]},{"@type":"WebSite","@id":"https:\/\/dossies.agenciapatriciagalvao.org.br\/dados-e-fontes\/#website","url":"https:\/\/dossies.agenciapatriciagalvao.org.br\/dados-e-fontes\/","name":"Dados e Fontes","description":"Banco com pesquisas, dados e fontes sobre a viol\u00eancia contra a mulher","potentialAction":[{"@type":"SearchAction","target":{"@type":"EntryPoint","urlTemplate":"https:\/\/dossies.agenciapatriciagalvao.org.br\/dados-e-fontes\/?s={search_term_string}"},"query-input":{"@type":"PropertyValueSpecification","valueRequired":true,"valueName":"search_term_string"}}],"inLanguage":"pt-BR"}]}},"_links":{"self":[{"href":"https:\/\/dossies.agenciapatriciagalvao.org.br\/dados-e-fontes\/wp-json\/wp\/v2\/pages\/1392","targetHints":{"allow":["GET"]}}],"collection":[{"href":"https:\/\/dossies.agenciapatriciagalvao.org.br\/dados-e-fontes\/wp-json\/wp\/v2\/pages"}],"about":[{"href":"https:\/\/dossies.agenciapatriciagalvao.org.br\/dados-e-fontes\/wp-json\/wp\/v2\/types\/page"}],"author":[{"embeddable":true,"href":"https:\/\/dossies.agenciapatriciagalvao.org.br\/dados-e-fontes\/wp-json\/wp\/v2\/users\/1"}],"replies":[{"embeddable":true,"href":"https:\/\/dossies.agenciapatriciagalvao.org.br\/dados-e-fontes\/wp-json\/wp\/v2\/comments?post=1392"}],"version-history":[{"count":3,"href":"https:\/\/dossies.agenciapatriciagalvao.org.br\/dados-e-fontes\/wp-json\/wp\/v2\/pages\/1392\/revisions"}],"predecessor-version":[{"id":2168,"href":"https:\/\/dossies.agenciapatriciagalvao.org.br\/dados-e-fontes\/wp-json\/wp\/v2\/pages\/1392\/revisions\/2168"}],"wp:attachment":[{"href":"https:\/\/dossies.agenciapatriciagalvao.org.br\/dados-e-fontes\/wp-json\/wp\/v2\/media?parent=1392"}],"curies":[{"name":"wp","href":"https:\/\/api.w.org\/{rel}","templated":true}]}}